{"id":13566,"date":"2024-03-04T09:48:07","date_gmt":"2024-03-04T08:48:07","guid":{"rendered":"https:\/\/sensorial.coffee\/brasil\/"},"modified":"2025-09-01T20:25:22","modified_gmt":"2025-09-01T19:25:22","slug":"brasil","status":"publish","type":"page","link":"https:\/\/sensorial.coffee\/ca\/brasil\/","title":{"rendered":"Brasil"},"content":{"rendered":"\t\t<div data-elementor-type=\"wp-page\" data-elementor-id=\"13566\" class=\"elementor elementor-13566 elementor-12456\" data-elementor-post-type=\"page\">\n\t\t\t\t\t\t<section class=\"elementor-section elementor-top-section elementor-element elementor-element-af99c0b elementor-section-boxed elementor-section-height-default elementor-section-height-default\" data-id=\"af99c0b\" data-element_type=\"section\" data-e-type=\"section\" data-settings=\"{&quot;background_background&quot;:&quot;classic&quot;}\">\n\t\t\t\t\t\t<div class=\"elementor-container elementor-column-gap-default\">\n\t\t\t\t\t<div class=\"elementor-column elementor-col-50 elementor-top-column elementor-element elementor-element-888c8ab\" data-id=\"888c8ab\" data-element_type=\"column\" data-e-type=\"column\">\n\t\t\t<div class=\"elementor-widget-wrap elementor-element-populated\">\n\t\t\t\t\t\t<div class=\"elementor-element elementor-element-dfdc77f elementor-widget elementor-widget-heading\" data-id=\"dfdc77f\" data-element_type=\"widget\" data-e-type=\"widget\" data-widget_type=\"heading.default\">\n\t\t\t\t<div class=\"elementor-widget-container\">\n\t\t\t\t\t<h1 class=\"elementor-heading-title elementor-size-default\">Brasil<\/h1>\t\t\t\t<\/div>\n\t\t\t\t<\/div>\n\t\t\t\t<div class=\"elementor-element elementor-element-a8d139f elementor-widget elementor-widget-text-editor\" data-id=\"a8d139f\" data-element_type=\"widget\" data-e-type=\"widget\" data-widget_type=\"text-editor.default\">\n\t\t\t\t<div class=\"elementor-widget-container\">\n\t\t\t\t\t\t\t\t\t<p>El caf\u00e8 brasiler, sovint malinterpretat per prioritzar quantitat sobre qualitat, \u00e9s realment una joia oculta amb una profunditat sorprenent. En ser el principal productor i exportador mundial, el Brasil t\u00e9 una influ\u00e8ncia destacada en el mercat global. A difer\u00e8ncia de les percepcions err\u00f2nies, els or\u00edgens \u00fanics brasilers no s\u00f3n simplement &#8220;bons&#8221;; s\u00f3n d&#8217;alta qualitat i distintius, amb una dol\u00e7or intensa que inclou notes de caramel i xocolata, cossos robustos i una acidesa baixa. Encara que la seva baixa acidesa podria portar a una subestimaci\u00f3 inicial, un segon xarrup revela un perfil de sabor notablement satisfactori. La diversitat del caf\u00e8 al Brasil, distribu\u00efda en catorze regions principals en set estats, ofereix una mescla de varietats tradicionals i experimentals. Si busques un caf\u00e8 que s&#8217;ajusti a les teves prefer\u00e8ncies, el Brasil ofereix una exploraci\u00f3 rica amb opcions que desafien estereotips i podrien convertir-se en la teva nova elecci\u00f3 favorita.<\/p>\t\t\t\t\t\t\t\t<\/div>\n\t\t\t\t<\/div>\n\t\t\t\t\t<\/div>\n\t\t<\/div>\n\t\t\t\t<div class=\"elementor-column elementor-col-50 elementor-top-column elementor-element elementor-element-c13cbb6 elementor-hidden-mobile\" data-id=\"c13cbb6\" data-element_type=\"column\" data-e-type=\"column\">\n\t\t\t<div class=\"elementor-widget-wrap\">\n\t\t\t\t\t\t\t<\/div>\n\t\t<\/div>\n\t\t\t\t\t<\/div>\n\t\t<\/section>\n\t\t\t\t<section class=\"elementor-section elementor-top-section elementor-element elementor-element-f063fe2 elementor-section-full_width elementor-section-height-default elementor-section-height-default\" data-id=\"f063fe2\" data-element_type=\"section\" data-e-type=\"section\">\n\t\t\t\t\t\t<div class=\"elementor-container elementor-column-gap-no\">\n\t\t\t\t\t<div class=\"elementor-column elementor-col-100 elementor-top-column elementor-element elementor-element-85c3d5a\" data-id=\"85c3d5a\" data-element_type=\"column\" data-e-type=\"column\">\n\t\t\t<div class=\"elementor-widget-wrap elementor-element-populated\">\n\t\t\t\t\t\t<div class=\"elementor-element elementor-element-31b3c08 elementor-widget elementor-widget-image\" data-id=\"31b3c08\" data-element_type=\"widget\" data-e-type=\"widget\" data-widget_type=\"image.default\">\n\t\t\t\t<div class=\"elementor-widget-container\">\n\t\t\t\t\t\t\t\t\t\t\t\t\t\t\t<img fetchpriority=\"high\" decoding=\"async\" width=\"2160\" height=\"85\" src=\"https:\/\/sensorial.coffee\/wp-content\/uploads\/2023\/11\/ilustraciones-sensorial.jpg\" class=\"attachment-full size-full wp-image-13921\" alt=\"\" srcset=\"https:\/\/sensorial.coffee\/wp-content\/uploads\/2023\/11\/ilustraciones-sensorial.jpg 2160w, https:\/\/sensorial.coffee\/wp-content\/uploads\/2023\/11\/ilustraciones-sensorial-500x20.jpg 500w, https:\/\/sensorial.coffee\/wp-content\/uploads\/2023\/11\/ilustraciones-sensorial-300x12.jpg 300w, https:\/\/sensorial.coffee\/wp-content\/uploads\/2023\/11\/ilustraciones-sensorial-1024x40.jpg 1024w, https:\/\/sensorial.coffee\/wp-content\/uploads\/2023\/11\/ilustraciones-sensorial-768x30.jpg 768w, https:\/\/sensorial.coffee\/wp-content\/uploads\/2023\/11\/ilustraciones-sensorial-1536x60.jpg 1536w, https:\/\/sensorial.coffee\/wp-content\/uploads\/2023\/11\/ilustraciones-sensorial-2048x81.jpg 2048w\" sizes=\"(max-width: 2160px) 100vw, 2160px\" \/>\t\t\t\t\t\t\t\t\t\t\t\t\t\t\t<\/div>\n\t\t\t\t<\/div>\n\t\t\t\t\t<\/div>\n\t\t<\/div>\n\t\t\t\t\t<\/div>\n\t\t<\/section>\n\t\t\t\t<section class=\"elementor-section elementor-top-section elementor-element elementor-element-63ccfe2 elementor-section-boxed elementor-section-height-default elementor-section-height-default\" data-id=\"63ccfe2\" data-element_type=\"section\" data-e-type=\"section\" data-settings=\"{&quot;background_background&quot;:&quot;classic&quot;}\">\n\t\t\t\t\t\t<div class=\"elementor-container elementor-column-gap-default\">\n\t\t\t\t\t<div class=\"elementor-column elementor-col-100 elementor-top-column elementor-element elementor-element-5a69df5\" data-id=\"5a69df5\" data-element_type=\"column\" data-e-type=\"column\">\n\t\t\t<div class=\"elementor-widget-wrap elementor-element-populated\">\n\t\t\t\t\t\t<div class=\"elementor-element elementor-element-8acfd36 elementor-widget elementor-widget-heading\" data-id=\"8acfd36\" data-element_type=\"widget\" data-e-type=\"widget\" data-widget_type=\"heading.default\">\n\t\t\t\t<div class=\"elementor-widget-container\">\n\t\t\t\t\t<h2 class=\"elementor-heading-title elementor-size-default\">Les nostres finques del Brasil<\/h2>\t\t\t\t<\/div>\n\t\t\t\t<\/div>\n\t\t\t\t\t<\/div>\n\t\t<\/div>\n\t\t\t\t\t<\/div>\n\t\t<\/section>\n\t\t\t\t<section class=\"elementor-section elementor-top-section elementor-element elementor-element-69bd9de elementor-section-boxed elementor-section-height-default elementor-section-height-default\" data-id=\"69bd9de\" data-element_type=\"section\" data-e-type=\"section\" data-settings=\"{&quot;background_background&quot;:&quot;classic&quot;}\">\n\t\t\t\t\t\t<div class=\"elementor-container elementor-column-gap-default\">\n\t\t\t\t\t<div class=\"elementor-column elementor-col-100 elementor-top-column elementor-element elementor-element-6d2aab7\" data-id=\"6d2aab7\" data-element_type=\"column\" data-e-type=\"column\">\n\t\t\t<div class=\"elementor-widget-wrap elementor-element-populated\">\n\t\t\t\t\t\t<section class=\"elementor-section elementor-inner-section elementor-element elementor-element-effb21d elementor-section-boxed elementor-section-height-default elementor-section-height-default\" data-id=\"effb21d\" data-element_type=\"section\" data-e-type=\"section\">\n\t\t\t\t\t\t<div class=\"elementor-container elementor-column-gap-default\">\n\t\t\t\t\t<div class=\"elementor-column elementor-col-33 elementor-inner-column elementor-element elementor-element-e3a358c\" data-id=\"e3a358c\" data-element_type=\"column\" data-e-type=\"column\">\n\t\t\t<div class=\"elementor-widget-wrap elementor-element-populated\">\n\t\t\t\t\t\t<div class=\"elementor-element elementor-element-0ba9520 elementor-position-top elementor-widget elementor-widget-image-box\" data-id=\"0ba9520\" data-element_type=\"widget\" data-e-type=\"widget\" data-widget_type=\"image-box.default\">\n\t\t\t\t<div class=\"elementor-widget-container\">\n\t\t\t\t\t<div class=\"elementor-image-box-wrapper\"><figure class=\"elementor-image-box-img\"><a href=\"https:\/\/sensorial.coffee\/ca\/brasil\/santuario-sul\/\" tabindex=\"-1\"><img decoding=\"async\" width=\"600\" height=\"600\" src=\"https:\/\/sensorial.coffee\/wp-content\/uploads\/2024\/03\/fincas-ss-brazil.png\" class=\"attachment-full size-full wp-image-12581\" alt=\"finas de caf\u00e9 en brasil\" srcset=\"https:\/\/sensorial.coffee\/wp-content\/uploads\/2024\/03\/fincas-ss-brazil.png 600w, https:\/\/sensorial.coffee\/wp-content\/uploads\/2024\/03\/fincas-ss-brazil-300x300.png 300w, https:\/\/sensorial.coffee\/wp-content\/uploads\/2024\/03\/fincas-ss-brazil-150x150.png 150w, https:\/\/sensorial.coffee\/wp-content\/uploads\/2024\/03\/fincas-ss-brazil-500x500.png 500w, https:\/\/sensorial.coffee\/wp-content\/uploads\/2024\/03\/fincas-ss-brazil-100x100.png 100w\" sizes=\"(max-width: 600px) 100vw, 600px\" \/><\/a><\/figure><div class=\"elementor-image-box-content\"><h3 class=\"elementor-image-box-title\"><a href=\"https:\/\/sensorial.coffee\/ca\/brasil\/santuario-sul\/\">Santuario Sul<\/a><\/h3><\/div><\/div>\t\t\t\t<\/div>\n\t\t\t\t<\/div>\n\t\t\t\t\t<\/div>\n\t\t<\/div>\n\t\t\t\t<div class=\"elementor-column elementor-col-33 elementor-inner-column elementor-element elementor-element-ee22d80\" data-id=\"ee22d80\" data-element_type=\"column\" data-e-type=\"column\">\n\t\t\t<div class=\"elementor-widget-wrap elementor-element-populated\">\n\t\t\t\t\t\t<div class=\"elementor-element elementor-element-ab9b211 elementor-position-top elementor-widget elementor-widget-image-box\" data-id=\"ab9b211\" data-element_type=\"widget\" data-e-type=\"widget\" data-widget_type=\"image-box.default\">\n\t\t\t\t<div class=\"elementor-widget-container\">\n\t\t\t\t\t<div class=\"elementor-image-box-wrapper\"><figure class=\"elementor-image-box-img\"><a href=\"https:\/\/sensorial.coffee\/ca\/brasil\/santa-cecilia\/\" tabindex=\"-1\"><img decoding=\"async\" width=\"500\" height=\"500\" src=\"https:\/\/sensorial.coffee\/wp-content\/uploads\/2025\/05\/santacecilia_finca.jpg\" class=\"attachment-full size-full wp-image-23582\" alt=\"finca santa cecilia\" srcset=\"https:\/\/sensorial.coffee\/wp-content\/uploads\/2025\/05\/santacecilia_finca.jpg 500w, https:\/\/sensorial.coffee\/wp-content\/uploads\/2025\/05\/santacecilia_finca-300x300.jpg 300w, https:\/\/sensorial.coffee\/wp-content\/uploads\/2025\/05\/santacecilia_finca-150x150.jpg 150w, https:\/\/sensorial.coffee\/wp-content\/uploads\/2025\/05\/santacecilia_finca-100x100.jpg 100w\" sizes=\"(max-width: 500px) 100vw, 500px\" \/><\/a><\/figure><div class=\"elementor-image-box-content\"><h3 class=\"elementor-image-box-title\"><a href=\"https:\/\/sensorial.coffee\/ca\/brasil\/santa-cecilia\/\">Santa Cecilia<\/a><\/h3><\/div><\/div>\t\t\t\t<\/div>\n\t\t\t\t<\/div>\n\t\t\t\t\t<\/div>\n\t\t<\/div>\n\t\t\t\t<div class=\"elementor-column elementor-col-33 elementor-inner-column elementor-element elementor-element-8fdc584 elementor-hidden-desktop elementor-hidden-tablet elementor-hidden-mobile\" data-id=\"8fdc584\" data-element_type=\"column\" data-e-type=\"column\">\n\t\t\t<div class=\"elementor-widget-wrap elementor-element-populated\">\n\t\t\t\t\t\t<div class=\"elementor-element elementor-element-65edcf5 elementor-position-top elementor-widget elementor-widget-image-box\" data-id=\"65edcf5\" data-element_type=\"widget\" data-e-type=\"widget\" data-widget_type=\"image-box.default\">\n\t\t\t\t<div class=\"elementor-widget-container\">\n\t\t\t\t\t<div class=\"elementor-image-box-wrapper\"><figure class=\"elementor-image-box-img\"><img loading=\"lazy\" decoding=\"async\" width=\"551\" height=\"566\" src=\"https:\/\/sensorial.coffee\/wp-content\/uploads\/2024\/02\/ORIGEN-BRASIL.jpg\" class=\"attachment-full size-full wp-image-12234\" alt=\"ORIGEN BRASIL\" srcset=\"https:\/\/sensorial.coffee\/wp-content\/uploads\/2024\/02\/ORIGEN-BRASIL.jpg 551w, https:\/\/sensorial.coffee\/wp-content\/uploads\/2024\/02\/ORIGEN-BRASIL-292x300.jpg 292w, https:\/\/sensorial.coffee\/wp-content\/uploads\/2024\/02\/ORIGEN-BRASIL-500x514.jpg 500w\" sizes=\"(max-width: 551px) 100vw, 551px\" \/><\/figure><div class=\"elementor-image-box-content\"><h3 class=\"elementor-image-box-title\">Macizo Regional Selection<\/h3><\/div><\/div>\t\t\t\t<\/div>\n\t\t\t\t<\/div>\n\t\t\t\t\t<\/div>\n\t\t<\/div>\n\t\t\t\t\t<\/div>\n\t\t<\/section>\n\t\t\t\t\t<\/div>\n\t\t<\/div>\n\t\t\t\t\t<\/div>\n\t\t<\/section>\n\t\t\t\t<section class=\"elementor-section elementor-top-section elementor-element elementor-element-d8a7f39 elementor-section-boxed elementor-section-height-default elementor-section-height-default\" data-id=\"d8a7f39\" data-element_type=\"section\" data-e-type=\"section\" data-settings=\"{&quot;background_background&quot;:&quot;classic&quot;}\">\n\t\t\t\t\t\t<div class=\"elementor-container elementor-column-gap-default\">\n\t\t\t\t\t<div class=\"elementor-column elementor-col-100 elementor-top-column elementor-element elementor-element-fdd6037\" data-id=\"fdd6037\" data-element_type=\"column\" data-e-type=\"column\">\n\t\t\t<div class=\"elementor-widget-wrap elementor-element-populated\">\n\t\t\t\t\t\t<section class=\"elementor-section elementor-inner-section elementor-element elementor-element-b1866f2 elementor-section-boxed elementor-section-height-default elementor-section-height-default\" data-id=\"b1866f2\" data-element_type=\"section\" data-e-type=\"section\">\n\t\t\t\t\t\t<div class=\"elementor-container elementor-column-gap-default\">\n\t\t\t\t\t<div class=\"elementor-column elementor-col-100 elementor-inner-column elementor-element elementor-element-4aaa580\" data-id=\"4aaa580\" data-element_type=\"column\" data-e-type=\"column\">\n\t\t\t<div class=\"elementor-widget-wrap elementor-element-populated\">\n\t\t\t\t\t\t<div class=\"elementor-element elementor-element-b570769 elementor-widget elementor-widget-heading\" data-id=\"b570769\" data-element_type=\"widget\" data-e-type=\"widget\" data-widget_type=\"heading.default\">\n\t\t\t\t<div class=\"elementor-widget-container\">\n\t\t\t\t\t<h2 class=\"elementor-heading-title elementor-size-default\">Els nostres caf\u00e8s d'especialitat del Brasil<\/h2>\t\t\t\t<\/div>\n\t\t\t\t<\/div>\n\t\t\t\t\t<\/div>\n\t\t<\/div>\n\t\t\t\t\t<\/div>\n\t\t<\/section>\n\t\t\t\t<div class=\"elementor-element elementor-element-2c0d65a elementor-grid-mobile-2 elementor-product-loop-item--align-center elementor-grid-tablet-4 elementor-grid-4 elementor-products-grid elementor-wc-products elementor-widget elementor-widget-woocommerce-products\" data-id=\"2c0d65a\" data-element_type=\"widget\" data-e-type=\"widget\" data-widget_type=\"woocommerce-products.default\">\n\t\t\t\t<div class=\"elementor-widget-container\">\n\t\t\t\t\t<div class=\"woocommerce columns-4 \"><ul class=\"products elementor-grid columns-4\">\n<li class=\"desktop-align-left tablet-align-left mobile-align-left product type-product post-23632 status-publish first instock product_cat-nostres-cafes product_cat-cafe-de-especialidad-para-espresso-ca product_tag-brasil-ca product_tag-brasil-ipr100-ca product_tag-espresso-ca product_tag-santa-cecilia-ca has-post-thumbnail taxable shipping-taxable purchasable product-type-variable has-default-attributes\">\n\t<a href=\"https:\/\/sensorial.coffee\/ca\/producte\/cafe-de-brasil-ipr-100-red-catuai-natural\/\" class=\"woocommerce-LoopProduct-link woocommerce-loop-product__link\"><img loading=\"lazy\" decoding=\"async\" width=\"300\" height=\"400\" src=\"https:\/\/sensorial.coffee\/wp-content\/uploads\/2025\/05\/1-300x400.jpg\" class=\"attachment-woocommerce_thumbnail size-woocommerce_thumbnail\" alt=\"caf\u00e9 de especialidad de brasil\" srcset=\"https:\/\/sensorial.coffee\/wp-content\/uploads\/2025\/05\/1-300x400.jpg 300w, https:\/\/sensorial.coffee\/wp-content\/uploads\/2025\/05\/1-225x300.jpg 225w, https:\/\/sensorial.coffee\/wp-content\/uploads\/2025\/05\/1-768x1024.jpg 768w, https:\/\/sensorial.coffee\/wp-content\/uploads\/2025\/05\/1-1152x1536.jpg 1152w, https:\/\/sensorial.coffee\/wp-content\/uploads\/2025\/05\/1-500x667.jpg 500w, https:\/\/sensorial.coffee\/wp-content\/uploads\/2025\/05\/1.jpg 1200w\" sizes=\"(max-width: 300px) 100vw, 300px\" \/><h2 class=\"woocommerce-loop-product__title\">Caf\u00e8 de Brasil IPR 100 &amp; Red Catuai \/ Natural<\/h2>\n\t<span class=\"price\"><span class=\"woocommerce-Price-amount amount\" aria-hidden=\"true\"><bdi>13,95<span class=\"woocommerce-Price-currencySymbol\">&euro;<\/span><\/bdi><\/span> <span aria-hidden=\"true\">\u2013<\/span> <span class=\"woocommerce-Price-amount amount\" aria-hidden=\"true\"><bdi>44,95<span class=\"woocommerce-Price-currencySymbol\">&euro;<\/span><\/bdi><\/span><span class=\"screen-reader-text\">Interval de preus: 13,95&euro; a 44,95&euro;<\/span> <small class=\"woocommerce-price-suffix\">IVA incl\u00f2s<\/small><\/span>\n<\/a><a href=\"https:\/\/sensorial.coffee\/ca\/producte\/cafe-de-brasil-ipr-100-red-catuai-natural\/\" data-quantity=\"1\" class=\"ast-on-card-button ast-select-options-trigger product_type_variable add_to_cart_button\" data-product_id=\"23632\" data-product_sku=\"\" aria-label=\"Selecciona opcions per a &ldquo;Caf\u00e8 de Brasil IPR 100 &amp; Red Catuai \/ Natural&rdquo;\" rel=\"nofollow\"> <span class=\"ast-card-action-tooltip\"> Seleccionar <\/span> <span class=\"ahfb-svg-iconset\"> <span class=\"ast-icon icon-bag\"><svg xmlns=\"http:\/\/www.w3.org\/2000\/svg\" xmlns:xlink=\"http:\/\/www.w3.org\/1999\/xlink\" version=\"1.1\" id=\"ast-bag-icon-svg\" x=\"0px\" y=\"0px\" width=\"100\" height=\"100\" viewBox=\"826 826 140 140\" enable-background=\"new 826 826 140 140\" xml:space=\"preserve\">\n\t\t\t\t<path d=\"M960.758,934.509l2.632,23.541c0.15,1.403-0.25,2.657-1.203,3.761c-0.953,1.053-2.156,1.579-3.61,1.579H833.424  c-1.454,0-2.657-0.526-3.61-1.579c-0.952-1.104-1.354-2.357-1.203-3.761l2.632-23.541H960.758z M953.763,871.405l6.468,58.29H831.77  l6.468-58.29c0.15-1.203,0.677-2.218,1.58-3.045c0.903-0.827,1.981-1.241,3.234-1.241h19.254v9.627c0,2.658,0.94,4.927,2.82,6.807  s4.149,2.82,6.807,2.82c2.658,0,4.926-0.94,6.807-2.82s2.821-4.149,2.821-6.807v-9.627h28.882v9.627  c0,2.658,0.939,4.927,2.819,6.807c1.881,1.88,4.149,2.82,6.807,2.82s4.927-0.94,6.808-2.82c1.879-1.88,2.82-4.149,2.82-6.807v-9.627  h19.253c1.255,0,2.332,0.414,3.235,1.241C953.086,869.187,953.612,870.202,953.763,871.405z M924.881,857.492v19.254  c0,1.304-0.476,2.432-1.429,3.385s-2.08,1.429-3.385,1.429c-1.303,0-2.432-0.477-3.384-1.429c-0.953-0.953-1.43-2.081-1.43-3.385  v-19.254c0-5.315-1.881-9.853-5.641-13.613c-3.76-3.761-8.298-5.641-13.613-5.641s-9.853,1.88-13.613,5.641  c-3.761,3.76-5.641,8.298-5.641,13.613v19.254c0,1.304-0.476,2.432-1.429,3.385c-0.953,0.953-2.081,1.429-3.385,1.429  c-1.303,0-2.432-0.477-3.384-1.429c-0.953-0.953-1.429-2.081-1.429-3.385v-19.254c0-7.973,2.821-14.779,8.461-20.42  c5.641-5.641,12.448-8.461,20.42-8.461c7.973,0,14.779,2.82,20.42,8.461C922.062,842.712,924.881,849.519,924.881,857.492z\" \/>\n\t\t\t\t<\/svg><\/span> <\/span> <\/a><a href=\"https:\/\/sensorial.coffee\/ca\/producte\/cafe-de-brasil-ipr-100-red-catuai-natural\/\" aria-describedby=\"woocommerce_loop_add_to_cart_link_describedby_23632\" data-quantity=\"1\" class=\"button product_type_variable add_to_cart_button\" data-product_id=\"23632\" data-product_sku=\"\" aria-label=\"Selecciona opcions per a &ldquo;Caf\u00e8 de Brasil IPR 100 &amp; Red Catuai \/ Natural&rdquo;\" rel=\"nofollow\">Seleccionar<\/a>\t<span id=\"woocommerce_loop_add_to_cart_link_describedby_23632\" class=\"screen-reader-text\">\n\t\tAquest producte t\u00e9 diverses variants. Les opcions es poden triar a la p\u00e0gina del producte\t<\/span>\n<\/li>\n<\/ul>\n<\/div>\t\t\t\t<\/div>\n\t\t\t\t<\/div>\n\t\t\t\t\t<\/div>\n\t\t<\/div>\n\t\t\t\t\t<\/div>\n\t\t<\/section>\n\t\t\t\t<\/div>\n\t\t","protected":false},"excerpt":{"rendered":"<p>Brasil El caf\u00e8 brasiler, sovint malinterpretat per prioritzar quantitat sobre qualitat, \u00e9s realment una joia oculta amb una profunditat sorprenent. En ser el principal productor i exportador mundial, el Brasil t\u00e9 una influ\u00e8ncia destacada en el mercat global. A difer\u00e8ncia de les percepcions err\u00f2nies, els or\u00edgens \u00fanics brasilers no s\u00f3n simplement &#8220;bons&#8221;; s\u00f3n d&#8217;alta qualitat [&hellip;]<\/p>\n","protected":false},"author":1,"featured_media":0,"parent":0,"menu_order":0,"comment_status":"closed","ping_status":"closed","template":"","meta":{"site-sidebar-layout":"no-sidebar","site-content-layout":"page-builder","ast-site-content-layout":"full-width-container","site-content-style":"default","site-sidebar-style":"default","ast-global-header-display":"","ast-banner-title-visibility":"","ast-main-header-display":"","ast-hfb-above-header-display":"","ast-hfb-below-header-display":"","ast-hfb-mobile-header-display":"","site-post-title":"disabled","ast-breadcrumbs-content":"","ast-featured-img":"disabled","footer-sml-layout":"","ast-disable-related-posts":"","theme-transparent-header-meta":"","adv-header-id-meta":"","stick-header-meta":"","header-above-stick-meta":"","header-main-stick-meta":"","header-below-stick-meta":"","astra-migrate-meta-layouts":"default","ast-page-background-enabled":"default","ast-page-background-meta":{"desktop":{"background-color":"var(--ast-global-color-4)","background-image":"","background-repeat":"repeat","background-position":"center center","background-size":"auto","background-attachment":"scroll","background-type":"","background-media":"","overlay-type":"","overlay-color":"","overlay-opacity":"","overlay-gradient":""},"tablet":{"background-color":"","background-image":"","background-repeat":"repeat","background-position":"center center","background-size":"auto","background-attachment":"scroll","background-type":"","background-media":"","overlay-type":"","overlay-color":"","overlay-opacity":"","overlay-gradient":""},"mobile":{"background-color":"","background-image":"","background-repeat":"repeat","background-position":"center center","background-size":"auto","background-attachment":"scroll","background-type":"","background-media":"","overlay-type":"","overlay-color":"","overlay-opacity":"","overlay-gradient":""}},"ast-content-background-meta":{"desktop":{"background-color":"var(--ast-global-color-5)","background-image":"","background-repeat":"repeat","background-position":"center center","background-size":"auto","background-attachment":"scroll","background-type":"","background-media":"","overlay-type":"","overlay-color":"","overlay-opacity":"","overlay-gradient":""},"tablet":{"background-color":"var(--ast-global-color-5)","background-image":"","background-repeat":"repeat","background-position":"center center","background-size":"auto","background-attachment":"scroll","background-type":"","background-media":"","overlay-type":"","overlay-color":"","overlay-opacity":"","overlay-gradient":""},"mobile":{"background-color":"var(--ast-global-color-5)","background-image":"","background-repeat":"repeat","background-position":"center center","background-size":"auto","background-attachment":"scroll","background-type":"","background-media":"","overlay-type":"","overlay-color":"","overlay-opacity":"","overlay-gradient":""}},"footnotes":""},"class_list":["post-13566","page","type-page","status-publish","hentry"],"_links":{"self":[{"href":"https:\/\/sensorial.coffee\/ca\/wp-json\/wp\/v2\/pages\/13566","targetHints":{"allow":["GET"]}}],"collection":[{"href":"https:\/\/sensorial.coffee\/ca\/wp-json\/wp\/v2\/pages"}],"about":[{"href":"https:\/\/sensorial.coffee\/ca\/wp-json\/wp\/v2\/types\/page"}],"author":[{"embeddable":true,"href":"https:\/\/sensorial.coffee\/ca\/wp-json\/wp\/v2\/users\/1"}],"replies":[{"embeddable":true,"href":"https:\/\/sensorial.coffee\/ca\/wp-json\/wp\/v2\/comments?post=13566"}],"version-history":[{"count":9,"href":"https:\/\/sensorial.coffee\/ca\/wp-json\/wp\/v2\/pages\/13566\/revisions"}],"predecessor-version":[{"id":24795,"href":"https:\/\/sensorial.coffee\/ca\/wp-json\/wp\/v2\/pages\/13566\/revisions\/24795"}],"wp:attachment":[{"href":"https:\/\/sensorial.coffee\/ca\/wp-json\/wp\/v2\/media?parent=13566"}],"curies":[{"name":"wp","href":"https:\/\/api.w.org\/{rel}","templated":true}]}}