{"id":13569,"date":"2024-03-05T15:21:50","date_gmt":"2024-03-05T14:21:50","guid":{"rendered":"https:\/\/sensorial.coffee\/brasil\/santuario-sul\/"},"modified":"2025-06-12T08:31:26","modified_gmt":"2025-06-12T07:31:26","slug":"santuario-sul","status":"publish","type":"page","link":"https:\/\/sensorial.coffee\/ca\/brasil\/santuario-sul\/","title":{"rendered":"Santuario Sul"},"content":{"rendered":"\t\t<div data-elementor-type=\"wp-page\" data-elementor-id=\"13569\" class=\"elementor elementor-13569 elementor-12744\" data-elementor-post-type=\"page\">\n\t\t\t\t\t\t<section class=\"elementor-section elementor-top-section elementor-element elementor-element-5a988599 elementor-section-boxed elementor-section-height-default elementor-section-height-default\" data-id=\"5a988599\" data-element_type=\"section\" data-e-type=\"section\" data-settings=\"{&quot;background_background&quot;:&quot;classic&quot;}\">\n\t\t\t\t\t\t<div class=\"elementor-container elementor-column-gap-default\">\n\t\t\t\t\t<div class=\"elementor-column elementor-col-100 elementor-top-column elementor-element elementor-element-5ae6636b\" data-id=\"5ae6636b\" data-element_type=\"column\" data-e-type=\"column\">\n\t\t\t<div class=\"elementor-widget-wrap elementor-element-populated\">\n\t\t\t\t\t\t<div class=\"elementor-element elementor-element-1abc3308 elementor-widget elementor-widget-heading\" data-id=\"1abc3308\" data-element_type=\"widget\" data-e-type=\"widget\" data-widget_type=\"heading.default\">\n\t\t\t\t<div class=\"elementor-widget-container\">\n\t\t\t\t\t<h1 class=\"elementor-heading-title elementor-size-default\">Santuario Sul<\/h1>\t\t\t\t<\/div>\n\t\t\t\t<\/div>\n\t\t\t\t<div class=\"elementor-element elementor-element-42f2f363 elementor-widget elementor-widget-text-editor\" data-id=\"42f2f363\" data-element_type=\"widget\" data-e-type=\"widget\" data-widget_type=\"text-editor.default\">\n\t\t\t\t<div class=\"elementor-widget-container\">\n\t\t\t\t\t\t\t\t\t<p>Brazil &#8211; Carmo de Minas &#8211; 1220 Mts.<\/p>\t\t\t\t\t\t\t\t<\/div>\n\t\t\t\t<\/div>\n\t\t\t\t\t<\/div>\n\t\t<\/div>\n\t\t\t\t\t<\/div>\n\t\t<\/section>\n\t\t\t\t<section class=\"elementor-section elementor-top-section elementor-element elementor-element-25cbd276 elementor-section-full_width elementor-hidden-tablet elementor-hidden-mobile elementor-section-height-default elementor-section-height-default\" data-id=\"25cbd276\" data-element_type=\"section\" data-e-type=\"section\">\n\t\t\t\t\t\t<div class=\"elementor-container elementor-column-gap-no\">\n\t\t\t\t\t<div class=\"elementor-column elementor-col-100 elementor-top-column elementor-element elementor-element-7a07e57d\" data-id=\"7a07e57d\" data-element_type=\"column\" data-e-type=\"column\">\n\t\t\t<div class=\"elementor-widget-wrap elementor-element-populated\">\n\t\t\t\t\t\t<div class=\"elementor-element elementor-element-1e98edc6 elementor-widget elementor-widget-image\" data-id=\"1e98edc6\" data-element_type=\"widget\" data-e-type=\"widget\" data-widget_type=\"image.default\">\n\t\t\t\t<div class=\"elementor-widget-container\">\n\t\t\t\t\t\t\t\t\t\t\t\t\t\t\t<img fetchpriority=\"high\" decoding=\"async\" width=\"2160\" height=\"85\" src=\"https:\/\/sensorial.coffee\/wp-content\/uploads\/2023\/11\/ilustraciones-sensorial.jpg\" class=\"attachment-full size-full wp-image-13921\" alt=\"\" srcset=\"https:\/\/sensorial.coffee\/wp-content\/uploads\/2023\/11\/ilustraciones-sensorial.jpg 2160w, https:\/\/sensorial.coffee\/wp-content\/uploads\/2023\/11\/ilustraciones-sensorial-500x20.jpg 500w, https:\/\/sensorial.coffee\/wp-content\/uploads\/2023\/11\/ilustraciones-sensorial-300x12.jpg 300w, https:\/\/sensorial.coffee\/wp-content\/uploads\/2023\/11\/ilustraciones-sensorial-1024x40.jpg 1024w, https:\/\/sensorial.coffee\/wp-content\/uploads\/2023\/11\/ilustraciones-sensorial-768x30.jpg 768w, https:\/\/sensorial.coffee\/wp-content\/uploads\/2023\/11\/ilustraciones-sensorial-1536x60.jpg 1536w, https:\/\/sensorial.coffee\/wp-content\/uploads\/2023\/11\/ilustraciones-sensorial-2048x81.jpg 2048w\" sizes=\"(max-width: 2160px) 100vw, 2160px\" \/>\t\t\t\t\t\t\t\t\t\t\t\t\t\t\t<\/div>\n\t\t\t\t<\/div>\n\t\t\t\t\t<\/div>\n\t\t<\/div>\n\t\t\t\t\t<\/div>\n\t\t<\/section>\n\t\t\t\t<section class=\"elementor-section elementor-top-section elementor-element elementor-element-c068ac0 elementor-section-full_width elementor-section-height-default elementor-section-height-default\" data-id=\"c068ac0\" data-element_type=\"section\" data-e-type=\"section\" data-settings=\"{&quot;background_background&quot;:&quot;classic&quot;}\">\n\t\t\t\t\t\t<div class=\"elementor-container elementor-column-gap-no\">\n\t\t\t\t\t<div class=\"elementor-column elementor-col-50 elementor-top-column elementor-element elementor-element-7f980ebc\" data-id=\"7f980ebc\" data-element_type=\"column\" data-e-type=\"column\">\n\t\t\t<div class=\"elementor-widget-wrap elementor-element-populated\">\n\t\t\t\t\t\t<section class=\"elementor-section elementor-inner-section elementor-element elementor-element-215435c4 elementor-section-boxed elementor-section-height-default elementor-section-height-default\" data-id=\"215435c4\" data-element_type=\"section\" data-e-type=\"section\">\n\t\t\t\t\t\t<div class=\"elementor-container elementor-column-gap-default\">\n\t\t\t\t\t<div class=\"elementor-column elementor-col-100 elementor-inner-column elementor-element elementor-element-5f532fc0\" data-id=\"5f532fc0\" data-element_type=\"column\" data-e-type=\"column\">\n\t\t\t<div class=\"elementor-widget-wrap elementor-element-populated\">\n\t\t\t\t\t\t<div class=\"elementor-element elementor-element-3ee6e915 elementor-widget elementor-widget-heading\" data-id=\"3ee6e915\" data-element_type=\"widget\" data-e-type=\"widget\" data-widget_type=\"heading.default\">\n\t\t\t\t<div class=\"elementor-widget-container\">\n\t\t\t\t\t<h2 class=\"elementor-heading-title elementor-size-default\">Hist\u00f2ria del<br><b>Santuario Sul<\/b><\/h2>\t\t\t\t<\/div>\n\t\t\t\t<\/div>\n\t\t\t\t<div class=\"elementor-element elementor-element-291da834 elementor-widget elementor-widget-text-editor\" data-id=\"291da834\" data-element_type=\"widget\" data-e-type=\"widget\" data-widget_type=\"text-editor.default\">\n\t\t\t\t<div class=\"elementor-widget-container\">\n\t\t\t\t\t\t\t\t\t<p>La hist\u00f2ria de la Finca Santuari Sul \u00e9s un relat que reflecteix la passi\u00f3 i el comprom\u00eds de Luiz Paulo Pereira i Camilo Merizalde amb l&#8217;art del caf\u00e8. Fa nou anys, inspirats per l&#8217;\u00e8xit de la Finca Santuari a Col\u00f2mbia, van decidir fundar Santuari Sul, aplicant la mateixa filosofia i t\u00e8cniques que els havien portat al reconeixement en la ind\u00fastria. <span style=\"background-color: var( --e-global-color-astglobalcolor1 ); color: var( --e-global-color-primary ); font-family: var( --e-global-typography-text-font-family ), Sans-serif; font-style: inherit; font-weight: inherit;\">Amb la varietat Yellow Bourbon com a pedra angular de la seva plantaci\u00f3, Pereira i Merizalde van expandir la seva visi\u00f3 m\u00e9s enll\u00e0 dels l\u00edmits convencionals. Al llarg dels anys seg\u00fcents, van explorar la diversitat del m\u00f3n del caf\u00e8, plantant fins a 20 varietats diferents procedents de diferents parts del globus. Cada gra, amb la seva pr\u00f2pia hist\u00f2ria i caracter\u00edstiques \u00faniques, va contribuir a enriquir la diversitat de la finca. <\/span><span style=\"font-style: inherit; font-weight: inherit; color: var( --e-global-color-primary ); font-family: var( --e-global-typography-text-font-family ), Sans-serif; background-color: var( --e-global-color-astglobalcolor1 );\">Sense conformar-se amb la tradici\u00f3, Santuari Sul es va convertir en un laboratori d&#8217;innovaci\u00f3, on cada temporada s&#8217;experimentava amb nous processos per a ressaltar els sabors dels caf\u00e8s conreats en la finca. <\/span><span style=\"font-style: inherit; font-weight: inherit; color: var( --e-global-color-primary ); font-family: var( --e-global-typography-text-font-family ), Sans-serif; background-color: var( --e-global-color-astglobalcolor1 );\">Avui dia, Santuari Sul \u00e9s un s\u00edmbol de dedicaci\u00f3 i excel\u00b7l\u00e8ncia en la ind\u00fastria del caf\u00e8.<\/span><\/p>\t\t\t\t\t\t\t\t<\/div>\n\t\t\t\t<\/div>\n\t\t\t\t\t<\/div>\n\t\t<\/div>\n\t\t\t\t\t<\/div>\n\t\t<\/section>\n\t\t\t\t\t<\/div>\n\t\t<\/div>\n\t\t\t\t<div class=\"elementor-column elementor-col-50 elementor-top-column elementor-element elementor-element-5c77d279 elementor-hidden-tablet elementor-hidden-mobile\" data-id=\"5c77d279\" data-element_type=\"column\" data-e-type=\"column\">\n\t\t\t<div class=\"elementor-widget-wrap elementor-element-populated\">\n\t\t\t\t\t\t<div class=\"elementor-element elementor-element-398f530 elementor-widget-tablet__width-initial elementor-widget elementor-widget-text-editor\" data-id=\"398f530\" data-element_type=\"widget\" data-e-type=\"widget\" data-widget_type=\"text-editor.default\">\n\t\t\t\t<div class=\"elementor-widget-container\">\n\t\t\t\t\t\t\t\t\t<p style=\"text-align: center;\"><strong>VARIETATS<\/strong><br>Red Bourbon<br>Yellow Bourbon<br>Gesha<br>Sudan Rume<br>+12 varietals<\/p><p style=\"text-align: center;\"><strong>PROCESSOS<\/strong><br>Natural Fermented 72h<br>Natural<br>Washed<br>Honey<br>Anaerobic<\/p>\t\t\t\t\t\t\t\t<\/div>\n\t\t\t\t<\/div>\n\t\t\t\t\t<\/div>\n\t\t<\/div>\n\t\t\t\t\t<\/div>\n\t\t<\/section>\n\t\t\t\t<section class=\"elementor-section elementor-top-section elementor-element elementor-element-5a641792 elementor-hidden-desktop elementor-section-boxed elementor-section-height-default elementor-section-height-default\" data-id=\"5a641792\" data-element_type=\"section\" data-e-type=\"section\" data-settings=\"{&quot;background_background&quot;:&quot;classic&quot;}\">\n\t\t\t\t\t\t<div class=\"elementor-container elementor-column-gap-default\">\n\t\t\t\t\t<div class=\"elementor-column elementor-col-50 elementor-top-column elementor-element elementor-element-4417dcf0\" data-id=\"4417dcf0\" data-element_type=\"column\" data-e-type=\"column\">\n\t\t\t<div class=\"elementor-widget-wrap elementor-element-populated\">\n\t\t\t\t\t\t<div class=\"elementor-element elementor-element-477f6cc1 elementor-widget-tablet__width-initial elementor-widget elementor-widget-text-editor\" data-id=\"477f6cc1\" data-element_type=\"widget\" data-e-type=\"widget\" data-widget_type=\"text-editor.default\">\n\t\t\t\t<div class=\"elementor-widget-container\">\n\t\t\t\t\t\t\t\t\t<p style=\"text-align: center;\"><strong>VARIETATS<\/strong><br>Red Bourbon<br>Yellow Bourbon<br>Gesha<br>Sudan Rume<br>+12 varietals<\/p>\t\t\t\t\t\t\t\t<\/div>\n\t\t\t\t<\/div>\n\t\t\t\t\t<\/div>\n\t\t<\/div>\n\t\t\t\t<div class=\"elementor-column elementor-col-50 elementor-top-column elementor-element elementor-element-15136266\" data-id=\"15136266\" data-element_type=\"column\" data-e-type=\"column\">\n\t\t\t<div class=\"elementor-widget-wrap elementor-element-populated\">\n\t\t\t\t\t\t<div class=\"elementor-element elementor-element-7f274cf9 elementor-widget-tablet__width-initial elementor-widget elementor-widget-text-editor\" data-id=\"7f274cf9\" data-element_type=\"widget\" data-e-type=\"widget\" data-widget_type=\"text-editor.default\">\n\t\t\t\t<div class=\"elementor-widget-container\">\n\t\t\t\t\t\t\t\t\t<p style=\"text-align: center;\"><strong>PROCESSOS<\/strong><br>Natural Fermented 72h<br>Natural<br>Washed<br>Honey<br>Anaerobic<\/p>\t\t\t\t\t\t\t\t<\/div>\n\t\t\t\t<\/div>\n\t\t\t\t\t<\/div>\n\t\t<\/div>\n\t\t\t\t\t<\/div>\n\t\t<\/section>\n\t\t\t\t<section class=\"elementor-section elementor-top-section elementor-element elementor-element-1b7016d8 elementor-section-full_width elementor-section-height-default elementor-section-height-default\" data-id=\"1b7016d8\" data-element_type=\"section\" data-e-type=\"section\">\n\t\t\t\t\t\t<div class=\"elementor-container elementor-column-gap-no\">\n\t\t\t\t\t<div class=\"elementor-column elementor-col-33 elementor-top-column elementor-element elementor-element-437c45b8\" data-id=\"437c45b8\" data-element_type=\"column\" data-e-type=\"column\">\n\t\t\t<div class=\"elementor-widget-wrap elementor-element-populated\">\n\t\t\t\t\t\t<div class=\"elementor-element elementor-element-2db7a412 elementor-widget elementor-widget-image\" data-id=\"2db7a412\" data-element_type=\"widget\" data-e-type=\"widget\" data-widget_type=\"image.default\">\n\t\t\t\t<div class=\"elementor-widget-container\">\n\t\t\t\t\t\t\t\t\t\t\t\t\t\t\t<img decoding=\"async\" width=\"600\" height=\"600\" src=\"https:\/\/sensorial.coffee\/wp-content\/uploads\/2024\/03\/Santuario-Sul-30-1.webp\" class=\"attachment-full size-full wp-image-13638\" alt=\"finca-santuario\" srcset=\"https:\/\/sensorial.coffee\/wp-content\/uploads\/2024\/03\/Santuario-Sul-30-1.webp 600w, https:\/\/sensorial.coffee\/wp-content\/uploads\/2024\/03\/Santuario-Sul-30-1-300x300.webp 300w, https:\/\/sensorial.coffee\/wp-content\/uploads\/2024\/03\/Santuario-Sul-30-1-150x150.webp 150w, https:\/\/sensorial.coffee\/wp-content\/uploads\/2024\/03\/Santuario-Sul-30-1-500x500.webp 500w, https:\/\/sensorial.coffee\/wp-content\/uploads\/2024\/03\/Santuario-Sul-30-1-100x100.webp 100w\" sizes=\"(max-width: 600px) 100vw, 600px\" \/>\t\t\t\t\t\t\t\t\t\t\t\t\t\t\t<\/div>\n\t\t\t\t<\/div>\n\t\t\t\t\t<\/div>\n\t\t<\/div>\n\t\t\t\t<div class=\"elementor-column elementor-col-33 elementor-top-column elementor-element elementor-element-76f7b420\" data-id=\"76f7b420\" data-element_type=\"column\" data-e-type=\"column\">\n\t\t\t<div class=\"elementor-widget-wrap elementor-element-populated\">\n\t\t\t\t\t\t<div class=\"elementor-element elementor-element-3471b4ba elementor-widget elementor-widget-image\" data-id=\"3471b4ba\" data-element_type=\"widget\" data-e-type=\"widget\" data-widget_type=\"image.default\">\n\t\t\t\t<div class=\"elementor-widget-container\">\n\t\t\t\t\t\t\t\t\t\t\t\t\t\t\t<img decoding=\"async\" width=\"600\" height=\"600\" src=\"https:\/\/sensorial.coffee\/wp-content\/uploads\/2024\/03\/Santuario-Sul-19.webp\" class=\"attachment-full size-full wp-image-13636\" alt=\"Finca Santuario Sul\" srcset=\"https:\/\/sensorial.coffee\/wp-content\/uploads\/2024\/03\/Santuario-Sul-19.webp 600w, https:\/\/sensorial.coffee\/wp-content\/uploads\/2024\/03\/Santuario-Sul-19-300x300.webp 300w, https:\/\/sensorial.coffee\/wp-content\/uploads\/2024\/03\/Santuario-Sul-19-150x150.webp 150w, https:\/\/sensorial.coffee\/wp-content\/uploads\/2024\/03\/Santuario-Sul-19-500x500.webp 500w, https:\/\/sensorial.coffee\/wp-content\/uploads\/2024\/03\/Santuario-Sul-19-100x100.webp 100w\" sizes=\"(max-width: 600px) 100vw, 600px\" \/>\t\t\t\t\t\t\t\t\t\t\t\t\t\t\t<\/div>\n\t\t\t\t<\/div>\n\t\t\t\t\t<\/div>\n\t\t<\/div>\n\t\t\t\t<div class=\"elementor-column elementor-col-33 elementor-top-column elementor-element elementor-element-2d97ba32\" data-id=\"2d97ba32\" data-element_type=\"column\" data-e-type=\"column\">\n\t\t\t<div class=\"elementor-widget-wrap elementor-element-populated\">\n\t\t\t\t\t\t<div class=\"elementor-element elementor-element-317f8191 elementor-widget elementor-widget-image\" data-id=\"317f8191\" data-element_type=\"widget\" data-e-type=\"widget\" data-widget_type=\"image.default\">\n\t\t\t\t<div class=\"elementor-widget-container\">\n\t\t\t\t\t\t\t\t\t\t\t\t\t\t\t<img loading=\"lazy\" decoding=\"async\" width=\"600\" height=\"600\" src=\"https:\/\/sensorial.coffee\/wp-content\/uploads\/2024\/03\/Santuario-Sul-14.webp\" class=\"attachment-full size-full wp-image-13635\" alt=\"Finca Santuario Sul\" srcset=\"https:\/\/sensorial.coffee\/wp-content\/uploads\/2024\/03\/Santuario-Sul-14.webp 600w, https:\/\/sensorial.coffee\/wp-content\/uploads\/2024\/03\/Santuario-Sul-14-300x300.webp 300w, https:\/\/sensorial.coffee\/wp-content\/uploads\/2024\/03\/Santuario-Sul-14-150x150.webp 150w, https:\/\/sensorial.coffee\/wp-content\/uploads\/2024\/03\/Santuario-Sul-14-500x500.webp 500w, https:\/\/sensorial.coffee\/wp-content\/uploads\/2024\/03\/Santuario-Sul-14-100x100.webp 100w\" sizes=\"(max-width: 600px) 100vw, 600px\" \/>\t\t\t\t\t\t\t\t\t\t\t\t\t\t\t<\/div>\n\t\t\t\t<\/div>\n\t\t\t\t\t<\/div>\n\t\t<\/div>\n\t\t\t\t\t<\/div>\n\t\t<\/section>\n\t\t\t\t<section class=\"elementor-section elementor-top-section elementor-element elementor-element-7193eccc elementor-hidden-desktop elementor-hidden-tablet elementor-hidden-mobile elementor-section-boxed elementor-section-height-default elementor-section-height-default\" data-id=\"7193eccc\" data-element_type=\"section\" data-e-type=\"section\" data-settings=\"{&quot;background_background&quot;:&quot;classic&quot;}\">\n\t\t\t\t\t\t<div class=\"elementor-container elementor-column-gap-default\">\n\t\t\t\t\t<div class=\"elementor-column elementor-col-100 elementor-top-column elementor-element elementor-element-2d9a546\" data-id=\"2d9a546\" data-element_type=\"column\" data-e-type=\"column\">\n\t\t\t<div class=\"elementor-widget-wrap elementor-element-populated\">\n\t\t\t\t\t\t<section class=\"elementor-section elementor-inner-section elementor-element elementor-element-451c4ba3 elementor-section-boxed elementor-section-height-default elementor-section-height-default\" data-id=\"451c4ba3\" data-element_type=\"section\" data-e-type=\"section\">\n\t\t\t\t\t\t<div class=\"elementor-container elementor-column-gap-default\">\n\t\t\t\t\t<div class=\"elementor-column elementor-col-100 elementor-inner-column elementor-element elementor-element-2b822af7\" data-id=\"2b822af7\" data-element_type=\"column\" data-e-type=\"column\">\n\t\t\t<div class=\"elementor-widget-wrap elementor-element-populated\">\n\t\t\t\t\t\t<div class=\"elementor-element elementor-element-49e45047 elementor-widget elementor-widget-heading\" data-id=\"49e45047\" data-element_type=\"widget\" data-e-type=\"widget\" data-widget_type=\"heading.default\">\n\t\t\t\t<div class=\"elementor-widget-container\">\n\t\t\t\t\t<h2 class=\"elementor-heading-title elementor-size-default\">Els nostres caf\u00e8s de Santuario Sul<\/h2>\t\t\t\t<\/div>\n\t\t\t\t<\/div>\n\t\t\t\t\t<\/div>\n\t\t<\/div>\n\t\t\t\t\t<\/div>\n\t\t<\/section>\n\t\t\t\t\t<\/div>\n\t\t<\/div>\n\t\t\t\t\t<\/div>\n\t\t<\/section>\n\t\t\t\t<\/div>\n\t\t","protected":false},"excerpt":{"rendered":"<p>Santuario Sul Brazil &#8211; Carmo de Minas &#8211; 1220 Mts. Hist\u00f2ria delSantuario Sul La hist\u00f2ria de la Finca Santuari Sul \u00e9s un relat que reflecteix la passi\u00f3 i el comprom\u00eds de Luiz Paulo Pereira i Camilo Merizalde amb l&#8217;art del caf\u00e8. Fa nou anys, inspirats per l&#8217;\u00e8xit de la Finca Santuari a Col\u00f2mbia, van decidir [&hellip;]<\/p>\n","protected":false},"author":2,"featured_media":0,"parent":13566,"menu_order":0,"comment_status":"closed","ping_status":"closed","template":"","meta":{"site-sidebar-layout":"no-sidebar","site-content-layout":"page-builder","ast-site-content-layout":"full-width-container","site-content-style":"default","site-sidebar-style":"default","ast-global-header-display":"","ast-banner-title-visibility":"","ast-main-header-display":"","ast-hfb-above-header-display":"","ast-hfb-below-header-display":"","ast-hfb-mobile-header-display":"","site-post-title":"disabled","ast-breadcrumbs-content":"","ast-featured-img":"disabled","footer-sml-layout":"","ast-disable-related-posts":"","theme-transparent-header-meta":"","adv-header-id-meta":"","stick-header-meta":"","header-above-stick-meta":"","header-main-stick-meta":"","header-below-stick-meta":"","astra-migrate-meta-layouts":"default","ast-page-background-enabled":"default","ast-page-background-meta":{"desktop":{"background-color":"var(--ast-global-color-4)","background-image":"","background-repeat":"repeat","background-position":"center center","background-size":"auto","background-attachment":"scroll","background-type":"","background-media":"","overlay-type":"","overlay-color":"","overlay-opacity":"","overlay-gradient":""},"tablet":{"background-color":"","background-image":"","background-repeat":"repeat","background-position":"center center","background-size":"auto","background-attachment":"scroll","background-type":"","background-media":"","overlay-type":"","overlay-color":"","overlay-opacity":"","overlay-gradient":""},"mobile":{"background-color":"","background-image":"","background-repeat":"repeat","background-position":"center center","background-size":"auto","background-attachment":"scroll","background-type":"","background-media":"","overlay-type":"","overlay-color":"","overlay-opacity":"","overlay-gradient":""}},"ast-content-background-meta":{"desktop":{"background-color":"var(--ast-global-color-5)","background-image":"","background-repeat":"repeat","background-position":"center center","background-size":"auto","background-attachment":"scroll","background-type":"","background-media":"","overlay-type":"","overlay-color":"","overlay-opacity":"","overlay-gradient":""},"tablet":{"background-color":"var(--ast-global-color-5)","background-image":"","background-repeat":"repeat","background-position":"center center","background-size":"auto","background-attachment":"scroll","background-type":"","background-media":"","overlay-type":"","overlay-color":"","overlay-opacity":"","overlay-gradient":""},"mobile":{"background-color":"var(--ast-global-color-5)","background-image":"","background-repeat":"repeat","background-position":"center center","background-size":"auto","background-attachment":"scroll","background-type":"","background-media":"","overlay-type":"","overlay-color":"","overlay-opacity":"","overlay-gradient":""}},"footnotes":""},"class_list":["post-13569","page","type-page","status-publish","hentry"],"_links":{"self":[{"href":"https:\/\/sensorial.coffee\/ca\/wp-json\/wp\/v2\/pages\/13569","targetHints":{"allow":["GET"]}}],"collection":[{"href":"https:\/\/sensorial.coffee\/ca\/wp-json\/wp\/v2\/pages"}],"about":[{"href":"https:\/\/sensorial.coffee\/ca\/wp-json\/wp\/v2\/types\/page"}],"author":[{"embeddable":true,"href":"https:\/\/sensorial.coffee\/ca\/wp-json\/wp\/v2\/users\/2"}],"replies":[{"embeddable":true,"href":"https:\/\/sensorial.coffee\/ca\/wp-json\/wp\/v2\/comments?post=13569"}],"version-history":[{"count":5,"href":"https:\/\/sensorial.coffee\/ca\/wp-json\/wp\/v2\/pages\/13569\/revisions"}],"predecessor-version":[{"id":23831,"href":"https:\/\/sensorial.coffee\/ca\/wp-json\/wp\/v2\/pages\/13569\/revisions\/23831"}],"up":[{"embeddable":true,"href":"https:\/\/sensorial.coffee\/ca\/wp-json\/wp\/v2\/pages\/13566"}],"wp:attachment":[{"href":"https:\/\/sensorial.coffee\/ca\/wp-json\/wp\/v2\/media?parent=13569"}],"curies":[{"name":"wp","href":"https:\/\/api.w.org\/{rel}","templated":true}]}}