{"id":13608,"date":"2024-01-22T13:20:51","date_gmt":"2024-01-22T12:20:51","guid":{"rendered":"https:\/\/sensorial.coffee\/colombia-2\/finca-santuario\/"},"modified":"2025-01-15T13:19:44","modified_gmt":"2025-01-15T12:19:44","slug":"finca-santuario","status":"publish","type":"page","link":"https:\/\/sensorial.coffee\/ca\/colombia-2\/finca-santuario\/","title":{"rendered":"Finca Santuario"},"content":{"rendered":"\t\t<div data-elementor-type=\"wp-page\" data-elementor-id=\"13608\" class=\"elementor elementor-13608 elementor-10934\" data-elementor-post-type=\"page\">\n\t\t\t\t\t\t<section class=\"elementor-section elementor-top-section elementor-element elementor-element-4dc8a83 elementor-section-boxed elementor-section-height-default elementor-section-height-default\" data-id=\"4dc8a83\" data-element_type=\"section\" data-e-type=\"section\" data-settings=\"{&quot;background_background&quot;:&quot;classic&quot;}\">\n\t\t\t\t\t\t<div class=\"elementor-container elementor-column-gap-default\">\n\t\t\t\t\t<div class=\"elementor-column elementor-col-100 elementor-top-column elementor-element elementor-element-946ffc3\" data-id=\"946ffc3\" data-element_type=\"column\" data-e-type=\"column\">\n\t\t\t<div class=\"elementor-widget-wrap elementor-element-populated\">\n\t\t\t\t\t\t<div class=\"elementor-element elementor-element-41005e8 elementor-widget elementor-widget-heading\" data-id=\"41005e8\" data-element_type=\"widget\" data-e-type=\"widget\" data-widget_type=\"heading.default\">\n\t\t\t\t<div class=\"elementor-widget-container\">\n\t\t\t\t\t<h2 class=\"elementor-heading-title elementor-size-default\">Santuario Farm<\/h2>\t\t\t\t<\/div>\n\t\t\t\t<\/div>\n\t\t\t\t<div class=\"elementor-element elementor-element-ff3aa82 elementor-widget elementor-widget-text-editor\" data-id=\"ff3aa82\" data-element_type=\"widget\" data-e-type=\"widget\" data-widget_type=\"text-editor.default\">\n\t\t\t\t<div class=\"elementor-widget-container\">\n\t\t\t\t\t\t\t\t\t<p>Colombia &#8211; Cauca &#8211; 1750 Mts.<\/p>\n\t\t\t\t\t\t\t\t<\/div>\n\t\t\t\t<\/div>\n\t\t\t\t\t<\/div>\n\t\t<\/div>\n\t\t\t\t\t<\/div>\n\t\t<\/section>\n\t\t\t\t<section class=\"elementor-section elementor-top-section elementor-element elementor-element-508af91 elementor-section-full_width elementor-section-height-default elementor-section-height-default\" data-id=\"508af91\" data-element_type=\"section\" data-e-type=\"section\">\n\t\t\t\t\t\t<div class=\"elementor-container elementor-column-gap-no\">\n\t\t\t\t\t<div class=\"elementor-column elementor-col-100 elementor-top-column elementor-element elementor-element-4e33b04\" data-id=\"4e33b04\" data-element_type=\"column\" data-e-type=\"column\">\n\t\t\t<div class=\"elementor-widget-wrap elementor-element-populated\">\n\t\t\t\t\t\t<div class=\"elementor-element elementor-element-284afe6 elementor-widget elementor-widget-image\" data-id=\"284afe6\" data-element_type=\"widget\" data-e-type=\"widget\" data-widget_type=\"image.default\">\n\t\t\t\t<div class=\"elementor-widget-container\">\n\t\t\t\t\t\t\t\t\t\t\t\t\t\t\t<img fetchpriority=\"high\" decoding=\"async\" width=\"2160\" height=\"85\" src=\"https:\/\/sensorial.coffee\/wp-content\/uploads\/2023\/11\/ilustraciones-sensorial.jpg\" class=\"attachment-full size-full wp-image-13921\" alt=\"\" srcset=\"https:\/\/sensorial.coffee\/wp-content\/uploads\/2023\/11\/ilustraciones-sensorial.jpg 2160w, https:\/\/sensorial.coffee\/wp-content\/uploads\/2023\/11\/ilustraciones-sensorial-500x20.jpg 500w, https:\/\/sensorial.coffee\/wp-content\/uploads\/2023\/11\/ilustraciones-sensorial-300x12.jpg 300w, https:\/\/sensorial.coffee\/wp-content\/uploads\/2023\/11\/ilustraciones-sensorial-1024x40.jpg 1024w, https:\/\/sensorial.coffee\/wp-content\/uploads\/2023\/11\/ilustraciones-sensorial-768x30.jpg 768w, https:\/\/sensorial.coffee\/wp-content\/uploads\/2023\/11\/ilustraciones-sensorial-1536x60.jpg 1536w, https:\/\/sensorial.coffee\/wp-content\/uploads\/2023\/11\/ilustraciones-sensorial-2048x81.jpg 2048w\" sizes=\"(max-width: 2160px) 100vw, 2160px\" \/>\t\t\t\t\t\t\t\t\t\t\t\t\t\t\t<\/div>\n\t\t\t\t<\/div>\n\t\t\t\t\t<\/div>\n\t\t<\/div>\n\t\t\t\t\t<\/div>\n\t\t<\/section>\n\t\t\t\t<section class=\"elementor-section elementor-top-section elementor-element elementor-element-3e5bf20 elementor-section-full_width elementor-section-height-default elementor-section-height-default\" data-id=\"3e5bf20\" data-element_type=\"section\" data-e-type=\"section\" data-settings=\"{&quot;background_background&quot;:&quot;classic&quot;}\">\n\t\t\t\t\t\t<div class=\"elementor-container elementor-column-gap-no\">\n\t\t\t\t\t<div class=\"elementor-column elementor-col-50 elementor-top-column elementor-element elementor-element-03363c8\" data-id=\"03363c8\" data-element_type=\"column\" data-e-type=\"column\">\n\t\t\t<div class=\"elementor-widget-wrap elementor-element-populated\">\n\t\t\t\t\t\t<section class=\"elementor-section elementor-inner-section elementor-element elementor-element-c71a95f elementor-section-boxed elementor-section-height-default elementor-section-height-default\" data-id=\"c71a95f\" data-element_type=\"section\" data-e-type=\"section\">\n\t\t\t\t\t\t<div class=\"elementor-container elementor-column-gap-default\">\n\t\t\t\t\t<div class=\"elementor-column elementor-col-100 elementor-inner-column elementor-element elementor-element-3422a5e\" data-id=\"3422a5e\" data-element_type=\"column\" data-e-type=\"column\">\n\t\t\t<div class=\"elementor-widget-wrap elementor-element-populated\">\n\t\t\t\t\t\t<div class=\"elementor-element elementor-element-ca8a467 elementor-widget elementor-widget-heading\" data-id=\"ca8a467\" data-element_type=\"widget\" data-e-type=\"widget\" data-widget_type=\"heading.default\">\n\t\t\t\t<div class=\"elementor-widget-container\">\n\t\t\t\t\t<h2 class=\"elementor-heading-title elementor-size-default\">Hist\u00f2ria de <br><b>Santuario Farm<\/b><\/h2>\t\t\t\t<\/div>\n\t\t\t\t<\/div>\n\t\t\t\t<div class=\"elementor-element elementor-element-a0e983f elementor-widget elementor-widget-text-editor\" data-id=\"a0e983f\" data-element_type=\"widget\" data-e-type=\"widget\" data-widget_type=\"text-editor.default\">\n\t\t\t\t<div class=\"elementor-widget-container\">\n\t\t\t\t\t\t\t\t\t<p>Fundada l&#8217;any 2000 per Camilo Merizalde, Santuari Farm \u00e9s una finca pionera que es va proposar produir els caf\u00e8s m\u00e9s singulars de Col\u00f2mbia. En la primera d\u00e8cada, la Finca Santuari va destacar amb la creaci\u00f3 de caf\u00e8s excepcionals per al mercat internacional. En 2012, Santuari va fer un pas m\u00e9s enll\u00e0 amb la internacionalitzaci\u00f3 sota el nom The Santuari Project, establint Finca Tres Milagros a Costa Rica (2013) i Santuari Sul al Brasil (2014). En 2017, es va expandir a M\u00e8xic amb el Centre d&#8217;Innovaci\u00f3 Ixhuatl\u00e1n a Veracruz i l&#8217;associaci\u00f3 amb la Fam\u00edlia Guadalupe Zaju a Chiapas. En 2020, Santuari va col\u00b7laborar amb Gesha Village (Eti\u00f2pia), aplicant les seves t\u00e8cniques de processament. L&#8217;\u00faltima incorporaci\u00f3 \u00e9s El Salvador, que es prepara per a oferir el seu origen a mitjan 2024. Amb sis or\u00edgens en total, Santuari es destaca com l&#8217;\u00fanica empresa que maneja directament les seves finques, des del processament fins a la comercialitzaci\u00f3 dels seus propis caf\u00e8s especials.<\/p>\n\t\t\t\t\t\t\t\t<\/div>\n\t\t\t\t<\/div>\n\t\t\t\t\t<\/div>\n\t\t<\/div>\n\t\t\t\t\t<\/div>\n\t\t<\/section>\n\t\t\t\t\t<\/div>\n\t\t<\/div>\n\t\t\t\t<div class=\"elementor-column elementor-col-50 elementor-top-column elementor-element elementor-element-bd96ab0 elementor-hidden-tablet elementor-hidden-mobile\" data-id=\"bd96ab0\" data-element_type=\"column\" data-e-type=\"column\">\n\t\t\t<div class=\"elementor-widget-wrap elementor-element-populated\">\n\t\t\t\t\t\t<div class=\"elementor-element elementor-element-8cf1614 elementor-widget-tablet__width-initial elementor-widget elementor-widget-text-editor\" data-id=\"8cf1614\" data-element_type=\"widget\" data-e-type=\"widget\" data-widget_type=\"text-editor.default\">\n\t\t\t\t<div class=\"elementor-widget-container\">\n\t\t\t\t\t\t\t\t\t<p style=\"text-align: center;\"><strong>VARIETATS<\/strong><br \/>T\u00edpica <br \/>Red Bourbon<br \/>Yellow Bourbon<br \/>Gesha<\/p>\n<p style=\"text-align: center;\"><strong>PROCESSOS<\/strong><br \/>Washed<br \/>Honey<br \/>Natural<br \/>Anaerobic<br \/>Mossto<br \/>Co-Fermented<br \/>Carbonic Maceration<br \/>Custom Processes<\/p>\n\t\t\t\t\t\t\t\t<\/div>\n\t\t\t\t<\/div>\n\t\t\t\t\t<\/div>\n\t\t<\/div>\n\t\t\t\t\t<\/div>\n\t\t<\/section>\n\t\t\t\t<section class=\"elementor-section elementor-top-section elementor-element elementor-element-a16a33b elementor-hidden-desktop elementor-section-boxed elementor-section-height-default elementor-section-height-default\" data-id=\"a16a33b\" data-element_type=\"section\" data-e-type=\"section\" data-settings=\"{&quot;background_background&quot;:&quot;classic&quot;}\">\n\t\t\t\t\t\t<div class=\"elementor-container elementor-column-gap-default\">\n\t\t\t\t\t<div class=\"elementor-column elementor-col-50 elementor-top-column elementor-element elementor-element-0f77310\" data-id=\"0f77310\" data-element_type=\"column\" data-e-type=\"column\">\n\t\t\t<div class=\"elementor-widget-wrap elementor-element-populated\">\n\t\t\t\t\t\t<div class=\"elementor-element elementor-element-868c0f6 elementor-widget-tablet__width-initial elementor-widget elementor-widget-text-editor\" data-id=\"868c0f6\" data-element_type=\"widget\" data-e-type=\"widget\" data-widget_type=\"text-editor.default\">\n\t\t\t\t<div class=\"elementor-widget-container\">\n\t\t\t\t\t\t\t\t\t<p style=\"text-align: center;\"><strong>VARIETATS<\/strong><br \/>T\u00edpica<br \/>Red Bourbon<br \/>Yellow Bourbon<br \/>Gesha<\/p>\n\t\t\t\t\t\t\t\t<\/div>\n\t\t\t\t<\/div>\n\t\t\t\t\t<\/div>\n\t\t<\/div>\n\t\t\t\t<div class=\"elementor-column elementor-col-50 elementor-top-column elementor-element elementor-element-c420ba9\" data-id=\"c420ba9\" data-element_type=\"column\" data-e-type=\"column\">\n\t\t\t<div class=\"elementor-widget-wrap elementor-element-populated\">\n\t\t\t\t\t\t<div class=\"elementor-element elementor-element-c7b34e7 elementor-widget elementor-widget-text-editor\" data-id=\"c7b34e7\" data-element_type=\"widget\" data-e-type=\"widget\" data-widget_type=\"text-editor.default\">\n\t\t\t\t<div class=\"elementor-widget-container\">\n\t\t\t\t\t\t\t\t\t<p style=\"text-align: center;\"><strong>PROCESSOS<\/strong><br \/>Washed<br \/>Honey<br \/>Natural<br \/>Anaerobic<br \/>Mossto<br \/>Co-Fermented<br \/>Carbonic Maceration<br \/>Custom Processes<\/p>\n\t\t\t\t\t\t\t\t<\/div>\n\t\t\t\t<\/div>\n\t\t\t\t\t<\/div>\n\t\t<\/div>\n\t\t\t\t\t<\/div>\n\t\t<\/section>\n\t\t\t\t<section class=\"elementor-section elementor-top-section elementor-element elementor-element-faf9b2a elementor-section-full_width elementor-section-height-default elementor-section-height-default\" data-id=\"faf9b2a\" data-element_type=\"section\" data-e-type=\"section\">\n\t\t\t\t\t\t<div class=\"elementor-container elementor-column-gap-no\">\n\t\t\t\t\t<div class=\"elementor-column elementor-col-33 elementor-top-column elementor-element elementor-element-733d53d\" data-id=\"733d53d\" data-element_type=\"column\" data-e-type=\"column\">\n\t\t\t<div class=\"elementor-widget-wrap elementor-element-populated\">\n\t\t\t\t\t\t<div class=\"elementor-element elementor-element-45a7719 elementor-widget elementor-widget-image\" data-id=\"45a7719\" data-element_type=\"widget\" data-e-type=\"widget\" data-widget_type=\"image.default\">\n\t\t\t\t<div class=\"elementor-widget-container\">\n\t\t\t\t\t\t\t\t\t\t\t\t\t\t\t<img decoding=\"async\" width=\"600\" height=\"600\" src=\"https:\/\/sensorial.coffee\/wp-content\/uploads\/2024\/03\/pinkbourbon3.webp\" class=\"attachment-full size-full wp-image-13618\" alt=\"pink bourbon proceso\" srcset=\"https:\/\/sensorial.coffee\/wp-content\/uploads\/2024\/03\/pinkbourbon3.webp 600w, https:\/\/sensorial.coffee\/wp-content\/uploads\/2024\/03\/pinkbourbon3-300x300.webp 300w, https:\/\/sensorial.coffee\/wp-content\/uploads\/2024\/03\/pinkbourbon3-150x150.webp 150w, https:\/\/sensorial.coffee\/wp-content\/uploads\/2024\/03\/pinkbourbon3-500x500.webp 500w, https:\/\/sensorial.coffee\/wp-content\/uploads\/2024\/03\/pinkbourbon3-100x100.webp 100w\" sizes=\"(max-width: 600px) 100vw, 600px\" \/>\t\t\t\t\t\t\t\t\t\t\t\t\t\t\t<\/div>\n\t\t\t\t<\/div>\n\t\t\t\t\t<\/div>\n\t\t<\/div>\n\t\t\t\t<div class=\"elementor-column elementor-col-33 elementor-top-column elementor-element elementor-element-152c424\" data-id=\"152c424\" data-element_type=\"column\" data-e-type=\"column\">\n\t\t\t<div class=\"elementor-widget-wrap elementor-element-populated\">\n\t\t\t\t\t\t<div class=\"elementor-element elementor-element-f30f1b4 elementor-widget elementor-widget-image\" data-id=\"f30f1b4\" data-element_type=\"widget\" data-e-type=\"widget\" data-widget_type=\"image.default\">\n\t\t\t\t<div class=\"elementor-widget-container\">\n\t\t\t\t\t\t\t\t\t\t\t\t\t\t\t<img decoding=\"async\" width=\"600\" height=\"600\" src=\"https:\/\/sensorial.coffee\/wp-content\/uploads\/2024\/03\/DSC07947.webp\" class=\"attachment-full size-full wp-image-13616\" alt=\"cata de caf\u00e9\" srcset=\"https:\/\/sensorial.coffee\/wp-content\/uploads\/2024\/03\/DSC07947.webp 600w, https:\/\/sensorial.coffee\/wp-content\/uploads\/2024\/03\/DSC07947-300x300.webp 300w, https:\/\/sensorial.coffee\/wp-content\/uploads\/2024\/03\/DSC07947-150x150.webp 150w, https:\/\/sensorial.coffee\/wp-content\/uploads\/2024\/03\/DSC07947-500x500.webp 500w, https:\/\/sensorial.coffee\/wp-content\/uploads\/2024\/03\/DSC07947-100x100.webp 100w\" sizes=\"(max-width: 600px) 100vw, 600px\" \/>\t\t\t\t\t\t\t\t\t\t\t\t\t\t\t<\/div>\n\t\t\t\t<\/div>\n\t\t\t\t\t<\/div>\n\t\t<\/div>\n\t\t\t\t<div class=\"elementor-column elementor-col-33 elementor-top-column elementor-element elementor-element-25e1798\" data-id=\"25e1798\" data-element_type=\"column\" data-e-type=\"column\">\n\t\t\t<div class=\"elementor-widget-wrap elementor-element-populated\">\n\t\t\t\t\t\t<div class=\"elementor-element elementor-element-f6831a4 elementor-widget elementor-widget-image\" data-id=\"f6831a4\" data-element_type=\"widget\" data-e-type=\"widget\" data-widget_type=\"image.default\">\n\t\t\t\t<div class=\"elementor-widget-container\">\n\t\t\t\t\t\t\t\t\t\t\t\t\t\t\t<img loading=\"lazy\" decoding=\"async\" width=\"600\" height=\"600\" src=\"https:\/\/sensorial.coffee\/wp-content\/uploads\/2024\/03\/Patio-Drying.webp\" class=\"attachment-full size-full wp-image-13617\" alt=\"secado de caf\u00e9\" srcset=\"https:\/\/sensorial.coffee\/wp-content\/uploads\/2024\/03\/Patio-Drying.webp 600w, https:\/\/sensorial.coffee\/wp-content\/uploads\/2024\/03\/Patio-Drying-300x300.webp 300w, https:\/\/sensorial.coffee\/wp-content\/uploads\/2024\/03\/Patio-Drying-150x150.webp 150w, https:\/\/sensorial.coffee\/wp-content\/uploads\/2024\/03\/Patio-Drying-500x500.webp 500w, https:\/\/sensorial.coffee\/wp-content\/uploads\/2024\/03\/Patio-Drying-100x100.webp 100w\" sizes=\"(max-width: 600px) 100vw, 600px\" \/>\t\t\t\t\t\t\t\t\t\t\t\t\t\t\t<\/div>\n\t\t\t\t<\/div>\n\t\t\t\t\t<\/div>\n\t\t<\/div>\n\t\t\t\t\t<\/div>\n\t\t<\/section>\n\t\t\t\t<section class=\"elementor-section elementor-top-section elementor-element elementor-element-fe17a77 elementor-section-boxed elementor-section-height-default elementor-section-height-default\" data-id=\"fe17a77\" data-element_type=\"section\" data-e-type=\"section\" data-settings=\"{&quot;background_background&quot;:&quot;classic&quot;}\">\n\t\t\t\t\t\t<div class=\"elementor-container elementor-column-gap-default\">\n\t\t\t\t\t<div class=\"elementor-column elementor-col-100 elementor-top-column elementor-element elementor-element-581a0f8\" data-id=\"581a0f8\" data-element_type=\"column\" data-e-type=\"column\">\n\t\t\t<div class=\"elementor-widget-wrap elementor-element-populated\">\n\t\t\t\t\t\t<section class=\"elementor-section elementor-inner-section elementor-element elementor-element-de9980f elementor-section-boxed elementor-section-height-default elementor-section-height-default\" data-id=\"de9980f\" data-element_type=\"section\" data-e-type=\"section\">\n\t\t\t\t\t\t<div class=\"elementor-container elementor-column-gap-default\">\n\t\t\t\t\t<div class=\"elementor-column elementor-col-100 elementor-inner-column elementor-element elementor-element-3d2abb7\" data-id=\"3d2abb7\" data-element_type=\"column\" data-e-type=\"column\">\n\t\t\t<div class=\"elementor-widget-wrap elementor-element-populated\">\n\t\t\t\t\t\t<div class=\"elementor-element elementor-element-59fa457 elementor-widget elementor-widget-heading\" data-id=\"59fa457\" data-element_type=\"widget\" data-e-type=\"widget\" data-widget_type=\"heading.default\">\n\t\t\t\t<div class=\"elementor-widget-container\">\n\t\t\t\t\t<h2 class=\"elementor-heading-title elementor-size-default\">Els nostres caf\u00e8s de Santuari Farm<\/h2>\t\t\t\t<\/div>\n\t\t\t\t<\/div>\n\t\t\t\t\t<\/div>\n\t\t<\/div>\n\t\t\t\t\t<\/div>\n\t\t<\/section>\n\t\t\t\t\t<\/div>\n\t\t<\/div>\n\t\t\t\t\t<\/div>\n\t\t<\/section>\n\t\t\t\t<\/div>\n\t\t","protected":false},"excerpt":{"rendered":"<p>Santuario Farm Colombia &#8211; Cauca &#8211; 1750 Mts. Hist\u00f2ria de Santuario Farm Fundada l&#8217;any 2000 per Camilo Merizalde, Santuari Farm \u00e9s una finca pionera que es va proposar produir els caf\u00e8s m\u00e9s singulars de Col\u00f2mbia. En la primera d\u00e8cada, la Finca Santuari va destacar amb la creaci\u00f3 de caf\u00e8s excepcionals per al mercat internacional. En [&hellip;]<\/p>\n","protected":false},"author":1,"featured_media":0,"parent":13602,"menu_order":0,"comment_status":"closed","ping_status":"closed","template":"","meta":{"site-sidebar-layout":"no-sidebar","site-content-layout":"page-builder","ast-site-content-layout":"full-width-container","site-content-style":"default","site-sidebar-style":"default","ast-global-header-display":"","ast-banner-title-visibility":"","ast-main-header-display":"","ast-hfb-above-header-display":"","ast-hfb-below-header-display":"","ast-hfb-mobile-header-display":"","site-post-title":"disabled","ast-breadcrumbs-content":"","ast-featured-img":"disabled","footer-sml-layout":"","ast-disable-related-posts":"","theme-transparent-header-meta":"","adv-header-id-meta":"","stick-header-meta":"","header-above-stick-meta":"","header-main-stick-meta":"","header-below-stick-meta":"","astra-migrate-meta-layouts":"default","ast-page-background-enabled":"default","ast-page-background-meta":{"desktop":{"background-color":"var(--ast-global-color-4)","background-image":"","background-repeat":"repeat","background-position":"center center","background-size":"auto","background-attachment":"scroll","background-type":"","background-media":"","overlay-type":"","overlay-color":"","overlay-opacity":"","overlay-gradient":""},"tablet":{"background-color":"","background-image":"","background-repeat":"repeat","background-position":"center center","background-size":"auto","background-attachment":"scroll","background-type":"","background-media":"","overlay-type":"","overlay-color":"","overlay-opacity":"","overlay-gradient":""},"mobile":{"background-color":"","background-image":"","background-repeat":"repeat","background-position":"center center","background-size":"auto","background-attachment":"scroll","background-type":"","background-media":"","overlay-type":"","overlay-color":"","overlay-opacity":"","overlay-gradient":""}},"ast-content-background-meta":{"desktop":{"background-color":"var(--ast-global-color-5)","background-image":"","background-repeat":"repeat","background-position":"center center","background-size":"auto","background-attachment":"scroll","background-type":"","background-media":"","overlay-type":"","overlay-color":"","overlay-opacity":"","overlay-gradient":""},"tablet":{"background-color":"var(--ast-global-color-5)","background-image":"","background-repeat":"repeat","background-position":"center center","background-size":"auto","background-attachment":"scroll","background-type":"","background-media":"","overlay-type":"","overlay-color":"","overlay-opacity":"","overlay-gradient":""},"mobile":{"background-color":"var(--ast-global-color-5)","background-image":"","background-repeat":"repeat","background-position":"center center","background-size":"auto","background-attachment":"scroll","background-type":"","background-media":"","overlay-type":"","overlay-color":"","overlay-opacity":"","overlay-gradient":""}},"footnotes":""},"class_list":["post-13608","page","type-page","status-publish","hentry"],"_links":{"self":[{"href":"https:\/\/sensorial.coffee\/ca\/wp-json\/wp\/v2\/pages\/13608","targetHints":{"allow":["GET"]}}],"collection":[{"href":"https:\/\/sensorial.coffee\/ca\/wp-json\/wp\/v2\/pages"}],"about":[{"href":"https:\/\/sensorial.coffee\/ca\/wp-json\/wp\/v2\/types\/page"}],"author":[{"embeddable":true,"href":"https:\/\/sensorial.coffee\/ca\/wp-json\/wp\/v2\/users\/1"}],"replies":[{"embeddable":true,"href":"https:\/\/sensorial.coffee\/ca\/wp-json\/wp\/v2\/comments?post=13608"}],"version-history":[{"count":2,"href":"https:\/\/sensorial.coffee\/ca\/wp-json\/wp\/v2\/pages\/13608\/revisions"}],"predecessor-version":[{"id":16338,"href":"https:\/\/sensorial.coffee\/ca\/wp-json\/wp\/v2\/pages\/13608\/revisions\/16338"}],"up":[{"embeddable":true,"href":"https:\/\/sensorial.coffee\/ca\/wp-json\/wp\/v2\/pages\/13602"}],"wp:attachment":[{"href":"https:\/\/sensorial.coffee\/ca\/wp-json\/wp\/v2\/media?parent=13608"}],"curies":[{"name":"wp","href":"https:\/\/api.w.org\/{rel}","templated":true}]}}