{"id":13625,"date":"2024-03-05T13:51:49","date_gmt":"2024-03-05T12:51:49","guid":{"rendered":"https:\/\/sensorial.coffee\/colombia-2\/macizo-regional-selection\/"},"modified":"2025-01-15T13:18:57","modified_gmt":"2025-01-15T12:18:57","slug":"macizo-regional-selection","status":"publish","type":"page","link":"https:\/\/sensorial.coffee\/ca\/colombia-2\/macizo-regional-selection\/","title":{"rendered":"Macizo Regional Selection"},"content":{"rendered":"\t\t<div data-elementor-type=\"wp-page\" data-elementor-id=\"13625\" class=\"elementor elementor-13625 elementor-12707\" data-elementor-post-type=\"page\">\n\t\t\t\t\t\t<section class=\"elementor-section elementor-top-section elementor-element elementor-element-6583ae4c elementor-section-boxed elementor-section-height-default elementor-section-height-default\" data-id=\"6583ae4c\" data-element_type=\"section\" data-e-type=\"section\" data-settings=\"{&quot;background_background&quot;:&quot;classic&quot;}\">\n\t\t\t\t\t\t<div class=\"elementor-container elementor-column-gap-default\">\n\t\t\t\t\t<div class=\"elementor-column elementor-col-100 elementor-top-column elementor-element elementor-element-7a9320e1\" data-id=\"7a9320e1\" data-element_type=\"column\" data-e-type=\"column\">\n\t\t\t<div class=\"elementor-widget-wrap elementor-element-populated\">\n\t\t\t\t\t\t<div class=\"elementor-element elementor-element-2f124bef elementor-widget elementor-widget-heading\" data-id=\"2f124bef\" data-element_type=\"widget\" data-e-type=\"widget\" data-widget_type=\"heading.default\">\n\t\t\t\t<div class=\"elementor-widget-container\">\n\t\t\t\t\t<h2 class=\"elementor-heading-title elementor-size-default\">Macizo Regional Selection<\/h2>\t\t\t\t<\/div>\n\t\t\t\t<\/div>\n\t\t\t\t<div class=\"elementor-element elementor-element-1299254d elementor-widget elementor-widget-text-editor\" data-id=\"1299254d\" data-element_type=\"widget\" data-e-type=\"widget\" data-widget_type=\"text-editor.default\">\n\t\t\t\t<div class=\"elementor-widget-container\">\n\t\t\t\t\t\t\t\t\t<p>Colombia &#8211; Huila &#8211; 1750 Mts.<\/p>\n\t\t\t\t\t\t\t\t<\/div>\n\t\t\t\t<\/div>\n\t\t\t\t\t<\/div>\n\t\t<\/div>\n\t\t\t\t\t<\/div>\n\t\t<\/section>\n\t\t\t\t<section class=\"elementor-section elementor-top-section elementor-element elementor-element-972c571 elementor-section-full_width elementor-section-height-default elementor-section-height-default\" data-id=\"972c571\" data-element_type=\"section\" data-e-type=\"section\">\n\t\t\t\t\t\t<div class=\"elementor-container elementor-column-gap-no\">\n\t\t\t\t\t<div class=\"elementor-column elementor-col-100 elementor-top-column elementor-element elementor-element-15caa12b\" data-id=\"15caa12b\" data-element_type=\"column\" data-e-type=\"column\">\n\t\t\t<div class=\"elementor-widget-wrap elementor-element-populated\">\n\t\t\t\t\t\t<div class=\"elementor-element elementor-element-3f27517f elementor-widget elementor-widget-image\" data-id=\"3f27517f\" data-element_type=\"widget\" data-e-type=\"widget\" data-widget_type=\"image.default\">\n\t\t\t\t<div class=\"elementor-widget-container\">\n\t\t\t\t\t\t\t\t\t\t\t\t\t\t\t<img fetchpriority=\"high\" decoding=\"async\" width=\"2160\" height=\"85\" src=\"https:\/\/sensorial.coffee\/wp-content\/uploads\/2023\/11\/ilustraciones-sensorial.jpg\" class=\"attachment-full size-full wp-image-13921\" alt=\"\" srcset=\"https:\/\/sensorial.coffee\/wp-content\/uploads\/2023\/11\/ilustraciones-sensorial.jpg 2160w, https:\/\/sensorial.coffee\/wp-content\/uploads\/2023\/11\/ilustraciones-sensorial-500x20.jpg 500w, https:\/\/sensorial.coffee\/wp-content\/uploads\/2023\/11\/ilustraciones-sensorial-300x12.jpg 300w, https:\/\/sensorial.coffee\/wp-content\/uploads\/2023\/11\/ilustraciones-sensorial-1024x40.jpg 1024w, https:\/\/sensorial.coffee\/wp-content\/uploads\/2023\/11\/ilustraciones-sensorial-768x30.jpg 768w, https:\/\/sensorial.coffee\/wp-content\/uploads\/2023\/11\/ilustraciones-sensorial-1536x60.jpg 1536w, https:\/\/sensorial.coffee\/wp-content\/uploads\/2023\/11\/ilustraciones-sensorial-2048x81.jpg 2048w\" sizes=\"(max-width: 2160px) 100vw, 2160px\" \/>\t\t\t\t\t\t\t\t\t\t\t\t\t\t\t<\/div>\n\t\t\t\t<\/div>\n\t\t\t\t\t<\/div>\n\t\t<\/div>\n\t\t\t\t\t<\/div>\n\t\t<\/section>\n\t\t\t\t<section class=\"elementor-section elementor-top-section elementor-element elementor-element-7a5edd28 elementor-section-full_width elementor-section-height-default elementor-section-height-default\" data-id=\"7a5edd28\" data-element_type=\"section\" data-e-type=\"section\" data-settings=\"{&quot;background_background&quot;:&quot;classic&quot;}\">\n\t\t\t\t\t\t<div class=\"elementor-container elementor-column-gap-no\">\n\t\t\t\t\t<div class=\"elementor-column elementor-col-50 elementor-top-column elementor-element elementor-element-1cf70028\" data-id=\"1cf70028\" data-element_type=\"column\" data-e-type=\"column\">\n\t\t\t<div class=\"elementor-widget-wrap elementor-element-populated\">\n\t\t\t\t\t\t<section class=\"elementor-section elementor-inner-section elementor-element elementor-element-12f2042c elementor-section-boxed elementor-section-height-default elementor-section-height-default\" data-id=\"12f2042c\" data-element_type=\"section\" data-e-type=\"section\">\n\t\t\t\t\t\t<div class=\"elementor-container elementor-column-gap-default\">\n\t\t\t\t\t<div class=\"elementor-column elementor-col-100 elementor-inner-column elementor-element elementor-element-5a9a68c5\" data-id=\"5a9a68c5\" data-element_type=\"column\" data-e-type=\"column\">\n\t\t\t<div class=\"elementor-widget-wrap elementor-element-populated\">\n\t\t\t\t\t\t<div class=\"elementor-element elementor-element-19f35f5c elementor-widget elementor-widget-heading\" data-id=\"19f35f5c\" data-element_type=\"widget\" data-e-type=\"widget\" data-widget_type=\"heading.default\">\n\t\t\t\t<div class=\"elementor-widget-container\">\n\t\t\t\t\t<h2 class=\"elementor-heading-title elementor-size-default\">Hist\u00f2ria de les finques del <br><b>Macizo Colombiano<\/b><\/h2>\t\t\t\t<\/div>\n\t\t\t\t<\/div>\n\t\t\t\t<div class=\"elementor-element elementor-element-5d6e0b9a elementor-widget elementor-widget-text-editor\" data-id=\"5d6e0b9a\" data-element_type=\"widget\" data-e-type=\"widget\" data-widget_type=\"text-editor.default\">\n\t\t\t\t<div class=\"elementor-widget-container\">\n\t\t\t\t\t\t\t\t\t<p>El Mass\u00eds Colombi\u00e0, una regi\u00f3 muntanyenca situada a Col\u00f2mbia, \u00e9s famosa per la producci\u00f3 de caf\u00e8s d&#8217;alta qualitat. Els seus cafetals, conreats per petits productors amb una tradici\u00f3 cafetera que es remunta a m\u00e9s de tres segles, es distingeixen per la seva altura i la diversitat de sabors que ofereixen. Les finques cafeteres en aquesta regi\u00f3 s\u00f3n en la seva majoria propietat de fam\u00edlies locals, que han heretat l&#8217;art del cultiu del caf\u00e8 de generaci\u00f3 en generaci\u00f3. Aquestes finques estan estrat\u00e8gicament situades a m\u00e9s de 1700 metres sobre el nivell de la mar, aprofitant les condicions clim\u00e0tiques i del s\u00f2l ideals per al cultiu del caf\u00e8 ar\u00e0biga. En Sensorial, ens enorgulleix col\u00b7laborar directament amb aquests petits productors del Mass\u00eds Colombi\u00e0. Treballem en estreta relaci\u00f3 amb ells per a seleccionar els millors grans de caf\u00e8, valorant no sols la seva qualitat sin\u00f3 tamb\u00e9 la hist\u00f2ria i l&#8217;esfor\u00e7 darrere de cada collita.<\/p>\n\t\t\t\t\t\t\t\t<\/div>\n\t\t\t\t<\/div>\n\t\t\t\t\t<\/div>\n\t\t<\/div>\n\t\t\t\t\t<\/div>\n\t\t<\/section>\n\t\t\t\t\t<\/div>\n\t\t<\/div>\n\t\t\t\t<div class=\"elementor-column elementor-col-50 elementor-top-column elementor-element elementor-element-43252f30 elementor-hidden-tablet elementor-hidden-mobile\" data-id=\"43252f30\" data-element_type=\"column\" data-e-type=\"column\">\n\t\t\t<div class=\"elementor-widget-wrap elementor-element-populated\">\n\t\t\t\t\t\t<div class=\"elementor-element elementor-element-2f740664 elementor-widget-tablet__width-initial elementor-widget elementor-widget-text-editor\" data-id=\"2f740664\" data-element_type=\"widget\" data-e-type=\"widget\" data-widget_type=\"text-editor.default\">\n\t\t\t\t<div class=\"elementor-widget-container\">\n\t\t\t\t\t\t\t\t\t<p style=\"text-align: center;\"><strong>VARIETATS<\/strong><br \/>Caturra-Castillo<br \/>Red Bourbon<\/p>\n<p style=\"text-align: center;\"><strong style=\"font-style: inherit; background-color: var( --e-global-color-fc46822 ); color: var( --e-global-color-text ); font-family: var( --e-global-typography-text-font-family ), Sans-serif;\">PROCESSES<br \/><\/strong><span style=\"font-style: inherit; font-weight: inherit; background-color: var( --e-global-color-fc46822 ); color: var( --e-global-color-text ); font-family: var( --e-global-typography-text-font-family ), Sans-serif;\">Washed<br \/><\/span><span style=\"font-style: inherit; font-weight: inherit; background-color: var( --e-global-color-fc46822 ); color: var( --e-global-color-text ); font-family: var( --e-global-typography-text-font-family ), Sans-serif;\">Honey<br \/><\/span><span style=\"font-style: inherit; font-weight: inherit; background-color: var( --e-global-color-fc46822 ); color: var( --e-global-color-text ); font-family: var( --e-global-typography-text-font-family ), Sans-serif;\">Natural<br \/><\/span><span style=\"font-style: inherit; font-weight: inherit; background-color: var( --e-global-color-fc46822 ); color: var( --e-global-color-text ); font-family: var( --e-global-typography-text-font-family ), Sans-serif;\">Anaerobic<br \/><\/span><span style=\"font-style: inherit; font-weight: inherit; background-color: var( --e-global-color-fc46822 ); color: var( --e-global-color-text ); font-family: var( --e-global-typography-text-font-family ), Sans-serif;\">Mossto<br \/><\/span><span style=\"font-style: inherit; font-weight: inherit; background-color: var( --e-global-color-fc46822 ); color: var( --e-global-color-text ); font-family: var( --e-global-typography-text-font-family ), Sans-serif;\">Co-Fermented<br \/><\/span><span style=\"font-style: inherit; font-weight: inherit; background-color: var( --e-global-color-fc46822 ); color: var( --e-global-color-text ); font-family: var( --e-global-typography-text-font-family ), Sans-serif;\">Carbonic Maceration<br \/><\/span><span style=\"font-style: inherit; font-weight: inherit; background-color: var( --e-global-color-fc46822 ); color: var( --e-global-color-text ); font-family: var( --e-global-typography-text-font-family ), Sans-serif;\">Custom Processes<\/span><\/p>\n\t\t\t\t\t\t\t\t<\/div>\n\t\t\t\t<\/div>\n\t\t\t\t\t<\/div>\n\t\t<\/div>\n\t\t\t\t\t<\/div>\n\t\t<\/section>\n\t\t\t\t<section class=\"elementor-section elementor-top-section elementor-element elementor-element-5e36b003 elementor-hidden-desktop elementor-section-boxed elementor-section-height-default elementor-section-height-default\" data-id=\"5e36b003\" data-element_type=\"section\" data-e-type=\"section\" data-settings=\"{&quot;background_background&quot;:&quot;classic&quot;}\">\n\t\t\t\t\t\t<div class=\"elementor-container elementor-column-gap-default\">\n\t\t\t\t\t<div class=\"elementor-column elementor-col-50 elementor-top-column elementor-element elementor-element-132c8234\" data-id=\"132c8234\" data-element_type=\"column\" data-e-type=\"column\">\n\t\t\t<div class=\"elementor-widget-wrap elementor-element-populated\">\n\t\t\t\t\t\t<div class=\"elementor-element elementor-element-5f140dbb elementor-widget-tablet__width-initial elementor-widget elementor-widget-text-editor\" data-id=\"5f140dbb\" data-element_type=\"widget\" data-e-type=\"widget\" data-widget_type=\"text-editor.default\">\n\t\t\t\t<div class=\"elementor-widget-container\">\n\t\t\t\t\t\t\t\t\t<p style=\"text-align: center;\"><strong>VARIETATS<\/strong><br \/>Caturra-Castillo<br \/>Red Bourbon<\/p>\n\t\t\t\t\t\t\t\t<\/div>\n\t\t\t\t<\/div>\n\t\t\t\t\t<\/div>\n\t\t<\/div>\n\t\t\t\t<div class=\"elementor-column elementor-col-50 elementor-top-column elementor-element elementor-element-4426fc61\" data-id=\"4426fc61\" data-element_type=\"column\" data-e-type=\"column\">\n\t\t\t<div class=\"elementor-widget-wrap elementor-element-populated\">\n\t\t\t\t\t\t<div class=\"elementor-element elementor-element-7f914fb2 elementor-widget-tablet__width-initial elementor-widget elementor-widget-text-editor\" data-id=\"7f914fb2\" data-element_type=\"widget\" data-e-type=\"widget\" data-widget_type=\"text-editor.default\">\n\t\t\t\t<div class=\"elementor-widget-container\">\n\t\t\t\t\t\t\t\t\t<p style=\"text-align: center;\"><strong>PROCESSES<br \/><\/strong><span style=\"font-style: inherit; font-weight: inherit; color: var( --e-global-color-text ); font-family: var( --e-global-typography-text-font-family ), Sans-serif; background-color: var( --e-global-color-fc46822 );\">Washed<br \/><\/span><span style=\"font-style: inherit; font-weight: inherit; color: var( --e-global-color-text ); font-family: var( --e-global-typography-text-font-family ), Sans-serif; background-color: var( --e-global-color-fc46822 );\">Honey<br \/><\/span><span style=\"font-style: inherit; font-weight: inherit; color: var( --e-global-color-text ); font-family: var( --e-global-typography-text-font-family ), Sans-serif; background-color: var( --e-global-color-fc46822 );\">Natural<br \/><\/span><span style=\"font-style: inherit; font-weight: inherit; color: var( --e-global-color-text ); font-family: var( --e-global-typography-text-font-family ), Sans-serif; background-color: var( --e-global-color-fc46822 );\">Anaerobic<br \/><\/span><span style=\"font-style: inherit; font-weight: inherit; color: var( --e-global-color-text ); font-family: var( --e-global-typography-text-font-family ), Sans-serif; background-color: var( --e-global-color-fc46822 );\">Mossto<br \/><\/span><span style=\"font-style: inherit; font-weight: inherit; color: var( --e-global-color-text ); font-family: var( --e-global-typography-text-font-family ), Sans-serif; background-color: var( --e-global-color-fc46822 );\">Co-Fermented<br \/><\/span><span style=\"font-style: inherit; font-weight: inherit; color: var( --e-global-color-text ); font-family: var( --e-global-typography-text-font-family ), Sans-serif; background-color: var( --e-global-color-fc46822 );\">Carbonic Maceration<br \/><\/span><span style=\"font-style: inherit; font-weight: inherit; color: var( --e-global-color-text ); font-family: var( --e-global-typography-text-font-family ), Sans-serif; background-color: var( --e-global-color-fc46822 );\">Custom Processes<\/span><\/p>\n\t\t\t\t\t\t\t\t<\/div>\n\t\t\t\t<\/div>\n\t\t\t\t\t<\/div>\n\t\t<\/div>\n\t\t\t\t\t<\/div>\n\t\t<\/section>\n\t\t\t\t<section class=\"elementor-section elementor-top-section elementor-element elementor-element-26214a52 elementor-section-full_width elementor-section-height-default elementor-section-height-default\" data-id=\"26214a52\" data-element_type=\"section\" data-e-type=\"section\">\n\t\t\t\t\t\t<div class=\"elementor-container elementor-column-gap-no\">\n\t\t\t\t\t<div class=\"elementor-column elementor-col-33 elementor-top-column elementor-element elementor-element-40e6a161\" data-id=\"40e6a161\" data-element_type=\"column\" data-e-type=\"column\">\n\t\t\t<div class=\"elementor-widget-wrap elementor-element-populated\">\n\t\t\t\t\t\t<div class=\"elementor-element elementor-element-49cadce6 elementor-widget elementor-widget-image\" data-id=\"49cadce6\" data-element_type=\"widget\" data-e-type=\"widget\" data-widget_type=\"image.default\">\n\t\t\t\t<div class=\"elementor-widget-container\">\n\t\t\t\t\t\t\t\t\t\t\t\t\t\t\t<img decoding=\"async\" width=\"600\" height=\"600\" src=\"https:\/\/sensorial.coffee\/wp-content\/uploads\/2024\/03\/DSC08055.webp\" class=\"attachment-full size-full wp-image-13627\" alt=\"Caf\u00e9 en grano mazico regional selection\" srcset=\"https:\/\/sensorial.coffee\/wp-content\/uploads\/2024\/03\/DSC08055.webp 600w, https:\/\/sensorial.coffee\/wp-content\/uploads\/2024\/03\/DSC08055-300x300.webp 300w, https:\/\/sensorial.coffee\/wp-content\/uploads\/2024\/03\/DSC08055-150x150.webp 150w, https:\/\/sensorial.coffee\/wp-content\/uploads\/2024\/03\/DSC08055-500x500.webp 500w, https:\/\/sensorial.coffee\/wp-content\/uploads\/2024\/03\/DSC08055-100x100.webp 100w\" sizes=\"(max-width: 600px) 100vw, 600px\" \/>\t\t\t\t\t\t\t\t\t\t\t\t\t\t\t<\/div>\n\t\t\t\t<\/div>\n\t\t\t\t\t<\/div>\n\t\t<\/div>\n\t\t\t\t<div class=\"elementor-column elementor-col-33 elementor-top-column elementor-element elementor-element-6065ae\" data-id=\"6065ae\" data-element_type=\"column\" data-e-type=\"column\">\n\t\t\t<div class=\"elementor-widget-wrap elementor-element-populated\">\n\t\t\t\t\t\t<div class=\"elementor-element elementor-element-229afa74 elementor-widget elementor-widget-image\" data-id=\"229afa74\" data-element_type=\"widget\" data-e-type=\"widget\" data-widget_type=\"image.default\">\n\t\t\t\t<div class=\"elementor-widget-container\">\n\t\t\t\t\t\t\t\t\t\t\t\t\t\t\t<img decoding=\"async\" width=\"600\" height=\"600\" src=\"https:\/\/sensorial.coffee\/wp-content\/uploads\/2024\/03\/la-union-narino-turismo-cafe-especial-colombia.webp\" class=\"attachment-full size-full wp-image-13604\" alt=\"macizo regional selection en colombia\" srcset=\"https:\/\/sensorial.coffee\/wp-content\/uploads\/2024\/03\/la-union-narino-turismo-cafe-especial-colombia.webp 600w, https:\/\/sensorial.coffee\/wp-content\/uploads\/2024\/03\/la-union-narino-turismo-cafe-especial-colombia-300x300.webp 300w, https:\/\/sensorial.coffee\/wp-content\/uploads\/2024\/03\/la-union-narino-turismo-cafe-especial-colombia-150x150.webp 150w, https:\/\/sensorial.coffee\/wp-content\/uploads\/2024\/03\/la-union-narino-turismo-cafe-especial-colombia-500x500.webp 500w, https:\/\/sensorial.coffee\/wp-content\/uploads\/2024\/03\/la-union-narino-turismo-cafe-especial-colombia-100x100.webp 100w\" sizes=\"(max-width: 600px) 100vw, 600px\" \/>\t\t\t\t\t\t\t\t\t\t\t\t\t\t\t<\/div>\n\t\t\t\t<\/div>\n\t\t\t\t\t<\/div>\n\t\t<\/div>\n\t\t\t\t<div class=\"elementor-column elementor-col-33 elementor-top-column elementor-element elementor-element-472c1bac\" data-id=\"472c1bac\" data-element_type=\"column\" data-e-type=\"column\">\n\t\t\t<div class=\"elementor-widget-wrap elementor-element-populated\">\n\t\t\t\t\t\t<div class=\"elementor-element elementor-element-317930c elementor-widget elementor-widget-image\" data-id=\"317930c\" data-element_type=\"widget\" data-e-type=\"widget\" data-widget_type=\"image.default\">\n\t\t\t\t<div class=\"elementor-widget-container\">\n\t\t\t\t\t\t\t\t\t\t\t\t\t\t\t<img loading=\"lazy\" decoding=\"async\" width=\"600\" height=\"600\" src=\"https:\/\/sensorial.coffee\/wp-content\/uploads\/2024\/03\/Drying-Coffee.webp\" class=\"attachment-full size-full wp-image-13626\" alt=\"Secado de cafe\" srcset=\"https:\/\/sensorial.coffee\/wp-content\/uploads\/2024\/03\/Drying-Coffee.webp 600w, https:\/\/sensorial.coffee\/wp-content\/uploads\/2024\/03\/Drying-Coffee-300x300.webp 300w, https:\/\/sensorial.coffee\/wp-content\/uploads\/2024\/03\/Drying-Coffee-150x150.webp 150w, https:\/\/sensorial.coffee\/wp-content\/uploads\/2024\/03\/Drying-Coffee-500x500.webp 500w, https:\/\/sensorial.coffee\/wp-content\/uploads\/2024\/03\/Drying-Coffee-100x100.webp 100w\" sizes=\"(max-width: 600px) 100vw, 600px\" \/>\t\t\t\t\t\t\t\t\t\t\t\t\t\t\t<\/div>\n\t\t\t\t<\/div>\n\t\t\t\t\t<\/div>\n\t\t<\/div>\n\t\t\t\t\t<\/div>\n\t\t<\/section>\n\t\t\t\t<section class=\"elementor-section elementor-top-section elementor-element elementor-element-25f6c1cb elementor-section-boxed elementor-section-height-default elementor-section-height-default\" data-id=\"25f6c1cb\" data-element_type=\"section\" data-e-type=\"section\" data-settings=\"{&quot;background_background&quot;:&quot;classic&quot;}\">\n\t\t\t\t\t\t<div class=\"elementor-container elementor-column-gap-default\">\n\t\t\t\t\t<div class=\"elementor-column elementor-col-100 elementor-top-column elementor-element elementor-element-6b794b11\" data-id=\"6b794b11\" data-element_type=\"column\" data-e-type=\"column\">\n\t\t\t<div class=\"elementor-widget-wrap elementor-element-populated\">\n\t\t\t\t\t\t<section class=\"elementor-section elementor-inner-section elementor-element elementor-element-5f2374d2 elementor-section-boxed elementor-section-height-default elementor-section-height-default\" data-id=\"5f2374d2\" data-element_type=\"section\" data-e-type=\"section\">\n\t\t\t\t\t\t<div class=\"elementor-container elementor-column-gap-default\">\n\t\t\t\t\t<div class=\"elementor-column elementor-col-100 elementor-inner-column elementor-element elementor-element-52d1e5cb\" data-id=\"52d1e5cb\" data-element_type=\"column\" data-e-type=\"column\">\n\t\t\t<div class=\"elementor-widget-wrap elementor-element-populated\">\n\t\t\t\t\t\t<div class=\"elementor-element elementor-element-bb35630 elementor-widget elementor-widget-heading\" data-id=\"bb35630\" data-element_type=\"widget\" data-e-type=\"widget\" data-widget_type=\"heading.default\">\n\t\t\t\t<div class=\"elementor-widget-container\">\n\t\t\t\t\t<h2 class=\"elementor-heading-title elementor-size-default\">Els nostres caf\u00e8s de Macizo Regional Selection<\/h2>\t\t\t\t<\/div>\n\t\t\t\t<\/div>\n\t\t\t\t\t<\/div>\n\t\t<\/div>\n\t\t\t\t\t<\/div>\n\t\t<\/section>\n\t\t\t\t\t<\/div>\n\t\t<\/div>\n\t\t\t\t\t<\/div>\n\t\t<\/section>\n\t\t\t\t<\/div>\n\t\t","protected":false},"excerpt":{"rendered":"<p>Macizo Regional Selection Colombia &#8211; Huila &#8211; 1750 Mts. Hist\u00f2ria de les finques del Macizo Colombiano El Mass\u00eds Colombi\u00e0, una regi\u00f3 muntanyenca situada a Col\u00f2mbia, \u00e9s famosa per la producci\u00f3 de caf\u00e8s d&#8217;alta qualitat. Els seus cafetals, conreats per petits productors amb una tradici\u00f3 cafetera que es remunta a m\u00e9s de tres segles, es distingeixen [&hellip;]<\/p>\n","protected":false},"author":2,"featured_media":0,"parent":13602,"menu_order":0,"comment_status":"closed","ping_status":"closed","template":"","meta":{"site-sidebar-layout":"no-sidebar","site-content-layout":"page-builder","ast-site-content-layout":"full-width-container","site-content-style":"default","site-sidebar-style":"default","ast-global-header-display":"","ast-banner-title-visibility":"","ast-main-header-display":"","ast-hfb-above-header-display":"","ast-hfb-below-header-display":"","ast-hfb-mobile-header-display":"","site-post-title":"disabled","ast-breadcrumbs-content":"","ast-featured-img":"disabled","footer-sml-layout":"","ast-disable-related-posts":"","theme-transparent-header-meta":"","adv-header-id-meta":"","stick-header-meta":"","header-above-stick-meta":"","header-main-stick-meta":"","header-below-stick-meta":"","astra-migrate-meta-layouts":"default","ast-page-background-enabled":"default","ast-page-background-meta":{"desktop":{"background-color":"var(--ast-global-color-4)","background-image":"","background-repeat":"repeat","background-position":"center center","background-size":"auto","background-attachment":"scroll","background-type":"","background-media":"","overlay-type":"","overlay-color":"","overlay-opacity":"","overlay-gradient":""},"tablet":{"background-color":"","background-image":"","background-repeat":"repeat","background-position":"center center","background-size":"auto","background-attachment":"scroll","background-type":"","background-media":"","overlay-type":"","overlay-color":"","overlay-opacity":"","overlay-gradient":""},"mobile":{"background-color":"","background-image":"","background-repeat":"repeat","background-position":"center center","background-size":"auto","background-attachment":"scroll","background-type":"","background-media":"","overlay-type":"","overlay-color":"","overlay-opacity":"","overlay-gradient":""}},"ast-content-background-meta":{"desktop":{"background-color":"var(--ast-global-color-5)","background-image":"","background-repeat":"repeat","background-position":"center center","background-size":"auto","background-attachment":"scroll","background-type":"","background-media":"","overlay-type":"","overlay-color":"","overlay-opacity":"","overlay-gradient":""},"tablet":{"background-color":"var(--ast-global-color-5)","background-image":"","background-repeat":"repeat","background-position":"center center","background-size":"auto","background-attachment":"scroll","background-type":"","background-media":"","overlay-type":"","overlay-color":"","overlay-opacity":"","overlay-gradient":""},"mobile":{"background-color":"var(--ast-global-color-5)","background-image":"","background-repeat":"repeat","background-position":"center center","background-size":"auto","background-attachment":"scroll","background-type":"","background-media":"","overlay-type":"","overlay-color":"","overlay-opacity":"","overlay-gradient":""}},"footnotes":""},"class_list":["post-13625","page","type-page","status-publish","hentry"],"_links":{"self":[{"href":"https:\/\/sensorial.coffee\/ca\/wp-json\/wp\/v2\/pages\/13625","targetHints":{"allow":["GET"]}}],"collection":[{"href":"https:\/\/sensorial.coffee\/ca\/wp-json\/wp\/v2\/pages"}],"about":[{"href":"https:\/\/sensorial.coffee\/ca\/wp-json\/wp\/v2\/types\/page"}],"author":[{"embeddable":true,"href":"https:\/\/sensorial.coffee\/ca\/wp-json\/wp\/v2\/users\/2"}],"replies":[{"embeddable":true,"href":"https:\/\/sensorial.coffee\/ca\/wp-json\/wp\/v2\/comments?post=13625"}],"version-history":[{"count":4,"href":"https:\/\/sensorial.coffee\/ca\/wp-json\/wp\/v2\/pages\/13625\/revisions"}],"predecessor-version":[{"id":19361,"href":"https:\/\/sensorial.coffee\/ca\/wp-json\/wp\/v2\/pages\/13625\/revisions\/19361"}],"up":[{"embeddable":true,"href":"https:\/\/sensorial.coffee\/ca\/wp-json\/wp\/v2\/pages\/13602"}],"wp:attachment":[{"href":"https:\/\/sensorial.coffee\/ca\/wp-json\/wp\/v2\/media?parent=13625"}],"curies":[{"name":"wp","href":"https:\/\/api.w.org\/{rel}","templated":true}]}}