{"id":13640,"date":"2024-03-05T15:00:58","date_gmt":"2024-03-05T14:00:58","guid":{"rendered":"https:\/\/sensorial.coffee\/costa-rica-2\/tres-milagros\/"},"modified":"2025-09-01T20:59:33","modified_gmt":"2025-09-01T19:59:33","slug":"tres-milagros","status":"publish","type":"page","link":"https:\/\/sensorial.coffee\/ca\/costa-rica-2\/tres-milagros\/","title":{"rendered":"Tres Milagros"},"content":{"rendered":"\t\t<div data-elementor-type=\"wp-page\" data-elementor-id=\"13640\" class=\"elementor elementor-13640 elementor-12736\" data-elementor-post-type=\"page\">\n\t\t\t\t\t\t<section class=\"elementor-section elementor-top-section elementor-element elementor-element-653cd46c elementor-section-boxed elementor-section-height-default elementor-section-height-default\" data-id=\"653cd46c\" data-element_type=\"section\" data-e-type=\"section\" data-settings=\"{&quot;background_background&quot;:&quot;classic&quot;}\">\n\t\t\t\t\t\t<div class=\"elementor-container elementor-column-gap-default\">\n\t\t\t\t\t<div class=\"elementor-column elementor-col-100 elementor-top-column elementor-element elementor-element-76044c1f\" data-id=\"76044c1f\" data-element_type=\"column\" data-e-type=\"column\">\n\t\t\t<div class=\"elementor-widget-wrap elementor-element-populated\">\n\t\t\t\t\t\t<div class=\"elementor-element elementor-element-1eb0cfc1 elementor-widget elementor-widget-heading\" data-id=\"1eb0cfc1\" data-element_type=\"widget\" data-e-type=\"widget\" data-widget_type=\"heading.default\">\n\t\t\t\t<div class=\"elementor-widget-container\">\n\t\t\t\t\t<h2 class=\"elementor-heading-title elementor-size-default\">Tres Milagros<\/h2>\t\t\t\t<\/div>\n\t\t\t\t<\/div>\n\t\t\t\t<div class=\"elementor-element elementor-element-b5988d3 elementor-widget elementor-widget-text-editor\" data-id=\"b5988d3\" data-element_type=\"widget\" data-e-type=\"widget\" data-widget_type=\"text-editor.default\">\n\t\t\t\t<div class=\"elementor-widget-container\">\n\t\t\t\t\t\t\t\t\t<p>Costa Rica &#8211; Dota Tarrazu &#8211; 1650 Mts.<\/p>\t\t\t\t\t\t\t\t<\/div>\n\t\t\t\t<\/div>\n\t\t\t\t\t<\/div>\n\t\t<\/div>\n\t\t\t\t\t<\/div>\n\t\t<\/section>\n\t\t\t\t<section class=\"elementor-section elementor-top-section elementor-element elementor-element-368de4f6 elementor-section-full_width elementor-section-height-default elementor-section-height-default\" data-id=\"368de4f6\" data-element_type=\"section\" data-e-type=\"section\">\n\t\t\t\t\t\t<div class=\"elementor-container elementor-column-gap-no\">\n\t\t\t\t\t<div class=\"elementor-column elementor-col-100 elementor-top-column elementor-element elementor-element-7b9b5acc\" data-id=\"7b9b5acc\" data-element_type=\"column\" data-e-type=\"column\">\n\t\t\t<div class=\"elementor-widget-wrap elementor-element-populated\">\n\t\t\t\t\t\t<div class=\"elementor-element elementor-element-103b2471 elementor-widget elementor-widget-image\" data-id=\"103b2471\" data-element_type=\"widget\" data-e-type=\"widget\" data-widget_type=\"image.default\">\n\t\t\t\t<div class=\"elementor-widget-container\">\n\t\t\t\t\t\t\t\t\t\t\t\t\t\t\t<img fetchpriority=\"high\" decoding=\"async\" width=\"2160\" height=\"85\" src=\"https:\/\/sensorial.coffee\/wp-content\/uploads\/2023\/11\/ilustraciones-sensorial.jpg\" class=\"attachment-full size-full wp-image-13921\" alt=\"\" srcset=\"https:\/\/sensorial.coffee\/wp-content\/uploads\/2023\/11\/ilustraciones-sensorial.jpg 2160w, https:\/\/sensorial.coffee\/wp-content\/uploads\/2023\/11\/ilustraciones-sensorial-500x20.jpg 500w, https:\/\/sensorial.coffee\/wp-content\/uploads\/2023\/11\/ilustraciones-sensorial-300x12.jpg 300w, https:\/\/sensorial.coffee\/wp-content\/uploads\/2023\/11\/ilustraciones-sensorial-1024x40.jpg 1024w, https:\/\/sensorial.coffee\/wp-content\/uploads\/2023\/11\/ilustraciones-sensorial-768x30.jpg 768w, https:\/\/sensorial.coffee\/wp-content\/uploads\/2023\/11\/ilustraciones-sensorial-1536x60.jpg 1536w, https:\/\/sensorial.coffee\/wp-content\/uploads\/2023\/11\/ilustraciones-sensorial-2048x81.jpg 2048w\" sizes=\"(max-width: 2160px) 100vw, 2160px\" \/>\t\t\t\t\t\t\t\t\t\t\t\t\t\t\t<\/div>\n\t\t\t\t<\/div>\n\t\t\t\t\t<\/div>\n\t\t<\/div>\n\t\t\t\t\t<\/div>\n\t\t<\/section>\n\t\t\t\t<section class=\"elementor-section elementor-top-section elementor-element elementor-element-84957a1 elementor-section-full_width elementor-section-height-default elementor-section-height-default\" data-id=\"84957a1\" data-element_type=\"section\" data-e-type=\"section\" data-settings=\"{&quot;background_background&quot;:&quot;classic&quot;}\">\n\t\t\t\t\t\t<div class=\"elementor-container elementor-column-gap-no\">\n\t\t\t\t\t<div class=\"elementor-column elementor-col-50 elementor-top-column elementor-element elementor-element-350168ec\" data-id=\"350168ec\" data-element_type=\"column\" data-e-type=\"column\">\n\t\t\t<div class=\"elementor-widget-wrap elementor-element-populated\">\n\t\t\t\t\t\t<section class=\"elementor-section elementor-inner-section elementor-element elementor-element-4eda778 elementor-section-boxed elementor-section-height-default elementor-section-height-default\" data-id=\"4eda778\" data-element_type=\"section\" data-e-type=\"section\">\n\t\t\t\t\t\t<div class=\"elementor-container elementor-column-gap-default\">\n\t\t\t\t\t<div class=\"elementor-column elementor-col-100 elementor-inner-column elementor-element elementor-element-597e5fe3\" data-id=\"597e5fe3\" data-element_type=\"column\" data-e-type=\"column\">\n\t\t\t<div class=\"elementor-widget-wrap elementor-element-populated\">\n\t\t\t\t\t\t<div class=\"elementor-element elementor-element-3596b937 elementor-widget elementor-widget-heading\" data-id=\"3596b937\" data-element_type=\"widget\" data-e-type=\"widget\" data-widget_type=\"heading.default\">\n\t\t\t\t<div class=\"elementor-widget-container\">\n\t\t\t\t\t<h2 class=\"elementor-heading-title elementor-size-default\">Hist\u00f2ria de <br><b>Tres Milagros<\/b><\/h2>\t\t\t\t<\/div>\n\t\t\t\t<\/div>\n\t\t\t\t<div class=\"elementor-element elementor-element-310a7a4c elementor-widget elementor-widget-text-editor\" data-id=\"310a7a4c\" data-element_type=\"widget\" data-e-type=\"widget\" data-widget_type=\"text-editor.default\">\n\t\t\t\t<div class=\"elementor-widget-container\">\n\t\t\t\t\t\t\t\t\t<p>Aquesta finca, propietat de la fam\u00edlia Facusse durant m\u00e9s de cinc d\u00e8cades, ha estat un basti\u00f3 de la tradici\u00f3 cafetera a la regi\u00f3. Des de 2011, sota la direcci\u00f3 de Camilo Merizalde i la col\u00b7laboraci\u00f3 de la Fam\u00edlia Facusse, la finca ha experimentat una transformaci\u00f3 notable. Inspirats per l&#8217;\u00e8xit del programa de caf\u00e8s especials en la reconeguda Finca Santuari Col\u00f2mbia, es van embarcar en una cerca per a elevar encara m\u00e9s la qualitat i la distinci\u00f3 dels seus caf\u00e8s. Avui dia, la Finca Tres Milagros \u00e9s reconeguda per oferir caf\u00e8s d&#8217;especialitat excepcionals, cadascun amb un proc\u00e9s \u00fanic que ressalta les seves caracter\u00edstiques m\u00e9s excel\u00b7lents. No \u00e9s simplement caf\u00e8; \u00e9s una experi\u00e8ncia meticulosament elaborada que reflecteix el comprom\u00eds indestructible de Costa Rica amb la qualitat i la consist\u00e8ncia en la ind\u00fastria cafetera. Cada tassa de caf\u00e8 de la Finca Tres Milagros \u00e9s el resultat d&#8217;anys d&#8217;acurada atenci\u00f3 al cultiu, collita i processament, portant amb si el llegat d&#8217;una fam\u00edlia dedicada a l&#8217;excel\u00b7l\u00e8ncia en el m\u00f3n del caf\u00e8.<\/p>\t\t\t\t\t\t\t\t<\/div>\n\t\t\t\t<\/div>\n\t\t\t\t\t<\/div>\n\t\t<\/div>\n\t\t\t\t\t<\/div>\n\t\t<\/section>\n\t\t\t\t\t<\/div>\n\t\t<\/div>\n\t\t\t\t<div class=\"elementor-column elementor-col-50 elementor-top-column elementor-element elementor-element-1c7502dd elementor-hidden-tablet elementor-hidden-mobile\" data-id=\"1c7502dd\" data-element_type=\"column\" data-e-type=\"column\">\n\t\t\t<div class=\"elementor-widget-wrap elementor-element-populated\">\n\t\t\t\t\t\t<div class=\"elementor-element elementor-element-70e8bf7f elementor-widget-tablet__width-initial elementor-widget elementor-widget-text-editor\" data-id=\"70e8bf7f\" data-element_type=\"widget\" data-e-type=\"widget\" data-widget_type=\"text-editor.default\">\n\t\t\t\t<div class=\"elementor-widget-container\">\n\t\t\t\t\t\t\t\t\t<p style=\"text-align: center;\"><strong>VARIETATS<\/strong><br>Caturra<br>Red Bourbon<br>Yellow Bourbon<br>Ethiopian Heirloom<br>Red Catuai<br>Gesha<br>Monteclaro<\/p>\n<p style=\"text-align: center;\"><strong>PROCESSOS<\/strong><br>Classic Washed<br>Classic Natural<br>Classic Honey<br>Black Honey<br>Cherry Madness<br>Raisin Honey<br>Yellow Honey<\/p>\t\t\t\t\t\t\t\t<\/div>\n\t\t\t\t<\/div>\n\t\t\t\t\t<\/div>\n\t\t<\/div>\n\t\t\t\t\t<\/div>\n\t\t<\/section>\n\t\t\t\t<section class=\"elementor-section elementor-top-section elementor-element elementor-element-4369002c elementor-hidden-desktop elementor-section-boxed elementor-section-height-default elementor-section-height-default\" data-id=\"4369002c\" data-element_type=\"section\" data-e-type=\"section\" data-settings=\"{&quot;background_background&quot;:&quot;classic&quot;}\">\n\t\t\t\t\t\t<div class=\"elementor-container elementor-column-gap-default\">\n\t\t\t\t\t<div class=\"elementor-column elementor-col-50 elementor-top-column elementor-element elementor-element-26f2492e\" data-id=\"26f2492e\" data-element_type=\"column\" data-e-type=\"column\">\n\t\t\t<div class=\"elementor-widget-wrap elementor-element-populated\">\n\t\t\t\t\t\t<div class=\"elementor-element elementor-element-7daab970 elementor-widget-tablet__width-initial elementor-widget elementor-widget-text-editor\" data-id=\"7daab970\" data-element_type=\"widget\" data-e-type=\"widget\" data-widget_type=\"text-editor.default\">\n\t\t\t\t<div class=\"elementor-widget-container\">\n\t\t\t\t\t\t\t\t\t<p style=\"text-align: center;\"><b>VARIETATS<br><\/b>Caturra<br>Red Bourbon<br>Yellow Bourbon<br>Ethiopian Heirloom<br>Red Catuai<\/p>\t\t\t\t\t\t\t\t<\/div>\n\t\t\t\t<\/div>\n\t\t\t\t\t<\/div>\n\t\t<\/div>\n\t\t\t\t<div class=\"elementor-column elementor-col-50 elementor-top-column elementor-element elementor-element-40727610\" data-id=\"40727610\" data-element_type=\"column\" data-e-type=\"column\" data-settings=\"{&quot;background_background&quot;:&quot;classic&quot;}\">\n\t\t\t<div class=\"elementor-widget-wrap elementor-element-populated\">\n\t\t\t\t\t\t<div class=\"elementor-element elementor-element-fb15631 elementor-widget-tablet__width-initial elementor-widget elementor-widget-text-editor\" data-id=\"fb15631\" data-element_type=\"widget\" data-e-type=\"widget\" data-widget_type=\"text-editor.default\">\n\t\t\t\t<div class=\"elementor-widget-container\">\n\t\t\t\t\t\t\t\t\t<p style=\"text-align: center;\"><b>PROCESSOS<br><\/b>Classic Honey<br>Black Honey<br>Cherry Madness<br>Raisin Honey<br>Yellow Honey<\/p>\t\t\t\t\t\t\t\t<\/div>\n\t\t\t\t<\/div>\n\t\t\t\t\t<\/div>\n\t\t<\/div>\n\t\t\t\t\t<\/div>\n\t\t<\/section>\n\t\t\t\t<section class=\"elementor-section elementor-top-section elementor-element elementor-element-22334ad1 elementor-section-full_width elementor-section-height-default elementor-section-height-default\" data-id=\"22334ad1\" data-element_type=\"section\" data-e-type=\"section\">\n\t\t\t\t\t\t<div class=\"elementor-container elementor-column-gap-no\">\n\t\t\t\t\t<div class=\"elementor-column elementor-col-33 elementor-top-column elementor-element elementor-element-7a983fd5\" data-id=\"7a983fd5\" data-element_type=\"column\" data-e-type=\"column\">\n\t\t\t<div class=\"elementor-widget-wrap elementor-element-populated\">\n\t\t\t\t\t\t<div class=\"elementor-element elementor-element-12c17be4 elementor-widget elementor-widget-image\" data-id=\"12c17be4\" data-element_type=\"widget\" data-e-type=\"widget\" data-widget_type=\"image.default\">\n\t\t\t\t<div class=\"elementor-widget-container\">\n\t\t\t\t\t\t\t\t\t\t\t\t\t\t\t<img decoding=\"async\" width=\"600\" height=\"600\" src=\"https:\/\/sensorial.coffee\/wp-content\/uploads\/2024\/03\/unnamed-1-1.png\" class=\"attachment-full size-full wp-image-13605\" alt=\"proceso despulpando caf\u00e9\" srcset=\"https:\/\/sensorial.coffee\/wp-content\/uploads\/2024\/03\/unnamed-1-1.png 600w, https:\/\/sensorial.coffee\/wp-content\/uploads\/2024\/03\/unnamed-1-1-300x300.png 300w, https:\/\/sensorial.coffee\/wp-content\/uploads\/2024\/03\/unnamed-1-1-150x150.png 150w, https:\/\/sensorial.coffee\/wp-content\/uploads\/2024\/03\/unnamed-1-1-500x500.png 500w, https:\/\/sensorial.coffee\/wp-content\/uploads\/2024\/03\/unnamed-1-1-100x100.png 100w\" sizes=\"(max-width: 600px) 100vw, 600px\" \/>\t\t\t\t\t\t\t\t\t\t\t\t\t\t\t<\/div>\n\t\t\t\t<\/div>\n\t\t\t\t\t<\/div>\n\t\t<\/div>\n\t\t\t\t<div class=\"elementor-column elementor-col-33 elementor-top-column elementor-element elementor-element-46cdf0ea\" data-id=\"46cdf0ea\" data-element_type=\"column\" data-e-type=\"column\">\n\t\t\t<div class=\"elementor-widget-wrap elementor-element-populated\">\n\t\t\t\t\t\t<div class=\"elementor-element elementor-element-76665757 elementor-widget elementor-widget-image\" data-id=\"76665757\" data-element_type=\"widget\" data-e-type=\"widget\" data-widget_type=\"image.default\">\n\t\t\t\t<div class=\"elementor-widget-container\">\n\t\t\t\t\t\t\t\t\t\t\t\t\t\t\t<img decoding=\"async\" width=\"600\" height=\"600\" src=\"https:\/\/sensorial.coffee\/wp-content\/uploads\/2024\/03\/DSC01783.webp\" class=\"attachment-full size-full wp-image-13642\" alt=\"Finca Tres Milagros en Costa Rica\" srcset=\"https:\/\/sensorial.coffee\/wp-content\/uploads\/2024\/03\/DSC01783.webp 600w, https:\/\/sensorial.coffee\/wp-content\/uploads\/2024\/03\/DSC01783-300x300.webp 300w, https:\/\/sensorial.coffee\/wp-content\/uploads\/2024\/03\/DSC01783-150x150.webp 150w, https:\/\/sensorial.coffee\/wp-content\/uploads\/2024\/03\/DSC01783-500x500.webp 500w, https:\/\/sensorial.coffee\/wp-content\/uploads\/2024\/03\/DSC01783-100x100.webp 100w\" sizes=\"(max-width: 600px) 100vw, 600px\" \/>\t\t\t\t\t\t\t\t\t\t\t\t\t\t\t<\/div>\n\t\t\t\t<\/div>\n\t\t\t\t\t<\/div>\n\t\t<\/div>\n\t\t\t\t<div class=\"elementor-column elementor-col-33 elementor-top-column elementor-element elementor-element-7c52d87c\" data-id=\"7c52d87c\" data-element_type=\"column\" data-e-type=\"column\">\n\t\t\t<div class=\"elementor-widget-wrap elementor-element-populated\">\n\t\t\t\t\t\t<div class=\"elementor-element elementor-element-565440b4 elementor-widget elementor-widget-image\" data-id=\"565440b4\" data-element_type=\"widget\" data-e-type=\"widget\" data-widget_type=\"image.default\">\n\t\t\t\t<div class=\"elementor-widget-container\">\n\t\t\t\t\t\t\t\t\t\t\t\t\t\t\t<img loading=\"lazy\" decoding=\"async\" width=\"600\" height=\"600\" src=\"https:\/\/sensorial.coffee\/wp-content\/uploads\/2024\/03\/DSC00281.webp\" class=\"attachment-full size-full wp-image-13641\" alt=\"Finca Tres Milagros en Costa Rica\" srcset=\"https:\/\/sensorial.coffee\/wp-content\/uploads\/2024\/03\/DSC00281.webp 600w, https:\/\/sensorial.coffee\/wp-content\/uploads\/2024\/03\/DSC00281-300x300.webp 300w, https:\/\/sensorial.coffee\/wp-content\/uploads\/2024\/03\/DSC00281-150x150.webp 150w, https:\/\/sensorial.coffee\/wp-content\/uploads\/2024\/03\/DSC00281-500x500.webp 500w, https:\/\/sensorial.coffee\/wp-content\/uploads\/2024\/03\/DSC00281-100x100.webp 100w\" sizes=\"(max-width: 600px) 100vw, 600px\" \/>\t\t\t\t\t\t\t\t\t\t\t\t\t\t\t<\/div>\n\t\t\t\t<\/div>\n\t\t\t\t\t<\/div>\n\t\t<\/div>\n\t\t\t\t\t<\/div>\n\t\t<\/section>\n\t\t\t\t<section class=\"elementor-section elementor-top-section elementor-element elementor-element-1e9612ac elementor-section-boxed elementor-section-height-default elementor-section-height-default\" data-id=\"1e9612ac\" data-element_type=\"section\" data-e-type=\"section\" data-settings=\"{&quot;background_background&quot;:&quot;classic&quot;}\">\n\t\t\t\t\t\t<div class=\"elementor-container elementor-column-gap-default\">\n\t\t\t\t\t<div class=\"elementor-column elementor-col-100 elementor-top-column elementor-element elementor-element-7cd1b590\" data-id=\"7cd1b590\" data-element_type=\"column\" data-e-type=\"column\">\n\t\t\t<div class=\"elementor-widget-wrap elementor-element-populated\">\n\t\t\t\t\t\t<section class=\"elementor-section elementor-inner-section elementor-element elementor-element-2081b0d4 elementor-section-boxed elementor-section-height-default elementor-section-height-default\" data-id=\"2081b0d4\" data-element_type=\"section\" data-e-type=\"section\">\n\t\t\t\t\t\t<div class=\"elementor-container elementor-column-gap-default\">\n\t\t\t\t\t<div class=\"elementor-column elementor-col-100 elementor-inner-column elementor-element elementor-element-32cd5ca7\" data-id=\"32cd5ca7\" data-element_type=\"column\" data-e-type=\"column\">\n\t\t\t<div class=\"elementor-widget-wrap elementor-element-populated\">\n\t\t\t\t\t\t<div class=\"elementor-element elementor-element-686dff9 elementor-widget elementor-widget-heading\" data-id=\"686dff9\" data-element_type=\"widget\" data-e-type=\"widget\" data-widget_type=\"heading.default\">\n\t\t\t\t<div class=\"elementor-widget-container\">\n\t\t\t\t\t<h2 class=\"elementor-heading-title elementor-size-default\">Els nostres caf\u00e8s de Tres Milagros<\/h2>\t\t\t\t<\/div>\n\t\t\t\t<\/div>\n\t\t\t\t\t<\/div>\n\t\t<\/div>\n\t\t\t\t\t<\/div>\n\t\t<\/section>\n\t\t\t\t\t<\/div>\n\t\t<\/div>\n\t\t\t\t\t<\/div>\n\t\t<\/section>\n\t\t\t\t<\/div>\n\t\t","protected":false},"excerpt":{"rendered":"<p>Tres Milagros Costa Rica &#8211; Dota Tarrazu &#8211; 1650 Mts. Hist\u00f2ria de Tres Milagros Aquesta finca, propietat de la fam\u00edlia Facusse durant m\u00e9s de cinc d\u00e8cades, ha estat un basti\u00f3 de la tradici\u00f3 cafetera a la regi\u00f3. Des de 2011, sota la direcci\u00f3 de Camilo Merizalde i la col\u00b7laboraci\u00f3 de la Fam\u00edlia Facusse, la finca [&hellip;]<\/p>\n","protected":false},"author":2,"featured_media":0,"parent":13634,"menu_order":0,"comment_status":"closed","ping_status":"closed","template":"","meta":{"site-sidebar-layout":"no-sidebar","site-content-layout":"page-builder","ast-site-content-layout":"full-width-container","site-content-style":"default","site-sidebar-style":"default","ast-global-header-display":"","ast-banner-title-visibility":"","ast-main-header-display":"","ast-hfb-above-header-display":"","ast-hfb-below-header-display":"","ast-hfb-mobile-header-display":"","site-post-title":"disabled","ast-breadcrumbs-content":"","ast-featured-img":"disabled","footer-sml-layout":"","ast-disable-related-posts":"","theme-transparent-header-meta":"","adv-header-id-meta":"","stick-header-meta":"","header-above-stick-meta":"","header-main-stick-meta":"","header-below-stick-meta":"","astra-migrate-meta-layouts":"default","ast-page-background-enabled":"default","ast-page-background-meta":{"desktop":{"background-color":"var(--ast-global-color-4)","background-image":"","background-repeat":"repeat","background-position":"center center","background-size":"auto","background-attachment":"scroll","background-type":"","background-media":"","overlay-type":"","overlay-color":"","overlay-opacity":"","overlay-gradient":""},"tablet":{"background-color":"","background-image":"","background-repeat":"repeat","background-position":"center center","background-size":"auto","background-attachment":"scroll","background-type":"","background-media":"","overlay-type":"","overlay-color":"","overlay-opacity":"","overlay-gradient":""},"mobile":{"background-color":"","background-image":"","background-repeat":"repeat","background-position":"center center","background-size":"auto","background-attachment":"scroll","background-type":"","background-media":"","overlay-type":"","overlay-color":"","overlay-opacity":"","overlay-gradient":""}},"ast-content-background-meta":{"desktop":{"background-color":"var(--ast-global-color-5)","background-image":"","background-repeat":"repeat","background-position":"center center","background-size":"auto","background-attachment":"scroll","background-type":"","background-media":"","overlay-type":"","overlay-color":"","overlay-opacity":"","overlay-gradient":""},"tablet":{"background-color":"var(--ast-global-color-5)","background-image":"","background-repeat":"repeat","background-position":"center center","background-size":"auto","background-attachment":"scroll","background-type":"","background-media":"","overlay-type":"","overlay-color":"","overlay-opacity":"","overlay-gradient":""},"mobile":{"background-color":"var(--ast-global-color-5)","background-image":"","background-repeat":"repeat","background-position":"center center","background-size":"auto","background-attachment":"scroll","background-type":"","background-media":"","overlay-type":"","overlay-color":"","overlay-opacity":"","overlay-gradient":""}},"footnotes":""},"class_list":["post-13640","page","type-page","status-publish","hentry"],"_links":{"self":[{"href":"https:\/\/sensorial.coffee\/ca\/wp-json\/wp\/v2\/pages\/13640","targetHints":{"allow":["GET"]}}],"collection":[{"href":"https:\/\/sensorial.coffee\/ca\/wp-json\/wp\/v2\/pages"}],"about":[{"href":"https:\/\/sensorial.coffee\/ca\/wp-json\/wp\/v2\/types\/page"}],"author":[{"embeddable":true,"href":"https:\/\/sensorial.coffee\/ca\/wp-json\/wp\/v2\/users\/2"}],"replies":[{"embeddable":true,"href":"https:\/\/sensorial.coffee\/ca\/wp-json\/wp\/v2\/comments?post=13640"}],"version-history":[{"count":3,"href":"https:\/\/sensorial.coffee\/ca\/wp-json\/wp\/v2\/pages\/13640\/revisions"}],"predecessor-version":[{"id":24823,"href":"https:\/\/sensorial.coffee\/ca\/wp-json\/wp\/v2\/pages\/13640\/revisions\/24823"}],"up":[{"embeddable":true,"href":"https:\/\/sensorial.coffee\/ca\/wp-json\/wp\/v2\/pages\/13634"}],"wp:attachment":[{"href":"https:\/\/sensorial.coffee\/ca\/wp-json\/wp\/v2\/media?parent=13640"}],"curies":[{"name":"wp","href":"https:\/\/api.w.org\/{rel}","templated":true}]}}