{"id":13677,"date":"2023-08-09T06:50:20","date_gmt":"2023-08-09T05:50:20","guid":{"rendered":"https:\/\/sensorial.coffee\/enviaments-i-devolucions\/"},"modified":"2025-01-15T13:11:10","modified_gmt":"2025-01-15T12:11:10","slug":"enviaments-i-devolucions","status":"publish","type":"page","link":"https:\/\/sensorial.coffee\/ca\/enviaments-i-devolucions\/","title":{"rendered":"Enviaments i devolucions"},"content":{"rendered":"\t\t<div data-elementor-type=\"wp-page\" data-elementor-id=\"13677\" class=\"elementor elementor-13677 elementor-39\" data-elementor-post-type=\"page\">\n\t\t\t\t\t\t<section class=\"elementor-section elementor-top-section elementor-element elementor-element-3ed248c2 elementor-section-boxed elementor-section-height-default elementor-section-height-default\" data-id=\"3ed248c2\" data-element_type=\"section\" data-e-type=\"section\">\n\t\t\t\t\t\t<div class=\"elementor-container elementor-column-gap-default\">\n\t\t\t\t\t<div class=\"elementor-column elementor-col-100 elementor-top-column elementor-element elementor-element-39ec3cd4\" data-id=\"39ec3cd4\" data-element_type=\"column\" data-e-type=\"column\">\n\t\t\t<div class=\"elementor-widget-wrap elementor-element-populated\">\n\t\t\t\t\t\t<div class=\"elementor-element elementor-element-779e3d1f elementor-widget elementor-widget-heading\" data-id=\"779e3d1f\" data-element_type=\"widget\" data-e-type=\"widget\" data-widget_type=\"heading.default\">\n\t\t\t\t<div class=\"elementor-widget-container\">\n\t\t\t\t\t<h1 class=\"elementor-heading-title elementor-size-default\">Pol\u00edtica d'enviaments i devolucions<\/h1>\t\t\t\t<\/div>\n\t\t\t\t<\/div>\n\t\t\t\t<div class=\"elementor-element elementor-element-2f6e8749 elementor-widget elementor-widget-heading\" data-id=\"2f6e8749\" data-element_type=\"widget\" data-e-type=\"widget\" data-widget_type=\"heading.default\">\n\t\t\t\t<div class=\"elementor-widget-container\">\n\t\t\t\t\t<h2 class=\"elementor-heading-title elementor-size-default\">ENVIAMENTS<\/h2>\t\t\t\t<\/div>\n\t\t\t\t<\/div>\n\t\t\t\t<div class=\"elementor-element elementor-element-541f3686 elementor-widget elementor-widget-heading\" data-id=\"541f3686\" data-element_type=\"widget\" data-e-type=\"widget\" data-widget_type=\"heading.default\">\n\t\t\t\t<div class=\"elementor-widget-container\">\n\t\t\t\t\t<h4 class=\"elementor-heading-title elementor-size-default\">Quant trigar\u00e0 a arribar la meva comanda? <\/b><\/h4>\t\t\t\t<\/div>\n\t\t\t\t<\/div>\n\t\t\t\t<div class=\"elementor-element elementor-element-5b8d2a18 elementor-widget elementor-widget-text-editor\" data-id=\"5b8d2a18\" data-element_type=\"widget\" data-e-type=\"widget\" data-widget_type=\"text-editor.default\">\n\t\t\t\t<div class=\"elementor-widget-container\">\n\t\t\t\t\t\t\t\t\t<ul>\n<li><strong>Enviaments a domicili:<\/strong> Lliurament en un termini de 2 a 4 dies laborables.<\/li>\n<li><strong>Recollida en botiga:<\/strong> Selecciona el local de Sensorial en el qual vols recollir la comanda.<\/li>\n<li><strong>Recollida en CityPack o Oficines de Correus<\/strong><\/li>\n<\/ul>\n\t\t\t\t\t\t\t\t<\/div>\n\t\t\t\t<\/div>\n\t\t\t\t<div class=\"elementor-element elementor-element-1dc2b247 elementor-widget elementor-widget-heading\" data-id=\"1dc2b247\" data-element_type=\"widget\" data-e-type=\"widget\" data-widget_type=\"heading.default\">\n\t\t\t\t<div class=\"elementor-widget-container\">\n\t\t\t\t\t<h4 class=\"elementor-heading-title elementor-size-default\">Quant costen les despeses d'enviament?<\/b><\/h4>\t\t\t\t<\/div>\n\t\t\t\t<\/div>\n\t\t\t\t<div class=\"elementor-element elementor-element-71bdde7 elementor-widget elementor-widget-text-editor\" data-id=\"71bdde7\" data-element_type=\"widget\" data-e-type=\"widget\" data-widget_type=\"text-editor.default\">\n\t\t\t\t<div class=\"elementor-widget-container\">\n\t\t\t\t\t\t\t\t\t<ul>\n<li>Enviament est\u00e0ndard <strong>PEN\u00cdNSULA<\/strong>: 6,05 \u20ac<\/li>\n<li>Enviament est\u00e0ndard <strong>ILLES BALEARS<\/strong> (Menorca, Eivissa i Mallorca): 10,89 \u20ac<\/li>\n<li>Enviament est\u00e0ndard <strong>CEUTA i MELILLA<\/strong>: 10,89 \u20ac<\/li>\n<li>Enviament est\u00e0ndard <strong>ILLES CAN\u00c0RIES<\/strong>: 14,50 \u20ac<\/li>\n<li>Enviament est\u00e0ndard <strong>UE<\/strong>: 20,00 \u20ac<\/li>\n<\/ul>\n\t\t\t\t\t\t\t\t<\/div>\n\t\t\t\t<\/div>\n\t\t\t\t<div class=\"elementor-element elementor-element-10d22f13 elementor-widget elementor-widget-heading\" data-id=\"10d22f13\" data-element_type=\"widget\" data-e-type=\"widget\" data-widget_type=\"heading.default\">\n\t\t\t\t<div class=\"elementor-widget-container\">\n\t\t\t\t\t<h4 class=\"elementor-heading-title elementor-size-default\">Preparaci\u00f3 i enviament<\/b><\/h4>\t\t\t\t<\/div>\n\t\t\t\t<\/div>\n\t\t\t\t<div class=\"elementor-element elementor-element-76748b5f elementor-widget elementor-widget-text-editor\" data-id=\"76748b5f\" data-element_type=\"widget\" data-e-type=\"widget\" data-widget_type=\"text-editor.default\">\n\t\t\t\t<div class=\"elementor-widget-container\">\n\t\t\t\t\t\t\t\t\t<p>Les despeses d&#8217;enviament inclouen les despeses de manipulaci\u00f3 i empaquetat, aix\u00ed com les despeses postals. T&#8217;aconsellem que agrupis tots els teus articles en una mateixa comanda. No podem combinar dues comandes diferents, i les despeses d&#8217;enviament s&#8217;aplicaran per a cadascun de manera individual. No ens fem responsables dels danys que pugui sofrir el teu paquet despr\u00e9s de l&#8217;enviament, per\u00f2 fem tot el possible per a protegir tots els articles fr\u00e0gils.<\/p>\n\t\t\t\t\t\t\t\t<\/div>\n\t\t\t\t<\/div>\n\t\t\t\t<div class=\"elementor-element elementor-element-2186accd elementor-widget elementor-widget-heading\" data-id=\"2186accd\" data-element_type=\"widget\" data-e-type=\"widget\" data-widget_type=\"heading.default\">\n\t\t\t\t<div class=\"elementor-widget-container\">\n\t\t\t\t\t<h4 class=\"elementor-heading-title elementor-size-default\">Informaci\u00f3 de transport i lliurament<\/b><\/h4>\t\t\t\t<\/div>\n\t\t\t\t<\/div>\n\t\t\t\t<div class=\"elementor-element elementor-element-5cd98b54 elementor-widget elementor-widget-text-editor\" data-id=\"5cd98b54\" data-element_type=\"widget\" data-e-type=\"widget\" data-widget_type=\"text-editor.default\">\n\t\t\t\t<div class=\"elementor-widget-container\">\n\t\t\t\t\t\t\t\t\t<p>Els enviaments s\u00f3n gestionats a trav\u00e9s de la companyia CORREOS i CORREOS EXPRESS.<\/p>\n<p>La teva satisfacci\u00f3 \u00e9s important per a nosaltres, per aix\u00f2 ens esforcem per processar la teva comanda el m\u00e9s r\u00e0pid possible. Revisa detingudament les teves dades d&#8217;enviament abans de realitzar la comanda.<\/p>\n<p><span style=\"background-color: var( --e-global-color-71d8d15 ); color: var( --e-global-color-primary ); font-family: var( --e-global-typography-text-font-family ), Sans-serif; font-style: inherit; font-weight: inherit;\">Les comandes s&#8217;envien i lliuren nom\u00e9s els dies laborables (de dilluns a divendres); s&#8217;exclouen els festius locals i nacionals, aix\u00ed com els m\u00e8todes d&#8217;enviament especials (com els lliuraments en dissabte, quan estiguin disponibles). Si has demanat diversos articles, poden enviar-se en caixes separades sense despeses d&#8217;enviament addicionals. Tingues en compte que, ocasionalment.<\/span><\/p>\n\t\t\t\t\t\t\t\t<\/div>\n\t\t\t\t<\/div>\n\t\t\t\t<div class=\"elementor-element elementor-element-1a7d2506 elementor-widget elementor-widget-heading\" data-id=\"1a7d2506\" data-element_type=\"widget\" data-e-type=\"widget\" data-widget_type=\"heading.default\">\n\t\t\t\t<div class=\"elementor-widget-container\">\n\t\t\t\t\t<h4 class=\"elementor-heading-title elementor-size-default\">Pa\u00efsos als quals distribu\u00efm<\/b><\/h4>\t\t\t\t<\/div>\n\t\t\t\t<\/div>\n\t\t\t\t<div class=\"elementor-element elementor-element-76b8e5ab elementor-widget elementor-widget-text-editor\" data-id=\"76b8e5ab\" data-element_type=\"widget\" data-e-type=\"widget\" data-widget_type=\"text-editor.default\">\n\t\t\t\t<div class=\"elementor-widget-container\">\n\t\t\t\t\t\t\t\t\t<p>En comprar en <a href=\"https:\/\/sensorial.coffee\/ca\/\" target=\"_blank\" rel=\"noopener\">https:\/\/sensorial.coffee<\/a> indica l&#8217;enviament per a adreces.<\/p>\n<p>Distribu\u00efm a pa\u00efsos dins de la Uni\u00f3 Europea, a pesar que aquests enviaments es pot arribar a demorar.<\/p>\n<div> <\/div>\n\t\t\t\t\t\t\t\t<\/div>\n\t\t\t\t<\/div>\n\t\t\t\t<div class=\"elementor-element elementor-element-2dd248ba elementor-widget elementor-widget-heading\" data-id=\"2dd248ba\" data-element_type=\"widget\" data-e-type=\"widget\" data-widget_type=\"heading.default\">\n\t\t\t\t<div class=\"elementor-widget-container\">\n\t\t\t\t\t<h4 class=\"elementor-heading-title elementor-size-default\">Seguiment de l'enviament<\/b><\/h4>\t\t\t\t<\/div>\n\t\t\t\t<\/div>\n\t\t\t\t<div class=\"elementor-element elementor-element-75640790 elementor-widget elementor-widget-text-editor\" data-id=\"75640790\" data-element_type=\"widget\" data-e-type=\"widget\" data-widget_type=\"text-editor.default\">\n\t\t\t\t<div class=\"elementor-widget-container\">\n\t\t\t\t\t\t\t\t\t<p>Pots seguir l&#8217;enviament de la teva comanda utilitzant el n\u00famero de seguiment que et facilitarem per correu electr\u00f2nic, des de la p\u00e0gina oficial de CORREOS. T&#8217;enviarem la confirmaci\u00f3 de l&#8217;enviament per correu electr\u00f2nic quan la teva comanda surti del magatzem.<\/p>\n<p>Consulta-ho en: <a style=\"font-family: var( --e-global-typography-text-font-family ), Sans-serif; font-weight: var( --e-global-typography-text-font-weight ); font-size: 1rem;\" href=\"https:\/\/www.correos.es\/es\/es\/particulares\" target=\"_blank\" rel=\"noopener\">https:\/\/www.correos.es\/es\/es\/particulares<\/a>.<\/p>\n<p>Tamb\u00e9 pots consultar l&#8217;estat de l&#8217;enviament de la teva comanda en la secci\u00f3 \u00abSeguiment de la Comanda\u00bb en l&#8217;apartat d&#8217;ajuda o en la part inferior de la p\u00e0gina.<\/p>\n<p>Si us plau, tingui en compte que poden passar fins a 24 hores abans que pugui consultar l&#8217;estat del seu enviament.<\/p>\n<p>Si has demanat diversos articles, poden enviar-se en caixes separades sense despeses d&#8217;enviament addicionals.<\/p>\n\t\t\t\t\t\t\t\t<\/div>\n\t\t\t\t<\/div>\n\t\t\t\t<div class=\"elementor-element elementor-element-67c47704 elementor-widget elementor-widget-heading\" data-id=\"67c47704\" data-element_type=\"widget\" data-e-type=\"widget\" data-widget_type=\"heading.default\">\n\t\t\t\t<div class=\"elementor-widget-container\">\n\t\t\t\t\t<h2 class=\"elementor-heading-title elementor-size-default\">DEVOLUCIONS<\/h2>\t\t\t\t<\/div>\n\t\t\t\t<\/div>\n\t\t\t\t<div class=\"elementor-element elementor-element-70c0af96 elementor-widget elementor-widget-heading\" data-id=\"70c0af96\" data-element_type=\"widget\" data-e-type=\"widget\" data-widget_type=\"heading.default\">\n\t\t\t\t<div class=\"elementor-widget-container\">\n\t\t\t\t\t<h3 class=\"elementor-heading-title elementor-size-default\">Quin \u00e9s el termini de devoluci\u00f3?<\/h3>\t\t\t\t<\/div>\n\t\t\t\t<\/div>\n\t\t\t\t<div class=\"elementor-element elementor-element-29edbf2 elementor-widget elementor-widget-text-editor\" data-id=\"29edbf2\" data-element_type=\"widget\" data-e-type=\"widget\" data-widget_type=\"text-editor.default\">\n\t\t\t\t<div class=\"elementor-widget-container\">\n\t\t\t\t\t\t\t\t\t<p>Nom\u00e9s s&#8217;acceptaran devolucions de productes no relacionats amb aliments, com a cafeteres i articles de marxandatge. Lamentablement, les bosses de caf\u00e8 no poden ser retornades per raons d&#8217;higiene i seguretat aliment\u00e0ria.<\/p>\n\t\t\t\t\t\t\t\t<\/div>\n\t\t\t\t<\/div>\n\t\t\t\t<div class=\"elementor-element elementor-element-57f4d3e elementor-widget elementor-widget-heading\" data-id=\"57f4d3e\" data-element_type=\"widget\" data-e-type=\"widget\" data-widget_type=\"heading.default\">\n\t\t\t\t<div class=\"elementor-widget-container\">\n\t\t\t\t\t<h3 class=\"elementor-heading-title elementor-size-default\">Quin \u00e9s el termini de devoluci\u00f3?<\/b><\/h3>\t\t\t\t<\/div>\n\t\t\t\t<\/div>\n\t\t\t\t<div class=\"elementor-element elementor-element-7a032a62 elementor-widget elementor-widget-text-editor\" data-id=\"7a032a62\" data-element_type=\"widget\" data-e-type=\"widget\" data-widget_type=\"text-editor.default\">\n\t\t\t\t<div class=\"elementor-widget-container\">\n\t\t\t\t\t\t\t\t\t<p>Si no est\u00e0s totalment satisfet amb la teva compra, pots retornar-ho a la nostra botiga en un termini de 14 DIES des del dia en qu\u00e8 se&#8217;t lliura la comanda.<\/p>\n\t\t\t\t\t\t\t\t<\/div>\n\t\t\t\t<\/div>\n\t\t\t\t<div class=\"elementor-element elementor-element-72cbe51f elementor-widget elementor-widget-heading\" data-id=\"72cbe51f\" data-element_type=\"widget\" data-e-type=\"widget\" data-widget_type=\"heading.default\">\n\t\t\t\t<div class=\"elementor-widget-container\">\n\t\t\t\t\t<h3 class=\"elementor-heading-title elementor-size-default\">Condicions de devoluci\u00f3<\/h3>\t\t\t\t<\/div>\n\t\t\t\t<\/div>\n\t\t\t\t<div class=\"elementor-element elementor-element-72045f71 elementor-widget elementor-widget-text-editor\" data-id=\"72045f71\" data-element_type=\"widget\" data-e-type=\"widget\" data-widget_type=\"text-editor.default\">\n\t\t\t\t<div class=\"elementor-widget-container\">\n\t\t\t\t\t\t\t\t\t<p>Possibles casos de devoluci\u00f3:<\/p>\n\t\t\t\t\t\t\t\t<\/div>\n\t\t\t\t<\/div>\n\t\t\t\t<div class=\"elementor-element elementor-element-79a32709 elementor-widget elementor-widget-heading\" data-id=\"79a32709\" data-element_type=\"widget\" data-e-type=\"widget\" data-widget_type=\"heading.default\">\n\t\t\t\t<div class=\"elementor-widget-container\">\n\t\t\t\t\t<h4 class=\"elementor-heading-title elementor-size-default\">1) Productes que no s\u00f3n alimentaci\u00f3 (cafeteres i marxandatge)<\/h4>\t\t\t\t<\/div>\n\t\t\t\t<\/div>\n\t\t\t\t<div class=\"elementor-element elementor-element-7999d50b elementor-widget elementor-widget-text-editor\" data-id=\"7999d50b\" data-element_type=\"widget\" data-e-type=\"widget\" data-widget_type=\"text-editor.default\">\n\t\t\t\t<div class=\"elementor-widget-container\">\n\t\t\t\t\t\t\t\t\t<p>Per pol\u00edtica de la botiga, nom\u00e9s s&#8217;acceptaran devolucions de productes no relacionats amb aliments, com a cafeteres i articles de marxandatge. Lamentablement, les bosses de caf\u00e8 no poden ser retornades per raons d&#8217;higiene i seguretat aliment\u00e0ria.<\/p>\n\t\t\t\t\t\t\t\t<\/div>\n\t\t\t\t<\/div>\n\t\t\t\t<div class=\"elementor-element elementor-element-22d2f4c0 elementor-widget elementor-widget-heading\" data-id=\"22d2f4c0\" data-element_type=\"widget\" data-e-type=\"widget\" data-widget_type=\"heading.default\">\n\t\t\t\t<div class=\"elementor-widget-container\">\n\t\t\t\t\t<h4 class=\"elementor-heading-title elementor-size-default\">2) El producte est\u00e0 defectu\u00f3s o ha estat danyat durant el transport<\/h4>\t\t\t\t<\/div>\n\t\t\t\t<\/div>\n\t\t\t\t<div class=\"elementor-element elementor-element-32ff8dfc elementor-widget elementor-widget-text-editor\" data-id=\"32ff8dfc\" data-element_type=\"widget\" data-e-type=\"widget\" data-widget_type=\"text-editor.default\">\n\t\t\t\t<div class=\"elementor-widget-container\">\n\t\t\t\t\t\t\t\t\t<p>En cas que el producte sigui defectu\u00f3s, l&#8217;usuari pot retornar-lo, assumint les despeses d&#8217;enviament el client, o retornar-lo a la nostra botiga f\u00edsica en C\/Llull 199 a Barcelona. Sensorial Coffee Roasters procedir\u00e0 a la reexpedici\u00f3 del producte substitu\u00eft sense costos addicionals per al client. Solament ha de comunicar-ens la seva incid\u00e8ncia a <a href=\"mailto:shop@sensorial.coffee\" target=\"_blank\" rel=\"noopener\">shop@sensorial.coffee<\/a>.<\/p>\n<p>En els casos de desperfectes importants i visibles produ\u00efts en l&#8217;embalatge de la mercaderia durant el transport, \u00e9s molt recomanable que el client anoti les incid\u00e8ncies en l&#8217;albar\u00e0 de lliurament del transportista (fins i tot \u00e9s recomanable fer una foto) i ens el comuniqui a <a href=\"mailto:shop@sensorial.coffee\" target=\"_blank\" rel=\"noopener\">shop@sensorial.coffee<\/a> al m\u00e9s aviat possible.<\/p>\n\t\t\t\t\t\t\t\t<\/div>\n\t\t\t\t<\/div>\n\t\t\t\t<div class=\"elementor-element elementor-element-ca07184 elementor-widget elementor-widget-heading\" data-id=\"ca07184\" data-element_type=\"widget\" data-e-type=\"widget\" data-widget_type=\"heading.default\">\n\t\t\t\t<div class=\"elementor-widget-container\">\n\t\t\t\t\t<h4 class=\"elementor-heading-title elementor-size-default\">2) Desmentint<\/h4>\t\t\t\t<\/div>\n\t\t\t\t<\/div>\n\t\t\t\t<div class=\"elementor-element elementor-element-250492b elementor-widget elementor-widget-text-editor\" data-id=\"250492b\" data-element_type=\"widget\" data-e-type=\"widget\" data-widget_type=\"text-editor.default\">\n\t\t\t\t<div class=\"elementor-widget-container\">\n\t\t\t\t\t\t\t\t\t<p>Segons la legislaci\u00f3 espanyola, el client t\u00e9 dret de desistiment, que li permet retornar el producte si no compleix amb les seves expectatives. Aquest dret pot exercir-se en un termini m\u00e0xim de 14 dies naturals des de la seva recepci\u00f3. No obstant aix\u00f2, si el producte ha estat obert, el dret de desistiment no s&#8217;aplica, segons l&#8217;article 103 del Reial decret legislatiu 1\/2007. El reemborsament es realitzar\u00e0 una vegada comprovat l&#8217;estat del producte, dins dels <b>14 dies<\/b> naturals seg\u00fcents, a trav\u00e9s del mateix mitj\u00e0 de pagament utilitzat. Les despeses de devoluci\u00f3, inclosos els d&#8217;enviament, correran per compte del comprador.<\/p>\n\t\t\t\t\t\t\t\t<\/div>\n\t\t\t\t<\/div>\n\t\t\t\t<div class=\"elementor-element elementor-element-626a7a21 elementor-widget elementor-widget-heading\" data-id=\"626a7a21\" data-element_type=\"widget\" data-e-type=\"widget\" data-widget_type=\"heading.default\">\n\t\t\t\t<div class=\"elementor-widget-container\">\n\t\t\t\t\t<h3 class=\"elementor-heading-title elementor-size-default\">Instruccions d'enviament de devolucions<\/h3>\t\t\t\t<\/div>\n\t\t\t\t<\/div>\n\t\t\t\t<div class=\"elementor-element elementor-element-28255c24 elementor-widget elementor-widget-text-editor\" data-id=\"28255c24\" data-element_type=\"widget\" data-e-type=\"widget\" data-widget_type=\"text-editor.default\">\n\t\t\t\t<div class=\"elementor-widget-container\">\n\t\t\t\t\t\t\t\t\t<p>Completa el formulari de devoluci\u00f3 impr\u00e8s incl\u00f2s en l&#8217;albar\u00e0 de lliurament o posa&#8217;t en contacte amb nosaltres si necessites ajuda. Assegura&#8217;t d&#8217;empaquetar els articles de manera segura en la caixa original de la comanda o en un embalatge adequat. Utilitza l&#8217;etiqueta de devoluci\u00f3 proporcionada dins de la caixa original. Els articles han de ser portats a un punt de Correos en un termini de 14 dies des de la seva recepci\u00f3. Una vegada rebem la teva devoluci\u00f3, la processarem en un termini d&#8217;1 a 5 dies laborables i et notificarem per correu electr\u00f2nic quan s&#8217;hagi em\u00e8s el cr\u00e8dit. Es recomana utilitzar el mateix procediment i empresa de transport per a facilitar el seguiment i assegurar els ports.<\/p>\n<p>Sensorial Coffee Roasters no es far\u00e0 responsable del reemborsament o de la compensaci\u00f3 en cas de p\u00e8rdua, robatori, manipulaci\u00f3 o danys en els paquets retornats.<\/p>\n\t\t\t\t\t\t\t\t<\/div>\n\t\t\t\t<\/div>\n\t\t\t\t<div class=\"elementor-element elementor-element-7bd53503 elementor-widget elementor-widget-heading\" data-id=\"7bd53503\" data-element_type=\"widget\" data-e-type=\"widget\" data-widget_type=\"heading.default\">\n\t\t\t\t<div class=\"elementor-widget-container\">\n\t\t\t\t\t<h4 class=\"elementor-heading-title elementor-size-default\">Com es realitza el reemborsament de la meva comanda? <\/b><\/h4>\t\t\t\t<\/div>\n\t\t\t\t<\/div>\n\t\t\t\t<div class=\"elementor-element elementor-element-40cfcb99 elementor-widget elementor-widget-text-editor\" data-id=\"40cfcb99\" data-element_type=\"widget\" data-e-type=\"widget\" data-widget_type=\"text-editor.default\">\n\t\t\t\t<div class=\"elementor-widget-container\">\n\t\t\t\t\t\t\t\t\t<p>Emetrem el reemborsament corresponent una vegada comprovat que el producte est\u00e0 en perfectes condicions i no hagi sofert modificacions.<\/p>\n<p>Efectuem el reemborsament a trav\u00e9s del mateix m\u00e8tode de pagament utilitzat per a la compra original. En cas que la teva comanda tingu\u00e9s despeses addicionals de transport i\/o per m\u00e8tode de pagament, aquests imports no seran reemborsats. Nom\u00e9s es reemborsar\u00e0 l&#8217;import dels productes retornats.<\/p><p>\u00daltima actualitzaci\u00f3: 26 de mar\u00e7 de 2024.<\/p>\t\t\t\t\t\t\t\t<\/div>\n\t\t\t\t<\/div>\n\t\t\t\t\t<\/div>\n\t\t<\/div>\n\t\t\t\t\t<\/div>\n\t\t<\/section>\n\t\t\t\t<\/div>\n\t\t","protected":false},"excerpt":{"rendered":"<p>Pol\u00edtica d&#8217;enviaments i devolucions ENVIAMENTS Quant trigar\u00e0 a arribar la meva comanda? Enviaments a domicili: Lliurament en un termini de 2 a 4 dies laborables. Recollida en botiga: Selecciona el local de Sensorial en el qual vols recollir la comanda. Recollida en CityPack o Oficines de Correus Quant costen les despeses d&#8217;enviament? Enviament est\u00e0ndard PEN\u00cdNSULA: [&hellip;]<\/p>\n","protected":false},"author":1,"featured_media":0,"parent":0,"menu_order":0,"comment_status":"closed","ping_status":"closed","template":"","meta":{"site-sidebar-layout":"no-sidebar","site-content-layout":"page-builder","ast-site-content-layout":"full-width-container","site-content-style":"unboxed","site-sidebar-style":"unboxed","ast-global-header-display":"","ast-banner-title-visibility":"","ast-main-header-display":"","ast-hfb-above-header-display":"","ast-hfb-below-header-display":"","ast-hfb-mobile-header-display":"","site-post-title":"disabled","ast-breadcrumbs-content":"","ast-featured-img":"disabled","footer-sml-layout":"","ast-disable-related-posts":"","theme-transparent-header-meta":"","adv-header-id-meta":"","stick-header-meta":"","header-above-stick-meta":"","header-main-stick-meta":"","header-below-stick-meta":"","astra-migrate-meta-layouts":"default","ast-page-background-enabled":"default","ast-page-background-meta":{"desktop":{"background-color":"var(--ast-global-color-4)","background-image":"","background-repeat":"repeat","background-position":"center center","background-size":"auto","background-attachment":"scroll","background-type":"","background-media":"","overlay-type":"","overlay-color":"","overlay-opacity":"","overlay-gradient":""},"tablet":{"background-color":"","background-image":"","background-repeat":"repeat","background-position":"center center","background-size":"auto","background-attachment":"scroll","background-type":"","background-media":"","overlay-type":"","overlay-color":"","overlay-opacity":"","overlay-gradient":""},"mobile":{"background-color":"","background-image":"","background-repeat":"repeat","background-position":"center center","background-size":"auto","background-attachment":"scroll","background-type":"","background-media":"","overlay-type":"","overlay-color":"","overlay-opacity":"","overlay-gradient":""}},"ast-content-background-meta":{"desktop":{"background-color":"var(--ast-global-color-5)","background-image":"","background-repeat":"repeat","background-position":"center center","background-size":"auto","background-attachment":"scroll","background-type":"","background-media":"","overlay-type":"","overlay-color":"","overlay-opacity":"","overlay-gradient":""},"tablet":{"background-color":"var(--ast-global-color-5)","background-image":"","background-repeat":"repeat","background-position":"center center","background-size":"auto","background-attachment":"scroll","background-type":"","background-media":"","overlay-type":"","overlay-color":"","overlay-opacity":"","overlay-gradient":""},"mobile":{"background-color":"var(--ast-global-color-5)","background-image":"","background-repeat":"repeat","background-position":"center center","background-size":"auto","background-attachment":"scroll","background-type":"","background-media":"","overlay-type":"","overlay-color":"","overlay-opacity":"","overlay-gradient":""}},"footnotes":""},"class_list":["post-13677","page","type-page","status-publish","hentry"],"_links":{"self":[{"href":"https:\/\/sensorial.coffee\/ca\/wp-json\/wp\/v2\/pages\/13677","targetHints":{"allow":["GET"]}}],"collection":[{"href":"https:\/\/sensorial.coffee\/ca\/wp-json\/wp\/v2\/pages"}],"about":[{"href":"https:\/\/sensorial.coffee\/ca\/wp-json\/wp\/v2\/types\/page"}],"author":[{"embeddable":true,"href":"https:\/\/sensorial.coffee\/ca\/wp-json\/wp\/v2\/users\/1"}],"replies":[{"embeddable":true,"href":"https:\/\/sensorial.coffee\/ca\/wp-json\/wp\/v2\/comments?post=13677"}],"version-history":[{"count":4,"href":"https:\/\/sensorial.coffee\/ca\/wp-json\/wp\/v2\/pages\/13677\/revisions"}],"predecessor-version":[{"id":19355,"href":"https:\/\/sensorial.coffee\/ca\/wp-json\/wp\/v2\/pages\/13677\/revisions\/19355"}],"wp:attachment":[{"href":"https:\/\/sensorial.coffee\/ca\/wp-json\/wp\/v2\/media?parent=13677"}],"curies":[{"name":"wp","href":"https:\/\/api.w.org\/{rel}","templated":true}]}}