{"id":13700,"date":"2024-03-04T15:29:32","date_gmt":"2024-03-04T14:29:32","guid":{"rendered":"https:\/\/sensorial.coffee\/etiopia\/"},"modified":"2025-09-10T12:20:31","modified_gmt":"2025-09-10T11:20:31","slug":"etiopia","status":"publish","type":"page","link":"https:\/\/sensorial.coffee\/ca\/etiopia\/","title":{"rendered":"Etiopia"},"content":{"rendered":"\t\t<div data-elementor-type=\"wp-page\" data-elementor-id=\"13700\" class=\"elementor elementor-13700 elementor-12551\" data-elementor-post-type=\"page\">\n\t\t\t\t\t\t<section class=\"elementor-section elementor-top-section elementor-element elementor-element-efd7ecf elementor-section-boxed elementor-section-height-default elementor-section-height-default\" data-id=\"efd7ecf\" data-element_type=\"section\" data-e-type=\"section\" data-settings=\"{&quot;background_background&quot;:&quot;classic&quot;}\">\n\t\t\t\t\t\t<div class=\"elementor-container elementor-column-gap-default\">\n\t\t\t\t\t<div class=\"elementor-column elementor-col-50 elementor-top-column elementor-element elementor-element-8883506\" data-id=\"8883506\" data-element_type=\"column\" data-e-type=\"column\">\n\t\t\t<div class=\"elementor-widget-wrap elementor-element-populated\">\n\t\t\t\t\t\t<div class=\"elementor-element elementor-element-945d63e elementor-widget elementor-widget-heading\" data-id=\"945d63e\" data-element_type=\"widget\" data-e-type=\"widget\" data-widget_type=\"heading.default\">\n\t\t\t\t<div class=\"elementor-widget-container\">\n\t\t\t\t\t<h1 class=\"elementor-heading-title elementor-size-default\">Etiopia<\/h1>\t\t\t\t<\/div>\n\t\t\t\t<\/div>\n\t\t\t\t<div class=\"elementor-element elementor-element-c8e409a elementor-widget elementor-widget-text-editor\" data-id=\"c8e409a\" data-element_type=\"widget\" data-e-type=\"widget\" data-widget_type=\"text-editor.default\">\n\t\t\t\t<div class=\"elementor-widget-container\">\n\t\t\t\t\t\t\t\t\t<p><span style=\"background-color: var( --e-global-color-782c42b );\">Eti\u00f2pia<\/span>, bressol m\u00e0gic del caf\u00e8, captiva als amants del caf\u00e8. Segons la llegenda, un pastor anomenat Kaldi va descobrir els grans en veure a les seves cabres animades despr\u00e9s de menjar baies de caf\u00e8. Des de llavors, el caf\u00e8 s&#8217;ha arrelat en la cultura et\u00edop, destacant en les seves cerim\u00f2nies de Buna, on comparteixen la tradici\u00f3 de torrar, moldre i preparar el caf\u00e8. Amb sabors fruiters i florals \u00fanics, el caf\u00e8 et\u00edop compte la hist\u00f2ria original d&#8217;aquesta deliciosa beguda, arrelada en generacions de devoci\u00f3 a les tradicions.<\/p>\t\t\t\t\t\t\t\t<\/div>\n\t\t\t\t<\/div>\n\t\t\t\t\t<\/div>\n\t\t<\/div>\n\t\t\t\t<div class=\"elementor-column elementor-col-50 elementor-top-column elementor-element elementor-element-859895b elementor-hidden-mobile elementor-hidden-tablet\" data-id=\"859895b\" data-element_type=\"column\" data-e-type=\"column\">\n\t\t\t<div class=\"elementor-widget-wrap\">\n\t\t\t\t\t\t\t<\/div>\n\t\t<\/div>\n\t\t\t\t\t<\/div>\n\t\t<\/section>\n\t\t\t\t<section class=\"elementor-section elementor-top-section elementor-element elementor-element-b32765c elementor-section-full_width elementor-section-height-default elementor-section-height-default\" data-id=\"b32765c\" data-element_type=\"section\" data-e-type=\"section\">\n\t\t\t\t\t\t<div class=\"elementor-container elementor-column-gap-no\">\n\t\t\t\t\t<div class=\"elementor-column elementor-col-100 elementor-top-column elementor-element elementor-element-4941447\" data-id=\"4941447\" data-element_type=\"column\" data-e-type=\"column\">\n\t\t\t<div class=\"elementor-widget-wrap elementor-element-populated\">\n\t\t\t\t\t\t<div class=\"elementor-element elementor-element-bae7128 elementor-widget elementor-widget-image\" data-id=\"bae7128\" data-element_type=\"widget\" data-e-type=\"widget\" data-widget_type=\"image.default\">\n\t\t\t\t<div class=\"elementor-widget-container\">\n\t\t\t\t\t\t\t\t\t\t\t\t\t\t\t<img fetchpriority=\"high\" decoding=\"async\" width=\"2160\" height=\"85\" src=\"https:\/\/sensorial.coffee\/wp-content\/uploads\/2023\/11\/ilustraciones-sensorial.jpg\" class=\"attachment-full size-full wp-image-13921\" alt=\"\" srcset=\"https:\/\/sensorial.coffee\/wp-content\/uploads\/2023\/11\/ilustraciones-sensorial.jpg 2160w, https:\/\/sensorial.coffee\/wp-content\/uploads\/2023\/11\/ilustraciones-sensorial-500x20.jpg 500w, https:\/\/sensorial.coffee\/wp-content\/uploads\/2023\/11\/ilustraciones-sensorial-300x12.jpg 300w, https:\/\/sensorial.coffee\/wp-content\/uploads\/2023\/11\/ilustraciones-sensorial-1024x40.jpg 1024w, https:\/\/sensorial.coffee\/wp-content\/uploads\/2023\/11\/ilustraciones-sensorial-768x30.jpg 768w, https:\/\/sensorial.coffee\/wp-content\/uploads\/2023\/11\/ilustraciones-sensorial-1536x60.jpg 1536w, https:\/\/sensorial.coffee\/wp-content\/uploads\/2023\/11\/ilustraciones-sensorial-2048x81.jpg 2048w\" sizes=\"(max-width: 2160px) 100vw, 2160px\" \/>\t\t\t\t\t\t\t\t\t\t\t\t\t\t\t<\/div>\n\t\t\t\t<\/div>\n\t\t\t\t\t<\/div>\n\t\t<\/div>\n\t\t\t\t\t<\/div>\n\t\t<\/section>\n\t\t\t\t<section class=\"elementor-section elementor-top-section elementor-element elementor-element-3203a33 elementor-section-boxed elementor-section-height-default elementor-section-height-default\" data-id=\"3203a33\" data-element_type=\"section\" data-e-type=\"section\" data-settings=\"{&quot;background_background&quot;:&quot;classic&quot;}\">\n\t\t\t\t\t\t<div class=\"elementor-container elementor-column-gap-default\">\n\t\t\t\t\t<div class=\"elementor-column elementor-col-100 elementor-top-column elementor-element elementor-element-9540cd2\" data-id=\"9540cd2\" data-element_type=\"column\" data-e-type=\"column\">\n\t\t\t<div class=\"elementor-widget-wrap elementor-element-populated\">\n\t\t\t\t\t\t<div class=\"elementor-element elementor-element-129aa56 elementor-widget elementor-widget-heading\" data-id=\"129aa56\" data-element_type=\"widget\" data-e-type=\"widget\" data-widget_type=\"heading.default\">\n\t\t\t\t<div class=\"elementor-widget-container\">\n\t\t\t\t\t<h2 class=\"elementor-heading-title elementor-size-default\">Les nostres finques de Eti\u00f2pia<\/h2>\t\t\t\t<\/div>\n\t\t\t\t<\/div>\n\t\t\t\t\t<\/div>\n\t\t<\/div>\n\t\t\t\t\t<\/div>\n\t\t<\/section>\n\t\t\t\t<section class=\"elementor-section elementor-top-section elementor-element elementor-element-5932438 elementor-section-boxed elementor-section-height-default elementor-section-height-default\" data-id=\"5932438\" data-element_type=\"section\" data-e-type=\"section\" data-settings=\"{&quot;background_background&quot;:&quot;classic&quot;}\">\n\t\t\t\t\t\t<div class=\"elementor-container elementor-column-gap-default\">\n\t\t\t\t\t<div class=\"elementor-column elementor-col-100 elementor-top-column elementor-element elementor-element-ee2bdab\" data-id=\"ee2bdab\" data-element_type=\"column\" data-e-type=\"column\">\n\t\t\t<div class=\"elementor-widget-wrap elementor-element-populated\">\n\t\t\t\t\t\t<section class=\"elementor-section elementor-inner-section elementor-element elementor-element-a5a6422 elementor-section-boxed elementor-section-height-default elementor-section-height-default\" data-id=\"a5a6422\" data-element_type=\"section\" data-e-type=\"section\">\n\t\t\t\t\t\t<div class=\"elementor-container elementor-column-gap-default\">\n\t\t\t\t\t<div class=\"elementor-column elementor-col-33 elementor-inner-column elementor-element elementor-element-36adf8f\" data-id=\"36adf8f\" data-element_type=\"column\" data-e-type=\"column\">\n\t\t\t<div class=\"elementor-widget-wrap elementor-element-populated\">\n\t\t\t\t\t\t<div class=\"elementor-element elementor-element-c8899cb elementor-position-top elementor-widget elementor-widget-image-box\" data-id=\"c8899cb\" data-element_type=\"widget\" data-e-type=\"widget\" data-widget_type=\"image-box.default\">\n\t\t\t\t<div class=\"elementor-widget-container\">\n\t\t\t\t\t<div class=\"elementor-image-box-wrapper\"><figure class=\"elementor-image-box-img\"><a href=\"https:\/\/sensorial.coffee\/ca\/etiopia\/gesha-village\/\" tabindex=\"-1\"><img decoding=\"async\" width=\"600\" height=\"600\" src=\"https:\/\/sensorial.coffee\/wp-content\/uploads\/2024\/03\/et-11x89-1.webp\" class=\"attachment-full size-full wp-image-12775\" alt=\"Gesha Village en Etiop\u00eda\" srcset=\"https:\/\/sensorial.coffee\/wp-content\/uploads\/2024\/03\/et-11x89-1.webp 600w, https:\/\/sensorial.coffee\/wp-content\/uploads\/2024\/03\/et-11x89-1-300x300.webp 300w, https:\/\/sensorial.coffee\/wp-content\/uploads\/2024\/03\/et-11x89-1-150x150.webp 150w, https:\/\/sensorial.coffee\/wp-content\/uploads\/2024\/03\/et-11x89-1-500x500.webp 500w, https:\/\/sensorial.coffee\/wp-content\/uploads\/2024\/03\/et-11x89-1-100x100.webp 100w\" sizes=\"(max-width: 600px) 100vw, 600px\" \/><\/a><\/figure><div class=\"elementor-image-box-content\"><h3 class=\"elementor-image-box-title\"><a href=\"https:\/\/sensorial.coffee\/ca\/etiopia\/gesha-village\/\">Gesha Village<\/a><\/h3><\/div><\/div>\t\t\t\t<\/div>\n\t\t\t\t<\/div>\n\t\t\t\t\t<\/div>\n\t\t<\/div>\n\t\t\t\t<div class=\"elementor-column elementor-col-33 elementor-inner-column elementor-element elementor-element-1e6ed9c\" data-id=\"1e6ed9c\" data-element_type=\"column\" data-e-type=\"column\">\n\t\t\t<div class=\"elementor-widget-wrap elementor-element-populated\">\n\t\t\t\t\t\t<div class=\"elementor-element elementor-element-9e56d89 elementor-position-top elementor-widget elementor-widget-image-box\" data-id=\"9e56d89\" data-element_type=\"widget\" data-e-type=\"widget\" data-widget_type=\"image-box.default\">\n\t\t\t\t<div class=\"elementor-widget-container\">\n\t\t\t\t\t<div class=\"elementor-image-box-wrapper\"><figure class=\"elementor-image-box-img\"><img decoding=\"async\" width=\"1024\" height=\"1024\" src=\"https:\/\/sensorial.coffee\/wp-content\/uploads\/2025\/09\/1757499911477-55d8b149-d605-4471-9669-2da4c73fb778.png\" class=\"attachment-full size-full wp-image-24998\" alt=\"\" srcset=\"https:\/\/sensorial.coffee\/wp-content\/uploads\/2025\/09\/1757499911477-55d8b149-d605-4471-9669-2da4c73fb778.png 1024w, https:\/\/sensorial.coffee\/wp-content\/uploads\/2025\/09\/1757499911477-55d8b149-d605-4471-9669-2da4c73fb778-300x300.png 300w, https:\/\/sensorial.coffee\/wp-content\/uploads\/2025\/09\/1757499911477-55d8b149-d605-4471-9669-2da4c73fb778-150x150.png 150w, https:\/\/sensorial.coffee\/wp-content\/uploads\/2025\/09\/1757499911477-55d8b149-d605-4471-9669-2da4c73fb778-768x768.png 768w, https:\/\/sensorial.coffee\/wp-content\/uploads\/2025\/09\/1757499911477-55d8b149-d605-4471-9669-2da4c73fb778-500x500.png 500w, https:\/\/sensorial.coffee\/wp-content\/uploads\/2025\/09\/1757499911477-55d8b149-d605-4471-9669-2da4c73fb778-100x100.png 100w\" sizes=\"(max-width: 1024px) 100vw, 1024px\" \/><\/figure><div class=\"elementor-image-box-content\"><h3 class=\"elementor-image-box-title\">Yirgacheffe<\/h3><\/div><\/div>\t\t\t\t<\/div>\n\t\t\t\t<\/div>\n\t\t\t\t\t<\/div>\n\t\t<\/div>\n\t\t\t\t<div class=\"elementor-column elementor-col-33 elementor-inner-column elementor-element elementor-element-ebe2b4d elementor-hidden-desktop elementor-hidden-tablet elementor-hidden-mobile\" data-id=\"ebe2b4d\" data-element_type=\"column\" data-e-type=\"column\">\n\t\t\t<div class=\"elementor-widget-wrap elementor-element-populated\">\n\t\t\t\t\t\t<div class=\"elementor-element elementor-element-3cf6aa9 elementor-position-top elementor-widget elementor-widget-image-box\" data-id=\"3cf6aa9\" data-element_type=\"widget\" data-e-type=\"widget\" data-widget_type=\"image-box.default\">\n\t\t\t\t<div class=\"elementor-widget-container\">\n\t\t\t\t\t<div class=\"elementor-image-box-wrapper\"><figure class=\"elementor-image-box-img\"><img loading=\"lazy\" decoding=\"async\" width=\"551\" height=\"566\" src=\"https:\/\/sensorial.coffee\/wp-content\/uploads\/2024\/02\/ORIGEN-BRASIL.jpg\" class=\"attachment-full size-full wp-image-12234\" alt=\"ORIGEN BRASIL\" srcset=\"https:\/\/sensorial.coffee\/wp-content\/uploads\/2024\/02\/ORIGEN-BRASIL.jpg 551w, https:\/\/sensorial.coffee\/wp-content\/uploads\/2024\/02\/ORIGEN-BRASIL-292x300.jpg 292w, https:\/\/sensorial.coffee\/wp-content\/uploads\/2024\/02\/ORIGEN-BRASIL-500x514.jpg 500w\" sizes=\"(max-width: 551px) 100vw, 551px\" \/><\/figure><div class=\"elementor-image-box-content\"><h3 class=\"elementor-image-box-title\">Macizo Regional Selection<\/h3><\/div><\/div>\t\t\t\t<\/div>\n\t\t\t\t<\/div>\n\t\t\t\t\t<\/div>\n\t\t<\/div>\n\t\t\t\t\t<\/div>\n\t\t<\/section>\n\t\t\t\t\t<\/div>\n\t\t<\/div>\n\t\t\t\t\t<\/div>\n\t\t<\/section>\n\t\t\t\t<section class=\"elementor-section elementor-top-section elementor-element elementor-element-0b35866 elementor-hidden-mobile elementor-section-boxed elementor-section-height-default elementor-section-height-default\" data-id=\"0b35866\" data-element_type=\"section\" data-e-type=\"section\" data-settings=\"{&quot;background_background&quot;:&quot;classic&quot;}\">\n\t\t\t\t\t\t<div class=\"elementor-container elementor-column-gap-default\">\n\t\t\t\t\t<div class=\"elementor-column elementor-col-100 elementor-top-column elementor-element elementor-element-0d64fa2\" data-id=\"0d64fa2\" data-element_type=\"column\" data-e-type=\"column\">\n\t\t\t<div class=\"elementor-widget-wrap elementor-element-populated\">\n\t\t\t\t\t\t<section class=\"elementor-section elementor-inner-section elementor-element elementor-element-b3d0f56 elementor-section-boxed elementor-section-height-default elementor-section-height-default\" data-id=\"b3d0f56\" data-element_type=\"section\" data-e-type=\"section\">\n\t\t\t\t\t\t<div class=\"elementor-container elementor-column-gap-default\">\n\t\t\t\t\t<div class=\"elementor-column elementor-col-100 elementor-inner-column elementor-element elementor-element-7968a18\" data-id=\"7968a18\" data-element_type=\"column\" data-e-type=\"column\">\n\t\t\t<div class=\"elementor-widget-wrap elementor-element-populated\">\n\t\t\t\t\t\t<div class=\"elementor-element elementor-element-01f8f79 elementor-widget elementor-widget-heading\" data-id=\"01f8f79\" data-element_type=\"widget\" data-e-type=\"widget\" data-widget_type=\"heading.default\">\n\t\t\t\t<div class=\"elementor-widget-container\">\n\t\t\t\t\t<h2 class=\"elementor-heading-title elementor-size-default\">Els nostres caf\u00e8s de Eti\u00f2pia<\/h2>\t\t\t\t<\/div>\n\t\t\t\t<\/div>\n\t\t\t\t\t<\/div>\n\t\t<\/div>\n\t\t\t\t\t<\/div>\n\t\t<\/section>\n\t\t\t\t<div class=\"elementor-element elementor-element-c277d77 elementor-grid-mobile-2 elementor-product-loop-item--align-center elementor-grid-tablet-4 elementor-grid-4 elementor-products-grid elementor-wc-products elementor-widget elementor-widget-woocommerce-products\" data-id=\"c277d77\" data-element_type=\"widget\" data-e-type=\"widget\" data-widget_type=\"woocommerce-products.default\">\n\t\t\t\t<div class=\"elementor-widget-container\">\n\t\t\t\t\t<div class=\"woocommerce columns-4 \"><ul class=\"products elementor-grid columns-4\">\n<li class=\"desktop-align-left tablet-align-left mobile-align-left product type-product post-24968 status-publish first instock product_cat-nostres-cafes product_tag-ethiopia-filter-ca product_tag-etiopia-kurume-ca product_tag-filtre has-post-thumbnail taxable shipping-taxable purchasable product-type-variable has-default-attributes\">\n\t<a href=\"https:\/\/sensorial.coffee\/ca\/producte\/cafe-de-mexic-f1-natural-copia-2\/\" class=\"woocommerce-LoopProduct-link woocommerce-loop-product__link\"><img loading=\"lazy\" decoding=\"async\" width=\"300\" height=\"400\" src=\"https:\/\/sensorial.coffee\/wp-content\/uploads\/2025\/09\/8-300x400.jpg\" class=\"attachment-woocommerce_thumbnail size-woocommerce_thumbnail\" alt=\"caf\u00e9 de especialidad de ethiopia\" srcset=\"https:\/\/sensorial.coffee\/wp-content\/uploads\/2025\/09\/8-300x400.jpg 300w, https:\/\/sensorial.coffee\/wp-content\/uploads\/2025\/09\/8-225x300.jpg 225w, https:\/\/sensorial.coffee\/wp-content\/uploads\/2025\/09\/8-768x1024.jpg 768w, https:\/\/sensorial.coffee\/wp-content\/uploads\/2025\/09\/8-1152x1536.jpg 1152w, https:\/\/sensorial.coffee\/wp-content\/uploads\/2025\/09\/8-500x667.jpg 500w, https:\/\/sensorial.coffee\/wp-content\/uploads\/2025\/09\/8.jpg 1200w\" sizes=\"(max-width: 300px) 100vw, 300px\" \/><h2 class=\"woocommerce-loop-product__title\">Caf\u00e8 de Ethiopia Kurume, Dega &amp; Wolisho \/ Honey<\/h2>\n\t<span class=\"price\"><span class=\"woocommerce-Price-amount amount\"><bdi>19,95<span class=\"woocommerce-Price-currencySymbol\">&euro;<\/span><\/bdi><\/span> <small class=\"woocommerce-price-suffix\">IVA incl\u00f2s<\/small><\/span>\n<\/a><a href=\"https:\/\/sensorial.coffee\/ca\/producte\/cafe-de-mexic-f1-natural-copia-2\/\" data-quantity=\"1\" class=\"ast-on-card-button ast-select-options-trigger product_type_variable add_to_cart_button\" data-product_id=\"24968\" data-product_sku=\"\" aria-label=\"Selecciona opcions per a &ldquo;Caf\u00e8 de Ethiopia Kurume, Dega &amp; Wolisho \/ Honey&rdquo;\" rel=\"nofollow\"> <span class=\"ast-card-action-tooltip\"> Seleccionar <\/span> <span class=\"ahfb-svg-iconset\"> <span class=\"ast-icon icon-bag\"><svg xmlns=\"http:\/\/www.w3.org\/2000\/svg\" xmlns:xlink=\"http:\/\/www.w3.org\/1999\/xlink\" version=\"1.1\" id=\"ast-bag-icon-svg\" x=\"0px\" y=\"0px\" width=\"100\" height=\"100\" viewBox=\"826 826 140 140\" enable-background=\"new 826 826 140 140\" xml:space=\"preserve\">\n\t\t\t\t<path d=\"M960.758,934.509l2.632,23.541c0.15,1.403-0.25,2.657-1.203,3.761c-0.953,1.053-2.156,1.579-3.61,1.579H833.424  c-1.454,0-2.657-0.526-3.61-1.579c-0.952-1.104-1.354-2.357-1.203-3.761l2.632-23.541H960.758z M953.763,871.405l6.468,58.29H831.77  l6.468-58.29c0.15-1.203,0.677-2.218,1.58-3.045c0.903-0.827,1.981-1.241,3.234-1.241h19.254v9.627c0,2.658,0.94,4.927,2.82,6.807  s4.149,2.82,6.807,2.82c2.658,0,4.926-0.94,6.807-2.82s2.821-4.149,2.821-6.807v-9.627h28.882v9.627  c0,2.658,0.939,4.927,2.819,6.807c1.881,1.88,4.149,2.82,6.807,2.82s4.927-0.94,6.808-2.82c1.879-1.88,2.82-4.149,2.82-6.807v-9.627  h19.253c1.255,0,2.332,0.414,3.235,1.241C953.086,869.187,953.612,870.202,953.763,871.405z M924.881,857.492v19.254  c0,1.304-0.476,2.432-1.429,3.385s-2.08,1.429-3.385,1.429c-1.303,0-2.432-0.477-3.384-1.429c-0.953-0.953-1.43-2.081-1.43-3.385  v-19.254c0-5.315-1.881-9.853-5.641-13.613c-3.76-3.761-8.298-5.641-13.613-5.641s-9.853,1.88-13.613,5.641  c-3.761,3.76-5.641,8.298-5.641,13.613v19.254c0,1.304-0.476,2.432-1.429,3.385c-0.953,0.953-2.081,1.429-3.385,1.429  c-1.303,0-2.432-0.477-3.384-1.429c-0.953-0.953-1.429-2.081-1.429-3.385v-19.254c0-7.973,2.821-14.779,8.461-20.42  c5.641-5.641,12.448-8.461,20.42-8.461c7.973,0,14.779,2.82,20.42,8.461C922.062,842.712,924.881,849.519,924.881,857.492z\" \/>\n\t\t\t\t<\/svg><\/span> <\/span> <\/a><a href=\"https:\/\/sensorial.coffee\/ca\/producte\/cafe-de-mexic-f1-natural-copia-2\/\" aria-describedby=\"woocommerce_loop_add_to_cart_link_describedby_24968\" data-quantity=\"1\" class=\"button product_type_variable add_to_cart_button\" data-product_id=\"24968\" data-product_sku=\"\" aria-label=\"Selecciona opcions per a &ldquo;Caf\u00e8 de Ethiopia Kurume, Dega &amp; Wolisho \/ Honey&rdquo;\" rel=\"nofollow\">Seleccionar<\/a>\t<span id=\"woocommerce_loop_add_to_cart_link_describedby_24968\" class=\"screen-reader-text\">\n\t\tAquest producte t\u00e9 diverses variants. Les opcions es poden triar a la p\u00e0gina del producte\t<\/span>\n<\/li>\n<\/ul>\n<\/div>\t\t\t\t<\/div>\n\t\t\t\t<\/div>\n\t\t\t\t\t<\/div>\n\t\t<\/div>\n\t\t\t\t\t<\/div>\n\t\t<\/section>\n\t\t\t\t<\/div>\n\t\t","protected":false},"excerpt":{"rendered":"<p>Etiopia Eti\u00f2pia, bressol m\u00e0gic del caf\u00e8, captiva als amants del caf\u00e8. Segons la llegenda, un pastor anomenat Kaldi va descobrir els grans en veure a les seves cabres animades despr\u00e9s de menjar baies de caf\u00e8. Des de llavors, el caf\u00e8 s&#8217;ha arrelat en la cultura et\u00edop, destacant en les seves cerim\u00f2nies de Buna, on comparteixen [&hellip;]<\/p>\n","protected":false},"author":1,"featured_media":0,"parent":0,"menu_order":0,"comment_status":"closed","ping_status":"closed","template":"","meta":{"site-sidebar-layout":"no-sidebar","site-content-layout":"page-builder","ast-site-content-layout":"full-width-container","site-content-style":"default","site-sidebar-style":"default","ast-global-header-display":"","ast-banner-title-visibility":"","ast-main-header-display":"","ast-hfb-above-header-display":"","ast-hfb-below-header-display":"","ast-hfb-mobile-header-display":"","site-post-title":"disabled","ast-breadcrumbs-content":"","ast-featured-img":"disabled","footer-sml-layout":"","ast-disable-related-posts":"","theme-transparent-header-meta":"","adv-header-id-meta":"","stick-header-meta":"","header-above-stick-meta":"","header-main-stick-meta":"","header-below-stick-meta":"","astra-migrate-meta-layouts":"default","ast-page-background-enabled":"default","ast-page-background-meta":{"desktop":{"background-color":"var(--ast-global-color-4)","background-image":"","background-repeat":"repeat","background-position":"center center","background-size":"auto","background-attachment":"scroll","background-type":"","background-media":"","overlay-type":"","overlay-color":"","overlay-opacity":"","overlay-gradient":""},"tablet":{"background-color":"","background-image":"","background-repeat":"repeat","background-position":"center center","background-size":"auto","background-attachment":"scroll","background-type":"","background-media":"","overlay-type":"","overlay-color":"","overlay-opacity":"","overlay-gradient":""},"mobile":{"background-color":"","background-image":"","background-repeat":"repeat","background-position":"center center","background-size":"auto","background-attachment":"scroll","background-type":"","background-media":"","overlay-type":"","overlay-color":"","overlay-opacity":"","overlay-gradient":""}},"ast-content-background-meta":{"desktop":{"background-color":"var(--ast-global-color-5)","background-image":"","background-repeat":"repeat","background-position":"center center","background-size":"auto","background-attachment":"scroll","background-type":"","background-media":"","overlay-type":"","overlay-color":"","overlay-opacity":"","overlay-gradient":""},"tablet":{"background-color":"var(--ast-global-color-5)","background-image":"","background-repeat":"repeat","background-position":"center center","background-size":"auto","background-attachment":"scroll","background-type":"","background-media":"","overlay-type":"","overlay-color":"","overlay-opacity":"","overlay-gradient":""},"mobile":{"background-color":"var(--ast-global-color-5)","background-image":"","background-repeat":"repeat","background-position":"center center","background-size":"auto","background-attachment":"scroll","background-type":"","background-media":"","overlay-type":"","overlay-color":"","overlay-opacity":"","overlay-gradient":""}},"footnotes":""},"class_list":["post-13700","page","type-page","status-publish","hentry"],"_links":{"self":[{"href":"https:\/\/sensorial.coffee\/ca\/wp-json\/wp\/v2\/pages\/13700","targetHints":{"allow":["GET"]}}],"collection":[{"href":"https:\/\/sensorial.coffee\/ca\/wp-json\/wp\/v2\/pages"}],"about":[{"href":"https:\/\/sensorial.coffee\/ca\/wp-json\/wp\/v2\/types\/page"}],"author":[{"embeddable":true,"href":"https:\/\/sensorial.coffee\/ca\/wp-json\/wp\/v2\/users\/1"}],"replies":[{"embeddable":true,"href":"https:\/\/sensorial.coffee\/ca\/wp-json\/wp\/v2\/comments?post=13700"}],"version-history":[{"count":6,"href":"https:\/\/sensorial.coffee\/ca\/wp-json\/wp\/v2\/pages\/13700\/revisions"}],"predecessor-version":[{"id":25008,"href":"https:\/\/sensorial.coffee\/ca\/wp-json\/wp\/v2\/pages\/13700\/revisions\/25008"}],"wp:attachment":[{"href":"https:\/\/sensorial.coffee\/ca\/wp-json\/wp\/v2\/media?parent=13700"}],"curies":[{"name":"wp","href":"https:\/\/api.w.org\/{rel}","templated":true}]}}