{"id":13756,"date":"2023-08-25T09:07:11","date_gmt":"2023-08-25T08:07:11","guid":{"rendered":"https:\/\/sensorial.coffee\/politica-de-cookies-2\/"},"modified":"2025-01-15T12:48:48","modified_gmt":"2025-01-15T11:48:48","slug":"politica-de-cookies-2","status":"publish","type":"page","link":"https:\/\/sensorial.coffee\/ca\/politica-de-cookies-2\/","title":{"rendered":"Pol\u00edtica de cookies"},"content":{"rendered":"\t\t<div data-elementor-type=\"wp-page\" data-elementor-id=\"13756\" class=\"elementor elementor-13756 elementor-6057\" data-elementor-post-type=\"page\">\n\t\t\t\t\t\t<section class=\"elementor-section elementor-top-section elementor-element elementor-element-56ca580 elementor-section-boxed elementor-section-height-default elementor-section-height-default\" data-id=\"56ca580\" data-element_type=\"section\" data-e-type=\"section\">\n\t\t\t\t\t\t<div class=\"elementor-container elementor-column-gap-default\">\n\t\t\t\t\t<div class=\"elementor-column elementor-col-100 elementor-top-column elementor-element elementor-element-6890bcb\" data-id=\"6890bcb\" data-element_type=\"column\" data-e-type=\"column\">\n\t\t\t<div class=\"elementor-widget-wrap elementor-element-populated\">\n\t\t\t\t\t\t<div class=\"elementor-element elementor-element-701ee09 elementor-widget elementor-widget-heading\" data-id=\"701ee09\" data-element_type=\"widget\" data-e-type=\"widget\" data-widget_type=\"heading.default\">\n\t\t\t\t<div class=\"elementor-widget-container\">\n\t\t\t\t\t<h1 class=\"elementor-heading-title elementor-size-default\">Pol\u00edtica de Cookies<\/h1>\t\t\t\t<\/div>\n\t\t\t\t<\/div>\n\t\t\t\t<div class=\"elementor-element elementor-element-cf7883b elementor-widget elementor-widget-html\" data-id=\"cf7883b\" data-element_type=\"widget\" data-e-type=\"widget\" data-widget_type=\"html.default\">\n\t\t\t\t<div class=\"elementor-widget-container\">\n\t\t\t\t\t<style>\n    a.cky-banner-element {\n        padding: 8px 30px;\n        background: #F8F9FA;\n        color: #858A8F;\n        border: 1px solid #DEE2E6;\n        box-sizing: border-box;\n        border-radius: 2px;\n        cursor: pointer;\n}\n<\/style>\n\n<p> Data efectiva: 25-Agost-2023 <br>\u00daltima actualizaci\u00f3: 21-Febrer-2024 <\/p>\n\n&nbsp;\n<h3>Qu\u00e8 s\u00f3n les cookies<\/h5>\n<div class=\"cookie-policy-p\"><p>Aquesta Pol\u00edtica de Cookies explica qu\u00e8 s\u00f3n les cookies i com les utilitzem, els tipus de cookies que utilitzem, \u00e9s a dir, la informaci\u00f3 que recopilem mitjan\u00e7ant les cookies i com s'utilitza aquesta informaci\u00f3, i com gestionar la configuraci\u00f3 de les cookies.<\/p> <p>Les cookies s\u00f3n petits fragments de text que els llocs web que visites envien al navegador. Permeten que els llocs web recordin informaci\u00f3 sobre la teva visita, la qual cosa pot fer que sigui m\u00e9s f\u00e0cil tornar a visitar els llocs i fer que aquests et resultin m\u00e9s \u00fatils. D'aquesta manera, les cookies ens ajuden al fet que el lloc web funcioni correctament, sigui m\u00e9s segur i a millorar l'experi\u00e8ncia per a l'usuari.<\/p><\/div>\n\n&nbsp;\n<h3>Com utilitzem les cookies?<\/h5>\n<div class=\"cookie-policy-p\"><p>Com la majoria dels serveis en l\u00ednia, el nostre lloc web utilitza cookies pr\u00f2pies i de tercers per a diversos fins. Les cookies d'origen s\u00f3n en la seva majoria necess\u00e0ries perqu\u00e8 el lloc web funcioni correctament i no recopilen cap dada personal identificable.<\/p> <p>Les cookies de tercers utilitzades en el nostre lloc web serveixen principalment per a comprendre com funciona el lloc web, com interactua vost\u00e8 amb el nostre lloc web, mantenir els nostres serveis segurs, proporcionar anuncis que siguin rellevants per a vost\u00e8 i, en definitiva, proporcionar-li una experi\u00e8ncia d'usuari millor i m\u00e9s r\u00e0pida i ajudar-lo a agilitzar les seves futures interaccions amb el nostre lloc web.<\/p><\/div>\n\n&nbsp;\n    <h3>Tipus de Cookies que usem<\/h3>\n\n    <div class=\"cky-audit-table-element\"><\/div>\n\n&nbsp;\n    <h3 style=\"margin-bottom:20px;\">Gestiona les prefer\u00e8ncies de les cookies<\/h5>\n\n    <a class=\"cky-banner-element\">Cookie Settings<\/a> <br>\n\n    <div><br><p>Pot canviar les seves prefer\u00e8ncies sobre cookies en qualsevol moment fent clic en el bot\u00f3 anterior. Aix\u00f2 li permetr\u00e0 tornar a visitar el banner de consentiment de cookies i canviar les seves prefer\u00e8ncies o retirar el seu consentiment immediatament. <\/p> <p>A m\u00e9s, els diferents navegadors ofereixen diferents m\u00e8todes per a bloquejar i eliminar les cookies utilitzades pels llocs web. Pot canviar la configuraci\u00f3 del seu navegador per a bloquejar\/eliminar les cookies. A continuaci\u00f3 figuren els enlla\u00e7os als documents de suport sobre com gestionar i eliminar les cookies dels principals navegadors web.<\/p> <p>Chrome: <a href=\"https:\/\/support.google.com\/accounts\/answer\/32050\" target=\"_blank\" rel=\"noopener\">https:\/\/support.google.com\/accounts\/answer\/32050<\/a><\/p><p>Safari: <a href=\"https:\/\/support.apple.com\/en-in\/guide\/safari\/sfri11471\/mac\" target=\"_blank\" rel=\"noopener\">https:\/\/support.apple.com\/en-in\/guide\/safari\/sfri11471\/mac<\/a><\/p><p>Firefox: <a href=\"https:\/\/support.mozilla.org\/en-US\/kb\/clear-cookies-and-site-data-firefox?redirectslug=delete-cookies-remove-info-websites-stored&amp;redirectlocale=en-US\" target=\"_blank\" rel=\"noopener\">https:\/\/support.mozilla.org\/en-US\/kb\/clear-cookies-and-site-data-firefox?redirectslug=delete-cookies-remove-info-websites-stored&amp;redirectlocale=en-US<\/a><\/p><p>Internet Explorer: <a href=\"https:\/\/support.microsoft.com\/en-us\/topic\/how-to-delete-cookie-files-in-internet-explorer-bca9446f-d873-78de-77ba-d42645fa52fc\" target=\"_blank\" rel=\"noopener\">https:\/\/support.microsoft.com\/en-us\/topic\/how-to-delete-cookie-files-in-internet-explorer-bca9446f-d873-78de-77ba-d42645fa52fc<\/a><\/p><p>Si utilitza qualsevol altre navegador, consulti la documentaci\u00f3 oficial del seu navegador.<\/p><\/div>\n\n\n&nbsp;\n\t\t\t\t<\/div>\n\t\t\t\t<\/div>\n\t\t\t\t\t<\/div>\n\t\t<\/div>\n\t\t\t\t\t<\/div>\n\t\t<\/section>\n\t\t\t\t<\/div>\n\t\t","protected":false},"excerpt":{"rendered":"<p>Pol\u00edtica de Cookies Data efectiva: 25-Agost-2023 \u00daltima actualizaci\u00f3: 21-Febrer-2024 &nbsp; Qu\u00e8 s\u00f3n les cookies Aquesta Pol\u00edtica de Cookies explica qu\u00e8 s\u00f3n les cookies i com les utilitzem, els tipus de cookies que utilitzem, \u00e9s a dir, la informaci\u00f3 que recopilem mitjan\u00e7ant les cookies i com s&#8217;utilitza aquesta informaci\u00f3, i com gestionar la configuraci\u00f3 de les [&hellip;]<\/p>\n","protected":false},"author":1,"featured_media":0,"parent":0,"menu_order":0,"comment_status":"closed","ping_status":"closed","template":"","meta":{"site-sidebar-layout":"no-sidebar","site-content-layout":"page-builder","ast-site-content-layout":"default","site-content-style":"default","site-sidebar-style":"default","ast-global-header-display":"","ast-banner-title-visibility":"","ast-main-header-display":"","ast-hfb-above-header-display":"","ast-hfb-below-header-display":"","ast-hfb-mobile-header-display":"","site-post-title":"disabled","ast-breadcrumbs-content":"","ast-featured-img":"disabled","footer-sml-layout":"","ast-disable-related-posts":"","theme-transparent-header-meta":"","adv-header-id-meta":"","stick-header-meta":"","header-above-stick-meta":"","header-main-stick-meta":"","header-below-stick-meta":"","astra-migrate-meta-layouts":"default","ast-page-background-enabled":"default","ast-page-background-meta":{"desktop":{"background-color":"var(--ast-global-color-4)","background-image":"","background-repeat":"repeat","background-position":"center center","background-size":"auto","background-attachment":"scroll","background-type":"","background-media":"","overlay-type":"","overlay-color":"","overlay-opacity":"","overlay-gradient":""},"tablet":{"background-color":"","background-image":"","background-repeat":"repeat","background-position":"center center","background-size":"auto","background-attachment":"scroll","background-type":"","background-media":"","overlay-type":"","overlay-color":"","overlay-opacity":"","overlay-gradient":""},"mobile":{"background-color":"","background-image":"","background-repeat":"repeat","background-position":"center center","background-size":"auto","background-attachment":"scroll","background-type":"","background-media":"","overlay-type":"","overlay-color":"","overlay-opacity":"","overlay-gradient":""}},"ast-content-background-meta":{"desktop":{"background-color":"var(--ast-global-color-5)","background-image":"","background-repeat":"repeat","background-position":"center center","background-size":"auto","background-attachment":"scroll","background-type":"","background-media":"","overlay-type":"","overlay-color":"","overlay-opacity":"","overlay-gradient":""},"tablet":{"background-color":"var(--ast-global-color-5)","background-image":"","background-repeat":"repeat","background-position":"center center","background-size":"auto","background-attachment":"scroll","background-type":"","background-media":"","overlay-type":"","overlay-color":"","overlay-opacity":"","overlay-gradient":""},"mobile":{"background-color":"var(--ast-global-color-5)","background-image":"","background-repeat":"repeat","background-position":"center center","background-size":"auto","background-attachment":"scroll","background-type":"","background-media":"","overlay-type":"","overlay-color":"","overlay-opacity":"","overlay-gradient":""}},"footnotes":""},"class_list":["post-13756","page","type-page","status-publish","hentry"],"_links":{"self":[{"href":"https:\/\/sensorial.coffee\/ca\/wp-json\/wp\/v2\/pages\/13756","targetHints":{"allow":["GET"]}}],"collection":[{"href":"https:\/\/sensorial.coffee\/ca\/wp-json\/wp\/v2\/pages"}],"about":[{"href":"https:\/\/sensorial.coffee\/ca\/wp-json\/wp\/v2\/types\/page"}],"author":[{"embeddable":true,"href":"https:\/\/sensorial.coffee\/ca\/wp-json\/wp\/v2\/users\/1"}],"replies":[{"embeddable":true,"href":"https:\/\/sensorial.coffee\/ca\/wp-json\/wp\/v2\/comments?post=13756"}],"version-history":[{"count":3,"href":"https:\/\/sensorial.coffee\/ca\/wp-json\/wp\/v2\/pages\/13756\/revisions"}],"predecessor-version":[{"id":19333,"href":"https:\/\/sensorial.coffee\/ca\/wp-json\/wp\/v2\/pages\/13756\/revisions\/19333"}],"wp:attachment":[{"href":"https:\/\/sensorial.coffee\/ca\/wp-json\/wp\/v2\/media?parent=13756"}],"curies":[{"name":"wp","href":"https:\/\/api.w.org\/{rel}","templated":true}]}}