{"id":13931,"date":"2023-08-09T06:50:29","date_gmt":"2023-08-09T05:50:29","guid":{"rendered":"https:\/\/sensorial.coffee\/politica-de-privacitat\/"},"modified":"2025-01-15T12:41:11","modified_gmt":"2025-01-15T11:41:11","slug":"politica-de-privacitat","status":"publish","type":"page","link":"https:\/\/sensorial.coffee\/ca\/politica-de-privacitat\/","title":{"rendered":"Pol\u00edtica de Privacitat"},"content":{"rendered":"\t\t<div data-elementor-type=\"wp-page\" data-elementor-id=\"13931\" class=\"elementor elementor-13931 elementor-92\" data-elementor-post-type=\"page\">\n\t\t\t\t\t\t<section class=\"elementor-section elementor-top-section elementor-element elementor-element-7aecb388 elementor-section-boxed elementor-section-height-default elementor-section-height-default\" data-id=\"7aecb388\" data-element_type=\"section\" data-e-type=\"section\">\n\t\t\t\t\t\t<div class=\"elementor-container elementor-column-gap-default\">\n\t\t\t\t\t<div class=\"elementor-column elementor-col-100 elementor-top-column elementor-element elementor-element-48d5a010\" data-id=\"48d5a010\" data-element_type=\"column\" data-e-type=\"column\">\n\t\t\t<div class=\"elementor-widget-wrap elementor-element-populated\">\n\t\t\t\t\t\t<div class=\"elementor-element elementor-element-18e9ab12 elementor-widget elementor-widget-heading\" data-id=\"18e9ab12\" data-element_type=\"widget\" data-e-type=\"widget\" data-widget_type=\"heading.default\">\n\t\t\t\t<div class=\"elementor-widget-container\">\n\t\t\t\t\t<h1 class=\"elementor-heading-title elementor-size-default\">Pol\u00edtica de Privacitat i Av\u00eds Legal<\/h1>\t\t\t\t<\/div>\n\t\t\t\t<\/div>\n\t\t\t\t<div class=\"elementor-element elementor-element-4cfb3499 elementor-widget elementor-widget-text-editor\" data-id=\"4cfb3499\" data-element_type=\"widget\" data-e-type=\"widget\" data-widget_type=\"text-editor.default\">\n\t\t\t\t<div class=\"elementor-widget-container\">\n\t\t\t\t\t\t\t\t\t<p>El primer punt de la nostra Pol\u00edtica de Privadesa \u00e9s informar que aquest lloc web \u00e9s propietat de LA PERFUMERIA CAFE CAFE S.L., d&#8217;ara endavant el Prestador. Com a responsable del present lloc web, estem en conformitat amb la normativa vigent en mat\u00e8ria de protecci\u00f3 de dades personals. A m\u00e9s del Reglament (UE) 2016\/679 del 27 d&#8217;abril de 2016 (RGPD) relatiu a la protecci\u00f3 de les persones f\u00edsiques. La Llei Org\u00e0nica 15\/1999, del 13 de desembre. I per la Llei de Protecci\u00f3 de Dades de Car\u00e0cter Personal (LOPD) i per la Llei 34\/2002 de Serveis de la Societat de la Informaci\u00f3 i del Comer\u00e7 Electr\u00f2nic. T\u00e9 implementades totes les mesures de seguretat i privacitat, t\u00e8cniques i organitzatives establertes en el Reial decret 1720\/2007 de 21 de desembre que garanteix la confidencialitat, integritat i disponibilitat de les dades.<\/p>\n<p>Com preveu la LOPD, LA PERFUMERIA CAFE CAFE S.L. li informa que les dades que volunt\u00e0riament ens est\u00e0 facilitant s&#8217;incorporaran als nostres sistemes d&#8217;informaci\u00f3. Amb la finalitat de realitzar les gestions comercials i administratives necess\u00e0ries amb els usuaris del lloc web. Les operacions previstes per realitzar els tractaments s\u00f3n les seg\u00fcents: Respondre les consultes i\/o proporcionar la informaci\u00f3 requerida per l&#8217;Usuari. Realitzar les prestacions de serveis i\/o productes contractats o subscrits per l&#8217;Usuari. Realitzar totes aquelles activitats pr\u00f2pies de LA PERFUMERIA CAFE CAFE S.L. per aquest av\u00eds legal rese\u00f1ades i remetre el butllet\u00ed de not\u00edcies.<span style=\"background-color: var(--ast-global-color-5); color: var( --e-global-color-text ); font-style: inherit; font-weight: inherit;\"> <\/span><\/p>\n\t\t\t\t\t\t\t\t<\/div>\n\t\t\t\t<\/div>\n\t\t\t\t<div class=\"elementor-element elementor-element-2c63d5f9 elementor-widget elementor-widget-heading\" data-id=\"2c63d5f9\" data-element_type=\"widget\" data-e-type=\"widget\" data-widget_type=\"heading.default\">\n\t\t\t\t<div class=\"elementor-widget-container\">\n\t\t\t\t\t<h2 class=\"elementor-heading-title elementor-size-default\">GARANTIES DE PRIVACITAT<\/h2>\t\t\t\t<\/div>\n\t\t\t\t<\/div>\n\t\t\t\t<div class=\"elementor-element elementor-element-186224a2 elementor-widget elementor-widget-text-editor\" data-id=\"186224a2\" data-element_type=\"widget\" data-e-type=\"widget\" data-widget_type=\"text-editor.default\">\n\t\t\t\t<div class=\"elementor-widget-container\">\n\t\t\t\t\t\t\t\t\t<p>El signant garanteix la veracitat de les dades aportades i es compromet a comunicar qualsevol canvi que es produeixi en les mateixes. El Prestador, mitjan\u00e7ant asterisc (*) en les caselles corresponents del formulari de contacte, li informa d&#8217;aquesta obligatorietat, indicant quins dades s\u00f3n necessaris.<\/p>\n<p>Mitjan\u00e7ant la indicaci\u00f3 i introducci\u00f3 de les dades, l&#8217;Usuari atorga el consentiment inequ\u00edvoc a LA PERFUMERIA CAFE CAFE S.L. perqu\u00e8 procedeixi al tractament de les dades facilitades en pro de les finalitats esmentades. No facilitar les dades personals sol\u00b7licitades o no acceptar la present pol\u00edtica de protecci\u00f3 de dades suposa la impossibilitat de subscriure&#8217;s, registrar-se o rebre informaci\u00f3 dels productes i serveis.<\/p>\n<p>D&#8217;acord amb el que disposen les normatives vigents en protecci\u00f3 de dades personals. El Prestador est\u00e0 complint amb totes les disposicions de les normatives RGPD i LOPD per al tractament de les dades personals de la seva responsabilitat. I manifestament amb els principis descrits a l&#8217;art. 5 del RGPD i a l&#8217;art. 4 de la LOPD. Per als quals s\u00f3n tractats de manera l\u00edcita, lleial i transparent en relaci\u00f3 amb l&#8217;interessat i adequats, pertinents i limitats al que \u00e9s necessari en relaci\u00f3 amb els fins pels quals s\u00f3n tractats. El RESPONSABLE garanteix que ha implementat pol\u00edtiques t\u00e8cniques i organitzatives apropiades per aplicar les mesures de seguretat que estableixen el RGPD i la LOPD per protegir els drets i llibertats dels Usuaris. <\/p>\n\t\t\t\t\t\t\t\t<\/div>\n\t\t\t\t<\/div>\n\t\t\t\t<div class=\"elementor-element elementor-element-2f3235ba elementor-widget elementor-widget-heading\" data-id=\"2f3235ba\" data-element_type=\"widget\" data-e-type=\"widget\" data-widget_type=\"heading.default\">\n\t\t\t\t<div class=\"elementor-widget-container\">\n\t\t\t\t\t<h3 class=\"elementor-heading-title elementor-size-default\">IDENTITAT DEL RESPONSABLE<\/h3>\t\t\t\t<\/div>\n\t\t\t\t<\/div>\n\t\t\t\t<div class=\"elementor-element elementor-element-73c8cfa6 elementor-widget elementor-widget-text-editor\" data-id=\"73c8cfa6\" data-element_type=\"widget\" data-e-type=\"widget\" data-widget_type=\"text-editor.default\">\n\t\t\t\t<div class=\"elementor-widget-container\">\n\t\t\t\t\t\t\t\t\t<p>Nom comercial: Sensorial Coffee Roasters<br \/>Domicili: C\/ Llull 199 Baixos<br \/>CP: 08005 &#8211; Barcelona <br \/>CIF: B67677823<br \/>Tel\u00e8fon de contacte: +34633492236<br \/>Email: <a href=\"mailto:info@sensorial.coffee\">info@sensorial.coffee<\/a>.<\/p>\n\t\t\t\t\t\t\t\t<\/div>\n\t\t\t\t<\/div>\n\t\t\t\t<div class=\"elementor-element elementor-element-162c6e01 elementor-widget elementor-widget-heading\" data-id=\"162c6e01\" data-element_type=\"widget\" data-e-type=\"widget\" data-widget_type=\"heading.default\">\n\t\t\t\t<div class=\"elementor-widget-container\">\n\t\t\t\t\t<h3 class=\"elementor-heading-title elementor-size-default\">CONFIDENCIALITAT I CESSI\u00d3 DE DADES A TERCERS<\/h3>\t\t\t\t<\/div>\n\t\t\t\t<\/div>\n\t\t\t\t<div class=\"elementor-element elementor-element-2178dc54 elementor-widget elementor-widget-text-editor\" data-id=\"2178dc54\" data-element_type=\"widget\" data-e-type=\"widget\" data-widget_type=\"text-editor.default\">\n\t\t\t\t<div class=\"elementor-widget-container\">\n\t\t\t\t\t\t\t\t\t<p>Les dades que ens faciliti seran tractades de forma confidencial. El Prestador ha adoptat totes les mesures t\u00e8cniques i organitzatives i tots els nivells de protecci\u00f3 necessaris per garantir la seguretat en el tractament de les dades i evitar-ne l&#8217;alteraci\u00f3, p\u00e8rdua, robatori, tractament o acc\u00e9s no autoritzat, d&#8217;acord amb l&#8217;estat de la tecnologia i naturalesa de les dades emmagatzemades. Aix\u00ed mateix, es garanteix tamb\u00e9 que el tractament i registre en fitxers, programes, sistemes o equips, locals i centres compleixen amb els requisits i condicions d&#8217;integritat i seguretat establerts en la normativa vigent.&nbsp;<\/p>\n<p>LA PERFUMERIA CAFE CAFE S.L no cedir\u00e0 les dades personals a tercers, excepte per obligaci\u00f3 legal. No obstant aix\u00f2, en el cas de ser cedits a algun tercer es produiria una informaci\u00f3 pr\u00e8via sol\u00b7licitant el consentiment expr\u00e9s per a aquesta cessi\u00f3. La entitat responsable de la base de dades, aix\u00ed com els qui intervinguin en qualsevol fase del tractament i\/o les entitats a qui se&#8217;ls hagi comunicat, en tot cas sempre amb la corresponent autoritzaci\u00f3 atorgada per l&#8217;usuari.&nbsp;<\/p>\n<p>Estan obligades a observar el secret professional i a l&#8217;adopci\u00f3 dels nivells de protecci\u00f3 i les mesures t\u00e8cniques i organitzatives necess\u00e0ries al seu abast per garantir la seguretat de les dades de car\u00e0cter personal. Evitant, dins del possible, accessos no autoritzats, modificacions il\u00b7l\u00edcites, substraccions i\/o la p\u00e8rdua de les dades. Amb l&#8217;objectiu de procurar el corresponent nivell de seguretat dels fitxers del Prestador, segons la naturalesa i sensibilitat de les dades facilitades pels usuaris del present lloc web.<\/p>\t\t\t\t\t\t\t\t<\/div>\n\t\t\t\t<\/div>\n\t\t\t\t<div class=\"elementor-element elementor-element-8d28ce6 elementor-widget elementor-widget-heading\" data-id=\"8d28ce6\" data-element_type=\"widget\" data-e-type=\"widget\" data-widget_type=\"heading.default\">\n\t\t\t\t<div class=\"elementor-widget-container\">\n\t\t\t\t\t<h3 class=\"elementor-heading-title elementor-size-default\">EXACTITUT I VERACITAT DE LES DADES<\/h3>\t\t\t\t<\/div>\n\t\t\t\t<\/div>\n\t\t\t\t<div class=\"elementor-element elementor-element-6e0068ae elementor-widget elementor-widget-text-editor\" data-id=\"6e0068ae\" data-element_type=\"widget\" data-e-type=\"widget\" data-widget_type=\"text-editor.default\">\n\t\t\t\t<div class=\"elementor-widget-container\">\n\t\t\t\t\t\t\t\t\t<p>L&#8217;Usuari declara haver estat informat de les condicions sobre protecci\u00f3 de dades de car\u00e0cter personal, acceptant i consentint el tractament automatitzat dels mateixos per part de LA PERFUMERIA CAFE CAFE S.L. en la forma i per a les finalitats indicades en la present Pol\u00edtica de Protecci\u00f3 de Dades Personals. A trav\u00e9s d&#8217;aquesta Pol\u00edtica de Privacitat li informem que les fotografies que estiguin penjades al web s\u00f3n propietat de LA PERFUMERIA CAFE CAFE S.L. Incloent les dels menors, en les quals, per a l&#8217;obtenci\u00f3 d&#8217;aquestes, s&#8217;ha obtingut el consentiment previ dels pares, tutors o representants legals mitjan\u00e7ant la signatura dels formularis realitzats a l&#8217;efecte pels centres en els quals els menors formen part.&nbsp;<\/p>\n<p>No obstant aix\u00f2, els pares, tutors o representants dels menors, com a titulars de l&#8217;exercici dels drets d&#8217;aquests, i sempre previ requeriment formal per escrit. Poden indicar la negativa al \u00fas de la imatge del menor; en aquest cas, la imatge es mostrar\u00e0 pixel\u00b7lada.<\/p><p><span style=\"font-family: Nunito, sans-serif;\">L&#8217;usuari \u00e9s l&#8217;\u00fanic responsable de la veracitat i correcci\u00f3 de les dades que remeti a LA PERFUMERIA CAFE CAFE S.L., exonerant al Prestador de qualsevol responsabilitat en aquest sentit. Els usuaris garanteixen i responen, en qualsevol cas, de l&#8217;exactitud, vig\u00e8ncia i autenticitat de les dades personals facilitades, i es comprometen a mantenir-les degudament actualitzades. L&#8217;usuari accepta proporcionar informaci\u00f3 completa i correcta en el formulari de registre o subscripci\u00f3.<\/span><br><\/p>\t\t\t\t\t\t\t\t<\/div>\n\t\t\t\t<\/div>\n\t\t\t\t<div class=\"elementor-element elementor-element-dc13a8 elementor-widget elementor-widget-heading\" data-id=\"dc13a8\" data-element_type=\"widget\" data-e-type=\"widget\" data-widget_type=\"heading.default\">\n\t\t\t\t<div class=\"elementor-widget-container\">\n\t\t\t\t\t<h3 class=\"elementor-heading-title elementor-size-default\">CONTINGUT DE LA WEB I ENLLA\u00c7OS (LINKS)<\/h3>\t\t\t\t<\/div>\n\t\t\t\t<\/div>\n\t\t\t\t<div class=\"elementor-element elementor-element-9ea51b2 elementor-widget elementor-widget-text-editor\" data-id=\"9ea51b2\" data-element_type=\"widget\" data-e-type=\"widget\" data-widget_type=\"text-editor.default\">\n\t\t\t\t<div class=\"elementor-widget-container\">\n\t\t\t\t\t\t\t\t\t<p>LA PERFUMERIA CAFE CAFE S.L. es reserva el dret a actualitzar, modificar o eliminar la informaci\u00f3 continguda al web, podent, fins i tot, limitar o no permetre l&#8217;acc\u00e9s a la informaci\u00f3. LA PERFUMERIA CAFE CAFE S.L. no assumeix cap tipus de responsabilitat per la informaci\u00f3 continguda en els llocs web de tercers als quals es pugui accedir a trav\u00e9s de &#8220;links&#8221; o enlla\u00e7os des de qualsevol p\u00e0gina web propietat del Prestador. La pres\u00e8ncia de &#8220;links&#8221; o enlla\u00e7os t\u00e9 \u00fanicament finalitat informativa i en cap cas suposa cap suggeriment, invitaci\u00f3 o reconeixement sobre els mateixos.<\/p>\n\t\t\t\t\t\t\t\t<\/div>\n\t\t\t\t<\/div>\n\t\t\t\t<div class=\"elementor-element elementor-element-4d0459fb elementor-widget elementor-widget-heading\" data-id=\"4d0459fb\" data-element_type=\"widget\" data-e-type=\"widget\" data-widget_type=\"heading.default\">\n\t\t\t\t<div class=\"elementor-widget-container\">\n\t\t\t\t\t<h3 class=\"elementor-heading-title elementor-size-default\">SUBMISSI\u00d3 DEL CV<\/h3>\t\t\t\t<\/div>\n\t\t\t\t<\/div>\n\t\t\t\t<div class=\"elementor-element elementor-element-610f0c1a elementor-widget elementor-widget-text-editor\" data-id=\"610f0c1a\" data-element_type=\"widget\" data-e-type=\"widget\" data-widget_type=\"text-editor.default\">\n\t\t\t\t<div class=\"elementor-widget-container\">\n\t\t\t\t\t\t\t\t\t<p>En cas que l&#8217;usuari envi\u00ef el seu curr\u00edculum vitae a trav\u00e9s del nostre lloc web, l&#8217;informem que les dades proporcionades seran tractades per fer-lo part\u00edcip en els processos de selecci\u00f3 que pugui haver-hi. Realitzant una an\u00e0lisi del perfil del sol\u00b7licitant amb l&#8217;objectiu de seleccionar el millor candidat per al lloc vacant del Responsable. Us informem que aquest \u00e9s l&#8217;\u00fanic procediment oficial per acceptar el vostre curr\u00edculum. D&#8217;aquesta manera, no s&#8217;acceptaran els curr\u00edculums enviats per un procediment diferent. En cas que es produeixi alguna modificaci\u00f3 en les dades, li preguem ens ho comuniqui per escrit, amb l&#8217;objectiu de mantenir les seves dades degudament actualitzades.&nbsp;<\/p>\n<p>Les dades es conservaran durant un termini m\u00e0xim d&#8217;un any, transcorregut el qual es procedir\u00e0 a la supressi\u00f3 de les dades, garantint-li total respecte a la confidencialitat tant en el tractament com en la seva posterior destrucci\u00f3. En aquest sentit, transcorregut el mencionat termini, i si desitja continuar participant en els processos de selecci\u00f3 del Responsable, li preguem ens remeti de nou el seu curr\u00edculum.&nbsp;<\/p>\n<p>Les dades es podran tractar i\/o comunicar a les empreses integrants del nostre grup durant el temps de conservaci\u00f3 del seu curr\u00edculum i pels mateixos fins abans informat. Per tant, no es garanteix la privadesa d&#8217;aquests.<\/p>\t\t\t\t\t\t\t\t<\/div>\n\t\t\t\t<\/div>\n\t\t\t\t<div class=\"elementor-element elementor-element-3982be7b elementor-widget elementor-widget-heading\" data-id=\"3982be7b\" data-element_type=\"widget\" data-e-type=\"widget\" data-widget_type=\"heading.default\">\n\t\t\t\t<div class=\"elementor-widget-container\">\n\t\t\t\t\t<h3 class=\"elementor-heading-title elementor-size-default\">SUBSCRIPCI\u00d3 A LES NEWSLETTERS\" <\/h3>\t\t\t\t<\/div>\n\t\t\t\t<\/div>\n\t\t\t\t<div class=\"elementor-element elementor-element-2923e2bc elementor-widget elementor-widget-text-editor\" data-id=\"2923e2bc\" data-element_type=\"widget\" data-e-type=\"widget\" data-widget_type=\"text-editor.default\">\n\t\t\t\t<div class=\"elementor-widget-container\">\n\t\t\t\t\t\t\t\t\t<p>En cas que l&#8217;usuari es subscrigui, l&#8217;informem que les dades proporcionades seran tractades per gestionar la seva subscripci\u00f3 amb av\u00eds d&#8217;actualitzaci\u00f3 i que es conservaran mentre hi hagi un inter\u00e8s mutu per mantenir la finalitat del tractament. Quan ja no sigui necessari per a aquesta finalitat, s&#8217;eliminaran amb mesures de seguretat adequades per garantir la seudonimitzaci\u00f3 de les dades o la destrucci\u00f3 total de les mateixes. No es comunicaran les dades a tercers, excepte obligaci\u00f3 legal. Procurant mantenir la privadesa d&#8217;aquests.<\/p>\n\t\t\t\t\t\t\t\t<\/div>\n\t\t\t\t<\/div>\n\t\t\t\t<div class=\"elementor-element elementor-element-124bdfd9 elementor-widget elementor-widget-heading\" data-id=\"124bdfd9\" data-element_type=\"widget\" data-e-type=\"widget\" data-widget_type=\"heading.default\">\n\t\t\t\t<div class=\"elementor-widget-container\">\n\t\t\t\t\t<h3 class=\"elementor-heading-title elementor-size-default\">PUBLICACI\u00d3 DEL SEU TESTIMONI<\/h3>\t\t\t\t<\/div>\n\t\t\t\t<\/div>\n\t\t\t\t<div class=\"elementor-element elementor-element-38370b2f elementor-widget elementor-widget-text-editor\" data-id=\"38370b2f\" data-element_type=\"widget\" data-e-type=\"widget\" data-widget_type=\"text-editor.default\">\n\t\t\t\t<div class=\"elementor-widget-container\">\n\t\t\t\t\t\t\t\t\t<p>En cas que l&#8217;usuari vulgui publicar la seva opini\u00f3 al web, l&#8217;informem que les dades proporcionades seran tractades per atendre les sugger\u00e8ncies proposades, experi\u00e8ncies o opinions. Totes respecte als productes i\/o serveis per ser publicades a la p\u00e0gina web i aix\u00ed poder ajudar a altres usuaris. Les dades es conservaran mentre hi hagi un inter\u00e8s mutu per mantenir la finalitat del tractament i quan ja no sigui necessari per a aquesta finalitat. I es suprimiran amb mesures de seguretat adequades per garantir la pseudonimitzaci\u00f3 de les dades o la destrucci\u00f3 total de les mateixes. Les opinions seran publicades al nostre lloc web. L&#8217;\u00fanic dada personal que es publicar\u00e0 del testimoni ser\u00e0 el seu nom, mentre que les altres es mantindran en privadesa.<\/p>\n\t\t\t\t\t\t\t\t<\/div>\n\t\t\t\t<\/div>\n\t\t\t\t<div class=\"elementor-element elementor-element-36539a21 elementor-widget elementor-widget-heading\" data-id=\"36539a21\" data-element_type=\"widget\" data-e-type=\"widget\" data-widget_type=\"heading.default\">\n\t\t\t\t<div class=\"elementor-widget-container\">\n\t\t\t\t\t<h3 class=\"elementor-heading-title elementor-size-default\">CANVIS EN LA PRESENT POL\u00cdTICA DE PRIVACITAT<\/h3>\t\t\t\t<\/div>\n\t\t\t\t<\/div>\n\t\t\t\t<div class=\"elementor-element elementor-element-435d7b63 elementor-widget elementor-widget-text-editor\" data-id=\"435d7b63\" data-element_type=\"widget\" data-e-type=\"widget\" data-widget_type=\"text-editor.default\">\n\t\t\t\t<div class=\"elementor-widget-container\">\n\t\t\t\t\t\t\t\t\t<p>LA PERFUMERIA CAFE CAFE S.L. es reserva el dret a modificar la present pol\u00edtica per adaptar-la a novetats legislatives o jurisprudencials.<\/p>\n<p>T\u00e9 dret a retirar el consentiment prestat en qualsevol moment. La retirada del consentiment no afectar\u00e0 a la licitud del tractament realitzat abans de la retirada del consentiment. Tamb\u00e9 t\u00e9 dret a presentar una reclamaci\u00f3 davant l&#8217;autoritat de control si considera que els seus drets en relaci\u00f3 amb la protecci\u00f3 de les seves dades podrien haver estat vulnerats (agpd.es). D&#8217;acord amb la normativa, li informem que t\u00e9 dret a sol\u00b7licitar l&#8217;acc\u00e9s, la rectificaci\u00f3, la portabilitat i la supressi\u00f3 de les seves dades, aix\u00ed com la limitaci\u00f3 i l&#8217;oposici\u00f3 al seu tractament, dirigint-se a C\/ Pla\u00e7a Pau Vila N\u00ba1 2B, Barcelona o enviant un correu a <a href=\"mailto:shop@sensorial.coffee\">shop@sensorial.coffee<\/a><span style=\"color: var( --e-global-color-text ); background-color: var(--ast-global-color-5);\">.<\/span><\/p>\n\t\t\t\t\t\t\t\t<\/div>\n\t\t\t\t<\/div>\n\t\t\t\t<div class=\"elementor-element elementor-element-20c85194 elementor-widget elementor-widget-heading\" data-id=\"20c85194\" data-element_type=\"widget\" data-e-type=\"widget\" data-widget_type=\"heading.default\">\n\t\t\t\t<div class=\"elementor-widget-container\">\n\t\t\t\t\t<h3 class=\"elementor-heading-title elementor-size-default\">CORREUS COMERCIALS<\/h3>\t\t\t\t<\/div>\n\t\t\t\t<\/div>\n\t\t\t\t<div class=\"elementor-element elementor-element-1e64b762 elementor-widget elementor-widget-text-editor\" data-id=\"1e64b762\" data-element_type=\"widget\" data-e-type=\"widget\" data-widget_type=\"text-editor.default\">\n\t\t\t\t<div class=\"elementor-widget-container\">\n\t\t\t\t\t\t\t\t\t<p>Conforme a la LSSICE, LA PERFUMERIA CAFE CAFE S.L. no realitza pr\u00e0ctiques de SPAM. Per tant, no envia correus comercials per correu electr\u00f2nic que no hagin estat pr\u00e8viament sol\u00b7licitats o autoritzats per l&#8217;Usuari. En conseq\u00fc\u00e8ncia, en cadascun dels formularis de la Web, l&#8217;Usuari t\u00e9 la possibilitat de donar el seu consentiment expr\u00e9s per rebre el nostre Butllet\u00ed, independentment de la informaci\u00f3 comercial sol\u00b7licitada puntualment.<\/p>\n\t\t\t\t\t\t\t\t<\/div>\n\t\t\t\t<\/div>\n\t\t\t\t<div class=\"elementor-element elementor-element-2be70131 elementor-widget elementor-widget-heading\" data-id=\"2be70131\" data-element_type=\"widget\" data-e-type=\"widget\" data-widget_type=\"heading.default\">\n\t\t\t\t<div class=\"elementor-widget-container\">\n\t\t\t\t\t<h3 class=\"elementor-heading-title elementor-size-default\">LEGISLACI\u00d3<\/h3>\t\t\t\t<\/div>\n\t\t\t\t<\/div>\n\t\t\t\t<div class=\"elementor-element elementor-element-16b50a44 elementor-widget elementor-widget-text-editor\" data-id=\"16b50a44\" data-element_type=\"widget\" data-e-type=\"widget\" data-widget_type=\"text-editor.default\">\n\t\t\t\t<div class=\"elementor-widget-container\">\n\t\t\t\t\t\t\t\t\t<p>A tots els efectes, les relacions entre LA PERFUMERIA CAFE CAFE S.L. i els Usuaris dels seus serveis telem\u00e0tics estan subjectes a la legislaci\u00f3 i jurisdicci\u00f3 espanyola, a la qual les parts sotmeten expressament. S\u00f3n competents per a la resoluci\u00f3 de tots els conflictes derivats o relacionats amb el seu \u00fas els Jutjats i Tribunals de Barcelona.<\/p>\n<p><em>\u00daltima actualizaci\u00f3: 7 de Febrer de 2024.<\/em><\/p>\n\t\t\t\t\t\t\t\t<\/div>\n\t\t\t\t<\/div>\n\t\t\t\t\t<\/div>\n\t\t<\/div>\n\t\t\t\t\t<\/div>\n\t\t<\/section>\n\t\t\t\t<\/div>\n\t\t","protected":false},"excerpt":{"rendered":"<p>Pol\u00edtica de Privacitat i Av\u00eds Legal El primer punt de la nostra Pol\u00edtica de Privadesa \u00e9s informar que aquest lloc web \u00e9s propietat de LA PERFUMERIA CAFE CAFE S.L., d&#8217;ara endavant el Prestador. Com a responsable del present lloc web, estem en conformitat amb la normativa vigent en mat\u00e8ria de protecci\u00f3 de dades personals. A [&hellip;]<\/p>\n","protected":false},"author":1,"featured_media":0,"parent":0,"menu_order":0,"comment_status":"closed","ping_status":"closed","template":"","meta":{"site-sidebar-layout":"default","site-content-layout":"","ast-site-content-layout":"default","site-content-style":"default","site-sidebar-style":"default","ast-global-header-display":"","ast-banner-title-visibility":"","ast-main-header-display":"","ast-hfb-above-header-display":"","ast-hfb-below-header-display":"","ast-hfb-mobile-header-display":"","site-post-title":"","ast-breadcrumbs-content":"","ast-featured-img":"","footer-sml-layout":"","ast-disable-related-posts":"","theme-transparent-header-meta":"","adv-header-id-meta":"","stick-header-meta":"","header-above-stick-meta":"","header-main-stick-meta":"","header-below-stick-meta":"","astra-migrate-meta-layouts":"default","ast-page-background-enabled":"default","ast-page-background-meta":{"desktop":{"background-color":"var(--ast-global-color-4)","background-image":"","background-repeat":"repeat","background-position":"center center","background-size":"auto","background-attachment":"scroll","background-type":"","background-media":"","overlay-type":"","overlay-color":"","overlay-opacity":"","overlay-gradient":""},"tablet":{"background-color":"","background-image":"","background-repeat":"repeat","background-position":"center center","background-size":"auto","background-attachment":"scroll","background-type":"","background-media":"","overlay-type":"","overlay-color":"","overlay-opacity":"","overlay-gradient":""},"mobile":{"background-color":"","background-image":"","background-repeat":"repeat","background-position":"center center","background-size":"auto","background-attachment":"scroll","background-type":"","background-media":"","overlay-type":"","overlay-color":"","overlay-opacity":"","overlay-gradient":""}},"ast-content-background-meta":{"desktop":{"background-color":"var(--ast-global-color-5)","background-image":"","background-repeat":"repeat","background-position":"center center","background-size":"auto","background-attachment":"scroll","background-type":"","background-media":"","overlay-type":"","overlay-color":"","overlay-opacity":"","overlay-gradient":""},"tablet":{"background-color":"var(--ast-global-color-5)","background-image":"","background-repeat":"repeat","background-position":"center center","background-size":"auto","background-attachment":"scroll","background-type":"","background-media":"","overlay-type":"","overlay-color":"","overlay-opacity":"","overlay-gradient":""},"mobile":{"background-color":"var(--ast-global-color-5)","background-image":"","background-repeat":"repeat","background-position":"center center","background-size":"auto","background-attachment":"scroll","background-type":"","background-media":"","overlay-type":"","overlay-color":"","overlay-opacity":"","overlay-gradient":""}},"footnotes":""},"class_list":["post-13931","page","type-page","status-publish","hentry"],"_links":{"self":[{"href":"https:\/\/sensorial.coffee\/ca\/wp-json\/wp\/v2\/pages\/13931","targetHints":{"allow":["GET"]}}],"collection":[{"href":"https:\/\/sensorial.coffee\/ca\/wp-json\/wp\/v2\/pages"}],"about":[{"href":"https:\/\/sensorial.coffee\/ca\/wp-json\/wp\/v2\/types\/page"}],"author":[{"embeddable":true,"href":"https:\/\/sensorial.coffee\/ca\/wp-json\/wp\/v2\/users\/1"}],"replies":[{"embeddable":true,"href":"https:\/\/sensorial.coffee\/ca\/wp-json\/wp\/v2\/comments?post=13931"}],"version-history":[{"count":2,"href":"https:\/\/sensorial.coffee\/ca\/wp-json\/wp\/v2\/pages\/13931\/revisions"}],"predecessor-version":[{"id":19332,"href":"https:\/\/sensorial.coffee\/ca\/wp-json\/wp\/v2\/pages\/13931\/revisions\/19332"}],"wp:attachment":[{"href":"https:\/\/sensorial.coffee\/ca\/wp-json\/wp\/v2\/media?parent=13931"}],"curies":[{"name":"wp","href":"https:\/\/api.w.org\/{rel}","templated":true}]}}