{"id":24540,"date":"2025-04-01T19:16:33","date_gmt":"2025-04-01T18:16:33","guid":{"rendered":"https:\/\/sensorial.coffee\/el-salvador\/san-carlos-estate\/"},"modified":"2025-08-27T07:59:29","modified_gmt":"2025-08-27T06:59:29","slug":"san-carlos-estate","status":"publish","type":"page","link":"https:\/\/sensorial.coffee\/ca\/el-salvador\/san-carlos-estate\/","title":{"rendered":"San Carlos Estate"},"content":{"rendered":"\t\t<div data-elementor-type=\"wp-page\" data-elementor-id=\"24540\" class=\"elementor elementor-24540 elementor-23123\" data-elementor-post-type=\"page\">\n\t\t\t\t\t\t<section class=\"elementor-section elementor-top-section elementor-element elementor-element-465bdf06 elementor-section-boxed elementor-section-height-default elementor-section-height-default\" data-id=\"465bdf06\" data-element_type=\"section\" data-e-type=\"section\" data-settings=\"{&quot;background_background&quot;:&quot;classic&quot;}\">\n\t\t\t\t\t\t<div class=\"elementor-container elementor-column-gap-default\">\n\t\t\t\t\t<div class=\"elementor-column elementor-col-100 elementor-top-column elementor-element elementor-element-4d2b1a68\" data-id=\"4d2b1a68\" data-element_type=\"column\" data-e-type=\"column\">\n\t\t\t<div class=\"elementor-widget-wrap elementor-element-populated\">\n\t\t\t\t\t\t<div class=\"elementor-element elementor-element-45e147b5 elementor-widget elementor-widget-heading\" data-id=\"45e147b5\" data-element_type=\"widget\" data-e-type=\"widget\" data-widget_type=\"heading.default\">\n\t\t\t\t<div class=\"elementor-widget-container\">\n\t\t\t\t\t<h2 class=\"elementor-heading-title elementor-size-default\">San Carlos Estate<\/h2>\t\t\t\t<\/div>\n\t\t\t\t<\/div>\n\t\t\t\t<div class=\"elementor-element elementor-element-fdd417f elementor-widget elementor-widget-text-editor\" data-id=\"fdd417f\" data-element_type=\"widget\" data-e-type=\"widget\" data-widget_type=\"text-editor.default\">\n\t\t\t\t<div class=\"elementor-widget-container\">\n\t\t\t\t\t\t\t\t\t<p>El Salvador &#8211; Central Valley &#8211; 1420 Mts.<\/p>\t\t\t\t\t\t\t\t<\/div>\n\t\t\t\t<\/div>\n\t\t\t\t\t<\/div>\n\t\t<\/div>\n\t\t\t\t\t<\/div>\n\t\t<\/section>\n\t\t\t\t<section class=\"elementor-section elementor-top-section elementor-element elementor-element-42156a7b elementor-section-full_width elementor-section-height-default elementor-section-height-default\" data-id=\"42156a7b\" data-element_type=\"section\" data-e-type=\"section\">\n\t\t\t\t\t\t<div class=\"elementor-container elementor-column-gap-no\">\n\t\t\t\t\t<div class=\"elementor-column elementor-col-100 elementor-top-column elementor-element elementor-element-52583e48\" data-id=\"52583e48\" data-element_type=\"column\" data-e-type=\"column\">\n\t\t\t<div class=\"elementor-widget-wrap elementor-element-populated\">\n\t\t\t\t\t\t<div class=\"elementor-element elementor-element-6e1b7433 elementor-widget elementor-widget-image\" data-id=\"6e1b7433\" data-element_type=\"widget\" data-e-type=\"widget\" data-widget_type=\"image.default\">\n\t\t\t\t<div class=\"elementor-widget-container\">\n\t\t\t\t\t\t\t\t\t\t\t\t\t\t\t<img fetchpriority=\"high\" decoding=\"async\" width=\"2160\" height=\"85\" src=\"https:\/\/sensorial.coffee\/wp-content\/uploads\/2023\/11\/ilustraciones-sensorial.jpg\" class=\"attachment-full size-full wp-image-13921\" alt=\"\" srcset=\"https:\/\/sensorial.coffee\/wp-content\/uploads\/2023\/11\/ilustraciones-sensorial.jpg 2160w, https:\/\/sensorial.coffee\/wp-content\/uploads\/2023\/11\/ilustraciones-sensorial-500x20.jpg 500w, https:\/\/sensorial.coffee\/wp-content\/uploads\/2023\/11\/ilustraciones-sensorial-300x12.jpg 300w, https:\/\/sensorial.coffee\/wp-content\/uploads\/2023\/11\/ilustraciones-sensorial-1024x40.jpg 1024w, https:\/\/sensorial.coffee\/wp-content\/uploads\/2023\/11\/ilustraciones-sensorial-768x30.jpg 768w, https:\/\/sensorial.coffee\/wp-content\/uploads\/2023\/11\/ilustraciones-sensorial-1536x60.jpg 1536w, https:\/\/sensorial.coffee\/wp-content\/uploads\/2023\/11\/ilustraciones-sensorial-2048x81.jpg 2048w\" sizes=\"(max-width: 2160px) 100vw, 2160px\" \/>\t\t\t\t\t\t\t\t\t\t\t\t\t\t\t<\/div>\n\t\t\t\t<\/div>\n\t\t\t\t\t<\/div>\n\t\t<\/div>\n\t\t\t\t\t<\/div>\n\t\t<\/section>\n\t\t\t\t<section class=\"elementor-section elementor-top-section elementor-element elementor-element-14010822 elementor-section-full_width elementor-section-height-default elementor-section-height-default\" data-id=\"14010822\" data-element_type=\"section\" data-e-type=\"section\" data-settings=\"{&quot;background_background&quot;:&quot;classic&quot;}\">\n\t\t\t\t\t\t<div class=\"elementor-container elementor-column-gap-no\">\n\t\t\t\t\t<div class=\"elementor-column elementor-col-50 elementor-top-column elementor-element elementor-element-5a2f9c6a\" data-id=\"5a2f9c6a\" data-element_type=\"column\" data-e-type=\"column\">\n\t\t\t<div class=\"elementor-widget-wrap elementor-element-populated\">\n\t\t\t\t\t\t<section class=\"elementor-section elementor-inner-section elementor-element elementor-element-11fe04ec elementor-section-boxed elementor-section-height-default elementor-section-height-default\" data-id=\"11fe04ec\" data-element_type=\"section\" data-e-type=\"section\">\n\t\t\t\t\t\t<div class=\"elementor-container elementor-column-gap-default\">\n\t\t\t\t\t<div class=\"elementor-column elementor-col-100 elementor-inner-column elementor-element elementor-element-5a919d2d\" data-id=\"5a919d2d\" data-element_type=\"column\" data-e-type=\"column\">\n\t\t\t<div class=\"elementor-widget-wrap elementor-element-populated\">\n\t\t\t\t\t\t<div class=\"elementor-element elementor-element-34e587f2 elementor-widget elementor-widget-heading\" data-id=\"34e587f2\" data-element_type=\"widget\" data-e-type=\"widget\" data-widget_type=\"heading.default\">\n\t\t\t\t<div class=\"elementor-widget-container\">\n\t\t\t\t\t<h2 class=\"elementor-heading-title elementor-size-default\">Historia de <br><b>San Carlos Estate<\/b><\/h2>\t\t\t\t<\/div>\n\t\t\t\t<\/div>\n\t\t\t\t<div class=\"elementor-element elementor-element-523e507 elementor-widget elementor-widget-text-editor\" data-id=\"523e507\" data-element_type=\"widget\" data-e-type=\"widget\" data-widget_type=\"text-editor.default\">\n\t\t\t\t<div class=\"elementor-widget-container\">\n\t\t\t\t\t\t\t\t\t<p>La finca de caf\u00e8 Sant Carles Estate va anar la primera adquisici\u00f3 de Maurici Borgonovo en 1950, on va comen\u00e7ar el projecte Borgonovo Pohl despr\u00e9s de diversos anys com a pesador en un benefici de caf\u00e8. Borgonovo Pohl \u00e9s una empresa familiar de tercera generaci\u00f3 que es dedica a processar i exportar caf\u00e8 d&#8217;alta qualitat a El Salvador. Amb m\u00e9s de 50 anys d&#8217;experi\u00e8ncia, la nova generaci\u00f3 continua amb orgull la tradici\u00f3 de comprom\u00eds amb la qualitat, enfocant-se tamb\u00e9 en la sostenibilitat social i ambiental. La Finca Sant Carles \u00e9s un exemple destacat de la tradici\u00f3 cafetalera salvadorenca, combinant pr\u00e0ctiques agr\u00edcoles sostenibles amb una producci\u00f3 de caf\u00e8 d&#8217;excel\u00b7l\u00e8ncia reconeguda a nivell internacional.\u200b   <\/p>\t\t\t\t\t\t\t\t<\/div>\n\t\t\t\t<\/div>\n\t\t\t\t\t<\/div>\n\t\t<\/div>\n\t\t\t\t\t<\/div>\n\t\t<\/section>\n\t\t\t\t\t<\/div>\n\t\t<\/div>\n\t\t\t\t<div class=\"elementor-column elementor-col-50 elementor-top-column elementor-element elementor-element-1908ff10 elementor-hidden-tablet elementor-hidden-mobile\" data-id=\"1908ff10\" data-element_type=\"column\" data-e-type=\"column\">\n\t\t\t<div class=\"elementor-widget-wrap elementor-element-populated\">\n\t\t\t\t\t\t<div class=\"elementor-element elementor-element-521bcbdb elementor-widget-tablet__width-initial elementor-widget elementor-widget-text-editor\" data-id=\"521bcbdb\" data-element_type=\"widget\" data-e-type=\"widget\" data-widget_type=\"text-editor.default\">\n\t\t\t\t<div class=\"elementor-widget-container\">\n\t\t\t\t\t\t\t\t\t<p style=\"text-align: center;\"><strong>VARIETALS<\/strong><br>Caturra-Castillo<br>Red Bourbon<br>Yellow Bourbon<\/p><p style=\"text-align: center;\"><strong>PROCESSES<\/strong><br>Classic Washed<br>Black Lime<br>Cherry Madness<\/p>\t\t\t\t\t\t\t\t<\/div>\n\t\t\t\t<\/div>\n\t\t\t\t\t<\/div>\n\t\t<\/div>\n\t\t\t\t\t<\/div>\n\t\t<\/section>\n\t\t\t\t<section class=\"elementor-section elementor-top-section elementor-element elementor-element-268f8094 elementor-hidden-desktop elementor-section-boxed elementor-section-height-default elementor-section-height-default\" data-id=\"268f8094\" data-element_type=\"section\" data-e-type=\"section\" data-settings=\"{&quot;background_background&quot;:&quot;classic&quot;}\">\n\t\t\t\t\t\t<div class=\"elementor-container elementor-column-gap-default\">\n\t\t\t\t\t<div class=\"elementor-column elementor-col-50 elementor-top-column elementor-element elementor-element-2cdd5566\" data-id=\"2cdd5566\" data-element_type=\"column\" data-e-type=\"column\">\n\t\t\t<div class=\"elementor-widget-wrap elementor-element-populated\">\n\t\t\t\t\t\t<div class=\"elementor-element elementor-element-4eb8dfb6 elementor-widget-tablet__width-initial elementor-widget elementor-widget-text-editor\" data-id=\"4eb8dfb6\" data-element_type=\"widget\" data-e-type=\"widget\" data-widget_type=\"text-editor.default\">\n\t\t\t\t<div class=\"elementor-widget-container\">\n\t\t\t\t\t\t\t\t\t<p style=\"text-align: center;\"><strong>VARIETALS<\/strong><br>Caturra-Castillo<br>Red Bourbon<br>Yellow Bourbon<\/p>\t\t\t\t\t\t\t\t<\/div>\n\t\t\t\t<\/div>\n\t\t\t\t\t<\/div>\n\t\t<\/div>\n\t\t\t\t<div class=\"elementor-column elementor-col-50 elementor-top-column elementor-element elementor-element-4f36df7c\" data-id=\"4f36df7c\" data-element_type=\"column\" data-e-type=\"column\">\n\t\t\t<div class=\"elementor-widget-wrap elementor-element-populated\">\n\t\t\t\t\t\t<div class=\"elementor-element elementor-element-c548c7 elementor-widget-tablet__width-initial elementor-widget elementor-widget-text-editor\" data-id=\"c548c7\" data-element_type=\"widget\" data-e-type=\"widget\" data-widget_type=\"text-editor.default\">\n\t\t\t\t<div class=\"elementor-widget-container\">\n\t\t\t\t\t\t\t\t\t<p style=\"text-align: center;\"><strong>PROCESSES<\/strong><br>Classic Washed<br>Black Lime<br>Cherry Madness<\/p>\t\t\t\t\t\t\t\t<\/div>\n\t\t\t\t<\/div>\n\t\t\t\t\t<\/div>\n\t\t<\/div>\n\t\t\t\t\t<\/div>\n\t\t<\/section>\n\t\t\t\t<section class=\"elementor-section elementor-top-section elementor-element elementor-element-29c6bb11 elementor-section-full_width elementor-section-height-default elementor-section-height-default\" data-id=\"29c6bb11\" data-element_type=\"section\" data-e-type=\"section\">\n\t\t\t\t\t\t<div class=\"elementor-container elementor-column-gap-no\">\n\t\t\t\t\t<div class=\"elementor-column elementor-col-33 elementor-top-column elementor-element elementor-element-174f163e\" data-id=\"174f163e\" data-element_type=\"column\" data-e-type=\"column\">\n\t\t\t<div class=\"elementor-widget-wrap elementor-element-populated\">\n\t\t\t\t\t\t<div class=\"elementor-element elementor-element-94f6aaa elementor-widget elementor-widget-image\" data-id=\"94f6aaa\" data-element_type=\"widget\" data-e-type=\"widget\" data-widget_type=\"image.default\">\n\t\t\t\t<div class=\"elementor-widget-container\">\n\t\t\t\t\t\t\t\t\t\t\t\t\t\t\t<img decoding=\"async\" width=\"800\" height=\"800\" src=\"https:\/\/sensorial.coffee\/wp-content\/uploads\/2025\/04\/DSC03558.jpg\" class=\"attachment-full size-full wp-image-23128\" alt=\"san carlos estate en el salvador | finca de caf\u00e9\" srcset=\"https:\/\/sensorial.coffee\/wp-content\/uploads\/2025\/04\/DSC03558.jpg 800w, https:\/\/sensorial.coffee\/wp-content\/uploads\/2025\/04\/DSC03558-300x300.jpg 300w, https:\/\/sensorial.coffee\/wp-content\/uploads\/2025\/04\/DSC03558-150x150.jpg 150w, https:\/\/sensorial.coffee\/wp-content\/uploads\/2025\/04\/DSC03558-768x768.jpg 768w, https:\/\/sensorial.coffee\/wp-content\/uploads\/2025\/04\/DSC03558-500x500.jpg 500w, https:\/\/sensorial.coffee\/wp-content\/uploads\/2025\/04\/DSC03558-100x100.jpg 100w\" sizes=\"(max-width: 800px) 100vw, 800px\" \/>\t\t\t\t\t\t\t\t\t\t\t\t\t\t\t<\/div>\n\t\t\t\t<\/div>\n\t\t\t\t\t<\/div>\n\t\t<\/div>\n\t\t\t\t<div class=\"elementor-column elementor-col-33 elementor-top-column elementor-element elementor-element-71b5cd8\" data-id=\"71b5cd8\" data-element_type=\"column\" data-e-type=\"column\">\n\t\t\t<div class=\"elementor-widget-wrap elementor-element-populated\">\n\t\t\t\t\t\t<div class=\"elementor-element elementor-element-a9de7fa elementor-widget elementor-widget-image\" data-id=\"a9de7fa\" data-element_type=\"widget\" data-e-type=\"widget\" data-widget_type=\"image.default\">\n\t\t\t\t<div class=\"elementor-widget-container\">\n\t\t\t\t\t\t\t\t\t\t\t\t\t\t\t<img decoding=\"async\" width=\"800\" height=\"800\" src=\"https:\/\/sensorial.coffee\/wp-content\/uploads\/2025\/04\/Carlos-Borgonovo-Salvador-Partner.jpg\" class=\"attachment-full size-full wp-image-23131\" alt=\"san carlos estate en el salvador | finca de caf\u00e9\" srcset=\"https:\/\/sensorial.coffee\/wp-content\/uploads\/2025\/04\/Carlos-Borgonovo-Salvador-Partner.jpg 800w, https:\/\/sensorial.coffee\/wp-content\/uploads\/2025\/04\/Carlos-Borgonovo-Salvador-Partner-300x300.jpg 300w, https:\/\/sensorial.coffee\/wp-content\/uploads\/2025\/04\/Carlos-Borgonovo-Salvador-Partner-150x150.jpg 150w, https:\/\/sensorial.coffee\/wp-content\/uploads\/2025\/04\/Carlos-Borgonovo-Salvador-Partner-768x768.jpg 768w, https:\/\/sensorial.coffee\/wp-content\/uploads\/2025\/04\/Carlos-Borgonovo-Salvador-Partner-500x500.jpg 500w, https:\/\/sensorial.coffee\/wp-content\/uploads\/2025\/04\/Carlos-Borgonovo-Salvador-Partner-100x100.jpg 100w\" sizes=\"(max-width: 800px) 100vw, 800px\" \/>\t\t\t\t\t\t\t\t\t\t\t\t\t\t\t<\/div>\n\t\t\t\t<\/div>\n\t\t\t\t\t<\/div>\n\t\t<\/div>\n\t\t\t\t<div class=\"elementor-column elementor-col-33 elementor-top-column elementor-element elementor-element-626444c1\" data-id=\"626444c1\" data-element_type=\"column\" data-e-type=\"column\">\n\t\t\t<div class=\"elementor-widget-wrap elementor-element-populated\">\n\t\t\t\t\t\t<div class=\"elementor-element elementor-element-1886da93 elementor-widget elementor-widget-image\" data-id=\"1886da93\" data-element_type=\"widget\" data-e-type=\"widget\" data-widget_type=\"image.default\">\n\t\t\t\t<div class=\"elementor-widget-container\">\n\t\t\t\t\t\t\t\t\t\t\t\t\t\t\t<img loading=\"lazy\" decoding=\"async\" width=\"800\" height=\"800\" src=\"https:\/\/sensorial.coffee\/wp-content\/uploads\/2025\/04\/DSC03542.jpg\" class=\"attachment-full size-full wp-image-23134\" alt=\"san carlos estate en el salvador | finca de caf\u00e9\" srcset=\"https:\/\/sensorial.coffee\/wp-content\/uploads\/2025\/04\/DSC03542.jpg 800w, https:\/\/sensorial.coffee\/wp-content\/uploads\/2025\/04\/DSC03542-300x300.jpg 300w, https:\/\/sensorial.coffee\/wp-content\/uploads\/2025\/04\/DSC03542-150x150.jpg 150w, https:\/\/sensorial.coffee\/wp-content\/uploads\/2025\/04\/DSC03542-768x768.jpg 768w, https:\/\/sensorial.coffee\/wp-content\/uploads\/2025\/04\/DSC03542-500x500.jpg 500w, https:\/\/sensorial.coffee\/wp-content\/uploads\/2025\/04\/DSC03542-100x100.jpg 100w\" sizes=\"(max-width: 800px) 100vw, 800px\" \/>\t\t\t\t\t\t\t\t\t\t\t\t\t\t\t<\/div>\n\t\t\t\t<\/div>\n\t\t\t\t\t<\/div>\n\t\t<\/div>\n\t\t\t\t\t<\/div>\n\t\t<\/section>\n\t\t\t\t<section class=\"elementor-section elementor-top-section elementor-element elementor-element-6380a2ea elementor-section-boxed elementor-section-height-default elementor-section-height-default\" data-id=\"6380a2ea\" data-element_type=\"section\" data-e-type=\"section\" data-settings=\"{&quot;background_background&quot;:&quot;classic&quot;}\">\n\t\t\t\t\t\t<div class=\"elementor-container elementor-column-gap-default\">\n\t\t\t\t\t<div class=\"elementor-column elementor-col-100 elementor-top-column elementor-element elementor-element-6708c175\" data-id=\"6708c175\" data-element_type=\"column\" data-e-type=\"column\">\n\t\t\t<div class=\"elementor-widget-wrap elementor-element-populated\">\n\t\t\t\t\t\t<section class=\"elementor-section elementor-inner-section elementor-element elementor-element-76b1aee1 elementor-section-boxed elementor-section-height-default elementor-section-height-default\" data-id=\"76b1aee1\" data-element_type=\"section\" data-e-type=\"section\">\n\t\t\t\t\t\t<div class=\"elementor-container elementor-column-gap-default\">\n\t\t\t\t\t<div class=\"elementor-column elementor-col-100 elementor-inner-column elementor-element elementor-element-7ffb031b\" data-id=\"7ffb031b\" data-element_type=\"column\" data-e-type=\"column\">\n\t\t\t<div class=\"elementor-widget-wrap elementor-element-populated\">\n\t\t\t\t\t\t<div class=\"elementor-element elementor-element-20a4c7c4 elementor-widget elementor-widget-heading\" data-id=\"20a4c7c4\" data-element_type=\"widget\" data-e-type=\"widget\" data-widget_type=\"heading.default\">\n\t\t\t\t<div class=\"elementor-widget-container\">\n\t\t\t\t\t<h2 class=\"elementor-heading-title elementor-size-default\">Els nostres caf\u00e8s de San Carlos Estate<\/h2>\t\t\t\t<\/div>\n\t\t\t\t<\/div>\n\t\t\t\t\t<\/div>\n\t\t<\/div>\n\t\t\t\t\t<\/div>\n\t\t<\/section>\n\t\t\t\t<div class=\"elementor-element elementor-element-6e1f15d4 elementor-grid-mobile-2 elementor-product-loop-item--align-center elementor-grid-tablet-4 elementor-grid-4 elementor-products-grid elementor-wc-products elementor-widget elementor-widget-woocommerce-products\" data-id=\"6e1f15d4\" data-element_type=\"widget\" data-e-type=\"widget\" data-widget_type=\"woocommerce-products.default\">\n\t\t\t\t<div class=\"elementor-widget-container\">\n\t\t\t\t\t<div class=\"woocommerce columns-4 \"><ul class=\"products elementor-grid columns-4\">\n<li class=\"desktop-align-left tablet-align-left mobile-align-left product type-product post-22093 status-publish first instock product_cat-cafe-de-especialidad-para-espresso-ca product_cat-nostres-cafes product_tag-el-salvador-ca product_tag-elsalvador-shg-ca product_tag-espresso-ca product_tag-san-carlos-ca has-post-thumbnail taxable shipping-taxable purchasable product-type-variable has-default-attributes\">\n\t<a href=\"https:\/\/sensorial.coffee\/ca\/producte\/cafe-de-el-salvador-marsellesa-washed\/\" class=\"woocommerce-LoopProduct-link woocommerce-loop-product__link\"><img loading=\"lazy\" decoding=\"async\" width=\"300\" height=\"400\" src=\"https:\/\/sensorial.coffee\/wp-content\/uploads\/2025\/02\/5-300x400.jpg\" class=\"attachment-woocommerce_thumbnail size-woocommerce_thumbnail\" alt=\"caf\u00e9 de especialidad de el salvador para espresso\" srcset=\"https:\/\/sensorial.coffee\/wp-content\/uploads\/2025\/02\/5-300x400.jpg 300w, https:\/\/sensorial.coffee\/wp-content\/uploads\/2025\/02\/5-225x300.jpg 225w, https:\/\/sensorial.coffee\/wp-content\/uploads\/2025\/02\/5-768x1024.jpg 768w, https:\/\/sensorial.coffee\/wp-content\/uploads\/2025\/02\/5-1152x1536.jpg 1152w, https:\/\/sensorial.coffee\/wp-content\/uploads\/2025\/02\/5-500x667.jpg 500w, https:\/\/sensorial.coffee\/wp-content\/uploads\/2025\/02\/5.jpg 1200w\" sizes=\"(max-width: 300px) 100vw, 300px\" \/><h2 class=\"woocommerce-loop-product__title\">Caf\u00e8 de El Salvador Marsellesa \/ Washed<\/h2>\n\t<span class=\"price\"><span class=\"woocommerce-Price-amount amount\" aria-hidden=\"true\"><bdi>13,95<span class=\"woocommerce-Price-currencySymbol\">&euro;<\/span><\/bdi><\/span> <span aria-hidden=\"true\">\u2013<\/span> <span class=\"woocommerce-Price-amount amount\" aria-hidden=\"true\"><bdi>44,95<span class=\"woocommerce-Price-currencySymbol\">&euro;<\/span><\/bdi><\/span><span class=\"screen-reader-text\">Interval de preus: 13,95&euro; a 44,95&euro;<\/span> <small class=\"woocommerce-price-suffix\">IVA incl\u00f2s<\/small><\/span>\n<\/a><a href=\"https:\/\/sensorial.coffee\/ca\/producte\/cafe-de-el-salvador-marsellesa-washed\/\" data-quantity=\"1\" class=\"ast-on-card-button ast-select-options-trigger product_type_variable add_to_cart_button\" data-product_id=\"22093\" data-product_sku=\"\" aria-label=\"Selecciona opcions per a &ldquo;Caf\u00e8 de El Salvador Marsellesa \/ Washed&rdquo;\" rel=\"nofollow\"> <span class=\"ast-card-action-tooltip\"> Seleccionar <\/span> <span class=\"ahfb-svg-iconset\"> <span class=\"ast-icon icon-bag\"><svg xmlns=\"http:\/\/www.w3.org\/2000\/svg\" xmlns:xlink=\"http:\/\/www.w3.org\/1999\/xlink\" version=\"1.1\" id=\"ast-bag-icon-svg\" x=\"0px\" y=\"0px\" width=\"100\" height=\"100\" viewBox=\"826 826 140 140\" enable-background=\"new 826 826 140 140\" xml:space=\"preserve\">\n\t\t\t\t<path d=\"M960.758,934.509l2.632,23.541c0.15,1.403-0.25,2.657-1.203,3.761c-0.953,1.053-2.156,1.579-3.61,1.579H833.424  c-1.454,0-2.657-0.526-3.61-1.579c-0.952-1.104-1.354-2.357-1.203-3.761l2.632-23.541H960.758z M953.763,871.405l6.468,58.29H831.77  l6.468-58.29c0.15-1.203,0.677-2.218,1.58-3.045c0.903-0.827,1.981-1.241,3.234-1.241h19.254v9.627c0,2.658,0.94,4.927,2.82,6.807  s4.149,2.82,6.807,2.82c2.658,0,4.926-0.94,6.807-2.82s2.821-4.149,2.821-6.807v-9.627h28.882v9.627  c0,2.658,0.939,4.927,2.819,6.807c1.881,1.88,4.149,2.82,6.807,2.82s4.927-0.94,6.808-2.82c1.879-1.88,2.82-4.149,2.82-6.807v-9.627  h19.253c1.255,0,2.332,0.414,3.235,1.241C953.086,869.187,953.612,870.202,953.763,871.405z M924.881,857.492v19.254  c0,1.304-0.476,2.432-1.429,3.385s-2.08,1.429-3.385,1.429c-1.303,0-2.432-0.477-3.384-1.429c-0.953-0.953-1.43-2.081-1.43-3.385  v-19.254c0-5.315-1.881-9.853-5.641-13.613c-3.76-3.761-8.298-5.641-13.613-5.641s-9.853,1.88-13.613,5.641  c-3.761,3.76-5.641,8.298-5.641,13.613v19.254c0,1.304-0.476,2.432-1.429,3.385c-0.953,0.953-2.081,1.429-3.385,1.429  c-1.303,0-2.432-0.477-3.384-1.429c-0.953-0.953-1.429-2.081-1.429-3.385v-19.254c0-7.973,2.821-14.779,8.461-20.42  c5.641-5.641,12.448-8.461,20.42-8.461c7.973,0,14.779,2.82,20.42,8.461C922.062,842.712,924.881,849.519,924.881,857.492z\" \/>\n\t\t\t\t<\/svg><\/span> <\/span> <\/a><a href=\"https:\/\/sensorial.coffee\/ca\/producte\/cafe-de-el-salvador-marsellesa-washed\/\" aria-describedby=\"woocommerce_loop_add_to_cart_link_describedby_22093\" data-quantity=\"1\" class=\"button product_type_variable add_to_cart_button\" data-product_id=\"22093\" data-product_sku=\"\" aria-label=\"Selecciona opcions per a &ldquo;Caf\u00e8 de El Salvador Marsellesa \/ Washed&rdquo;\" rel=\"nofollow\">Seleccionar<\/a>\t<span id=\"woocommerce_loop_add_to_cart_link_describedby_22093\" class=\"screen-reader-text\">\n\t\tAquest producte t\u00e9 diverses variants. Les opcions es poden triar a la p\u00e0gina del producte\t<\/span>\n<\/li>\n<\/ul>\n<\/div>\t\t\t\t<\/div>\n\t\t\t\t<\/div>\n\t\t\t\t\t<\/div>\n\t\t<\/div>\n\t\t\t\t\t<\/div>\n\t\t<\/section>\n\t\t\t\t<\/div>\n\t\t","protected":false},"excerpt":{"rendered":"<p>San Carlos Estate El Salvador &#8211; Central Valley &#8211; 1420 Mts. Historia de San Carlos Estate La finca de caf\u00e8 Sant Carles Estate va anar la primera adquisici\u00f3 de Maurici Borgonovo en 1950, on va comen\u00e7ar el projecte Borgonovo Pohl despr\u00e9s de diversos anys com a pesador en un benefici de caf\u00e8. Borgonovo Pohl \u00e9s [&hellip;]<\/p>\n","protected":false},"author":31,"featured_media":0,"parent":24326,"menu_order":0,"comment_status":"closed","ping_status":"closed","template":"","meta":{"site-sidebar-layout":"no-sidebar","site-content-layout":"page-builder","ast-site-content-layout":"full-width-container","site-content-style":"default","site-sidebar-style":"default","ast-global-header-display":"","ast-banner-title-visibility":"","ast-main-header-display":"","ast-hfb-above-header-display":"","ast-hfb-below-header-display":"","ast-hfb-mobile-header-display":"","site-post-title":"disabled","ast-breadcrumbs-content":"","ast-featured-img":"disabled","footer-sml-layout":"","ast-disable-related-posts":"","theme-transparent-header-meta":"","adv-header-id-meta":"","stick-header-meta":"","header-above-stick-meta":"","header-main-stick-meta":"","header-below-stick-meta":"","astra-migrate-meta-layouts":"default","ast-page-background-enabled":"default","ast-page-background-meta":{"desktop":{"background-color":"var(--ast-global-color-4)","background-image":"","background-repeat":"repeat","background-position":"center center","background-size":"auto","background-attachment":"scroll","background-type":"","background-media":"","overlay-type":"","overlay-color":"","overlay-opacity":"","overlay-gradient":""},"tablet":{"background-color":"","background-image":"","background-repeat":"repeat","background-position":"center center","background-size":"auto","background-attachment":"scroll","background-type":"","background-media":"","overlay-type":"","overlay-color":"","overlay-opacity":"","overlay-gradient":""},"mobile":{"background-color":"","background-image":"","background-repeat":"repeat","background-position":"center center","background-size":"auto","background-attachment":"scroll","background-type":"","background-media":"","overlay-type":"","overlay-color":"","overlay-opacity":"","overlay-gradient":""}},"ast-content-background-meta":{"desktop":{"background-color":"var(--ast-global-color-5)","background-image":"","background-repeat":"repeat","background-position":"center center","background-size":"auto","background-attachment":"scroll","background-type":"","background-media":"","overlay-type":"","overlay-color":"","overlay-opacity":"","overlay-gradient":""},"tablet":{"background-color":"var(--ast-global-color-5)","background-image":"","background-repeat":"repeat","background-position":"center center","background-size":"auto","background-attachment":"scroll","background-type":"","background-media":"","overlay-type":"","overlay-color":"","overlay-opacity":"","overlay-gradient":""},"mobile":{"background-color":"var(--ast-global-color-5)","background-image":"","background-repeat":"repeat","background-position":"center center","background-size":"auto","background-attachment":"scroll","background-type":"","background-media":"","overlay-type":"","overlay-color":"","overlay-opacity":"","overlay-gradient":""}},"footnotes":""},"class_list":["post-24540","page","type-page","status-publish","hentry"],"_links":{"self":[{"href":"https:\/\/sensorial.coffee\/ca\/wp-json\/wp\/v2\/pages\/24540","targetHints":{"allow":["GET"]}}],"collection":[{"href":"https:\/\/sensorial.coffee\/ca\/wp-json\/wp\/v2\/pages"}],"about":[{"href":"https:\/\/sensorial.coffee\/ca\/wp-json\/wp\/v2\/types\/page"}],"author":[{"embeddable":true,"href":"https:\/\/sensorial.coffee\/ca\/wp-json\/wp\/v2\/users\/31"}],"replies":[{"embeddable":true,"href":"https:\/\/sensorial.coffee\/ca\/wp-json\/wp\/v2\/comments?post=24540"}],"version-history":[{"count":3,"href":"https:\/\/sensorial.coffee\/ca\/wp-json\/wp\/v2\/pages\/24540\/revisions"}],"predecessor-version":[{"id":24543,"href":"https:\/\/sensorial.coffee\/ca\/wp-json\/wp\/v2\/pages\/24540\/revisions\/24543"}],"up":[{"embeddable":true,"href":"https:\/\/sensorial.coffee\/ca\/wp-json\/wp\/v2\/pages\/24326"}],"wp:attachment":[{"href":"https:\/\/sensorial.coffee\/ca\/wp-json\/wp\/v2\/media?parent=24540"}],"curies":[{"name":"wp","href":"https:\/\/api.w.org\/{rel}","templated":true}]}}