{"id":28197,"date":"2025-04-01T19:58:06","date_gmt":"2025-04-01T18:58:06","guid":{"rendered":"https:\/\/sensorial.coffee\/el-salvador\/san-jose-farm\/"},"modified":"2026-04-30T16:04:35","modified_gmt":"2026-04-30T15:04:35","slug":"san-jose-farm","status":"publish","type":"page","link":"https:\/\/sensorial.coffee\/ca\/el-salvador\/san-jose-farm\/","title":{"rendered":"San Jos\u00e9 Farm"},"content":{"rendered":"\t\t<div data-elementor-type=\"wp-page\" data-elementor-id=\"28197\" class=\"elementor elementor-28197 elementor-23142\" data-elementor-post-type=\"page\">\n\t\t\t\t\t\t<section class=\"elementor-section elementor-top-section elementor-element elementor-element-1253e74 elementor-section-boxed elementor-section-height-default elementor-section-height-default\" data-id=\"1253e74\" data-element_type=\"section\" data-e-type=\"section\" data-settings=\"{&quot;background_background&quot;:&quot;classic&quot;}\">\n\t\t\t\t\t\t<div class=\"elementor-container elementor-column-gap-default\">\n\t\t\t\t\t<div class=\"elementor-column elementor-col-100 elementor-top-column elementor-element elementor-element-4116fa8\" data-id=\"4116fa8\" data-element_type=\"column\" data-e-type=\"column\">\n\t\t\t<div class=\"elementor-widget-wrap elementor-element-populated\">\n\t\t\t\t\t\t<div class=\"elementor-element elementor-element-ed28db7 elementor-widget elementor-widget-heading\" data-id=\"ed28db7\" data-element_type=\"widget\" data-e-type=\"widget\" data-widget_type=\"heading.default\">\n\t\t\t\t<div class=\"elementor-widget-container\">\n\t\t\t\t\t<h2 class=\"elementor-heading-title elementor-size-default\">San Jos\u00e9 Farm<\/h2>\t\t\t\t<\/div>\n\t\t\t\t<\/div>\n\t\t\t\t<div class=\"elementor-element elementor-element-3529b33 elementor-widget elementor-widget-text-editor\" data-id=\"3529b33\" data-element_type=\"widget\" data-e-type=\"widget\" data-widget_type=\"text-editor.default\">\n\t\t\t\t<div class=\"elementor-widget-container\">\n\t\t\t\t\t\t\t\t\t<p>El Salvador &#8211; San Salvador Volcano &#8211; 1500 Mts.<\/p>\t\t\t\t\t\t\t\t<\/div>\n\t\t\t\t<\/div>\n\t\t\t\t\t<\/div>\n\t\t<\/div>\n\t\t\t\t\t<\/div>\n\t\t<\/section>\n\t\t\t\t<section class=\"elementor-section elementor-top-section elementor-element elementor-element-a112599 elementor-section-full_width elementor-section-height-default elementor-section-height-default\" data-id=\"a112599\" data-element_type=\"section\" data-e-type=\"section\">\n\t\t\t\t\t\t<div class=\"elementor-container elementor-column-gap-no\">\n\t\t\t\t\t<div class=\"elementor-column elementor-col-100 elementor-top-column elementor-element elementor-element-a93ec8a\" data-id=\"a93ec8a\" data-element_type=\"column\" data-e-type=\"column\">\n\t\t\t<div class=\"elementor-widget-wrap elementor-element-populated\">\n\t\t\t\t\t\t<div class=\"elementor-element elementor-element-5c6bfca elementor-widget elementor-widget-image\" data-id=\"5c6bfca\" data-element_type=\"widget\" data-e-type=\"widget\" data-widget_type=\"image.default\">\n\t\t\t\t<div class=\"elementor-widget-container\">\n\t\t\t\t\t\t\t\t\t\t\t\t\t\t\t<img fetchpriority=\"high\" decoding=\"async\" width=\"2160\" height=\"85\" src=\"https:\/\/sensorial.coffee\/wp-content\/uploads\/2023\/11\/ilustraciones-sensorial.jpg\" class=\"attachment-full size-full wp-image-13921\" alt=\"\" srcset=\"https:\/\/sensorial.coffee\/wp-content\/uploads\/2023\/11\/ilustraciones-sensorial.jpg 2160w, https:\/\/sensorial.coffee\/wp-content\/uploads\/2023\/11\/ilustraciones-sensorial-500x20.jpg 500w, https:\/\/sensorial.coffee\/wp-content\/uploads\/2023\/11\/ilustraciones-sensorial-300x12.jpg 300w, https:\/\/sensorial.coffee\/wp-content\/uploads\/2023\/11\/ilustraciones-sensorial-1024x40.jpg 1024w, https:\/\/sensorial.coffee\/wp-content\/uploads\/2023\/11\/ilustraciones-sensorial-768x30.jpg 768w, https:\/\/sensorial.coffee\/wp-content\/uploads\/2023\/11\/ilustraciones-sensorial-1536x60.jpg 1536w, https:\/\/sensorial.coffee\/wp-content\/uploads\/2023\/11\/ilustraciones-sensorial-2048x81.jpg 2048w\" sizes=\"(max-width: 2160px) 100vw, 2160px\" \/>\t\t\t\t\t\t\t\t\t\t\t\t\t\t\t<\/div>\n\t\t\t\t<\/div>\n\t\t\t\t\t<\/div>\n\t\t<\/div>\n\t\t\t\t\t<\/div>\n\t\t<\/section>\n\t\t\t\t<section class=\"elementor-section elementor-top-section elementor-element elementor-element-9736253 elementor-section-full_width elementor-section-height-default elementor-section-height-default\" data-id=\"9736253\" data-element_type=\"section\" data-e-type=\"section\" data-settings=\"{&quot;background_background&quot;:&quot;classic&quot;}\">\n\t\t\t\t\t\t<div class=\"elementor-container elementor-column-gap-no\">\n\t\t\t\t\t<div class=\"elementor-column elementor-col-50 elementor-top-column elementor-element elementor-element-8740a88\" data-id=\"8740a88\" data-element_type=\"column\" data-e-type=\"column\">\n\t\t\t<div class=\"elementor-widget-wrap elementor-element-populated\">\n\t\t\t\t\t\t<section class=\"elementor-section elementor-inner-section elementor-element elementor-element-0fe30a3 elementor-section-boxed elementor-section-height-default elementor-section-height-default\" data-id=\"0fe30a3\" data-element_type=\"section\" data-e-type=\"section\">\n\t\t\t\t\t\t<div class=\"elementor-container elementor-column-gap-default\">\n\t\t\t\t\t<div class=\"elementor-column elementor-col-100 elementor-inner-column elementor-element elementor-element-8ce78c0\" data-id=\"8ce78c0\" data-element_type=\"column\" data-e-type=\"column\">\n\t\t\t<div class=\"elementor-widget-wrap elementor-element-populated\">\n\t\t\t\t\t\t<div class=\"elementor-element elementor-element-ee4b76d elementor-widget elementor-widget-heading\" data-id=\"ee4b76d\" data-element_type=\"widget\" data-e-type=\"widget\" data-widget_type=\"heading.default\">\n\t\t\t\t<div class=\"elementor-widget-container\">\n\t\t\t\t\t<h2 class=\"elementor-heading-title elementor-size-default\">Historia de <br><b>San Jos\u00e9 Farm<\/b><\/h2>\t\t\t\t<\/div>\n\t\t\t\t<\/div>\n\t\t\t\t<div class=\"elementor-element elementor-element-faa0d13 elementor-widget elementor-widget-text-editor\" data-id=\"faa0d13\" data-element_type=\"widget\" data-e-type=\"widget\" data-widget_type=\"text-editor.default\">\n\t\t\t\t<div class=\"elementor-widget-container\">\n\t\t\t\t\t\t\t\t\t<p>La finca San Jos\u00e9 \u00e9s un lloc on la tradici\u00f3 i la passi\u00f3 pel caf\u00e8 han estat el motor de creixement de la fam\u00edlia Borgonovo Pohl. La seva hist\u00f2ria en la ind\u00fastria cafetalera va comen\u00e7ar a principis del segle XX, quan Maurici Borgonovo va arribar a El Salvador des de Monza, It\u00e0lia. La seva primera experi\u00e8ncia en el sector va ser en un mol\u00ed, on pesava el caf\u00e8 i aprenia de primera m\u00e0 sobre la seva qualitat i processament. Poc despr\u00e9s, va establir les bases per al que avui \u00e9s una empresa compromesa amb l&#8217;excel\u00b7l\u00e8ncia i la sostenibilitat. M\u00e9s enll\u00e0 de ser un negoci, Borgonovo Pohl es caracteritza per la seva forta responsabilitat social. Al llarg dels anys, ha promogut iniciatives que milloren la qualitat de vida de les comunitats pr\u00f2ximes, donant suport al desenvolupament local i el benestar dels qui participen en la producci\u00f3 del caf\u00e8.     <\/p>\t\t\t\t\t\t\t\t<\/div>\n\t\t\t\t<\/div>\n\t\t\t\t\t<\/div>\n\t\t<\/div>\n\t\t\t\t\t<\/div>\n\t\t<\/section>\n\t\t\t\t\t<\/div>\n\t\t<\/div>\n\t\t\t\t<div class=\"elementor-column elementor-col-50 elementor-top-column elementor-element elementor-element-09efb43 elementor-hidden-tablet elementor-hidden-mobile\" data-id=\"09efb43\" data-element_type=\"column\" data-e-type=\"column\">\n\t\t\t<div class=\"elementor-widget-wrap elementor-element-populated\">\n\t\t\t\t\t\t<div class=\"elementor-element elementor-element-91ae42c elementor-widget-tablet__width-initial elementor-widget elementor-widget-text-editor\" data-id=\"91ae42c\" data-element_type=\"widget\" data-e-type=\"widget\" data-widget_type=\"text-editor.default\">\n\t\t\t\t<div class=\"elementor-widget-container\">\n\t\t\t\t\t\t\t\t\t<p style=\"text-align: center;\"><strong>VARIETATS<\/strong><br>Caturra-Castillo<br>Red Bourbon<br>Yellow Bourbon<\/p><p style=\"text-align: center;\"><strong>PROCESSOS<\/strong><br>Classic Washed<br>Black Lime<br>Cherry Madness<\/p>\t\t\t\t\t\t\t\t<\/div>\n\t\t\t\t<\/div>\n\t\t\t\t\t<\/div>\n\t\t<\/div>\n\t\t\t\t\t<\/div>\n\t\t<\/section>\n\t\t\t\t<section class=\"elementor-section elementor-top-section elementor-element elementor-element-c954ea0 elementor-hidden-desktop elementor-section-boxed elementor-section-height-default elementor-section-height-default\" data-id=\"c954ea0\" data-element_type=\"section\" data-e-type=\"section\" data-settings=\"{&quot;background_background&quot;:&quot;classic&quot;}\">\n\t\t\t\t\t\t<div class=\"elementor-container elementor-column-gap-default\">\n\t\t\t\t\t<div class=\"elementor-column elementor-col-50 elementor-top-column elementor-element elementor-element-a4031c6\" data-id=\"a4031c6\" data-element_type=\"column\" data-e-type=\"column\">\n\t\t\t<div class=\"elementor-widget-wrap elementor-element-populated\">\n\t\t\t\t\t\t<div class=\"elementor-element elementor-element-95932bf elementor-widget-tablet__width-initial elementor-widget elementor-widget-text-editor\" data-id=\"95932bf\" data-element_type=\"widget\" data-e-type=\"widget\" data-widget_type=\"text-editor.default\">\n\t\t\t\t<div class=\"elementor-widget-container\">\n\t\t\t\t\t\t\t\t\t<p style=\"text-align: center;\"><strong>VARIETATS<\/strong><br>Caturra-Castillo<br>Red Bourbon<br>Yellow Bourbon<\/p>\t\t\t\t\t\t\t\t<\/div>\n\t\t\t\t<\/div>\n\t\t\t\t\t<\/div>\n\t\t<\/div>\n\t\t\t\t<div class=\"elementor-column elementor-col-50 elementor-top-column elementor-element elementor-element-caeec9f\" data-id=\"caeec9f\" data-element_type=\"column\" data-e-type=\"column\">\n\t\t\t<div class=\"elementor-widget-wrap elementor-element-populated\">\n\t\t\t\t\t\t<div class=\"elementor-element elementor-element-aa227be elementor-widget-tablet__width-initial elementor-widget elementor-widget-text-editor\" data-id=\"aa227be\" data-element_type=\"widget\" data-e-type=\"widget\" data-widget_type=\"text-editor.default\">\n\t\t\t\t<div class=\"elementor-widget-container\">\n\t\t\t\t\t\t\t\t\t<p style=\"text-align: center;\"><strong>PROCESSOS<\/strong><br>Classic Washed<br>Black Lime<br>Cherry Madness<\/p>\t\t\t\t\t\t\t\t<\/div>\n\t\t\t\t<\/div>\n\t\t\t\t\t<\/div>\n\t\t<\/div>\n\t\t\t\t\t<\/div>\n\t\t<\/section>\n\t\t\t\t<section class=\"elementor-section elementor-top-section elementor-element elementor-element-a0828f3 elementor-section-full_width elementor-section-height-default elementor-section-height-default\" data-id=\"a0828f3\" data-element_type=\"section\" data-e-type=\"section\">\n\t\t\t\t\t\t<div class=\"elementor-container elementor-column-gap-no\">\n\t\t\t\t\t<div class=\"elementor-column elementor-col-33 elementor-top-column elementor-element elementor-element-4ec1a8f\" data-id=\"4ec1a8f\" data-element_type=\"column\" data-e-type=\"column\">\n\t\t\t<div class=\"elementor-widget-wrap elementor-element-populated\">\n\t\t\t\t\t\t<div class=\"elementor-element elementor-element-ec0b2b3 elementor-widget elementor-widget-image\" data-id=\"ec0b2b3\" data-element_type=\"widget\" data-e-type=\"widget\" data-widget_type=\"image.default\">\n\t\t\t\t<div class=\"elementor-widget-container\">\n\t\t\t\t\t\t\t\t\t\t\t\t\t\t\t<img decoding=\"async\" width=\"800\" height=\"800\" src=\"https:\/\/sensorial.coffee\/wp-content\/uploads\/2025\/04\/DSC03384.jpg\" class=\"attachment-full size-full wp-image-23146\" alt=\"san jos\u00e9 en el salvador | finca de caf\u00e9\" srcset=\"https:\/\/sensorial.coffee\/wp-content\/uploads\/2025\/04\/DSC03384.jpg 800w, https:\/\/sensorial.coffee\/wp-content\/uploads\/2025\/04\/DSC03384-300x300.jpg 300w, https:\/\/sensorial.coffee\/wp-content\/uploads\/2025\/04\/DSC03384-150x150.jpg 150w, https:\/\/sensorial.coffee\/wp-content\/uploads\/2025\/04\/DSC03384-768x768.jpg 768w, https:\/\/sensorial.coffee\/wp-content\/uploads\/2025\/04\/DSC03384-500x500.jpg 500w, https:\/\/sensorial.coffee\/wp-content\/uploads\/2025\/04\/DSC03384-100x100.jpg 100w\" sizes=\"(max-width: 800px) 100vw, 800px\" \/>\t\t\t\t\t\t\t\t\t\t\t\t\t\t\t<\/div>\n\t\t\t\t<\/div>\n\t\t\t\t\t<\/div>\n\t\t<\/div>\n\t\t\t\t<div class=\"elementor-column elementor-col-33 elementor-top-column elementor-element elementor-element-985154b\" data-id=\"985154b\" data-element_type=\"column\" data-e-type=\"column\">\n\t\t\t<div class=\"elementor-widget-wrap elementor-element-populated\">\n\t\t\t\t\t\t<div class=\"elementor-element elementor-element-21c51ea elementor-widget elementor-widget-image\" data-id=\"21c51ea\" data-element_type=\"widget\" data-e-type=\"widget\" data-widget_type=\"image.default\">\n\t\t\t\t<div class=\"elementor-widget-container\">\n\t\t\t\t\t\t\t\t\t\t\t\t\t\t\t<img decoding=\"async\" width=\"800\" height=\"800\" src=\"https:\/\/sensorial.coffee\/wp-content\/uploads\/2025\/04\/Harvest.jpg\" class=\"attachment-full size-full wp-image-23149\" alt=\"san jos\u00e9 en el salvador | finca de caf\u00e9\" srcset=\"https:\/\/sensorial.coffee\/wp-content\/uploads\/2025\/04\/Harvest.jpg 800w, https:\/\/sensorial.coffee\/wp-content\/uploads\/2025\/04\/Harvest-300x300.jpg 300w, https:\/\/sensorial.coffee\/wp-content\/uploads\/2025\/04\/Harvest-150x150.jpg 150w, https:\/\/sensorial.coffee\/wp-content\/uploads\/2025\/04\/Harvest-768x768.jpg 768w, https:\/\/sensorial.coffee\/wp-content\/uploads\/2025\/04\/Harvest-500x500.jpg 500w, https:\/\/sensorial.coffee\/wp-content\/uploads\/2025\/04\/Harvest-100x100.jpg 100w\" sizes=\"(max-width: 800px) 100vw, 800px\" \/>\t\t\t\t\t\t\t\t\t\t\t\t\t\t\t<\/div>\n\t\t\t\t<\/div>\n\t\t\t\t\t<\/div>\n\t\t<\/div>\n\t\t\t\t<div class=\"elementor-column elementor-col-33 elementor-top-column elementor-element elementor-element-7fe2358\" data-id=\"7fe2358\" data-element_type=\"column\" data-e-type=\"column\">\n\t\t\t<div class=\"elementor-widget-wrap elementor-element-populated\">\n\t\t\t\t\t\t<div class=\"elementor-element elementor-element-5eea300 elementor-widget elementor-widget-image\" data-id=\"5eea300\" data-element_type=\"widget\" data-e-type=\"widget\" data-widget_type=\"image.default\">\n\t\t\t\t<div class=\"elementor-widget-container\">\n\t\t\t\t\t\t\t\t\t\t\t\t\t\t\t<img loading=\"lazy\" decoding=\"async\" width=\"800\" height=\"800\" src=\"https:\/\/sensorial.coffee\/wp-content\/uploads\/2025\/04\/DSC03509.jpg\" class=\"attachment-full size-full wp-image-23152\" alt=\"san jos\u00e9 en el salvador | finca de caf\u00e9\" srcset=\"https:\/\/sensorial.coffee\/wp-content\/uploads\/2025\/04\/DSC03509.jpg 800w, https:\/\/sensorial.coffee\/wp-content\/uploads\/2025\/04\/DSC03509-300x300.jpg 300w, https:\/\/sensorial.coffee\/wp-content\/uploads\/2025\/04\/DSC03509-150x150.jpg 150w, https:\/\/sensorial.coffee\/wp-content\/uploads\/2025\/04\/DSC03509-768x768.jpg 768w, https:\/\/sensorial.coffee\/wp-content\/uploads\/2025\/04\/DSC03509-500x500.jpg 500w, https:\/\/sensorial.coffee\/wp-content\/uploads\/2025\/04\/DSC03509-100x100.jpg 100w\" sizes=\"(max-width: 800px) 100vw, 800px\" \/>\t\t\t\t\t\t\t\t\t\t\t\t\t\t\t<\/div>\n\t\t\t\t<\/div>\n\t\t\t\t\t<\/div>\n\t\t<\/div>\n\t\t\t\t\t<\/div>\n\t\t<\/section>\n\t\t\t\t<section class=\"elementor-section elementor-top-section elementor-element elementor-element-26147b1 elementor-section-boxed elementor-section-height-default elementor-section-height-default\" data-id=\"26147b1\" data-element_type=\"section\" data-e-type=\"section\" data-settings=\"{&quot;background_background&quot;:&quot;classic&quot;}\">\n\t\t\t\t\t\t<div class=\"elementor-container elementor-column-gap-default\">\n\t\t\t\t\t<div class=\"elementor-column elementor-col-100 elementor-top-column elementor-element elementor-element-ce3f84c\" data-id=\"ce3f84c\" data-element_type=\"column\" data-e-type=\"column\">\n\t\t\t<div class=\"elementor-widget-wrap elementor-element-populated\">\n\t\t\t\t\t\t<section class=\"elementor-section elementor-inner-section elementor-element elementor-element-ad8c008 elementor-section-boxed elementor-section-height-default elementor-section-height-default\" data-id=\"ad8c008\" data-element_type=\"section\" data-e-type=\"section\">\n\t\t\t\t\t\t<div class=\"elementor-container elementor-column-gap-default\">\n\t\t\t\t\t<div class=\"elementor-column elementor-col-100 elementor-inner-column elementor-element elementor-element-e5311f0\" data-id=\"e5311f0\" data-element_type=\"column\" data-e-type=\"column\">\n\t\t\t<div class=\"elementor-widget-wrap elementor-element-populated\">\n\t\t\t\t\t\t<div class=\"elementor-element elementor-element-9b7601a elementor-widget elementor-widget-heading\" data-id=\"9b7601a\" data-element_type=\"widget\" data-e-type=\"widget\" data-widget_type=\"heading.default\">\n\t\t\t\t<div class=\"elementor-widget-container\">\n\t\t\t\t\t<h2 class=\"elementor-heading-title elementor-size-default\">Els nostres caf\u00e8s de San Carlos Estate<\/h2>\t\t\t\t<\/div>\n\t\t\t\t<\/div>\n\t\t\t\t\t<\/div>\n\t\t<\/div>\n\t\t\t\t\t<\/div>\n\t\t<\/section>\n\t\t\t\t\t<\/div>\n\t\t<\/div>\n\t\t\t\t\t<\/div>\n\t\t<\/section>\n\t\t\t\t<\/div>\n\t\t","protected":false},"excerpt":{"rendered":"<p>San Jos\u00e9 Farm El Salvador &#8211; San Salvador Volcano &#8211; 1500 Mts. Historia de San Jos\u00e9 Farm La finca San Jos\u00e9 \u00e9s un lloc on la tradici\u00f3 i la passi\u00f3 pel caf\u00e8 han estat el motor de creixement de la fam\u00edlia Borgonovo Pohl. La seva hist\u00f2ria en la ind\u00fastria cafetalera va comen\u00e7ar a principis del [&hellip;]<\/p>\n","protected":false},"author":31,"featured_media":0,"parent":24326,"menu_order":0,"comment_status":"closed","ping_status":"closed","template":"","meta":{"site-sidebar-layout":"no-sidebar","site-content-layout":"page-builder","ast-site-content-layout":"full-width-container","site-content-style":"default","site-sidebar-style":"default","ast-global-header-display":"","ast-banner-title-visibility":"","ast-main-header-display":"","ast-hfb-above-header-display":"","ast-hfb-below-header-display":"","ast-hfb-mobile-header-display":"","site-post-title":"disabled","ast-breadcrumbs-content":"","ast-featured-img":"disabled","footer-sml-layout":"","ast-disable-related-posts":"","theme-transparent-header-meta":"","adv-header-id-meta":"","stick-header-meta":"","header-above-stick-meta":"","header-main-stick-meta":"","header-below-stick-meta":"","astra-migrate-meta-layouts":"default","ast-page-background-enabled":"default","ast-page-background-meta":{"desktop":{"background-color":"var(--ast-global-color-4)","background-image":"","background-repeat":"repeat","background-position":"center center","background-size":"auto","background-attachment":"scroll","background-type":"","background-media":"","overlay-type":"","overlay-color":"","overlay-opacity":"","overlay-gradient":""},"tablet":{"background-color":"","background-image":"","background-repeat":"repeat","background-position":"center center","background-size":"auto","background-attachment":"scroll","background-type":"","background-media":"","overlay-type":"","overlay-color":"","overlay-opacity":"","overlay-gradient":""},"mobile":{"background-color":"","background-image":"","background-repeat":"repeat","background-position":"center center","background-size":"auto","background-attachment":"scroll","background-type":"","background-media":"","overlay-type":"","overlay-color":"","overlay-opacity":"","overlay-gradient":""}},"ast-content-background-meta":{"desktop":{"background-color":"var(--ast-global-color-5)","background-image":"","background-repeat":"repeat","background-position":"center center","background-size":"auto","background-attachment":"scroll","background-type":"","background-media":"","overlay-type":"","overlay-color":"","overlay-opacity":"","overlay-gradient":""},"tablet":{"background-color":"var(--ast-global-color-5)","background-image":"","background-repeat":"repeat","background-position":"center center","background-size":"auto","background-attachment":"scroll","background-type":"","background-media":"","overlay-type":"","overlay-color":"","overlay-opacity":"","overlay-gradient":""},"mobile":{"background-color":"var(--ast-global-color-5)","background-image":"","background-repeat":"repeat","background-position":"center center","background-size":"auto","background-attachment":"scroll","background-type":"","background-media":"","overlay-type":"","overlay-color":"","overlay-opacity":"","overlay-gradient":""}},"footnotes":""},"class_list":["post-28197","page","type-page","status-publish","hentry"],"_links":{"self":[{"href":"https:\/\/sensorial.coffee\/ca\/wp-json\/wp\/v2\/pages\/28197","targetHints":{"allow":["GET"]}}],"collection":[{"href":"https:\/\/sensorial.coffee\/ca\/wp-json\/wp\/v2\/pages"}],"about":[{"href":"https:\/\/sensorial.coffee\/ca\/wp-json\/wp\/v2\/types\/page"}],"author":[{"embeddable":true,"href":"https:\/\/sensorial.coffee\/ca\/wp-json\/wp\/v2\/users\/31"}],"replies":[{"embeddable":true,"href":"https:\/\/sensorial.coffee\/ca\/wp-json\/wp\/v2\/comments?post=28197"}],"version-history":[{"count":6,"href":"https:\/\/sensorial.coffee\/ca\/wp-json\/wp\/v2\/pages\/28197\/revisions"}],"predecessor-version":[{"id":28204,"href":"https:\/\/sensorial.coffee\/ca\/wp-json\/wp\/v2\/pages\/28197\/revisions\/28204"}],"up":[{"embeddable":true,"href":"https:\/\/sensorial.coffee\/ca\/wp-json\/wp\/v2\/pages\/24326"}],"wp:attachment":[{"href":"https:\/\/sensorial.coffee\/ca\/wp-json\/wp\/v2\/media?parent=28197"}],"curies":[{"name":"wp","href":"https:\/\/api.w.org\/{rel}","templated":true}]}}