{"id":13972,"date":"2023-11-23T17:04:55","date_gmt":"2023-11-23T16:04:55","guid":{"rendered":"https:\/\/sensorial.coffee\/producto\/per-a-espresso\/"},"modified":"2025-02-18T09:26:02","modified_gmt":"2025-02-18T08:26:02","slug":"per-a-espresso","status":"publish","type":"product","link":"https:\/\/sensorial.coffee\/ca\/producte\/per-a-espresso\/","title":{"rendered":"Subscripci\u00f3 caf\u00e8 espresso"},"content":{"rendered":"<p><strong>Estalvia fins a un 20% de descompte en el teu caf\u00e8 d&#8217;especialitat! <\/strong>Selecciona la grand\u00e0ria de la bossa (250 gr o 1 Kg), el tipus de molta i la quantitat de bosses. Cada mes rebr\u00e0s un caf\u00e8 seleccionat segons la temporada, sempre respectant la teva elecci\u00f3 de filtre o espresso. <\/p>\n","protected":false},"excerpt":{"rendered":"<p>Vols rebre el nostre caf\u00e8 a casa cada mes sense haver de preocupar-te per res? Amb Sensorial Coffee Roasters, t&#8217;oferim l&#8217;oportunitat de descobrir noves experi\u00e8ncies cafeteres. Cada mes, t&#8217;enviarem acuradament seleccionats paquets de caf\u00e8 espresso directament a la teva porta. Cada quilogram produeix aproximadament 120 tasses de caf\u00e8.<\/p>\n<p><strong>Nota<\/strong>: Si tens alguna prefer\u00e8ncia o nota especial sobre el caf\u00e8, deixa&#8217;ns saber en la secci\u00f3 \u201cNotes\u201d durant el proc\u00e9s de pagament. Aix\u00ed podrem seleccionar el caf\u00e8 perfecte per a tu.<\/p>\n","protected":false},"featured_media":18153,"comment_status":"closed","ping_status":"closed","template":"","meta":{"site-sidebar-layout":"default","site-content-layout":"","ast-site-content-layout":"default","site-content-style":"default","site-sidebar-style":"default","ast-global-header-display":"","ast-banner-title-visibility":"","ast-main-header-display":"","ast-hfb-above-header-display":"","ast-hfb-below-header-display":"","ast-hfb-mobile-header-display":"","site-post-title":"","ast-breadcrumbs-content":"","ast-featured-img":"","footer-sml-layout":"","ast-disable-related-posts":"","theme-transparent-header-meta":"default","adv-header-id-meta":"","stick-header-meta":"","header-above-stick-meta":"","header-main-stick-meta":"","header-below-stick-meta":"","astra-migrate-meta-layouts":"default","ast-page-background-enabled":"default","ast-page-background-meta":{"desktop":{"background-color":"var(--ast-global-color-4)","background-image":"","background-repeat":"repeat","background-position":"center center","background-size":"auto","background-attachment":"scroll","background-type":"","background-media":"","overlay-type":"","overlay-color":"","overlay-opacity":"","overlay-gradient":""},"tablet":{"background-color":"","background-image":"","background-repeat":"repeat","background-position":"center center","background-size":"auto","background-attachment":"scroll","background-type":"","background-media":"","overlay-type":"","overlay-color":"","overlay-opacity":"","overlay-gradient":""},"mobile":{"background-color":"","background-image":"","background-repeat":"repeat","background-position":"center center","background-size":"auto","background-attachment":"scroll","background-type":"","background-media":"","overlay-type":"","overlay-color":"","overlay-opacity":"","overlay-gradient":""}},"ast-content-background-meta":{"desktop":{"background-color":"var(--ast-global-color-5)","background-image":"","background-repeat":"repeat","background-position":"center center","background-size":"auto","background-attachment":"scroll","background-type":"","background-media":"","overlay-type":"","overlay-color":"","overlay-opacity":"","overlay-gradient":""},"tablet":{"background-color":"var(--ast-global-color-5)","background-image":"","background-repeat":"repeat","background-position":"center center","background-size":"auto","background-attachment":"scroll","background-type":"","background-media":"","overlay-type":"","overlay-color":"","overlay-opacity":"","overlay-gradient":""},"mobile":{"background-color":"var(--ast-global-color-5)","background-image":"","background-repeat":"repeat","background-position":"center center","background-size":"auto","background-attachment":"scroll","background-type":"","background-media":"","overlay-type":"","overlay-color":"","overlay-opacity":"","overlay-gradient":""}}},"product_brand":[],"product_cat":[353],"product_tag":[406],"class_list":{"0":"post-13972","1":"product","2":"type-product","3":"status-publish","4":"has-post-thumbnail","6":"product_cat-subscripcio","7":"product_tag-suscripcion-filtro-ca","8":"desktop-align-left","9":"tablet-align-left","10":"mobile-align-left","12":"first","13":"instock","14":"taxable","15":"shipping-taxable","16":"purchasable","17":"product-type-simple"},"_links":{"self":[{"href":"https:\/\/sensorial.coffee\/ca\/wp-json\/wp\/v2\/product\/13972","targetHints":{"allow":["GET"]}}],"collection":[{"href":"https:\/\/sensorial.coffee\/ca\/wp-json\/wp\/v2\/product"}],"about":[{"href":"https:\/\/sensorial.coffee\/ca\/wp-json\/wp\/v2\/types\/product"}],"replies":[{"embeddable":true,"href":"https:\/\/sensorial.coffee\/ca\/wp-json\/wp\/v2\/comments?post=13972"}],"version-history":[{"count":4,"href":"https:\/\/sensorial.coffee\/ca\/wp-json\/wp\/v2\/product\/13972\/revisions"}],"predecessor-version":[{"id":21409,"href":"https:\/\/sensorial.coffee\/ca\/wp-json\/wp\/v2\/product\/13972\/revisions\/21409"}],"wp:featuredmedia":[{"embeddable":true,"href":"https:\/\/sensorial.coffee\/ca\/wp-json\/wp\/v2\/media\/18153"}],"wp:attachment":[{"href":"https:\/\/sensorial.coffee\/ca\/wp-json\/wp\/v2\/media?parent=13972"}],"wp:term":[{"taxonomy":"product_brand","embeddable":true,"href":"https:\/\/sensorial.coffee\/ca\/wp-json\/wp\/v2\/product_brand?post=13972"},{"taxonomy":"product_cat","embeddable":true,"href":"https:\/\/sensorial.coffee\/ca\/wp-json\/wp\/v2\/product_cat?post=13972"},{"taxonomy":"product_tag","embeddable":true,"href":"https:\/\/sensorial.coffee\/ca\/wp-json\/wp\/v2\/product_tag?post=13972"}],"curies":[{"name":"wp","href":"https:\/\/api.w.org\/{rel}","templated":true}]}}