{"id":14077,"date":"2023-12-14T17:24:10","date_gmt":"2023-12-14T16:24:10","guid":{"rendered":"https:\/\/sensorial.coffee\/producto\/set-tea-dripper-hario\/"},"modified":"2025-08-20T15:04:53","modified_gmt":"2025-08-20T14:04:53","slug":"set-tea-dripper-hario","status":"publish","type":"product","link":"https:\/\/sensorial.coffee\/ca\/producte\/set-tea-dripper-hario\/","title":{"rendered":"Set Tea Dripper"},"content":{"rendered":"<p>Aquest set de te Hario \u00e9s una nova manera de preparar te amb solo pressionar un interruptor. El seu disseny est\u00e8tic i grand\u00e0ria \u00e9s perfecte per a preparar te per a dos. L&#8217;obertura en la part superior s&#8217;ha eixamplat, la qual cosa permet alliberar millor les aromes del teu te.<\/p>\n","protected":false},"excerpt":{"rendered":"<table style=\"border: hidden\">\n<tbody style=\"border: hidden\">\n<tr style=\"border: hidden\">\n<td style=\"border: hidden\"><strong>Tipus de producte:<\/strong><\/td>\n<td style=\"border: hidden\">Set per a preparar t\u00e9<\/td>\n<\/tr>\n<tr style=\"border: hidden\">\n<td style=\"border: hidden\"><strong>Material:<\/strong><\/td>\n<td style=\"border: hidden\">Cristal, caucho de silicona, acer inoxidable i propil\u00e9<\/td>\n<\/tr>\n<tr style=\"border: hidden\">\n<td style=\"border: hidden\"><strong>Capacitat:<\/strong><\/td>\n<td style=\"border: hidden\">350 ml.<\/td>\n<\/tr>\n<tr style=\"border: hidden\">\n<td style=\"border: hidden\"><strong>Tamany:<\/strong><\/td>\n<td style=\"border: hidden\">W 292 \u00d7 D 144 \u00d7 H 147 mm<\/td>\n<\/tr>\n<tr style=\"border: hidden\">\n<td style=\"border: hidden\"><strong>Altres caracter\u00edstiques:<\/strong><\/td>\n<td style=\"border: hidden\">Inclou el degotador i un servidor de vidre resistent a la calor. Nom\u00e9s el servidor \u00e9s segur per a usar amb microones.<\/td>\n<\/tr>\n<\/tbody>\n<\/table>\n","protected":false},"featured_media":15337,"comment_status":"open","ping_status":"closed","template":"","meta":{"site-sidebar-layout":"default","site-content-layout":"","ast-site-content-layout":"default","site-content-style":"default","site-sidebar-style":"default","ast-global-header-display":"","ast-banner-title-visibility":"","ast-main-header-display":"","ast-hfb-above-header-display":"","ast-hfb-below-header-display":"","ast-hfb-mobile-header-display":"","site-post-title":"","ast-breadcrumbs-content":"","ast-featured-img":"","footer-sml-layout":"","ast-disable-related-posts":"","theme-transparent-header-meta":"default","adv-header-id-meta":"","stick-header-meta":"","header-above-stick-meta":"","header-main-stick-meta":"","header-below-stick-meta":"","astra-migrate-meta-layouts":"default","ast-page-background-enabled":"default","ast-page-background-meta":{"desktop":{"background-color":"var(--ast-global-color-4)","background-image":"","background-repeat":"repeat","background-position":"center center","background-size":"auto","background-attachment":"scroll","background-type":"","background-media":"","overlay-type":"","overlay-color":"","overlay-opacity":"","overlay-gradient":""},"tablet":{"background-color":"","background-image":"","background-repeat":"repeat","background-position":"center center","background-size":"auto","background-attachment":"scroll","background-type":"","background-media":"","overlay-type":"","overlay-color":"","overlay-opacity":"","overlay-gradient":""},"mobile":{"background-color":"","background-image":"","background-repeat":"repeat","background-position":"center center","background-size":"auto","background-attachment":"scroll","background-type":"","background-media":"","overlay-type":"","overlay-color":"","overlay-opacity":"","overlay-gradient":""}},"ast-content-background-meta":{"desktop":{"background-color":"var(--ast-global-color-5)","background-image":"","background-repeat":"repeat","background-position":"center center","background-size":"auto","background-attachment":"scroll","background-type":"","background-media":"","overlay-type":"","overlay-color":"","overlay-opacity":"","overlay-gradient":""},"tablet":{"background-color":"var(--ast-global-color-5)","background-image":"","background-repeat":"repeat","background-position":"center center","background-size":"auto","background-attachment":"scroll","background-type":"","background-media":"","overlay-type":"","overlay-color":"","overlay-opacity":"","overlay-gradient":""},"mobile":{"background-color":"var(--ast-global-color-5)","background-image":"","background-repeat":"repeat","background-position":"center center","background-size":"auto","background-attachment":"scroll","background-type":"","background-media":"","overlay-type":"","overlay-color":"","overlay-opacity":"","overlay-gradient":""}}},"product_brand":[],"product_cat":[318],"product_tag":[460],"class_list":{"0":"post-14077","1":"product","2":"type-product","3":"status-publish","4":"has-post-thumbnail","6":"product_cat-brewing-ca","7":"product_tag-equipamiento-filtro-ca","8":"desktop-align-left","9":"tablet-align-left","10":"mobile-align-left","12":"first","13":"instock","14":"taxable","15":"shipping-taxable","16":"purchasable","17":"product-type-simple"},"_links":{"self":[{"href":"https:\/\/sensorial.coffee\/ca\/wp-json\/wp\/v2\/product\/14077","targetHints":{"allow":["GET"]}}],"collection":[{"href":"https:\/\/sensorial.coffee\/ca\/wp-json\/wp\/v2\/product"}],"about":[{"href":"https:\/\/sensorial.coffee\/ca\/wp-json\/wp\/v2\/types\/product"}],"replies":[{"embeddable":true,"href":"https:\/\/sensorial.coffee\/ca\/wp-json\/wp\/v2\/comments?post=14077"}],"version-history":[{"count":4,"href":"https:\/\/sensorial.coffee\/ca\/wp-json\/wp\/v2\/product\/14077\/revisions"}],"predecessor-version":[{"id":22209,"href":"https:\/\/sensorial.coffee\/ca\/wp-json\/wp\/v2\/product\/14077\/revisions\/22209"}],"wp:featuredmedia":[{"embeddable":true,"href":"https:\/\/sensorial.coffee\/ca\/wp-json\/wp\/v2\/media\/15337"}],"wp:attachment":[{"href":"https:\/\/sensorial.coffee\/ca\/wp-json\/wp\/v2\/media?parent=14077"}],"wp:term":[{"taxonomy":"product_brand","embeddable":true,"href":"https:\/\/sensorial.coffee\/ca\/wp-json\/wp\/v2\/product_brand?post=14077"},{"taxonomy":"product_cat","embeddable":true,"href":"https:\/\/sensorial.coffee\/ca\/wp-json\/wp\/v2\/product_cat?post=14077"},{"taxonomy":"product_tag","embeddable":true,"href":"https:\/\/sensorial.coffee\/ca\/wp-json\/wp\/v2\/product_tag?post=14077"}],"curies":[{"name":"wp","href":"https:\/\/api.w.org\/{rel}","templated":true}]}}