{"id":14109,"date":"2023-12-14T16:43:36","date_gmt":"2023-12-14T15:43:36","guid":{"rendered":"https:\/\/sensorial.coffee\/producto\/kit-hario-v60-02-plastic\/"},"modified":"2025-08-20T15:01:43","modified_gmt":"2025-08-20T14:01:43","slug":"kit-hario-v60-02-plastic","status":"publish","type":"product","link":"https:\/\/sensorial.coffee\/ca\/producte\/kit-hario-v60-02-plastic\/","title":{"rendered":"Kit Hario V60 02 Acr\u00edlic"},"content":{"rendered":"<p>Aquest set de degoteig V60 de Hario \u00e9s ideal per a aquells principiants que busquen experimentar amb el caf\u00e8 d&#8217;especialitat a trav\u00e9s d&#8217;un m\u00e8tode de preparaci\u00f3 manual. \u00c9s assequible i robust, perfecte per a viatjar i compatible amb microones i rentavaixelles.<\/p>\n","protected":false},"excerpt":{"rendered":"<table style=\"border: hidden\">\n<tbody style=\"border: hidden\">\n<tr style=\"border: hidden\">\n<td style=\"border: hidden\"><strong>Tipus de producte:<\/strong><\/td>\n<td style=\"border: hidden\">Cafetera V60 i accesorios<\/td>\n<\/tr>\n<tr style=\"border: hidden\">\n<td style=\"border: hidden\"><strong>Dimensions:<\/strong><\/td>\n<td style=\"border: hidden\">13 W x 10.7 D x 17.4 H cm<\/td>\n<\/tr>\n<tr style=\"border: hidden\">\n<td style=\"border: hidden\"><strong>Capacitat:<\/strong><\/td>\n<td style=\"border: hidden\">1-4 tazas<\/td>\n<\/tr>\n<tr style=\"border: hidden\">\n<td style=\"border: hidden\"><strong>Pes:<\/strong><\/td>\n<td style=\"border: hidden\">600 gr.<\/td>\n<\/tr>\n<tr style=\"border: hidden\">\n<td style=\"border: hidden\"><strong>Materials:<\/strong><\/td>\n<td style=\"border: hidden\">Cristal i polipropil\u00e9<\/td>\n<\/tr>\n<tr style=\"border: hidden\">\n<td style=\"border: hidden\"><strong>Inclou:<\/strong><\/td>\n<td style=\"border: hidden\">Degotador de pl\u00e0stic V60 02, 1 gerra de vidre resistent a la calor 600 ml., 1 cullera i 40 filtres de paper.<\/td>\n<\/tr>\n<\/tbody>\n<\/table>\n","protected":false},"featured_media":23535,"comment_status":"open","ping_status":"closed","template":"","meta":{"site-sidebar-layout":"default","site-content-layout":"","ast-site-content-layout":"default","site-content-style":"default","site-sidebar-style":"default","ast-global-header-display":"","ast-banner-title-visibility":"","ast-main-header-display":"","ast-hfb-above-header-display":"","ast-hfb-below-header-display":"","ast-hfb-mobile-header-display":"","site-post-title":"","ast-breadcrumbs-content":"","ast-featured-img":"","footer-sml-layout":"","ast-disable-related-posts":"","theme-transparent-header-meta":"default","adv-header-id-meta":"","stick-header-meta":"","header-above-stick-meta":"","header-main-stick-meta":"","header-below-stick-meta":"","astra-migrate-meta-layouts":"default","ast-page-background-enabled":"default","ast-page-background-meta":{"desktop":{"background-color":"var(--ast-global-color-4)","background-image":"","background-repeat":"repeat","background-position":"center center","background-size":"auto","background-attachment":"scroll","background-type":"","background-media":"","overlay-type":"","overlay-color":"","overlay-opacity":"","overlay-gradient":""},"tablet":{"background-color":"","background-image":"","background-repeat":"repeat","background-position":"center center","background-size":"auto","background-attachment":"scroll","background-type":"","background-media":"","overlay-type":"","overlay-color":"","overlay-opacity":"","overlay-gradient":""},"mobile":{"background-color":"","background-image":"","background-repeat":"repeat","background-position":"center center","background-size":"auto","background-attachment":"scroll","background-type":"","background-media":"","overlay-type":"","overlay-color":"","overlay-opacity":"","overlay-gradient":""}},"ast-content-background-meta":{"desktop":{"background-color":"var(--ast-global-color-5)","background-image":"","background-repeat":"repeat","background-position":"center center","background-size":"auto","background-attachment":"scroll","background-type":"","background-media":"","overlay-type":"","overlay-color":"","overlay-opacity":"","overlay-gradient":""},"tablet":{"background-color":"var(--ast-global-color-5)","background-image":"","background-repeat":"repeat","background-position":"center center","background-size":"auto","background-attachment":"scroll","background-type":"","background-media":"","overlay-type":"","overlay-color":"","overlay-opacity":"","overlay-gradient":""},"mobile":{"background-color":"var(--ast-global-color-5)","background-image":"","background-repeat":"repeat","background-position":"center center","background-size":"auto","background-attachment":"scroll","background-type":"","background-media":"","overlay-type":"","overlay-color":"","overlay-opacity":"","overlay-gradient":""}}},"product_brand":[],"product_cat":[318],"product_tag":[460],"class_list":{"0":"post-14109","1":"product","2":"type-product","3":"status-publish","4":"has-post-thumbnail","6":"product_cat-brewing-ca","7":"product_tag-equipamiento-filtro-ca","8":"desktop-align-left","9":"tablet-align-left","10":"mobile-align-left","12":"first","13":"outofstock","14":"taxable","15":"shipping-taxable","16":"purchasable","17":"product-type-simple"},"_links":{"self":[{"href":"https:\/\/sensorial.coffee\/ca\/wp-json\/wp\/v2\/product\/14109","targetHints":{"allow":["GET"]}}],"collection":[{"href":"https:\/\/sensorial.coffee\/ca\/wp-json\/wp\/v2\/product"}],"about":[{"href":"https:\/\/sensorial.coffee\/ca\/wp-json\/wp\/v2\/types\/product"}],"replies":[{"embeddable":true,"href":"https:\/\/sensorial.coffee\/ca\/wp-json\/wp\/v2\/comments?post=14109"}],"version-history":[{"count":4,"href":"https:\/\/sensorial.coffee\/ca\/wp-json\/wp\/v2\/product\/14109\/revisions"}],"predecessor-version":[{"id":22219,"href":"https:\/\/sensorial.coffee\/ca\/wp-json\/wp\/v2\/product\/14109\/revisions\/22219"}],"wp:featuredmedia":[{"embeddable":true,"href":"https:\/\/sensorial.coffee\/ca\/wp-json\/wp\/v2\/media\/23535"}],"wp:attachment":[{"href":"https:\/\/sensorial.coffee\/ca\/wp-json\/wp\/v2\/media?parent=14109"}],"wp:term":[{"taxonomy":"product_brand","embeddable":true,"href":"https:\/\/sensorial.coffee\/ca\/wp-json\/wp\/v2\/product_brand?post=14109"},{"taxonomy":"product_cat","embeddable":true,"href":"https:\/\/sensorial.coffee\/ca\/wp-json\/wp\/v2\/product_cat?post=14109"},{"taxonomy":"product_tag","embeddable":true,"href":"https:\/\/sensorial.coffee\/ca\/wp-json\/wp\/v2\/product_tag?post=14109"}],"curies":[{"name":"wp","href":"https:\/\/api.w.org\/{rel}","templated":true}]}}