{"id":14129,"date":"2023-12-14T16:04:17","date_gmt":"2023-12-14T15:04:17","guid":{"rendered":"https:\/\/sensorial.coffee\/producto\/tapa-per-a-chemex\/"},"modified":"2025-08-20T13:48:31","modified_gmt":"2025-08-20T12:48:31","slug":"tapa-per-a-chemex","status":"publish","type":"product","link":"https:\/\/sensorial.coffee\/ca\/producte\/tapa-per-a-chemex\/","title":{"rendered":"Tapa per a Chemex"},"content":{"rendered":"<p>Tapa para m\u00e1quinas de caf\u00e9 Chemex que permitir\u00e1 mantener tu caf\u00e9 caliente m\u00e1s tiempo y evitar la evaporaci\u00f3n.<\/p>\n","protected":false},"excerpt":{"rendered":"<table style=\"border: hidden\">\n<tbody style=\"border: hidden\">\n<tr style=\"border: hidden\">\n<td style=\"border: hidden\"><strong>Tipus de producte:<\/strong><\/td>\n<td style=\"border: hidden\">Tapa per a cafetera chemex<\/td>\n<\/tr>\n<tr style=\"border: hidden\">\n<td style=\"border: hidden\"><strong>Dimensions:<\/strong><\/td>\n<td style=\"border: hidden\">7.6 cm de di\u00e0metre<\/td>\n<\/tr>\n<tr style=\"border: hidden\">\n<td style=\"border: hidden\"><strong>Pes:<\/strong><\/td>\n<td style=\"border: hidden\">8,6 gr.<\/td>\n<\/tr>\n<tr style=\"border: hidden\">\n<td style=\"border: hidden\"><strong> Material:<\/strong><\/td>\n<td style=\"border: hidden\">Vidre temperat transparent<\/td>\n<\/tr>\n<tr style=\"border: hidden\">\n<td style=\"border: hidden\"><strong>Altres caracter\u00edstiques:<\/strong><\/td>\n<td style=\"border: hidden\">Apte per a rentavaixella<\/td>\n<\/tr>\n<\/tbody>\n<\/table>\n","protected":false},"featured_media":15340,"comment_status":"open","ping_status":"closed","template":"","meta":{"site-sidebar-layout":"default","site-content-layout":"","ast-site-content-layout":"default","site-content-style":"default","site-sidebar-style":"default","ast-global-header-display":"","ast-banner-title-visibility":"","ast-main-header-display":"","ast-hfb-above-header-display":"","ast-hfb-below-header-display":"","ast-hfb-mobile-header-display":"","site-post-title":"","ast-breadcrumbs-content":"","ast-featured-img":"","footer-sml-layout":"","ast-disable-related-posts":"","theme-transparent-header-meta":"default","adv-header-id-meta":"","stick-header-meta":"","header-above-stick-meta":"","header-main-stick-meta":"","header-below-stick-meta":"","astra-migrate-meta-layouts":"default","ast-page-background-enabled":"default","ast-page-background-meta":{"desktop":{"background-color":"var(--ast-global-color-4)","background-image":"","background-repeat":"repeat","background-position":"center center","background-size":"auto","background-attachment":"scroll","background-type":"","background-media":"","overlay-type":"","overlay-color":"","overlay-opacity":"","overlay-gradient":""},"tablet":{"background-color":"","background-image":"","background-repeat":"repeat","background-position":"center center","background-size":"auto","background-attachment":"scroll","background-type":"","background-media":"","overlay-type":"","overlay-color":"","overlay-opacity":"","overlay-gradient":""},"mobile":{"background-color":"","background-image":"","background-repeat":"repeat","background-position":"center center","background-size":"auto","background-attachment":"scroll","background-type":"","background-media":"","overlay-type":"","overlay-color":"","overlay-opacity":"","overlay-gradient":""}},"ast-content-background-meta":{"desktop":{"background-color":"var(--ast-global-color-5)","background-image":"","background-repeat":"repeat","background-position":"center center","background-size":"auto","background-attachment":"scroll","background-type":"","background-media":"","overlay-type":"","overlay-color":"","overlay-opacity":"","overlay-gradient":""},"tablet":{"background-color":"var(--ast-global-color-5)","background-image":"","background-repeat":"repeat","background-position":"center center","background-size":"auto","background-attachment":"scroll","background-type":"","background-media":"","overlay-type":"","overlay-color":"","overlay-opacity":"","overlay-gradient":""},"mobile":{"background-color":"var(--ast-global-color-5)","background-image":"","background-repeat":"repeat","background-position":"center center","background-size":"auto","background-attachment":"scroll","background-type":"","background-media":"","overlay-type":"","overlay-color":"","overlay-opacity":"","overlay-gradient":""}}},"product_brand":[],"product_cat":[317],"product_tag":[460],"class_list":{"0":"post-14129","1":"product","2":"type-product","3":"status-publish","4":"has-post-thumbnail","6":"product_cat-accessoris","7":"product_tag-equipamiento-filtro-ca","8":"desktop-align-left","9":"tablet-align-left","10":"mobile-align-left","12":"first","13":"outofstock","14":"taxable","15":"shipping-taxable","16":"purchasable","17":"product-type-simple"},"_links":{"self":[{"href":"https:\/\/sensorial.coffee\/ca\/wp-json\/wp\/v2\/product\/14129","targetHints":{"allow":["GET"]}}],"collection":[{"href":"https:\/\/sensorial.coffee\/ca\/wp-json\/wp\/v2\/product"}],"about":[{"href":"https:\/\/sensorial.coffee\/ca\/wp-json\/wp\/v2\/types\/product"}],"replies":[{"embeddable":true,"href":"https:\/\/sensorial.coffee\/ca\/wp-json\/wp\/v2\/comments?post=14129"}],"version-history":[{"count":4,"href":"https:\/\/sensorial.coffee\/ca\/wp-json\/wp\/v2\/product\/14129\/revisions"}],"predecessor-version":[{"id":22229,"href":"https:\/\/sensorial.coffee\/ca\/wp-json\/wp\/v2\/product\/14129\/revisions\/22229"}],"wp:featuredmedia":[{"embeddable":true,"href":"https:\/\/sensorial.coffee\/ca\/wp-json\/wp\/v2\/media\/15340"}],"wp:attachment":[{"href":"https:\/\/sensorial.coffee\/ca\/wp-json\/wp\/v2\/media?parent=14129"}],"wp:term":[{"taxonomy":"product_brand","embeddable":true,"href":"https:\/\/sensorial.coffee\/ca\/wp-json\/wp\/v2\/product_brand?post=14129"},{"taxonomy":"product_cat","embeddable":true,"href":"https:\/\/sensorial.coffee\/ca\/wp-json\/wp\/v2\/product_cat?post=14129"},{"taxonomy":"product_tag","embeddable":true,"href":"https:\/\/sensorial.coffee\/ca\/wp-json\/wp\/v2\/product_tag?post=14129"}],"curies":[{"name":"wp","href":"https:\/\/api.w.org\/{rel}","templated":true}]}}