{"id":14131,"date":"2023-11-27T11:20:35","date_gmt":"2023-11-27T10:20:35","guid":{"rendered":"https:\/\/sensorial.coffee\/producto\/filtres-v60-hario\/"},"modified":"2025-08-20T13:38:17","modified_gmt":"2025-08-20T12:38:17","slug":"filtres-v60-hario","status":"publish","type":"product","link":"https:\/\/sensorial.coffee\/ca\/producte\/filtres-v60-hario\/","title":{"rendered":"Filtres per a V60"},"content":{"rendered":"<p>El filtre de paper juga un rol essencial en la preparaci\u00f3 de la teva tassa de caf\u00e8. Aquest filtre permet extreure tots els sabors i aromes del caf\u00e8 recentment molt i a m\u00e9s s\u00f3n biodegradables, la qual cosa fa que siguin responsables amb el medi ambient. Recorda que abans de preparar el caf\u00e8, \u00e9s important netejar b\u00e9 el filtre amb aigua bullent per a eliminar restes d&#8217;aromes anteriors.<\/p>\n","protected":false},"excerpt":{"rendered":"<table style=\"border: hidden\">\n<tbody style=\"border: hidden\">\n<tr style=\"border: hidden\">\n<td style=\"border: hidden\"><strong>Tipus de producto:<\/strong><\/td>\n<td style=\"border: hidden\">Filtres<\/td>\n<\/tr>\n<tr style=\"border: hidden\">\n<td style=\"border: hidden\"><strong>Tamanys:<\/strong><\/td>\n<td style=\"border: hidden\">01 i 02<\/td>\n<\/tr>\n<tr style=\"border: hidden\">\n<td style=\"border: hidden\"><strong>Color:<\/strong><\/td>\n<td style=\"border: hidden\">Natural o blanquejada amb oxigen<\/td>\n<\/tr>\n<tr style=\"border: hidden\">\n<td style=\"border: hidden\"><strong>Pes:<\/strong><\/td>\n<td style=\"border: hidden\">100 gr.<\/td>\n<\/tr>\n<tr style=\"border: hidden\">\n<td style=\"border: hidden\"><strong>Capacitats:<\/strong><\/td>\n<td style=\"border: hidden\">1-2; 2-4 tasses<\/td>\n<\/tr>\n<\/tbody>\n<\/table>\n","protected":false},"featured_media":23338,"comment_status":"open","ping_status":"closed","template":"","meta":{"site-sidebar-layout":"default","site-content-layout":"","ast-site-content-layout":"default","site-content-style":"default","site-sidebar-style":"default","ast-global-header-display":"","ast-banner-title-visibility":"","ast-main-header-display":"","ast-hfb-above-header-display":"","ast-hfb-below-header-display":"","ast-hfb-mobile-header-display":"","site-post-title":"","ast-breadcrumbs-content":"","ast-featured-img":"","footer-sml-layout":"","ast-disable-related-posts":"","theme-transparent-header-meta":"default","adv-header-id-meta":"","stick-header-meta":"","header-above-stick-meta":"","header-main-stick-meta":"","header-below-stick-meta":"","astra-migrate-meta-layouts":"default","ast-page-background-enabled":"default","ast-page-background-meta":{"desktop":{"background-color":"var(--ast-global-color-4)","background-image":"","background-repeat":"repeat","background-position":"center center","background-size":"auto","background-attachment":"scroll","background-type":"","background-media":"","overlay-type":"","overlay-color":"","overlay-opacity":"","overlay-gradient":""},"tablet":{"background-color":"","background-image":"","background-repeat":"repeat","background-position":"center center","background-size":"auto","background-attachment":"scroll","background-type":"","background-media":"","overlay-type":"","overlay-color":"","overlay-opacity":"","overlay-gradient":""},"mobile":{"background-color":"","background-image":"","background-repeat":"repeat","background-position":"center center","background-size":"auto","background-attachment":"scroll","background-type":"","background-media":"","overlay-type":"","overlay-color":"","overlay-opacity":"","overlay-gradient":""}},"ast-content-background-meta":{"desktop":{"background-color":"var(--ast-global-color-5)","background-image":"","background-repeat":"repeat","background-position":"center center","background-size":"auto","background-attachment":"scroll","background-type":"","background-media":"","overlay-type":"","overlay-color":"","overlay-opacity":"","overlay-gradient":""},"tablet":{"background-color":"var(--ast-global-color-5)","background-image":"","background-repeat":"repeat","background-position":"center center","background-size":"auto","background-attachment":"scroll","background-type":"","background-media":"","overlay-type":"","overlay-color":"","overlay-opacity":"","overlay-gradient":""},"mobile":{"background-color":"var(--ast-global-color-5)","background-image":"","background-repeat":"repeat","background-position":"center center","background-size":"auto","background-attachment":"scroll","background-type":"","background-media":"","overlay-type":"","overlay-color":"","overlay-opacity":"","overlay-gradient":""}}},"product_brand":[],"product_cat":[318],"product_tag":[337],"class_list":{"0":"post-14131","1":"product","2":"type-product","3":"status-publish","4":"has-post-thumbnail","6":"product_cat-brewing-ca","7":"product_tag-equipamiento-ca","8":"desktop-align-left","9":"tablet-align-left","10":"mobile-align-left","12":"first","13":"instock","14":"taxable","15":"shipping-taxable","16":"purchasable","17":"product-type-variable","18":"has-default-attributes"},"_links":{"self":[{"href":"https:\/\/sensorial.coffee\/ca\/wp-json\/wp\/v2\/product\/14131","targetHints":{"allow":["GET"]}}],"collection":[{"href":"https:\/\/sensorial.coffee\/ca\/wp-json\/wp\/v2\/product"}],"about":[{"href":"https:\/\/sensorial.coffee\/ca\/wp-json\/wp\/v2\/types\/product"}],"replies":[{"embeddable":true,"href":"https:\/\/sensorial.coffee\/ca\/wp-json\/wp\/v2\/comments?post=14131"}],"version-history":[{"count":3,"href":"https:\/\/sensorial.coffee\/ca\/wp-json\/wp\/v2\/product\/14131\/revisions"}],"predecessor-version":[{"id":22231,"href":"https:\/\/sensorial.coffee\/ca\/wp-json\/wp\/v2\/product\/14131\/revisions\/22231"}],"wp:featuredmedia":[{"embeddable":true,"href":"https:\/\/sensorial.coffee\/ca\/wp-json\/wp\/v2\/media\/23338"}],"wp:attachment":[{"href":"https:\/\/sensorial.coffee\/ca\/wp-json\/wp\/v2\/media?parent=14131"}],"wp:term":[{"taxonomy":"product_brand","embeddable":true,"href":"https:\/\/sensorial.coffee\/ca\/wp-json\/wp\/v2\/product_brand?post=14131"},{"taxonomy":"product_cat","embeddable":true,"href":"https:\/\/sensorial.coffee\/ca\/wp-json\/wp\/v2\/product_cat?post=14131"},{"taxonomy":"product_tag","embeddable":true,"href":"https:\/\/sensorial.coffee\/ca\/wp-json\/wp\/v2\/product_tag?post=14131"}],"curies":[{"name":"wp","href":"https:\/\/api.w.org\/{rel}","templated":true}]}}