{"id":14135,"date":"2023-11-27T10:32:00","date_gmt":"2023-11-27T09:32:00","guid":{"rendered":"https:\/\/sensorial.coffee\/producto\/kit-hario-v60-02-ceramica-blanca-2\/"},"modified":"2025-03-10T11:32:44","modified_gmt":"2025-03-10T10:32:44","slug":"kit-hario-v60-02-ceramica-blanca-2","status":"publish","type":"product","link":"https:\/\/sensorial.coffee\/ca\/producte\/kit-hario-v60-02-ceramica-blanca-2\/","title":{"rendered":"Kit Hario V60 02 Cer\u00e0mica Blanca"},"content":{"rendered":"<p>Este kit est\u00e1 dise\u00f1ado para hacer de 1 a 4 tazas de caf\u00e9, adem\u00e1s de facilitarte la tarea de la extracci\u00f3n. Hem de tenir tamb\u00e9 en compte que el seu forat est\u00e0 pensat per a augmentar la velocitat d&#8217;expulsi\u00f3 del caf\u00e8 en el servidor.<\/p>\n","protected":false},"excerpt":{"rendered":"<table style=\"border: hidden\">\n<tbody style=\"border: hidden\">\n<tr style=\"border: hidden\">\n<td style=\"border: hidden\"><strong>Tipus de producte:<\/strong><\/td>\n<td style=\"border: hidden\">Cafetera V60 i accesorios<\/td>\n<\/tr>\n<tr style=\"border: hidden\">\n<td style=\"border: hidden\"><strong>Dimensions:<\/strong><\/td>\n<td style=\"border: hidden\">13 x 10.7 x 17.4 cm<\/td>\n<\/tr>\n<tr style=\"border: hidden\">\n<td style=\"border: hidden\"><strong>Capacitat:<\/strong><\/td>\n<td style=\"border: hidden\">1-4 tazas<\/td>\n<\/tr>\n<tr style=\"border: hidden\">\n<td style=\"border: hidden\"><strong>Pes:<\/strong><\/td>\n<td style=\"border: hidden\">600 gr.<\/td>\n<\/tr>\n<tr style=\"border: hidden\">\n<td style=\"border: hidden\"><strong>Material:<\/strong><\/td>\n<td style=\"border: hidden\">Cristal i cer\u00e0mica<\/td>\n<\/tr>\n<tr style=\"border: hidden\">\n<strong><\/p>\n<td style=\"border: hidden\">Altres caracter\u00edstiques:<\/td>\n<p><\/strong><\/p>\n<td style=\"border: hidden\">Hario V60 blanca 02 de cer\u00e0mica, gerra de 600 ml realitzada en cristall, 100 filtres de paper i un mesurador<\/td>\n<\/tr>\n<\/tbody>\n<\/table>\n","protected":false},"featured_media":15316,"comment_status":"open","ping_status":"closed","template":"","meta":{"site-sidebar-layout":"default","site-content-layout":"","ast-site-content-layout":"default","site-content-style":"default","site-sidebar-style":"default","ast-global-header-display":"","ast-banner-title-visibility":"","ast-main-header-display":"","ast-hfb-above-header-display":"","ast-hfb-below-header-display":"","ast-hfb-mobile-header-display":"","site-post-title":"","ast-breadcrumbs-content":"","ast-featured-img":"","footer-sml-layout":"","ast-disable-related-posts":"","theme-transparent-header-meta":"default","adv-header-id-meta":"","stick-header-meta":"","header-above-stick-meta":"","header-main-stick-meta":"","header-below-stick-meta":"","astra-migrate-meta-layouts":"default","ast-page-background-enabled":"default","ast-page-background-meta":{"desktop":{"background-color":"var(--ast-global-color-4)","background-image":"","background-repeat":"repeat","background-position":"center center","background-size":"auto","background-attachment":"scroll","background-type":"","background-media":"","overlay-type":"","overlay-color":"","overlay-opacity":"","overlay-gradient":""},"tablet":{"background-color":"","background-image":"","background-repeat":"repeat","background-position":"center center","background-size":"auto","background-attachment":"scroll","background-type":"","background-media":"","overlay-type":"","overlay-color":"","overlay-opacity":"","overlay-gradient":""},"mobile":{"background-color":"","background-image":"","background-repeat":"repeat","background-position":"center center","background-size":"auto","background-attachment":"scroll","background-type":"","background-media":"","overlay-type":"","overlay-color":"","overlay-opacity":"","overlay-gradient":""}},"ast-content-background-meta":{"desktop":{"background-color":"var(--ast-global-color-5)","background-image":"","background-repeat":"repeat","background-position":"center center","background-size":"auto","background-attachment":"scroll","background-type":"","background-media":"","overlay-type":"","overlay-color":"","overlay-opacity":"","overlay-gradient":""},"tablet":{"background-color":"var(--ast-global-color-5)","background-image":"","background-repeat":"repeat","background-position":"center center","background-size":"auto","background-attachment":"scroll","background-type":"","background-media":"","overlay-type":"","overlay-color":"","overlay-opacity":"","overlay-gradient":""},"mobile":{"background-color":"var(--ast-global-color-5)","background-image":"","background-repeat":"repeat","background-position":"center center","background-size":"auto","background-attachment":"scroll","background-type":"","background-media":"","overlay-type":"","overlay-color":"","overlay-opacity":"","overlay-gradient":""}}},"product_brand":[],"product_cat":[318],"product_tag":[337],"class_list":{"0":"post-14135","1":"product","2":"type-product","3":"status-publish","4":"has-post-thumbnail","6":"product_cat-brewing-ca","7":"product_tag-equipamiento-ca","8":"desktop-align-left","9":"tablet-align-left","10":"mobile-align-left","12":"first","13":"instock","14":"taxable","15":"shipping-taxable","16":"purchasable","17":"product-type-simple"},"_links":{"self":[{"href":"https:\/\/sensorial.coffee\/ca\/wp-json\/wp\/v2\/product\/14135","targetHints":{"allow":["GET"]}}],"collection":[{"href":"https:\/\/sensorial.coffee\/ca\/wp-json\/wp\/v2\/product"}],"about":[{"href":"https:\/\/sensorial.coffee\/ca\/wp-json\/wp\/v2\/types\/product"}],"replies":[{"embeddable":true,"href":"https:\/\/sensorial.coffee\/ca\/wp-json\/wp\/v2\/comments?post=14135"}],"version-history":[{"count":4,"href":"https:\/\/sensorial.coffee\/ca\/wp-json\/wp\/v2\/product\/14135\/revisions"}],"predecessor-version":[{"id":22233,"href":"https:\/\/sensorial.coffee\/ca\/wp-json\/wp\/v2\/product\/14135\/revisions\/22233"}],"wp:featuredmedia":[{"embeddable":true,"href":"https:\/\/sensorial.coffee\/ca\/wp-json\/wp\/v2\/media\/15316"}],"wp:attachment":[{"href":"https:\/\/sensorial.coffee\/ca\/wp-json\/wp\/v2\/media?parent=14135"}],"wp:term":[{"taxonomy":"product_brand","embeddable":true,"href":"https:\/\/sensorial.coffee\/ca\/wp-json\/wp\/v2\/product_brand?post=14135"},{"taxonomy":"product_cat","embeddable":true,"href":"https:\/\/sensorial.coffee\/ca\/wp-json\/wp\/v2\/product_cat?post=14135"},{"taxonomy":"product_tag","embeddable":true,"href":"https:\/\/sensorial.coffee\/ca\/wp-json\/wp\/v2\/product_tag?post=14135"}],"curies":[{"name":"wp","href":"https:\/\/api.w.org\/{rel}","templated":true}]}}