{"id":14165,"date":"2023-11-22T11:57:20","date_gmt":"2023-11-22T10:57:20","guid":{"rendered":"https:\/\/sensorial.coffee\/producto\/filtres-per-a-chemex\/"},"modified":"2026-05-10T18:42:14","modified_gmt":"2026-05-10T17:42:14","slug":"filtres-per-a-chemex","status":"publish","type":"product","link":"https:\/\/sensorial.coffee\/ca\/producte\/filtres-per-a-chemex\/","title":{"rendered":"Filtres per a Chemex"},"content":{"rendered":"<p>Filtres de cafetera chemex per a l&#8217;extracci\u00f3 d&#8217;olis despresos del caf\u00e8. Estan especialment dissenyats amb un paper gruixut que permet extreure tots els olis que despr\u00e8n el caf\u00e8 en ser filtrat.<\/p>\n","protected":false},"excerpt":{"rendered":"<table style=\"border: hidden;\">\n<tbody style=\"border: hidden;\">\n<tr style=\"border: hidden;\">\n<td style=\"border: hidden;\"><strong>Tipus de producto:<\/strong><\/td>\n<td style=\"border: hidden;\">Filtres<\/td>\n<\/tr>\n<tr style=\"border: hidden;\">\n<td style=\"border: hidden;\"><strong>Material:<\/strong><\/td>\n<td style=\"border: hidden;\">Fibra d&#8217;alta qualitat<\/td>\n<\/tr>\n<tr style=\"border: hidden;\">\n<td style=\"border: hidden;\"><strong>Compatible amb:<\/strong><\/td>\n<td style=\"border: hidden;\">Chemex de 3 i 6 tasses<\/td>\n<\/tr>\n<tr style=\"border: hidden;\">\n<td style=\"border: hidden;\"><strong>Sostenible:<\/strong><\/td>\n<td style=\"border: hidden;\">Biodegradables i respectuosos amb el medi ambient<\/td>\n<\/tr>\n<tr style=\"border: hidden;\">\n<td style=\"border: hidden;\"><strong>Quantitat:<\/strong><\/td>\n<td style=\"border: hidden;\">100 unitats<\/td>\n<\/tr>\n<\/tbody>\n<\/table>\n","protected":false},"featured_media":15295,"comment_status":"open","ping_status":"closed","template":"","meta":{"site-sidebar-layout":"default","site-content-layout":"","ast-site-content-layout":"default","site-content-style":"default","site-sidebar-style":"default","ast-global-header-display":"","ast-banner-title-visibility":"","ast-main-header-display":"","ast-hfb-above-header-display":"","ast-hfb-below-header-display":"","ast-hfb-mobile-header-display":"","site-post-title":"","ast-breadcrumbs-content":"","ast-featured-img":"","footer-sml-layout":"","ast-disable-related-posts":"","theme-transparent-header-meta":"default","adv-header-id-meta":"","stick-header-meta":"","header-above-stick-meta":"","header-main-stick-meta":"","header-below-stick-meta":"","astra-migrate-meta-layouts":"set","ast-page-background-enabled":"default","ast-page-background-meta":{"desktop":{"background-color":"var(--ast-global-color-4)","background-image":"","background-repeat":"repeat","background-position":"center center","background-size":"auto","background-attachment":"scroll","background-type":"","background-media":"","overlay-type":"","overlay-color":"","overlay-opacity":"","overlay-gradient":""},"tablet":{"background-color":"","background-image":"","background-repeat":"repeat","background-position":"center center","background-size":"auto","background-attachment":"scroll","background-type":"","background-media":"","overlay-type":"","overlay-color":"","overlay-opacity":"","overlay-gradient":""},"mobile":{"background-color":"","background-image":"","background-repeat":"repeat","background-position":"center center","background-size":"auto","background-attachment":"scroll","background-type":"","background-media":"","overlay-type":"","overlay-color":"","overlay-opacity":"","overlay-gradient":""}},"ast-content-background-meta":{"desktop":{"background-color":"var(--ast-global-color-5)","background-image":"","background-repeat":"repeat","background-position":"center center","background-size":"auto","background-attachment":"scroll","background-type":"","background-media":"","overlay-type":"","overlay-color":"","overlay-opacity":"","overlay-gradient":""},"tablet":{"background-color":"var(--ast-global-color-5)","background-image":"","background-repeat":"repeat","background-position":"center center","background-size":"auto","background-attachment":"scroll","background-type":"","background-media":"","overlay-type":"","overlay-color":"","overlay-opacity":"","overlay-gradient":""},"mobile":{"background-color":"var(--ast-global-color-5)","background-image":"","background-repeat":"repeat","background-position":"center center","background-size":"auto","background-attachment":"scroll","background-type":"","background-media":"","overlay-type":"","overlay-color":"","overlay-opacity":"","overlay-gradient":""}}},"product_brand":[],"product_cat":[318],"product_tag":[460],"class_list":{"0":"post-14165","1":"product","2":"type-product","3":"status-publish","4":"has-post-thumbnail","6":"product_cat-brewing-ca","7":"product_tag-equipamiento-filtro-ca","8":"desktop-align-left","9":"tablet-align-left","10":"mobile-align-left","12":"first","13":"instock","14":"taxable","15":"shipping-taxable","16":"purchasable","17":"product-type-variable"},"_links":{"self":[{"href":"https:\/\/sensorial.coffee\/ca\/wp-json\/wp\/v2\/product\/14165","targetHints":{"allow":["GET"]}}],"collection":[{"href":"https:\/\/sensorial.coffee\/ca\/wp-json\/wp\/v2\/product"}],"about":[{"href":"https:\/\/sensorial.coffee\/ca\/wp-json\/wp\/v2\/types\/product"}],"replies":[{"embeddable":true,"href":"https:\/\/sensorial.coffee\/ca\/wp-json\/wp\/v2\/comments?post=14165"}],"version-history":[{"count":6,"href":"https:\/\/sensorial.coffee\/ca\/wp-json\/wp\/v2\/product\/14165\/revisions"}],"predecessor-version":[{"id":28430,"href":"https:\/\/sensorial.coffee\/ca\/wp-json\/wp\/v2\/product\/14165\/revisions\/28430"}],"wp:featuredmedia":[{"embeddable":true,"href":"https:\/\/sensorial.coffee\/ca\/wp-json\/wp\/v2\/media\/15295"}],"wp:attachment":[{"href":"https:\/\/sensorial.coffee\/ca\/wp-json\/wp\/v2\/media?parent=14165"}],"wp:term":[{"taxonomy":"product_brand","embeddable":true,"href":"https:\/\/sensorial.coffee\/ca\/wp-json\/wp\/v2\/product_brand?post=14165"},{"taxonomy":"product_cat","embeddable":true,"href":"https:\/\/sensorial.coffee\/ca\/wp-json\/wp\/v2\/product_cat?post=14165"},{"taxonomy":"product_tag","embeddable":true,"href":"https:\/\/sensorial.coffee\/ca\/wp-json\/wp\/v2\/product_tag?post=14165"}],"curies":[{"name":"wp","href":"https:\/\/api.w.org\/{rel}","templated":true}]}}