{"id":14167,"date":"2024-02-16T12:30:57","date_gmt":"2024-02-16T12:30:57","guid":{"rendered":"https:\/\/sensorial.coffee\/producto\/profitec-pro-300-dual-boiler-pid-2\/"},"modified":"2025-02-10T11:28:05","modified_gmt":"2025-02-10T10:28:05","slug":"profitec-pro-300-dual-boiler-pid-2","status":"publish","type":"product","link":"https:\/\/sensorial.coffee\/ca\/producte\/profitec-pro-300-dual-boiler-pid-2\/","title":{"rendered":"Profitec Pro 300 Dual Boiler PID"},"content":{"rendered":"<p>La Pro 300 \u00e9s una m\u00e0quina de caf\u00e8 expr\u00e9s semiautom\u00e0tica de doble caldera amb un grup de preparaci\u00f3 d&#8217;anell. Depenent de les teves necessitats, la PRO 300 es pot utilitzar com a caldera individual.<\/p>\n","protected":false},"excerpt":{"rendered":"<table style=\"border: hidden;\">\n<tbody style=\"border: hidden;\">\n<tr style=\"border: hidden;\">\n<td style=\"border: hidden;\"><strong>Tipus de producte:<\/strong><\/td>\n<td style=\"border: hidden;\">Cafetera<\/td>\n<\/tr>\n<tr style=\"border: hidden;\">\n<td style=\"border: hidden;\"><strong>Dimensions:<\/strong><\/td>\n<td style=\"border: hidden;\">255 x 415 x 385 mm sense portafiltre<\/td>\n<\/tr>\n<tr style=\"border: hidden;\">\n<td style=\"border: hidden;\"><strong>Pes:<\/strong><\/td>\n<td style=\"border: hidden;\">18 Kg<\/td>\n<\/tr>\n<tr style=\"border: hidden;\">\n<td style=\"border: hidden;\"><strong>Dip\u00f2sit d&#8217;aigua:<\/strong><\/td>\n<td style=\"border: hidden;\">2,8 L amb adaptador incorporat<\/td>\n<\/tr>\n<tr style=\"border: hidden;\">\n<td style=\"border: hidden;\"><strong>Altres caracter\u00edstiques:<\/strong><\/td>\n<td style=\"border: hidden;\">Temps de calentament de 5 minuts per arribar a la temperatura desitjada de la caldera de preparaci\u00f3. La caldera d&#8217;acer inoxidable, vapor i aigua calenta es pot encendre o apagar en qualsevol moment. La temperatura de preparaci\u00f3 desitjada es pot regular a trav\u00e9s de la pantalla PID.<\/td>\n<\/tr>\n<\/tbody>\n<\/table>\n","protected":false},"featured_media":14168,"comment_status":"open","ping_status":"closed","template":"","meta":{"site-sidebar-layout":"default","site-content-layout":"","ast-site-content-layout":"default","site-content-style":"default","site-sidebar-style":"default","ast-global-header-display":"","ast-banner-title-visibility":"","ast-main-header-display":"","ast-hfb-above-header-display":"","ast-hfb-below-header-display":"","ast-hfb-mobile-header-display":"","site-post-title":"","ast-breadcrumbs-content":"","ast-featured-img":"","footer-sml-layout":"","ast-disable-related-posts":"","theme-transparent-header-meta":"default","adv-header-id-meta":"","stick-header-meta":"","header-above-stick-meta":"","header-main-stick-meta":"","header-below-stick-meta":"","astra-migrate-meta-layouts":"default","ast-page-background-enabled":"default","ast-page-background-meta":{"desktop":{"background-color":"var(--ast-global-color-4)","background-image":"","background-repeat":"repeat","background-position":"center center","background-size":"auto","background-attachment":"scroll","background-type":"","background-media":"","overlay-type":"","overlay-color":"","overlay-opacity":"","overlay-gradient":""},"tablet":{"background-color":"","background-image":"","background-repeat":"repeat","background-position":"center center","background-size":"auto","background-attachment":"scroll","background-type":"","background-media":"","overlay-type":"","overlay-color":"","overlay-opacity":"","overlay-gradient":""},"mobile":{"background-color":"","background-image":"","background-repeat":"repeat","background-position":"center center","background-size":"auto","background-attachment":"scroll","background-type":"","background-media":"","overlay-type":"","overlay-color":"","overlay-opacity":"","overlay-gradient":""}},"ast-content-background-meta":{"desktop":{"background-color":"var(--ast-global-color-5)","background-image":"","background-repeat":"repeat","background-position":"center center","background-size":"auto","background-attachment":"scroll","background-type":"","background-media":"","overlay-type":"","overlay-color":"","overlay-opacity":"","overlay-gradient":""},"tablet":{"background-color":"var(--ast-global-color-5)","background-image":"","background-repeat":"repeat","background-position":"center center","background-size":"auto","background-attachment":"scroll","background-type":"","background-media":"","overlay-type":"","overlay-color":"","overlay-opacity":"","overlay-gradient":""},"mobile":{"background-color":"var(--ast-global-color-5)","background-image":"","background-repeat":"repeat","background-position":"center center","background-size":"auto","background-attachment":"scroll","background-type":"","background-media":"","overlay-type":"","overlay-color":"","overlay-opacity":"","overlay-gradient":""}}},"product_brand":[],"product_cat":[319],"product_tag":[337],"class_list":{"0":"post-14167","1":"product","2":"type-product","3":"status-publish","4":"has-post-thumbnail","6":"product_cat-cafeteres","7":"product_tag-equipamiento-ca","8":"desktop-align-left","9":"tablet-align-left","10":"mobile-align-left","12":"first","13":"outofstock","14":"taxable","15":"shipping-taxable","16":"purchasable","17":"product-type-simple"},"_links":{"self":[{"href":"https:\/\/sensorial.coffee\/ca\/wp-json\/wp\/v2\/product\/14167","targetHints":{"allow":["GET"]}}],"collection":[{"href":"https:\/\/sensorial.coffee\/ca\/wp-json\/wp\/v2\/product"}],"about":[{"href":"https:\/\/sensorial.coffee\/ca\/wp-json\/wp\/v2\/types\/product"}],"replies":[{"embeddable":true,"href":"https:\/\/sensorial.coffee\/ca\/wp-json\/wp\/v2\/comments?post=14167"}],"version-history":[{"count":1,"href":"https:\/\/sensorial.coffee\/ca\/wp-json\/wp\/v2\/product\/14167\/revisions"}],"predecessor-version":[{"id":14875,"href":"https:\/\/sensorial.coffee\/ca\/wp-json\/wp\/v2\/product\/14167\/revisions\/14875"}],"wp:featuredmedia":[{"embeddable":true,"href":"https:\/\/sensorial.coffee\/ca\/wp-json\/wp\/v2\/media\/14168"}],"wp:attachment":[{"href":"https:\/\/sensorial.coffee\/ca\/wp-json\/wp\/v2\/media?parent=14167"}],"wp:term":[{"taxonomy":"product_brand","embeddable":true,"href":"https:\/\/sensorial.coffee\/ca\/wp-json\/wp\/v2\/product_brand?post=14167"},{"taxonomy":"product_cat","embeddable":true,"href":"https:\/\/sensorial.coffee\/ca\/wp-json\/wp\/v2\/product_cat?post=14167"},{"taxonomy":"product_tag","embeddable":true,"href":"https:\/\/sensorial.coffee\/ca\/wp-json\/wp\/v2\/product_tag?post=14167"}],"curies":[{"name":"wp","href":"https:\/\/api.w.org\/{rel}","templated":true}]}}