{"id":14332,"date":"2023-11-24T13:26:29","date_gmt":"2023-11-24T12:26:29","guid":{"rendered":"https:\/\/sensorial.coffee\/producto\/molinet-manual-minos\/"},"modified":"2025-03-14T19:54:56","modified_gmt":"2025-03-14T18:54:56","slug":"molinet-manual-minos","status":"publish","type":"product","link":"https:\/\/sensorial.coffee\/ca\/producte\/molinet-manual-minos\/","title":{"rendered":"Molinet manual Minos"},"content":{"rendered":"<p>Aquest molinet manual per a caf\u00e8 amb manovella \u00e9s petit i port\u00e0til. Amb ell, es pot gaudir de caf\u00e8 recentment molt en qualsevol moment i en qualsevol lloc. Va guanyar el premi Red Dot Design Award 2018.<\/p>\n","protected":false},"excerpt":{"rendered":"<table style=\"border: hidden;\">\n<tbody style=\"border: hidden;\">\n<tr style=\"border: hidden;\">\n<td style=\"border: hidden;\"><strong>Tipus de producte:<\/strong><\/td>\n<td style=\"border: hidden;\">Molinet<\/td>\n<\/tr>\n<tr style=\"border: hidden;\">\n<td style=\"border: hidden;\"><strong>Diseny:<\/strong><\/td>\n<td style=\"border: hidden;\">Aparen\u00e7a \u00fanica i pes lleuger<\/td>\n<\/tr>\n<tr style=\"border: hidden;\">\n<td style=\"border: hidden;\"><strong>Materials:<\/strong><\/td>\n<td style=\"border: hidden;\">Cos d&#8217;alumini<\/td>\n<\/tr>\n<tr style=\"border: hidden;\">\n<td style=\"border: hidden;\"><strong>Altres caracter\u00edstiques:<\/strong><\/td>\n<td style=\"border: hidden;\">Mol el gra de caf\u00e8 de manera convenient i eficient i sense cap retenci\u00f3. C\u00f2mode per a portar i gaudir del teu caf\u00e8 quan i on sigui possible.<\/td>\n<\/tr>\n<\/tbody>\n<\/table>\n","protected":false},"featured_media":14333,"comment_status":"open","ping_status":"closed","template":"","meta":{"site-sidebar-layout":"default","site-content-layout":"","ast-site-content-layout":"default","site-content-style":"default","site-sidebar-style":"default","ast-global-header-display":"","ast-banner-title-visibility":"","ast-main-header-display":"","ast-hfb-above-header-display":"","ast-hfb-below-header-display":"","ast-hfb-mobile-header-display":"","site-post-title":"","ast-breadcrumbs-content":"","ast-featured-img":"","footer-sml-layout":"","ast-disable-related-posts":"","theme-transparent-header-meta":"default","adv-header-id-meta":"","stick-header-meta":"","header-above-stick-meta":"","header-main-stick-meta":"","header-below-stick-meta":"","astra-migrate-meta-layouts":"default","ast-page-background-enabled":"default","ast-page-background-meta":{"desktop":{"background-color":"var(--ast-global-color-4)","background-image":"","background-repeat":"repeat","background-position":"center center","background-size":"auto","background-attachment":"scroll","background-type":"","background-media":"","overlay-type":"","overlay-color":"","overlay-opacity":"","overlay-gradient":""},"tablet":{"background-color":"","background-image":"","background-repeat":"repeat","background-position":"center center","background-size":"auto","background-attachment":"scroll","background-type":"","background-media":"","overlay-type":"","overlay-color":"","overlay-opacity":"","overlay-gradient":""},"mobile":{"background-color":"","background-image":"","background-repeat":"repeat","background-position":"center center","background-size":"auto","background-attachment":"scroll","background-type":"","background-media":"","overlay-type":"","overlay-color":"","overlay-opacity":"","overlay-gradient":""}},"ast-content-background-meta":{"desktop":{"background-color":"var(--ast-global-color-5)","background-image":"","background-repeat":"repeat","background-position":"center center","background-size":"auto","background-attachment":"scroll","background-type":"","background-media":"","overlay-type":"","overlay-color":"","overlay-opacity":"","overlay-gradient":""},"tablet":{"background-color":"var(--ast-global-color-5)","background-image":"","background-repeat":"repeat","background-position":"center center","background-size":"auto","background-attachment":"scroll","background-type":"","background-media":"","overlay-type":"","overlay-color":"","overlay-opacity":"","overlay-gradient":""},"mobile":{"background-color":"var(--ast-global-color-5)","background-image":"","background-repeat":"repeat","background-position":"center center","background-size":"auto","background-attachment":"scroll","background-type":"","background-media":"","overlay-type":"","overlay-color":"","overlay-opacity":"","overlay-gradient":""}}},"product_brand":[],"product_cat":[320],"product_tag":[337],"class_list":{"0":"post-14332","1":"product","2":"type-product","3":"status-publish","4":"has-post-thumbnail","6":"product_cat-molinets","7":"product_tag-equipamiento-ca","8":"desktop-align-left","9":"tablet-align-left","10":"mobile-align-left","12":"first","13":"instock","14":"taxable","15":"shipping-taxable","16":"purchasable","17":"product-type-variable","18":"has-default-attributes"},"_links":{"self":[{"href":"https:\/\/sensorial.coffee\/ca\/wp-json\/wp\/v2\/product\/14332","targetHints":{"allow":["GET"]}}],"collection":[{"href":"https:\/\/sensorial.coffee\/ca\/wp-json\/wp\/v2\/product"}],"about":[{"href":"https:\/\/sensorial.coffee\/ca\/wp-json\/wp\/v2\/types\/product"}],"replies":[{"embeddable":true,"href":"https:\/\/sensorial.coffee\/ca\/wp-json\/wp\/v2\/comments?post=14332"}],"version-history":[{"count":3,"href":"https:\/\/sensorial.coffee\/ca\/wp-json\/wp\/v2\/product\/14332\/revisions"}],"predecessor-version":[{"id":23012,"href":"https:\/\/sensorial.coffee\/ca\/wp-json\/wp\/v2\/product\/14332\/revisions\/23012"}],"wp:featuredmedia":[{"embeddable":true,"href":"https:\/\/sensorial.coffee\/ca\/wp-json\/wp\/v2\/media\/14333"}],"wp:attachment":[{"href":"https:\/\/sensorial.coffee\/ca\/wp-json\/wp\/v2\/media?parent=14332"}],"wp:term":[{"taxonomy":"product_brand","embeddable":true,"href":"https:\/\/sensorial.coffee\/ca\/wp-json\/wp\/v2\/product_brand?post=14332"},{"taxonomy":"product_cat","embeddable":true,"href":"https:\/\/sensorial.coffee\/ca\/wp-json\/wp\/v2\/product_cat?post=14332"},{"taxonomy":"product_tag","embeddable":true,"href":"https:\/\/sensorial.coffee\/ca\/wp-json\/wp\/v2\/product_tag?post=14332"}],"curies":[{"name":"wp","href":"https:\/\/api.w.org\/{rel}","templated":true}]}}