{"id":14344,"date":"2023-11-22T13:44:29","date_gmt":"2023-11-22T13:44:29","guid":{"rendered":"https:\/\/sensorial.coffee\/producto\/molinet-eureka-mignon-specialita\/"},"modified":"2025-03-14T19:53:26","modified_gmt":"2025-03-14T18:53:26","slug":"molinet-eureka-mignon-specialita","status":"publish","type":"product","link":"https:\/\/sensorial.coffee\/ca\/producte\/molinet-eureka-mignon-specialita\/","title":{"rendered":"Molinet Eureka Mignon Specialit\u00e0"},"content":{"rendered":"<p><span style=\"font-weight: 400;\">El Molinet Eureka Mignon Specialit\u00e0 \u00e9s un molinet de caf\u00e8 silenci\u00f3s, prec\u00eds i compacte. El sistema de regulaci\u00f3 microm\u00e8trica continu patentat per Eureka garanteix un rendiment de rectificat incomparable en termes de qualitat i precisi\u00f3.<\/span><\/p>\n","protected":false},"excerpt":{"rendered":"<table style=\"border: hidden;\">\n<tbody style=\"border: hidden;\">\n<tr style=\"border: hidden;\">\n<td style=\"border: hidden;\"><strong>Tipus de producte:<\/strong><\/td>\n<td style=\"border: hidden;\">Molinet<\/td>\n<\/tr>\n<tr style=\"border: hidden;\">\n<td style=\"border: hidden;\"><strong>Dimensions:<\/strong><\/td>\n<td style=\"border: hidden;\">350 Al x 120 An x 155 Pr mm<\/td>\n<\/tr>\n<tr style=\"border: hidden;\">\n<td style=\"border: hidden;\"><strong>Pes:<\/strong><\/td>\n<td style=\"border: hidden;\">5,6 Kg<\/td>\n<\/tr>\n<tr style=\"border: hidden;\">\n<td style=\"border: hidden;\"><strong>Material:<\/strong><\/td>\n<td style=\"border: hidden;\">\u00c0cer templat<\/td>\n<\/tr>\n<tr style=\"border: hidden;\">\n<td style=\"border: hidden;\"><strong>Dip\u00f2sit de caf\u00e8 en gra:<\/strong><\/td>\n<td style=\"border: hidden;\">300 gr.<\/td>\n<\/tr>\n<tr style=\"border: hidden;\">\n<td style=\"border: hidden;\"><strong>Fresas:<\/strong><\/td>\n<td style=\"border: hidden;\">55 mm per a una major productivitat<\/td>\n<\/tr>\n<tr style=\"border: hidden;\">\n<td style=\"border: hidden;\"><strong>Altres caracter\u00edstiques:<\/strong><\/td>\n<td style=\"border: hidden;\">Pantalla t\u00e0ctil per a la configuraci\u00f3, tecnologia silenciosa, Espresso Brew i amb Sistema ACE<\/td>\n<\/tr>\n<\/tbody>\n<\/table>\n","protected":false},"featured_media":14345,"comment_status":"open","ping_status":"closed","template":"","meta":{"site-sidebar-layout":"default","site-content-layout":"","ast-site-content-layout":"default","site-content-style":"default","site-sidebar-style":"default","ast-global-header-display":"","ast-banner-title-visibility":"","ast-main-header-display":"","ast-hfb-above-header-display":"","ast-hfb-below-header-display":"","ast-hfb-mobile-header-display":"","site-post-title":"","ast-breadcrumbs-content":"","ast-featured-img":"","footer-sml-layout":"","ast-disable-related-posts":"","theme-transparent-header-meta":"default","adv-header-id-meta":"","stick-header-meta":"","header-above-stick-meta":"","header-main-stick-meta":"","header-below-stick-meta":"","astra-migrate-meta-layouts":"default","ast-page-background-enabled":"default","ast-page-background-meta":{"desktop":{"background-color":"var(--ast-global-color-4)","background-image":"","background-repeat":"repeat","background-position":"center center","background-size":"auto","background-attachment":"scroll","background-type":"","background-media":"","overlay-type":"","overlay-color":"","overlay-opacity":"","overlay-gradient":""},"tablet":{"background-color":"","background-image":"","background-repeat":"repeat","background-position":"center center","background-size":"auto","background-attachment":"scroll","background-type":"","background-media":"","overlay-type":"","overlay-color":"","overlay-opacity":"","overlay-gradient":""},"mobile":{"background-color":"","background-image":"","background-repeat":"repeat","background-position":"center center","background-size":"auto","background-attachment":"scroll","background-type":"","background-media":"","overlay-type":"","overlay-color":"","overlay-opacity":"","overlay-gradient":""}},"ast-content-background-meta":{"desktop":{"background-color":"var(--ast-global-color-5)","background-image":"","background-repeat":"repeat","background-position":"center center","background-size":"auto","background-attachment":"scroll","background-type":"","background-media":"","overlay-type":"","overlay-color":"","overlay-opacity":"","overlay-gradient":""},"tablet":{"background-color":"var(--ast-global-color-5)","background-image":"","background-repeat":"repeat","background-position":"center center","background-size":"auto","background-attachment":"scroll","background-type":"","background-media":"","overlay-type":"","overlay-color":"","overlay-opacity":"","overlay-gradient":""},"mobile":{"background-color":"var(--ast-global-color-5)","background-image":"","background-repeat":"repeat","background-position":"center center","background-size":"auto","background-attachment":"scroll","background-type":"","background-media":"","overlay-type":"","overlay-color":"","overlay-opacity":"","overlay-gradient":""}}},"product_brand":[],"product_cat":[320],"product_tag":[337],"class_list":{"0":"post-14344","1":"product","2":"type-product","3":"status-publish","4":"has-post-thumbnail","6":"product_cat-molinets","7":"product_tag-equipamiento-ca","8":"desktop-align-left","9":"tablet-align-left","10":"mobile-align-left","12":"first","13":"instock","14":"taxable","15":"shipping-taxable","16":"purchasable","17":"product-type-variable"},"_links":{"self":[{"href":"https:\/\/sensorial.coffee\/ca\/wp-json\/wp\/v2\/product\/14344","targetHints":{"allow":["GET"]}}],"collection":[{"href":"https:\/\/sensorial.coffee\/ca\/wp-json\/wp\/v2\/product"}],"about":[{"href":"https:\/\/sensorial.coffee\/ca\/wp-json\/wp\/v2\/types\/product"}],"replies":[{"embeddable":true,"href":"https:\/\/sensorial.coffee\/ca\/wp-json\/wp\/v2\/comments?post=14344"}],"version-history":[{"count":2,"href":"https:\/\/sensorial.coffee\/ca\/wp-json\/wp\/v2\/product\/14344\/revisions"}],"predecessor-version":[{"id":23009,"href":"https:\/\/sensorial.coffee\/ca\/wp-json\/wp\/v2\/product\/14344\/revisions\/23009"}],"wp:featuredmedia":[{"embeddable":true,"href":"https:\/\/sensorial.coffee\/ca\/wp-json\/wp\/v2\/media\/14345"}],"wp:attachment":[{"href":"https:\/\/sensorial.coffee\/ca\/wp-json\/wp\/v2\/media?parent=14344"}],"wp:term":[{"taxonomy":"product_brand","embeddable":true,"href":"https:\/\/sensorial.coffee\/ca\/wp-json\/wp\/v2\/product_brand?post=14344"},{"taxonomy":"product_cat","embeddable":true,"href":"https:\/\/sensorial.coffee\/ca\/wp-json\/wp\/v2\/product_cat?post=14344"},{"taxonomy":"product_tag","embeddable":true,"href":"https:\/\/sensorial.coffee\/ca\/wp-json\/wp\/v2\/product_tag?post=14344"}],"curies":[{"name":"wp","href":"https:\/\/api.w.org\/{rel}","templated":true}]}}