{"id":14388,"date":"2023-11-22T13:46:19","date_gmt":"2023-11-22T12:46:19","guid":{"rendered":"https:\/\/sensorial.coffee\/producto\/molinet-eureka-mignon-stark\/"},"modified":"2025-01-15T13:13:50","modified_gmt":"2025-01-15T12:13:50","slug":"molinet-eureka-mignon-stark","status":"publish","type":"product","link":"https:\/\/sensorial.coffee\/ca\/producte\/molinet-eureka-mignon-stark\/","title":{"rendered":"Molinet Eureka Mignon Stark"},"content":{"rendered":"<p>Molinet Eureka Mignon Stark \u00e9s ideal per al barista dom\u00e8stic que busca un molinet de caf\u00e8 extremadament orientat al disseny i d&#8217;alta qualitat, capa\u00e7 al mateix temps de proporcionar un rendiment professional en termes de velocitat i una consist\u00e8ncia de molta superior.<\/p>\n","protected":false},"excerpt":{"rendered":"<table style=\"border: hidden;\">\n<tbody style=\"border: hidden;\">\n<tr style=\"border: hidden;\">\n<td style=\"border: hidden;\"><strong>Tipus de producte:<\/strong><\/td>\n<td style=\"border: hidden;\">Molinet<\/td>\n<\/tr>\n<tr style=\"border: hidden;\">\n<td style=\"border: hidden;\"><strong>Dimensions:<\/strong><\/td>\n<td style=\"border: hidden;\">380 Al x 128 An x 186 Pr mm<\/td>\n<\/tr>\n<tr style=\"border: hidden;\">\n<td style=\"border: hidden;\"><strong>Pes:<\/strong><\/td>\n<td style=\"border: hidden;\">7,4 Kg.<\/td>\n<\/tr>\n<tr style=\"border: hidden;\">\n<td style=\"border: hidden;\"><strong>Materials:<\/strong><\/td>\n<td style=\"border: hidden;\">Base espec\u00edfica d&#8217;alumini cromat i tapa de la tremuja d&#8217;alumini polit, a m\u00e9s del conducte de sortida met\u00e0l\u00b7lic<\/td>\n<\/tr>\n<tr style=\"border: hidden;\">\n<td style=\"border: hidden;\"><strong>Dip\u00f2sit de caf\u00e8 en gra:<\/strong><\/td>\n<td style=\"border: hidden;\">300 gr.<\/td>\n<\/tr>\n<tr style=\"border: hidden;\">\n<td style=\"border: hidden;\"><strong>Talladors:<\/strong><\/td>\n<td style=\"border: hidden;\">65 mm per a una major productivitat<\/td>\n<\/tr>\n<tr style=\"border: hidden;\">\n<td style=\"border: hidden;\"><strong>Altres caracter\u00edstiques:<\/strong><\/td>\n<td style=\"border: hidden;\">Pantalla t\u00e0ctil per a la configuraci\u00f3, regulaci\u00f3 microm\u00e8trica cont\u00ednua, tecnologia silenciosa i sistema ACE<\/td>\n<\/tr>\n<\/tbody>\n<\/table>\n","protected":false},"featured_media":14391,"comment_status":"open","ping_status":"closed","template":"","meta":{"site-sidebar-layout":"default","site-content-layout":"","ast-site-content-layout":"default","site-content-style":"default","site-sidebar-style":"default","ast-global-header-display":"","ast-banner-title-visibility":"","ast-main-header-display":"","ast-hfb-above-header-display":"","ast-hfb-below-header-display":"","ast-hfb-mobile-header-display":"","site-post-title":"","ast-breadcrumbs-content":"","ast-featured-img":"","footer-sml-layout":"","ast-disable-related-posts":"","theme-transparent-header-meta":"default","adv-header-id-meta":"","stick-header-meta":"","header-above-stick-meta":"","header-main-stick-meta":"","header-below-stick-meta":"","astra-migrate-meta-layouts":"default","ast-page-background-enabled":"default","ast-page-background-meta":{"desktop":{"background-color":"var(--ast-global-color-4)","background-image":"","background-repeat":"repeat","background-position":"center center","background-size":"auto","background-attachment":"scroll","background-type":"","background-media":"","overlay-type":"","overlay-color":"","overlay-opacity":"","overlay-gradient":""},"tablet":{"background-color":"","background-image":"","background-repeat":"repeat","background-position":"center center","background-size":"auto","background-attachment":"scroll","background-type":"","background-media":"","overlay-type":"","overlay-color":"","overlay-opacity":"","overlay-gradient":""},"mobile":{"background-color":"","background-image":"","background-repeat":"repeat","background-position":"center center","background-size":"auto","background-attachment":"scroll","background-type":"","background-media":"","overlay-type":"","overlay-color":"","overlay-opacity":"","overlay-gradient":""}},"ast-content-background-meta":{"desktop":{"background-color":"var(--ast-global-color-5)","background-image":"","background-repeat":"repeat","background-position":"center center","background-size":"auto","background-attachment":"scroll","background-type":"","background-media":"","overlay-type":"","overlay-color":"","overlay-opacity":"","overlay-gradient":""},"tablet":{"background-color":"var(--ast-global-color-5)","background-image":"","background-repeat":"repeat","background-position":"center center","background-size":"auto","background-attachment":"scroll","background-type":"","background-media":"","overlay-type":"","overlay-color":"","overlay-opacity":"","overlay-gradient":""},"mobile":{"background-color":"var(--ast-global-color-5)","background-image":"","background-repeat":"repeat","background-position":"center center","background-size":"auto","background-attachment":"scroll","background-type":"","background-media":"","overlay-type":"","overlay-color":"","overlay-opacity":"","overlay-gradient":""}}},"product_brand":[],"product_cat":[320],"product_tag":[337],"class_list":{"0":"post-14388","1":"product","2":"type-product","3":"status-publish","4":"has-post-thumbnail","6":"product_cat-molinets","7":"product_tag-equipamiento-ca","8":"desktop-align-left","9":"tablet-align-left","10":"mobile-align-left","12":"first","13":"outofstock","14":"taxable","15":"shipping-taxable","16":"purchasable","17":"product-type-variable"},"_links":{"self":[{"href":"https:\/\/sensorial.coffee\/ca\/wp-json\/wp\/v2\/product\/14388","targetHints":{"allow":["GET"]}}],"collection":[{"href":"https:\/\/sensorial.coffee\/ca\/wp-json\/wp\/v2\/product"}],"about":[{"href":"https:\/\/sensorial.coffee\/ca\/wp-json\/wp\/v2\/types\/product"}],"replies":[{"embeddable":true,"href":"https:\/\/sensorial.coffee\/ca\/wp-json\/wp\/v2\/comments?post=14388"}],"version-history":[{"count":3,"href":"https:\/\/sensorial.coffee\/ca\/wp-json\/wp\/v2\/product\/14388\/revisions"}],"predecessor-version":[{"id":19357,"href":"https:\/\/sensorial.coffee\/ca\/wp-json\/wp\/v2\/product\/14388\/revisions\/19357"}],"wp:featuredmedia":[{"embeddable":true,"href":"https:\/\/sensorial.coffee\/ca\/wp-json\/wp\/v2\/media\/14391"}],"wp:attachment":[{"href":"https:\/\/sensorial.coffee\/ca\/wp-json\/wp\/v2\/media?parent=14388"}],"wp:term":[{"taxonomy":"product_brand","embeddable":true,"href":"https:\/\/sensorial.coffee\/ca\/wp-json\/wp\/v2\/product_brand?post=14388"},{"taxonomy":"product_cat","embeddable":true,"href":"https:\/\/sensorial.coffee\/ca\/wp-json\/wp\/v2\/product_cat?post=14388"},{"taxonomy":"product_tag","embeddable":true,"href":"https:\/\/sensorial.coffee\/ca\/wp-json\/wp\/v2\/product_tag?post=14388"}],"curies":[{"name":"wp","href":"https:\/\/api.w.org\/{rel}","templated":true}]}}