{"id":16499,"date":"2024-09-03T14:11:31","date_gmt":"2024-09-03T13:11:31","guid":{"rendered":"https:\/\/sensorial.coffee\/producto\/filtre-de-competicio-eb-lab\/"},"modified":"2025-10-21T11:59:38","modified_gmt":"2025-10-21T10:59:38","slug":"filtre-de-competicio-eb-lab","status":"publish","type":"product","link":"https:\/\/sensorial.coffee\/ca\/producte\/filtre-de-competicio-eb-lab\/","title":{"rendered":"Filtre de competici\u00f3 E&amp;B Lab"},"content":{"rendered":"<p>Filtre de competici\u00f3 E&amp;B Lab per a millorar l&#8217;extracci\u00f3 de caf\u00e8 de la cafetera Moka. Compta amb forats de 0,2 mm en lloc del tradicional de 0,8mm per a aconseguir tasses m\u00e9s netes amb menys amargor i una lleugera acidesa. <\/p>\n","protected":false},"excerpt":{"rendered":"<p><strong>Components:<\/strong> filtre d&#8217;acer inoxidable i junta de silicona transparent.<\/p>\n<p><strong>Adequat:<\/strong> per a la majoria de les cafeteres d&#8217;alumini per a caf\u00e8 moka.<\/p>\n<p>Aquest filtre compta amb m\u00e9s orificis m\u00e9s petits (0,2 mm de di\u00e0metre) que els m\u00e9s tradicionals i m\u00e9s grans (\u2248 0,8 mm de di\u00e0metre) per a permetre una extracci\u00f3 perfecta en evitar l&#8217;aigua a alta pressi\u00f3 que podria danyar la coca de caf\u00e8. S&#8217;obt\u00e9 un caf\u00e8 m\u00e9s net gr\u00e0cies a la reducci\u00f3 de les part\u00edcules fines en la tassa, d&#8217;aquesta manera s&#8217;emfatitza l&#8217;acidesa i es redueix l&#8217;amargor. <\/p>\n<p>&nbsp;<\/p>\n","protected":false},"featured_media":16511,"comment_status":"open","ping_status":"closed","template":"","meta":{"site-sidebar-layout":"default","site-content-layout":"","ast-site-content-layout":"default","site-content-style":"default","site-sidebar-style":"default","ast-global-header-display":"","ast-banner-title-visibility":"","ast-main-header-display":"","ast-hfb-above-header-display":"","ast-hfb-below-header-display":"","ast-hfb-mobile-header-display":"","site-post-title":"","ast-breadcrumbs-content":"","ast-featured-img":"","footer-sml-layout":"","ast-disable-related-posts":"","theme-transparent-header-meta":"default","adv-header-id-meta":"","stick-header-meta":"","header-above-stick-meta":"","header-main-stick-meta":"","header-below-stick-meta":"","astra-migrate-meta-layouts":"default","ast-page-background-enabled":"default","ast-page-background-meta":{"desktop":{"background-color":"var(--ast-global-color-4)","background-image":"","background-repeat":"repeat","background-position":"center center","background-size":"auto","background-attachment":"scroll","background-type":"","background-media":"","overlay-type":"","overlay-color":"","overlay-opacity":"","overlay-gradient":""},"tablet":{"background-color":"","background-image":"","background-repeat":"repeat","background-position":"center center","background-size":"auto","background-attachment":"scroll","background-type":"","background-media":"","overlay-type":"","overlay-color":"","overlay-opacity":"","overlay-gradient":""},"mobile":{"background-color":"","background-image":"","background-repeat":"repeat","background-position":"center center","background-size":"auto","background-attachment":"scroll","background-type":"","background-media":"","overlay-type":"","overlay-color":"","overlay-opacity":"","overlay-gradient":""}},"ast-content-background-meta":{"desktop":{"background-color":"var(--ast-global-color-5)","background-image":"","background-repeat":"repeat","background-position":"center center","background-size":"auto","background-attachment":"scroll","background-type":"","background-media":"","overlay-type":"","overlay-color":"","overlay-opacity":"","overlay-gradient":""},"tablet":{"background-color":"var(--ast-global-color-5)","background-image":"","background-repeat":"repeat","background-position":"center center","background-size":"auto","background-attachment":"scroll","background-type":"","background-media":"","overlay-type":"","overlay-color":"","overlay-opacity":"","overlay-gradient":""},"mobile":{"background-color":"var(--ast-global-color-5)","background-image":"","background-repeat":"repeat","background-position":"center center","background-size":"auto","background-attachment":"scroll","background-type":"","background-media":"","overlay-type":"","overlay-color":"","overlay-opacity":"","overlay-gradient":""}}},"product_brand":[],"product_cat":[317],"product_tag":[337],"class_list":{"0":"post-16499","1":"product","2":"type-product","3":"status-publish","4":"has-post-thumbnail","6":"product_cat-accessoris","7":"product_tag-equipamiento-ca","8":"desktop-align-left","9":"tablet-align-left","10":"mobile-align-left","12":"first","13":"instock","14":"taxable","15":"shipping-taxable","16":"purchasable","17":"product-type-variable","18":"has-default-attributes"},"_links":{"self":[{"href":"https:\/\/sensorial.coffee\/ca\/wp-json\/wp\/v2\/product\/16499","targetHints":{"allow":["GET"]}}],"collection":[{"href":"https:\/\/sensorial.coffee\/ca\/wp-json\/wp\/v2\/product"}],"about":[{"href":"https:\/\/sensorial.coffee\/ca\/wp-json\/wp\/v2\/types\/product"}],"replies":[{"embeddable":true,"href":"https:\/\/sensorial.coffee\/ca\/wp-json\/wp\/v2\/comments?post=16499"}],"version-history":[{"count":3,"href":"https:\/\/sensorial.coffee\/ca\/wp-json\/wp\/v2\/product\/16499\/revisions"}],"predecessor-version":[{"id":22207,"href":"https:\/\/sensorial.coffee\/ca\/wp-json\/wp\/v2\/product\/16499\/revisions\/22207"}],"wp:featuredmedia":[{"embeddable":true,"href":"https:\/\/sensorial.coffee\/ca\/wp-json\/wp\/v2\/media\/16511"}],"wp:attachment":[{"href":"https:\/\/sensorial.coffee\/ca\/wp-json\/wp\/v2\/media?parent=16499"}],"wp:term":[{"taxonomy":"product_brand","embeddable":true,"href":"https:\/\/sensorial.coffee\/ca\/wp-json\/wp\/v2\/product_brand?post=16499"},{"taxonomy":"product_cat","embeddable":true,"href":"https:\/\/sensorial.coffee\/ca\/wp-json\/wp\/v2\/product_cat?post=16499"},{"taxonomy":"product_tag","embeddable":true,"href":"https:\/\/sensorial.coffee\/ca\/wp-json\/wp\/v2\/product_tag?post=16499"}],"curies":[{"name":"wp","href":"https:\/\/api.w.org\/{rel}","templated":true}]}}