{"id":16648,"date":"2024-09-26T11:49:20","date_gmt":"2024-09-26T10:49:20","guid":{"rendered":"https:\/\/sensorial.coffee\/?post_type=product&#038;p=16648"},"modified":"2025-09-01T18:15:19","modified_gmt":"2025-09-01T17:15:19","slug":"costa-rica-rb-honey-classic-copia","status":"publish","type":"product","link":"https:\/\/sensorial.coffee\/ca\/producte\/costa-rica-rb-honey-classic-copia\/","title":{"rendered":"Caf\u00e8 descafe\u00efnat de Col\u00f2mbia \/ Washed"},"content":{"rendered":"<p>Gaudeix de tot el sabor sense la cafe\u00efna amb el nostre excepcional caf\u00e8 descafe\u00efnat de la finca Santuari, conreat a les muntanyes de Caldas a 1700 metres d&#8217;altitud. Conserva una dol\u00e7or natural i una acidesa suau que ho fan irresistible. El seu perfil equilibrat el converteix en l&#8217;opci\u00f3 perfecta per a un espresso ple de car\u00e0cter. Renunciar a la cafe\u00efna no significa renunciar al plaer sensorial!   <\/p>\n<p>&nbsp;<\/p>\n<p><strong>M\u00e9s sobre aquest caf\u00e8 descafe\u00efnat<\/strong><\/p>\n<p>Aquest caf\u00e8 descafe\u00efnat ha estat acuradament elaborat per a oferir una experi\u00e8ncia de sabor excepcional sense els efectes de la cafe\u00efna. A trav\u00e9s d&#8217;un proc\u00e9s de descafeinizaci\u00f3n natural, es preserven les caracter\u00edstiques originals del gra, garantint una tassa plena de matisos i suavitat. <\/p>\n<p>Torrat especialment per a espresso, aquest caf\u00e8 descafe\u00efnat ressalta pel seu perfil equilibrat i el seu cos robust. Les seves notes de dol\u00e7os es combinen amb una acidesa delicada, creant una experi\u00e8ncia rica i satisfact\u00f2ria en cada espresso. Perfecte per a aquells que desitgen gaudir del sabor intens i la cremositat d&#8217;un bon espresso sense la cafe\u00efna.  <\/p>\n<p>Gaudeix d&#8217;un caf\u00e8 espresso ple de sabor, sense l\u00edmits!<\/p>\n<p>&nbsp;<\/p>\n<p><strong>Proc\u00e9s &#8211; Washed Sun Dried<\/strong><\/p>\n<p>Submergeix-te en el proc\u00e9s de rentada cl\u00e0ssica del caf\u00e8, on cada etapa s&#8217;executa amb precisi\u00f3 per a garantir una qualitat excepcional. Les cireres, se seleccionen pel seu contingut de sucre superior a 20\u00b0 Brix, despr\u00e9s es remullen en aigua durant 2 hrs. El proc\u00e9s segueix amb una molta en humit deixant un 50% de muc\u00edlag. Despr\u00e9s d&#8217;un assecat al sol en llits parab\u00f2lics durant 16 dies, el caf\u00e8 aconsegueix una humitat del 10.5%. Posteriorment, es duu a terme una estabilitzaci\u00f3 final d&#8217;humitat durant 16 dies i s&#8217;emmagatzema en sacs grano-pro.<\/p>\n<p>&nbsp;<\/p>\n<p><strong>Varietat &#8211; Caturra<\/strong><\/p>\n<p>La varietat Caturra \u00e9s una mutaci\u00f3 natural de la Bourbon. Es destaca pel seu creixement compacte, la qual cosa facilita la collita i el maneig en els cultius. Aquesta varietat \u00e9s molt benvolguda a causa de la seva adaptaci\u00f3 a diferents altituds i climes. La seva qualitat i sabor la converteixen en una de les preferides en el mercat de caf\u00e8s d&#8217;especialitat. El seu creixement m\u00e9s baix tamb\u00e9 permet una major densitat de plantes per hect\u00e0rea, la qual cosa optimitza la producci\u00f3.    <\/p>\n<p>&nbsp;<\/p>\n<p><strong>Origen &#8211; Caf\u00e8 de Colombia<\/strong><\/p>\n<p>Diuen que beure caf\u00e8 colombi\u00e0 \u00e9s degustar el millor caf\u00e8 del m\u00f3n, una afirmaci\u00f3 recolzada per segles de tradici\u00f3 i excel\u00b7l\u00e8ncia. El pa\u00eds ha perfeccionat cada etapa del seu cultiu i producci\u00f3, convertint el seu caf\u00e8 en un s\u00edmbol d&#8217;identitat i orgull nacional. M\u00e9s que un producte, representa l&#8217;esfor\u00e7 de generacions de caficultors que, amb dedicaci\u00f3 i passi\u00f3, han convertit a Col\u00f2mbia en sin\u00f2nim de qualitat cafetera incomparable.   <a href=\"https:\/\/sensorial.coffee\/ca\/colombia-2\/\" target=\"_blank\" rel=\"noreferrer noopener nofollow\">Saber m\u00e9s.<\/a><\/p>\n","protected":false},"excerpt":{"rendered":"<p>Gaudeix del nostre caf\u00e8 descafe\u00efnat de la finca Santuari, conreat a les muntanyes de Caldas, conserva una dol\u00e7or natural i una acidesa suau que ho fan irresistible.<\/p>\n","protected":false},"featured_media":26632,"comment_status":"closed","ping_status":"closed","template":"","meta":{"site-sidebar-layout":"default","site-content-layout":"","ast-site-content-layout":"default","site-content-style":"default","site-sidebar-style":"default","ast-global-header-display":"","ast-banner-title-visibility":"","ast-main-header-display":"","ast-hfb-above-header-display":"","ast-hfb-below-header-display":"","ast-hfb-mobile-header-display":"","site-post-title":"","ast-breadcrumbs-content":"","ast-featured-img":"","footer-sml-layout":"","ast-disable-related-posts":"","theme-transparent-header-meta":"default","adv-header-id-meta":"","stick-header-meta":"","header-above-stick-meta":"","header-main-stick-meta":"","header-below-stick-meta":"","astra-migrate-meta-layouts":"set","ast-page-background-enabled":"default","ast-page-background-meta":{"desktop":{"background-color":"var(--ast-global-color-4)","background-image":"","background-repeat":"repeat","background-position":"center center","background-size":"auto","background-attachment":"scroll","background-type":"","background-media":"","overlay-type":"","overlay-color":"","overlay-opacity":"","overlay-gradient":""},"tablet":{"background-color":"","background-image":"","background-repeat":"repeat","background-position":"center center","background-size":"auto","background-attachment":"scroll","background-type":"","background-media":"","overlay-type":"","overlay-color":"","overlay-opacity":"","overlay-gradient":""},"mobile":{"background-color":"","background-image":"","background-repeat":"repeat","background-position":"center center","background-size":"auto","background-attachment":"scroll","background-type":"","background-media":"","overlay-type":"","overlay-color":"","overlay-opacity":"","overlay-gradient":""}},"ast-content-background-meta":{"desktop":{"background-color":"var(--ast-global-color-5)","background-image":"","background-repeat":"repeat","background-position":"center center","background-size":"auto","background-attachment":"scroll","background-type":"","background-media":"","overlay-type":"","overlay-color":"","overlay-opacity":"","overlay-gradient":""},"tablet":{"background-color":"var(--ast-global-color-5)","background-image":"","background-repeat":"repeat","background-position":"center center","background-size":"auto","background-attachment":"scroll","background-type":"","background-media":"","overlay-type":"","overlay-color":"","overlay-opacity":"","overlay-gradient":""},"mobile":{"background-color":"var(--ast-global-color-5)","background-image":"","background-repeat":"repeat","background-position":"center center","background-size":"auto","background-attachment":"scroll","background-type":"","background-media":"","overlay-type":"","overlay-color":"","overlay-opacity":"","overlay-gradient":""}}},"product_brand":[],"product_cat":[321,564],"product_tag":[445,384,338],"class_list":{"0":"post-16648","1":"product","2":"type-product","3":"status-publish","4":"has-post-thumbnail","6":"product_cat-nostres-cafes","7":"product_cat-cafe-de-especialidad-para-espresso-ca","8":"product_tag-colombia-ca","9":"product_tag-colombia-decaf-ca","10":"product_tag-espresso-ca","11":"desktop-align-left","12":"tablet-align-left","13":"mobile-align-left","15":"first","16":"instock","17":"taxable","18":"shipping-taxable","19":"purchasable","20":"product-type-variable","21":"has-default-attributes"},"_links":{"self":[{"href":"https:\/\/sensorial.coffee\/ca\/wp-json\/wp\/v2\/product\/16648","targetHints":{"allow":["GET"]}}],"collection":[{"href":"https:\/\/sensorial.coffee\/ca\/wp-json\/wp\/v2\/product"}],"about":[{"href":"https:\/\/sensorial.coffee\/ca\/wp-json\/wp\/v2\/types\/product"}],"replies":[{"embeddable":true,"href":"https:\/\/sensorial.coffee\/ca\/wp-json\/wp\/v2\/comments?post=16648"}],"version-history":[{"count":12,"href":"https:\/\/sensorial.coffee\/ca\/wp-json\/wp\/v2\/product\/16648\/revisions"}],"predecessor-version":[{"id":24784,"href":"https:\/\/sensorial.coffee\/ca\/wp-json\/wp\/v2\/product\/16648\/revisions\/24784"}],"wp:featuredmedia":[{"embeddable":true,"href":"https:\/\/sensorial.coffee\/ca\/wp-json\/wp\/v2\/media\/26632"}],"wp:attachment":[{"href":"https:\/\/sensorial.coffee\/ca\/wp-json\/wp\/v2\/media?parent=16648"}],"wp:term":[{"taxonomy":"product_brand","embeddable":true,"href":"https:\/\/sensorial.coffee\/ca\/wp-json\/wp\/v2\/product_brand?post=16648"},{"taxonomy":"product_cat","embeddable":true,"href":"https:\/\/sensorial.coffee\/ca\/wp-json\/wp\/v2\/product_cat?post=16648"},{"taxonomy":"product_tag","embeddable":true,"href":"https:\/\/sensorial.coffee\/ca\/wp-json\/wp\/v2\/product_tag?post=16648"}],"curies":[{"name":"wp","href":"https:\/\/api.w.org\/{rel}","templated":true}]}}