{"id":17933,"date":"2024-11-11T15:20:17","date_gmt":"2024-11-11T14:20:17","guid":{"rendered":"https:\/\/sensorial.coffee\/?post_type=product&#038;p=17933"},"modified":"2025-03-31T10:50:05","modified_gmt":"2025-03-31T09:50:05","slug":"eb-globe-moka-pot-copia-copia","status":"publish","type":"product","link":"https:\/\/sensorial.coffee\/ca\/producte\/eb-globe-moka-pot-copia-copia\/","title":{"rendered":"Termo Fellow Carter 12oz"},"content":{"rendered":"<p>Gaudeix de cada xarrup del teu caf\u00e8 en la seva millor forma amb el <em>Termo Carter Everywhere<\/em> de Fellow, una pe\u00e7a dissenyada per als coneixedors del caf\u00e8 que busquen estil i practicitat. Amb una capacitat de 12 oz (aproximadament 355 ml), aquest termo \u00e9s perfecte per a portar la teva beguda favorita a qualsevol lloc, mantenint la seva temperatura i sabor original. <\/p>\n","protected":false},"excerpt":{"rendered":"<ul>\n<li><strong>Capacitat:<\/strong> 12 oz (473 ml)<\/li>\n<li><strong>Material:<\/strong> Acer inoxidable d&#8217;alta qualitat, que mant\u00e9 la temperatura i el sabor<\/li>\n<li><strong>Tapa anti-vessaments:<\/strong> Ideal per a portar en el cotxe o en la motxilla<\/li>\n<li><strong>Boca ampla<\/strong>: Per a apreciar millor l&#8217;aroma i l&#8217;experi\u00e8ncia de cada xarrup<\/li>\n<\/ul>\n","protected":false},"featured_media":17941,"comment_status":"open","ping_status":"closed","template":"","meta":{"site-sidebar-layout":"default","site-content-layout":"","ast-site-content-layout":"default","site-content-style":"default","site-sidebar-style":"default","ast-global-header-display":"","ast-banner-title-visibility":"","ast-main-header-display":"","ast-hfb-above-header-display":"","ast-hfb-below-header-display":"","ast-hfb-mobile-header-display":"","site-post-title":"","ast-breadcrumbs-content":"","ast-featured-img":"","footer-sml-layout":"","ast-disable-related-posts":"","theme-transparent-header-meta":"default","adv-header-id-meta":"","stick-header-meta":"","header-above-stick-meta":"","header-main-stick-meta":"","header-below-stick-meta":"","astra-migrate-meta-layouts":"set","ast-page-background-enabled":"default","ast-page-background-meta":{"desktop":{"background-color":"var(--ast-global-color-4)","background-image":"","background-repeat":"repeat","background-position":"center center","background-size":"auto","background-attachment":"scroll","background-type":"","background-media":"","overlay-type":"","overlay-color":"","overlay-opacity":"","overlay-gradient":""},"tablet":{"background-color":"","background-image":"","background-repeat":"repeat","background-position":"center center","background-size":"auto","background-attachment":"scroll","background-type":"","background-media":"","overlay-type":"","overlay-color":"","overlay-opacity":"","overlay-gradient":""},"mobile":{"background-color":"","background-image":"","background-repeat":"repeat","background-position":"center center","background-size":"auto","background-attachment":"scroll","background-type":"","background-media":"","overlay-type":"","overlay-color":"","overlay-opacity":"","overlay-gradient":""}},"ast-content-background-meta":{"desktop":{"background-color":"var(--ast-global-color-5)","background-image":"","background-repeat":"repeat","background-position":"center center","background-size":"auto","background-attachment":"scroll","background-type":"","background-media":"","overlay-type":"","overlay-color":"","overlay-opacity":"","overlay-gradient":""},"tablet":{"background-color":"var(--ast-global-color-5)","background-image":"","background-repeat":"repeat","background-position":"center center","background-size":"auto","background-attachment":"scroll","background-type":"","background-media":"","overlay-type":"","overlay-color":"","overlay-opacity":"","overlay-gradient":""},"mobile":{"background-color":"var(--ast-global-color-5)","background-image":"","background-repeat":"repeat","background-position":"center center","background-size":"auto","background-attachment":"scroll","background-type":"","background-media":"","overlay-type":"","overlay-color":"","overlay-opacity":"","overlay-gradient":""}}},"product_brand":[],"product_cat":[317],"product_tag":[460],"class_list":{"0":"post-17933","1":"product","2":"type-product","3":"status-publish","4":"has-post-thumbnail","6":"product_cat-accessoris","7":"product_tag-equipamiento-filtro-ca","8":"desktop-align-left","9":"tablet-align-left","10":"mobile-align-left","12":"first","13":"instock","14":"taxable","15":"shipping-taxable","16":"purchasable","17":"product-type-variable","18":"has-default-attributes"},"_links":{"self":[{"href":"https:\/\/sensorial.coffee\/ca\/wp-json\/wp\/v2\/product\/17933","targetHints":{"allow":["GET"]}}],"collection":[{"href":"https:\/\/sensorial.coffee\/ca\/wp-json\/wp\/v2\/product"}],"about":[{"href":"https:\/\/sensorial.coffee\/ca\/wp-json\/wp\/v2\/types\/product"}],"replies":[{"embeddable":true,"href":"https:\/\/sensorial.coffee\/ca\/wp-json\/wp\/v2\/comments?post=17933"}],"version-history":[{"count":2,"href":"https:\/\/sensorial.coffee\/ca\/wp-json\/wp\/v2\/product\/17933\/revisions"}],"predecessor-version":[{"id":17951,"href":"https:\/\/sensorial.coffee\/ca\/wp-json\/wp\/v2\/product\/17933\/revisions\/17951"}],"wp:featuredmedia":[{"embeddable":true,"href":"https:\/\/sensorial.coffee\/ca\/wp-json\/wp\/v2\/media\/17941"}],"wp:attachment":[{"href":"https:\/\/sensorial.coffee\/ca\/wp-json\/wp\/v2\/media?parent=17933"}],"wp:term":[{"taxonomy":"product_brand","embeddable":true,"href":"https:\/\/sensorial.coffee\/ca\/wp-json\/wp\/v2\/product_brand?post=17933"},{"taxonomy":"product_cat","embeddable":true,"href":"https:\/\/sensorial.coffee\/ca\/wp-json\/wp\/v2\/product_cat?post=17933"},{"taxonomy":"product_tag","embeddable":true,"href":"https:\/\/sensorial.coffee\/ca\/wp-json\/wp\/v2\/product_tag?post=17933"}],"curies":[{"name":"wp","href":"https:\/\/api.w.org\/{rel}","templated":true}]}}