{"id":18688,"date":"2024-12-04T15:14:14","date_gmt":"2024-12-04T14:14:14","guid":{"rendered":"https:\/\/sensorial.coffee\/?post_type=product&#038;p=18688"},"modified":"2026-03-23T13:42:24","modified_gmt":"2026-03-23T12:42:24","slug":"costa-rica-rc-yellow-honey-copia","status":"publish","type":"product","link":"https:\/\/sensorial.coffee\/ca\/producte\/costa-rica-rc-yellow-honey-copia\/","title":{"rendered":"El club Espresso"},"content":{"rendered":"<div class=\"flex max-w-full flex-col flex-grow\">\n<div class=\"min-h-8 text-message flex w-full flex-col items-end gap-2 whitespace-normal break-words [.text-message+&amp;]:mt-5\" dir=\"auto\" data-message-author-role=\"assistant\" data-message-id=\"81ec7c59-b7bf-4150-ad2a-13cb3168a604\" data-message-model-slug=\"gpt-4o\">\n<div class=\"flex w-full flex-col gap-1 empty:hidden first:pt-[3px]\">\n<div class=\"markdown prose w-full break-words dark:prose-invert light\">\n<p><span style=\"font-weight: 400;\">Explora els sabors distintius d&#8217;El Salvador, Col\u00f2mbia i el Brasil en aquest exclusiu pack de caf\u00e8s per a espresso. Gaudeix de perfils \u00fanics que van des de notes fruiteres i ametlles fins a matisos achocolatados i especiats. Perfecte per a descobrir i gaudir el millor de cada origen en cada tassa.  <\/span><span style=\"font-weight: 400;\"> <\/span><\/p>\n<h2><b>M\u00e9s sobre aquest pack caf\u00e8s per a espresso<\/b><\/h2>\n<p><span style=\"font-weight: 400;\">L&#8217;espresso \u00e9s una de les formes m\u00e9s intenses i expressives de gaudir el caf\u00e8, i per a aconseguir una tassa perfecta, l&#8217;elecci\u00f3 del gra \u00e9s clau. Aquest pack reuneix una selecci\u00f3 de caf\u00e8s especialment cuidats per a ressaltar el seu cos, dol\u00e7or i equilibri, garantint una extracci\u00f3 envolupant que et captivar\u00e0 des del primer xarrup. <\/span><\/p>\n<p><span style=\"font-weight: 400;\">Cada caf\u00e8 ha estat torrat per a espresso, buscant potenciar la seva textura i un perfil ben estructurat. Ja sigui que ho gaudeixis sol o en preparacions amb llet, trobar\u00e0s notes profundes i una crema sedosa que realcen l&#8217;experi\u00e8ncia en cada tassa. <\/span><\/p>\n<p><span style=\"font-weight: 400;\">Explorar aquest pack \u00e9s endinsar-se en el m\u00f3n del espresso en la seva m\u00e0xima expressi\u00f3. Una oportunitat perfecta per a descobrir caf\u00e8s amb car\u00e0cter, versatilitat i un torrat dissenyat per a exaltar el seu potencial en cada extracci\u00f3. <\/span><\/p>\n<p><span style=\"font-weight: 400;\">10% de descompte per a gaudir d&#8217;un espresso excepcional tots els dies!<\/span><\/p>\n<\/div>\n<\/div>\n<\/div>\n<\/div>\n","protected":false},"excerpt":{"rendered":"<p>El Salvador, Col\u00f2mbia i el Brasil units en aquest pack de caf\u00e8s per a espresso anomenat &#8220;El club Espresso&#8221;. Perfils \u00fanics que van des de notes a fruits vermells fins a matisos achocolatados. <\/p>\n","protected":false},"featured_media":27537,"comment_status":"open","ping_status":"closed","template":"","meta":{"site-sidebar-layout":"default","site-content-layout":"","ast-site-content-layout":"default","site-content-style":"default","site-sidebar-style":"default","ast-global-header-display":"","ast-banner-title-visibility":"","ast-main-header-display":"","ast-hfb-above-header-display":"","ast-hfb-below-header-display":"","ast-hfb-mobile-header-display":"","site-post-title":"","ast-breadcrumbs-content":"","ast-featured-img":"","footer-sml-layout":"","ast-disable-related-posts":"","theme-transparent-header-meta":"default","adv-header-id-meta":"","stick-header-meta":"","header-above-stick-meta":"","header-main-stick-meta":"","header-below-stick-meta":"","astra-migrate-meta-layouts":"set","ast-page-background-enabled":"default","ast-page-background-meta":{"desktop":{"background-color":"var(--ast-global-color-4)","background-image":"","background-repeat":"repeat","background-position":"center center","background-size":"auto","background-attachment":"scroll","background-type":"","background-media":"","overlay-type":"","overlay-color":"","overlay-opacity":"","overlay-gradient":""},"tablet":{"background-color":"","background-image":"","background-repeat":"repeat","background-position":"center center","background-size":"auto","background-attachment":"scroll","background-type":"","background-media":"","overlay-type":"","overlay-color":"","overlay-opacity":"","overlay-gradient":""},"mobile":{"background-color":"","background-image":"","background-repeat":"repeat","background-position":"center center","background-size":"auto","background-attachment":"scroll","background-type":"","background-media":"","overlay-type":"","overlay-color":"","overlay-opacity":"","overlay-gradient":""}},"ast-content-background-meta":{"desktop":{"background-color":"var(--ast-global-color-5)","background-image":"","background-repeat":"repeat","background-position":"center center","background-size":"auto","background-attachment":"scroll","background-type":"","background-media":"","overlay-type":"","overlay-color":"","overlay-opacity":"","overlay-gradient":""},"tablet":{"background-color":"var(--ast-global-color-5)","background-image":"","background-repeat":"repeat","background-position":"center center","background-size":"auto","background-attachment":"scroll","background-type":"","background-media":"","overlay-type":"","overlay-color":"","overlay-opacity":"","overlay-gradient":""},"mobile":{"background-color":"var(--ast-global-color-5)","background-image":"","background-repeat":"repeat","background-position":"center center","background-size":"auto","background-attachment":"scroll","background-type":"","background-media":"","overlay-type":"","overlay-color":"","overlay-opacity":"","overlay-gradient":""}}},"product_brand":[],"product_cat":[321,564],"product_tag":[338,396],"class_list":{"0":"post-18688","1":"product","2":"type-product","3":"status-publish","4":"has-post-thumbnail","6":"product_cat-nostres-cafes","7":"product_cat-cafe-de-especialidad-para-espresso-ca","8":"product_tag-espresso-ca","9":"product_tag-pack-espresso-ca","10":"desktop-align-left","11":"tablet-align-left","12":"mobile-align-left","14":"first","15":"instock","16":"sale","17":"taxable","18":"shipping-taxable","19":"purchasable","20":"product-type-variable","21":"has-default-attributes"},"_links":{"self":[{"href":"https:\/\/sensorial.coffee\/ca\/wp-json\/wp\/v2\/product\/18688","targetHints":{"allow":["GET"]}}],"collection":[{"href":"https:\/\/sensorial.coffee\/ca\/wp-json\/wp\/v2\/product"}],"about":[{"href":"https:\/\/sensorial.coffee\/ca\/wp-json\/wp\/v2\/types\/product"}],"replies":[{"embeddable":true,"href":"https:\/\/sensorial.coffee\/ca\/wp-json\/wp\/v2\/comments?post=18688"}],"version-history":[{"count":11,"href":"https:\/\/sensorial.coffee\/ca\/wp-json\/wp\/v2\/product\/18688\/revisions"}],"predecessor-version":[{"id":27540,"href":"https:\/\/sensorial.coffee\/ca\/wp-json\/wp\/v2\/product\/18688\/revisions\/27540"}],"wp:featuredmedia":[{"embeddable":true,"href":"https:\/\/sensorial.coffee\/ca\/wp-json\/wp\/v2\/media\/27537"}],"wp:attachment":[{"href":"https:\/\/sensorial.coffee\/ca\/wp-json\/wp\/v2\/media?parent=18688"}],"wp:term":[{"taxonomy":"product_brand","embeddable":true,"href":"https:\/\/sensorial.coffee\/ca\/wp-json\/wp\/v2\/product_brand?post=18688"},{"taxonomy":"product_cat","embeddable":true,"href":"https:\/\/sensorial.coffee\/ca\/wp-json\/wp\/v2\/product_cat?post=18688"},{"taxonomy":"product_tag","embeddable":true,"href":"https:\/\/sensorial.coffee\/ca\/wp-json\/wp\/v2\/product_tag?post=18688"}],"curies":[{"name":"wp","href":"https:\/\/api.w.org\/{rel}","templated":true}]}}