{"id":22086,"date":"2025-02-27T16:45:20","date_gmt":"2025-02-27T15:45:20","guid":{"rendered":"https:\/\/sensorial.coffee\/producto\/cafe-de-mexic-criollo-honey\/"},"modified":"2026-01-10T11:26:50","modified_gmt":"2026-01-10T10:26:50","slug":"cafe-de-mexic-criollo-honey","status":"publish","type":"product","link":"https:\/\/sensorial.coffee\/ca\/producte\/cafe-de-mexic-criollo-honey\/","title":{"rendered":"Caf\u00e8 de M\u00e8xic Criollo \/ Honey"},"content":{"rendered":"<p><strong>M\u00e9s sobre aquest caf\u00e8 de M\u00e8xic<br \/>\n<\/strong>Aquest caf\u00e8 d&#8217;especialitat prov\u00e9 del Santuari Innovation Center a M\u00e8xic, on el programa Santuari ha experimentat un creixement notable gr\u00e0cies al comprom\u00eds de 120 agricultors apassionats pel seu ofici. Mitjan\u00e7ant un enfocament integral que combina assessorament t\u00e8cnic i estrictes controls de qualitat, Santuari ha consolidat una comunitat de productors dedicats a l&#8217;excel\u00b7l\u00e8ncia, elevant el prestigi del caf\u00e8 mexic\u00e0 i promovent el desenvolupament socioecon\u00f2mic en les comunitats locals.<\/p>\n<p>L&#8217;impacte del projecte Santuario a M\u00e8xic es reflecteix en caf\u00e8s amb perfils de sabor inigualables, que capturen la riquesa dels s\u00f2ls mexicans i l&#8217;esfor\u00e7 dels qui els conreen. Cada tassa \u00e9s el resultat d&#8217;innovaci\u00f3, treball en equip i una profunda passi\u00f3 pel caf\u00e8. <\/p>\n<p>Aquest caf\u00e8 ha estat acuradament torrat per a ressaltar els seus atributs excepcionals com espresso, aconseguint un equilibri ideal entre dol\u00e7or, cos i acidesa.<\/p>\n<p>Una veritable joia del caf\u00e8 d&#8217;especialitat que encarna l&#8217;ess\u00e8ncia de M\u00e8xic.<\/p>\n<p><strong>Proc\u00e9s &#8211; Honey<\/strong><br \/>\nLes cireres es cullen amb un nivell de sucre superior a 19 Brix i es remullen en aigua durant una hora per a neteja, selecci\u00f3 i hidrataci\u00f3. Despr\u00e9s, es despulpan deixant el 50% del muc\u00edlag i s&#8217;assequen al sol en llits africans durant 18 dies. Posteriorment, s&#8217;estabilitzen a l&#8217;ombra en sacs de fique per 4 dies i s&#8217;emmagatzemen en bosses GrainPro per 15 dies m\u00e9s. Finalment, els lots es caten i seleccionen abans de l&#8217;enviament.<\/p>\n<p><strong>Varietat &#8211; Crioll<br \/>\n<\/strong>El caf\u00e8 Crioll \u00e9s una varietat tradicional conreada a M\u00e8xic, apreciada per la seva resist\u00e8ncia i adaptaci\u00f3 a diversos climes i altituds. Els seus grans petits i d&#8217;alta qualitat es conreen en finques que conserven m\u00e8todes sostenibles i pr\u00e0ctiques heretades per generacions. La seva producci\u00f3 limitada ho converteix en un caf\u00e8 especial i molt valorat.  <\/p>\n<p><strong>Origen &#8211; Caf\u00e8 de M\u00e8xic<\/strong><br \/>\nConreat en petites finques de muntanya, el caf\u00e8 de M\u00e8xic \u00e9s una joia oculta que brilla en el m\u00f3n del caf\u00e8 d&#8217;especialitat. Encara que no sempre figura entre els m\u00e9s reconeguts, la seva riquesa i autenticitat han conquistat als amants del bon caf\u00e8. Amb perfils distintius i afruitats, cossos lleugers i matisos suaus, el caf\u00e8 mexic\u00e0 encarna una tradici\u00f3 vibrant i una evoluci\u00f3 constant. Explorar el caf\u00e8 mexic\u00e0 \u00e9s submergir-se en una experi\u00e8ncia sensorial que fusiona tradici\u00f3 i innovaci\u00f3, convidant a descobrir una de les propostes m\u00e9s captivadores del caf\u00e8 d&#8217;especialitat.   <\/p>\n","protected":false},"excerpt":{"rendered":"<p>Aquest caf\u00e8 en gra d&#8217;origen mexic\u00e0 ofereix notes distintives de xocolata amb llet, litxi i roibos, creant una experi\u00e8ncia de caf\u00e8 d&#8217;especialitat inigualable.<\/p>\n","protected":false},"featured_media":26617,"comment_status":"open","ping_status":"closed","template":"","meta":{"site-sidebar-layout":"default","site-content-layout":"","ast-site-content-layout":"default","site-content-style":"default","site-sidebar-style":"default","ast-global-header-display":"","ast-banner-title-visibility":"","ast-main-header-display":"","ast-hfb-above-header-display":"","ast-hfb-below-header-display":"","ast-hfb-mobile-header-display":"","site-post-title":"","ast-breadcrumbs-content":"","ast-featured-img":"","footer-sml-layout":"","ast-disable-related-posts":"","theme-transparent-header-meta":"default","adv-header-id-meta":"","stick-header-meta":"","header-above-stick-meta":"","header-main-stick-meta":"","header-below-stick-meta":"","astra-migrate-meta-layouts":"default","ast-page-background-enabled":"default","ast-page-background-meta":{"desktop":{"background-color":"var(--ast-global-color-4)","background-image":"","background-repeat":"repeat","background-position":"center center","background-size":"auto","background-attachment":"scroll","background-type":"","background-media":"","overlay-type":"","overlay-color":"","overlay-opacity":"","overlay-gradient":""},"tablet":{"background-color":"","background-image":"","background-repeat":"repeat","background-position":"center center","background-size":"auto","background-attachment":"scroll","background-type":"","background-media":"","overlay-type":"","overlay-color":"","overlay-opacity":"","overlay-gradient":""},"mobile":{"background-color":"","background-image":"","background-repeat":"repeat","background-position":"center center","background-size":"auto","background-attachment":"scroll","background-type":"","background-media":"","overlay-type":"","overlay-color":"","overlay-opacity":"","overlay-gradient":""}},"ast-content-background-meta":{"desktop":{"background-color":"var(--ast-global-color-5)","background-image":"","background-repeat":"repeat","background-position":"center center","background-size":"auto","background-attachment":"scroll","background-type":"","background-media":"","overlay-type":"","overlay-color":"","overlay-opacity":"","overlay-gradient":""},"tablet":{"background-color":"var(--ast-global-color-5)","background-image":"","background-repeat":"repeat","background-position":"center center","background-size":"auto","background-attachment":"scroll","background-type":"","background-media":"","overlay-type":"","overlay-color":"","overlay-opacity":"","overlay-gradient":""},"mobile":{"background-color":"var(--ast-global-color-5)","background-image":"","background-repeat":"repeat","background-position":"center center","background-size":"auto","background-attachment":"scroll","background-type":"","background-media":"","overlay-type":"","overlay-color":"","overlay-opacity":"","overlay-gradient":""}}},"product_brand":[],"product_cat":[564,321],"product_tag":[438,338,426,437],"class_list":{"0":"post-22086","1":"product","2":"type-product","3":"status-publish","4":"has-post-thumbnail","6":"product_cat-cafe-de-especialidad-para-espresso-ca","7":"product_cat-nostres-cafes","8":"product_tag-center-ca","9":"product_tag-espresso-ca","10":"product_tag-mexico-ca","11":"product_tag-mexico-criollo-ca","12":"desktop-align-left","13":"tablet-align-left","14":"mobile-align-left","16":"first","17":"instock","18":"taxable","19":"shipping-taxable","20":"purchasable","21":"product-type-variable","22":"has-default-attributes"},"_links":{"self":[{"href":"https:\/\/sensorial.coffee\/ca\/wp-json\/wp\/v2\/product\/22086","targetHints":{"allow":["GET"]}}],"collection":[{"href":"https:\/\/sensorial.coffee\/ca\/wp-json\/wp\/v2\/product"}],"about":[{"href":"https:\/\/sensorial.coffee\/ca\/wp-json\/wp\/v2\/types\/product"}],"replies":[{"embeddable":true,"href":"https:\/\/sensorial.coffee\/ca\/wp-json\/wp\/v2\/comments?post=22086"}],"version-history":[{"count":1,"href":"https:\/\/sensorial.coffee\/ca\/wp-json\/wp\/v2\/product\/22086\/revisions"}],"predecessor-version":[{"id":24818,"href":"https:\/\/sensorial.coffee\/ca\/wp-json\/wp\/v2\/product\/22086\/revisions\/24818"}],"wp:featuredmedia":[{"embeddable":true,"href":"https:\/\/sensorial.coffee\/ca\/wp-json\/wp\/v2\/media\/26617"}],"wp:attachment":[{"href":"https:\/\/sensorial.coffee\/ca\/wp-json\/wp\/v2\/media?parent=22086"}],"wp:term":[{"taxonomy":"product_brand","embeddable":true,"href":"https:\/\/sensorial.coffee\/ca\/wp-json\/wp\/v2\/product_brand?post=22086"},{"taxonomy":"product_cat","embeddable":true,"href":"https:\/\/sensorial.coffee\/ca\/wp-json\/wp\/v2\/product_cat?post=22086"},{"taxonomy":"product_tag","embeddable":true,"href":"https:\/\/sensorial.coffee\/ca\/wp-json\/wp\/v2\/product_tag?post=22086"}],"curies":[{"name":"wp","href":"https:\/\/api.w.org\/{rel}","templated":true}]}}