{"id":23652,"date":"2025-05-27T15:52:22","date_gmt":"2025-05-27T14:52:22","guid":{"rendered":"https:\/\/sensorial.coffee\/producto\/cafe-de-colombia-caturra-washed\/"},"modified":"2025-10-21T15:37:55","modified_gmt":"2025-10-21T14:37:55","slug":"cafe-de-colombia-caturra-washed","status":"publish","type":"product","link":"https:\/\/sensorial.coffee\/ca\/producte\/cafe-de-colombia-caturra-washed\/","title":{"rendered":"Caf\u00e8 origen Colombia Caturra \/ Washed"},"content":{"rendered":"<p>Comprar caf\u00e8 en gra. Aquest caf\u00e8 procedent de Col\u00f2mbia amb notes a cacau, sucre moreno i un toc floral, no deixa indiferent a ning\u00fa.<\/p>\n<h2><strong>M\u00e9s sobre aquest caf\u00e8 d&#8217;origen Col\u00f2mbia<\/strong><\/h2>\n<p>Aquest caf\u00e8 d&#8217;especialitat prov\u00e9 de petits caficultores de la regi\u00f3 d&#8217;Acevedo, al sud del Tolida, Col\u00f2mbia. Conreat en finques familiars que prioritzen pr\u00e0ctiques sostenibles i la cura de l&#8217;entorn, aquest caf\u00e8 reflecteix el comprom\u00eds dels seus productors amb la qualitat i la biodiversitat. Moltes d&#8217;aquestes finques operen sota principis d&#8217;agricultura org\u00e0nica i comer\u00e7 just, la qual cosa permet no sols una producci\u00f3 responsable, sin\u00f3 tamb\u00e9 una millora en les condicions de vida de les comunitats locals.  <\/p>\n<p>La regi\u00f3 d&#8217;Acevedo s&#8217;ha consolidat com una zona destacada en la caficultura d&#8217;especialitat gr\u00e0cies al seu clima privilegiat, altituds ideals i s\u00f2ls f\u00e8rtils. Els caf\u00e8s d&#8217;aquesta zona solen oferir perfils sensorials suaus i balancejats, amb notes que varien entre xocolata, fruites madures i flors, depenent de la varietat i el proc\u00e9s. Aquest reconeixement creixent a nivell nacional i internacional posiciona a Acevedo com un origen clau en la nova generaci\u00f3 de caf\u00e8s colombians.  <\/p>\n<p>Amb un torrat per a espresso, aquest caf\u00e8 d&#8217;especialitat est\u00e0 dissenyat per a ressaltar el seu perfil en m\u00e8todes de preparaci\u00f3 com la moka italiana o superautom\u00e1tica.<\/p>\n<p>Prova un caf\u00e8 espresso inigualable!<\/p>\n<p><strong>Proc\u00e9s &#8211; Washed<\/strong><br \/>\nSubmergeix-te en el proc\u00e9s de rentada cl\u00e0ssica del caf\u00e8, on cada etapa s&#8217;executa amb precisi\u00f3 per a garantir qualitat. Les cireres se seleccionen pel seu contingut de sucre superior a 20\u00b0 Brix. El proc\u00e9s de molta humida deixa un 25% de muc\u00edlag, enriquint el perfil de sabor del caf\u00e8. Despr\u00e9s d&#8217;un acurat assecat al sol en llits parab\u00f2lics durant 18-20 dies, el caf\u00e8 aconsegueix una humitat \u00f2ptima del 10.5%. Posteriorment, es duu a terme una estabilitzaci\u00f3 final d&#8217;humitat durant 12 dies abans de ser emmagatzemat en sacs grano-pro.<\/p>\n<p><strong>Varietat &#8211; Caturra<\/strong><br \/>\nLa varietat Caturra \u00e9s una mutaci\u00f3 natural de la Bourbon. Es destaca pel seu creixement compacte, la qual cosa facilita la collita i el maneig en els cultius. Aquesta varietat \u00e9s molt benvolguda a causa de la seva adaptaci\u00f3 a diferents altituds i climes. La seva qualitat i sabor la converteixen en una de les preferides en el mercat de caf\u00e8s d&#8217;especialitat. El seu creixement m\u00e9s baix tamb\u00e9 permet una major densitat de plantes per hect\u00e0rea, la qual cosa optimitza la producci\u00f3.    <\/p>\n<p><strong>Origen &#8211; Colombia<\/strong><br \/>\nDiuen que beure caf\u00e8 colombi\u00e0 \u00e9s degustar el millor caf\u00e8 del m\u00f3n, una afirmaci\u00f3 recolzada per segles de tradici\u00f3 i excel\u00b7l\u00e8ncia. El pa\u00eds ha perfeccionat cada etapa del seu cultiu i producci\u00f3, convertint el seu caf\u00e8 en un s\u00edmbol d&#8217;identitat i orgull nacional. M\u00e9s que un producte, representa l&#8217;esfor\u00e7 de generacions de caficultors que, amb dedicaci\u00f3 i passi\u00f3, han convertit a Col\u00f2mbia en sin\u00f2nim de qualitat cafetera incomparable.<\/p>\n","protected":false},"excerpt":{"rendered":"<p><span style=\"font-weight: 400;\">Aquest caf\u00e8 d&#8217;origen Col\u00f2mbia amb notes a cacau, sucre moreno i un toc floral, no deixa indiferent a ning\u00fa.<\/span><\/p>\n","protected":false},"featured_media":26605,"comment_status":"open","ping_status":"closed","template":"","meta":{"site-sidebar-layout":"default","site-content-layout":"","ast-site-content-layout":"default","site-content-style":"default","site-sidebar-style":"default","ast-global-header-display":"","ast-banner-title-visibility":"","ast-main-header-display":"","ast-hfb-above-header-display":"","ast-hfb-below-header-display":"","ast-hfb-mobile-header-display":"","site-post-title":"","ast-breadcrumbs-content":"","ast-featured-img":"","footer-sml-layout":"","ast-disable-related-posts":"","theme-transparent-header-meta":"default","adv-header-id-meta":"","stick-header-meta":"","header-above-stick-meta":"","header-main-stick-meta":"","header-below-stick-meta":"","astra-migrate-meta-layouts":"default","ast-page-background-enabled":"default","ast-page-background-meta":{"desktop":{"background-color":"var(--ast-global-color-4)","background-image":"","background-repeat":"repeat","background-position":"center center","background-size":"auto","background-attachment":"scroll","background-type":"","background-media":"","overlay-type":"","overlay-color":"","overlay-opacity":"","overlay-gradient":""},"tablet":{"background-color":"","background-image":"","background-repeat":"repeat","background-position":"center center","background-size":"auto","background-attachment":"scroll","background-type":"","background-media":"","overlay-type":"","overlay-color":"","overlay-opacity":"","overlay-gradient":""},"mobile":{"background-color":"","background-image":"","background-repeat":"repeat","background-position":"center center","background-size":"auto","background-attachment":"scroll","background-type":"","background-media":"","overlay-type":"","overlay-color":"","overlay-opacity":"","overlay-gradient":""}},"ast-content-background-meta":{"desktop":{"background-color":"var(--ast-global-color-5)","background-image":"","background-repeat":"repeat","background-position":"center center","background-size":"auto","background-attachment":"scroll","background-type":"","background-media":"","overlay-type":"","overlay-color":"","overlay-opacity":"","overlay-gradient":""},"tablet":{"background-color":"var(--ast-global-color-5)","background-image":"","background-repeat":"repeat","background-position":"center center","background-size":"auto","background-attachment":"scroll","background-type":"","background-media":"","overlay-type":"","overlay-color":"","overlay-opacity":"","overlay-gradient":""},"mobile":{"background-color":"var(--ast-global-color-5)","background-image":"","background-repeat":"repeat","background-position":"center center","background-size":"auto","background-attachment":"scroll","background-type":"","background-media":"","overlay-type":"","overlay-color":"","overlay-opacity":"","overlay-gradient":""}}},"product_brand":[],"product_cat":[564,321],"product_tag":[492,445,491,338],"class_list":{"0":"post-23652","1":"product","2":"type-product","3":"status-publish","4":"has-post-thumbnail","6":"product_cat-cafe-de-especialidad-para-espresso-ca","7":"product_cat-nostres-cafes","8":"product_tag-acevedo-ca","9":"product_tag-colombia-ca","10":"product_tag-colombia-cat-was-ca","11":"product_tag-espresso-ca","12":"desktop-align-left","13":"tablet-align-left","14":"mobile-align-left","16":"first","17":"instock","18":"taxable","19":"shipping-taxable","20":"purchasable","21":"product-type-variable","22":"has-default-attributes"},"_links":{"self":[{"href":"https:\/\/sensorial.coffee\/ca\/wp-json\/wp\/v2\/product\/23652","targetHints":{"allow":["GET"]}}],"collection":[{"href":"https:\/\/sensorial.coffee\/ca\/wp-json\/wp\/v2\/product"}],"about":[{"href":"https:\/\/sensorial.coffee\/ca\/wp-json\/wp\/v2\/types\/product"}],"replies":[{"embeddable":true,"href":"https:\/\/sensorial.coffee\/ca\/wp-json\/wp\/v2\/comments?post=23652"}],"version-history":[{"count":4,"href":"https:\/\/sensorial.coffee\/ca\/wp-json\/wp\/v2\/product\/23652\/revisions"}],"predecessor-version":[{"id":25512,"href":"https:\/\/sensorial.coffee\/ca\/wp-json\/wp\/v2\/product\/23652\/revisions\/25512"}],"wp:featuredmedia":[{"embeddable":true,"href":"https:\/\/sensorial.coffee\/ca\/wp-json\/wp\/v2\/media\/26605"}],"wp:attachment":[{"href":"https:\/\/sensorial.coffee\/ca\/wp-json\/wp\/v2\/media?parent=23652"}],"wp:term":[{"taxonomy":"product_brand","embeddable":true,"href":"https:\/\/sensorial.coffee\/ca\/wp-json\/wp\/v2\/product_brand?post=23652"},{"taxonomy":"product_cat","embeddable":true,"href":"https:\/\/sensorial.coffee\/ca\/wp-json\/wp\/v2\/product_cat?post=23652"},{"taxonomy":"product_tag","embeddable":true,"href":"https:\/\/sensorial.coffee\/ca\/wp-json\/wp\/v2\/product_tag?post=23652"}],"curies":[{"name":"wp","href":"https:\/\/api.w.org\/{rel}","templated":true}]}}