{"id":24855,"date":"2025-09-02T10:30:16","date_gmt":"2025-09-02T09:30:16","guid":{"rendered":"https:\/\/sensorial.coffee\/?post_type=product&#038;p=24855"},"modified":"2025-09-03T08:28:16","modified_gmt":"2025-09-03T07:28:16","slug":"cafe-de-mexic-f1-natural-copia","status":"publish","type":"product","link":"https:\/\/sensorial.coffee\/ca\/producte\/cafe-de-mexic-f1-natural-copia\/","title":{"rendered":"Caf\u00e8 de M\u00e8xic F1 \/ Natural B2B"},"content":{"rendered":"<p><span style=\"font-weight: 400;\">Aquest caf\u00e8 d&#8217;especialitat \u00e9s perfecte per a gaudir en filtre i apreciar les seves notes a festuc i aranja. Amb una tassa neta i ofereix una experi\u00e8ncia sensorial \u00fanica. <\/span><\/p>\n<p><b>M\u00e9s sobre aquest caf\u00e8 de M\u00e8xic<\/b><\/p>\n<p><span style=\"font-weight: 400;\">Aquest caf\u00e8 en gra prov\u00e9 del Santuario Innovation Center a M\u00e8xic, on el programa Santuari ha florit gr\u00e0cies a l&#8217;esfor\u00e7 i dedicaci\u00f3 de 120 agricultors apassionats. A trav\u00e9s d&#8217;un enfocament integral que abasta assessorament t\u00e8cnic i rigorosos controls de qualitat, Santuari ha format una comunitat de productors compromesos amb l&#8217;excel\u00b7l\u00e8ncia, elevant l&#8217;est\u00e0ndard del caf\u00e8 mexic\u00e0 i contribuint al desenvolupament socioecon\u00f2mic de les regions cafetaleras. <\/span><\/p>\n<p><span style=\"font-weight: 400;\">El projecte Santuario a M\u00e8xic ha donat origen a caf\u00e8s amb perfils de sabor distintius, reflectint la diversitat i riquesa dels s\u00f2ls mexicans juntament amb la cura dels seus productors. Cada tassa \u00e9s el resultat d&#8217;innovaci\u00f3, treball col\u00b7laboratiu i una cerca constant de la perfecci\u00f3 en el caf\u00e8. <\/span><\/p>\n<p><span style=\"font-weight: 400;\">Aquest caf\u00e8 d&#8217;especialitat ha estat meticulosament torrat amb un perfil espec\u00edfic per a m\u00e8todes de filtrat, ressaltant les seves notes m\u00e9s delicades.<\/span><\/p>\n<p><span style=\"font-weight: 400;\">Una veritable expressi\u00f3 del caf\u00e8 d&#8217;especialitat que encapsula l&#8217;ess\u00e8ncia de M\u00e8xic.<\/span><\/p>\n<p><b>Proc\u00e9s &#8211; Natural<\/b><\/p>\n<p><span style=\"font-weight: 400;\">Descobreix el proc\u00e9s natural que eleva les cireres a noves altures de qualitat. Des de la meticulosa collita de cireres amb m\u00e9s de 22\u00ba brix fins al remulli en aigua durant 4 hrs, cada pas es cuida. El caf\u00e8, assecat al sol en llits africans durant 23 dies fins a aconseguir el 10.5% d&#8217;humitat, revela el seu veritable car\u00e0cter. Despr\u00e9s de 12 dies d&#8217;estabilitzaci\u00f3 final en un magatzem, cada gra s&#8217;emmagatzema en sacs de gra-pro per a preservar la seva excel\u00b7l\u00e8ncia. Finalment, els lots s\u00f3n catats amb precisi\u00f3, garantint una experi\u00e8ncia sublim en cada xarrup.<\/span><\/p>\n<p><b>Varietat &#8211; F1<\/b><\/p>\n<p><span style=\"font-weight: 400;\">La varietat de caf\u00e8 F1 \u00e9s un innovador h\u00edbrid que combina les millors caracter\u00edstiques de l&#8217;Ar\u00e0biga i el Robusta, oferint una experi\u00e8ncia \u00fanica en sabor. Aquesta varietat \u00e9s resistent a malalties i plagues, la qual cosa la fa ideal per als caficultores que busquen maximitzar la seva producci\u00f3 sense sacrificar la qualitat. Els grans de caf\u00e8 F1 presenten un perfil equilibrat, amb la suavitat i acidesa de l&#8217;Ar\u00e0biga i la robustesa del Robusta, resultant en un caf\u00e8 excepcional.  <\/span><\/p>\n<p><b>Origen &#8211; Caf\u00e8 de M\u00e8xic<\/b><\/p>\n<p><span style=\"font-weight: 400;\">Conreat en petites finques de muntanya, el caf\u00e8 de M\u00e8xic \u00e9s una joia oculta que brilla en el m\u00f3n del caf\u00e8 d&#8217;especialitat. Encara que no sempre figura entre els m\u00e9s reconeguts, la seva riquesa i autenticitat han conquistat als amants del bon caf\u00e8. Amb perfils distintius i afruitats, cossos lleugers i matisos suaus, el caf\u00e8 mexic\u00e0 encarna una tradici\u00f3 vibrant i una evoluci\u00f3 constant. Explorar el caf\u00e8 mexic\u00e0 \u00e9s submergir-se en una experi\u00e8ncia sensorial que fusiona tradici\u00f3 i innovaci\u00f3, convidant a descobrir una de les propostes m\u00e9s captivadores del caf\u00e8 d&#8217;especialitat.    <a href=\"https:\/\/sensorial.coffee\/ca\/mexic\/\">Saber m\u00e9s.<\/a><\/span><\/p>\n","protected":false},"excerpt":{"rendered":"<p><span style=\"font-weight: 400;\">Aquest caf\u00e8 d&#8217;especialitat \u00e9s perfecte per a gaudir en filtre i apreciar les seves notes a festuc i aranja. Amb una tassa neta i ofereix una experi\u00e8ncia sensorial \u00fanica. <\/span><\/p>\n","protected":false},"featured_media":0,"comment_status":"open","ping_status":"closed","template":"","meta":{"site-sidebar-layout":"default","site-content-layout":"","ast-site-content-layout":"default","site-content-style":"default","site-sidebar-style":"default","ast-global-header-display":"","ast-banner-title-visibility":"","ast-main-header-display":"","ast-hfb-above-header-display":"","ast-hfb-below-header-display":"","ast-hfb-mobile-header-display":"","site-post-title":"","ast-breadcrumbs-content":"","ast-featured-img":"","footer-sml-layout":"","ast-disable-related-posts":"","theme-transparent-header-meta":"default","adv-header-id-meta":"","stick-header-meta":"","header-above-stick-meta":"","header-main-stick-meta":"","header-below-stick-meta":"","astra-migrate-meta-layouts":"set","ast-page-background-enabled":"default","ast-page-background-meta":{"desktop":{"background-color":"var(--ast-global-color-4)","background-image":"","background-repeat":"repeat","background-position":"center center","background-size":"auto","background-attachment":"scroll","background-type":"","background-media":"","overlay-type":"","overlay-color":"","overlay-opacity":"","overlay-gradient":""},"tablet":{"background-color":"","background-image":"","background-repeat":"repeat","background-position":"center center","background-size":"auto","background-attachment":"scroll","background-type":"","background-media":"","overlay-type":"","overlay-color":"","overlay-opacity":"","overlay-gradient":""},"mobile":{"background-color":"","background-image":"","background-repeat":"repeat","background-position":"center center","background-size":"auto","background-attachment":"scroll","background-type":"","background-media":"","overlay-type":"","overlay-color":"","overlay-opacity":"","overlay-gradient":""}},"ast-content-background-meta":{"desktop":{"background-color":"var(--ast-global-color-5)","background-image":"","background-repeat":"repeat","background-position":"center center","background-size":"auto","background-attachment":"scroll","background-type":"","background-media":"","overlay-type":"","overlay-color":"","overlay-opacity":"","overlay-gradient":""},"tablet":{"background-color":"var(--ast-global-color-5)","background-image":"","background-repeat":"repeat","background-position":"center center","background-size":"auto","background-attachment":"scroll","background-type":"","background-media":"","overlay-type":"","overlay-color":"","overlay-opacity":"","overlay-gradient":""},"mobile":{"background-color":"var(--ast-global-color-5)","background-image":"","background-repeat":"repeat","background-position":"center center","background-size":"auto","background-attachment":"scroll","background-type":"","background-media":"","overlay-type":"","overlay-color":"","overlay-opacity":"","overlay-gradient":""}}},"product_brand":[],"product_cat":[314,568],"product_tag":[425],"class_list":{"0":"post-24855","1":"product","2":"type-product","3":"status-publish","5":"product_cat-cafe-empreses","6":"product_cat-cafe-empreses-filtre","7":"product_tag-mexico-f1-ca","8":"desktop-align-left","9":"tablet-align-left","10":"mobile-align-left","12":"first","13":"instock","14":"taxable","15":"shipping-taxable","16":"purchasable","17":"product-type-variable","18":"has-default-attributes"},"_links":{"self":[{"href":"https:\/\/sensorial.coffee\/ca\/wp-json\/wp\/v2\/product\/24855","targetHints":{"allow":["GET"]}}],"collection":[{"href":"https:\/\/sensorial.coffee\/ca\/wp-json\/wp\/v2\/product"}],"about":[{"href":"https:\/\/sensorial.coffee\/ca\/wp-json\/wp\/v2\/types\/product"}],"replies":[{"embeddable":true,"href":"https:\/\/sensorial.coffee\/ca\/wp-json\/wp\/v2\/comments?post=24855"}],"version-history":[{"count":2,"href":"https:\/\/sensorial.coffee\/ca\/wp-json\/wp\/v2\/product\/24855\/revisions"}],"predecessor-version":[{"id":24864,"href":"https:\/\/sensorial.coffee\/ca\/wp-json\/wp\/v2\/product\/24855\/revisions\/24864"}],"wp:attachment":[{"href":"https:\/\/sensorial.coffee\/ca\/wp-json\/wp\/v2\/media?parent=24855"}],"wp:term":[{"taxonomy":"product_brand","embeddable":true,"href":"https:\/\/sensorial.coffee\/ca\/wp-json\/wp\/v2\/product_brand?post=24855"},{"taxonomy":"product_cat","embeddable":true,"href":"https:\/\/sensorial.coffee\/ca\/wp-json\/wp\/v2\/product_cat?post=24855"},{"taxonomy":"product_tag","embeddable":true,"href":"https:\/\/sensorial.coffee\/ca\/wp-json\/wp\/v2\/product_tag?post=24855"}],"curies":[{"name":"wp","href":"https:\/\/api.w.org\/{rel}","templated":true}]}}