{"id":24883,"date":"2025-09-02T11:20:49","date_gmt":"2025-09-02T10:20:49","guid":{"rendered":"https:\/\/sensorial.coffee\/?post_type=product&#038;p=24883"},"modified":"2025-09-02T13:13:28","modified_gmt":"2025-09-02T12:13:28","slug":"cafe-de-colombia-bourbon-sidra-washed-copia","status":"publish","type":"product","link":"https:\/\/sensorial.coffee\/ca\/producte\/cafe-de-colombia-bourbon-sidra-washed-copia\/","title":{"rendered":"Caf\u00e8 de Colombia Bourbon Sidra \/ Washed B2B"},"content":{"rendered":"<p>Deixa&#8217;t sorprendre pel nostre caf\u00e8 de Col\u00f2mbia, directament des de la finca Camp Bell, on l&#8217;<strong>Edwin Nore\u00f1a<\/strong> conrea a 1590 metres d&#8217;altitud una veritable joia sensorial. El seu perfil exquisit combina dolces notes de sucre de canya crua, avellana i cardamom, amb l&#8217;eleg\u00e0ncia del te negre i un toc de llimona. Aquest caf\u00e8, meticulosament fermentat i assecat, \u00e9s perfecte per a m\u00e8todes de filtre. Descobreix-ho i transforma la teva rutina cafetera!   <\/p>\n<p>&nbsp;<\/p>\n<p><strong>M\u00e9s sobre aquest caf\u00e8 de Col\u00f2mbia<\/strong><\/p>\n<p>Aquest caf\u00e8 d&#8217;especialitat prov\u00e9 de la finca Camp Bell a Col\u00f2mbia, una finca familiar de la fam\u00edlia Nore\u00f1a. Actualment, Edwin Nore\u00f1a, caficultor de quarta generaci\u00f3, consultor en processos de caf\u00e8, Q-grader i jutge de la compet\u00e8ncia Tassa de l&#8217;Excel\u00b7l\u00e8ncia de Col\u00f2mbia, \u00e9s qui dirigeix el cultiu i proc\u00e9s dels caf\u00e8s de la finca. <\/p>\n<p>Aquest caf\u00e8 \u00e9s un reflex clar de la passi\u00f3 de Edwin per crear caf\u00e8s excepcionals a trav\u00e9s d&#8217;innovadors processos de fermentaci\u00f3. Combina la varietat de caf\u00e8 Bourbon Sidra amb un proc\u00e9s de fermentaci\u00f3 \u00fanic que potencia al m\u00e0xim les seves caracter\u00edstiques, aconseguint una tassa plena de matisos i complexitat. <\/p>\n<p>Torrat especialment per a filtre, aquest caf\u00e8 est\u00e0 dissenyat per a ressaltar el seu perfil en m\u00e8todes de preparaci\u00f3 com la cafetera de degoteig o la Chemex. El seu perfil net i balancejat ofereix una tassa suau permetent que els sabors brillin amb claredat i profunditat. <\/p>\n<p>Ideal per a gaudir d&#8217;una experi\u00e8ncia de caf\u00e8 \u00fanica!<\/p>\n<p>&nbsp;<\/p>\n<p><strong>Proc\u00e9s &#8211; Washed Fermented<\/strong><\/p>\n<p>El proc\u00e9s de Washed Fermented comen\u00e7a amb la recol\u00b7lecci\u00f3 de cireres amb m\u00e9s de 23\u00b0 brix. Despr\u00e9s, se submergeixen en aigua per 2 hores i es fermenten anaer\u00f3bicamente per 8 hores. El caf\u00e8 es despulpa, deixant un 35% de muc\u00edlag, i s&#8217;asseca al sol en llits africans durant 22 dies fins a aconseguir un 10.5% d&#8217;humitat. Finalment, s&#8217;estabilitza durant 13 dies en un magatzem i s&#8217;emmagatzema en bosses Grain-Pro abans de ser catat i organitzat en lots.   <\/p>\n<p>&nbsp;<\/p>\n<p><strong>Varietat &#8211; Bourbon Sidra<\/strong><\/p>\n<p>El Bourbon Sidra \u00e9s una varietat de caf\u00e8 Ar\u00e0biga poc com\u00fa i altament valorada en el m\u00f3n del caf\u00e8 d&#8217;especialitat. Es creu que prov\u00e9 d&#8217;un encreuament natural entre Bourbon i una varietat et\u00edop, la qual cosa li atorga caracter\u00edstiques \u00faniques en el seu cultiu i processament. La seva producci\u00f3 \u00e9s limitada, ja que requereix condicions espec\u00edfiques d&#8217;altitud i clima, a m\u00e9s d&#8217;un maneig acurat per part dels caficultores. La seva exclusivitat i prestigi han generat un gran inter\u00e8s entre experts i productors, consolidant-se com una de les varietats m\u00e9s cobejades en la ind\u00fastria del caf\u00e8.   <\/p>\n<p>&nbsp;<\/p>\n<p><strong>Origen &#8211; Caf\u00e8 de Colombia<\/strong><\/p>\n<p>Diuen que beure caf\u00e8 colombi\u00e0 \u00e9s degustar el millor caf\u00e8 del m\u00f3n, una afirmaci\u00f3 recolzada per segles de tradici\u00f3 i excel\u00b7l\u00e8ncia. El pa\u00eds ha perfeccionat cada etapa del seu cultiu i producci\u00f3, convertint el seu caf\u00e8 en un s\u00edmbol d&#8217;identitat i orgull nacional. M\u00e9s que un producte, representa l&#8217;esfor\u00e7 de generacions de caficultors que, amb dedicaci\u00f3 i passi\u00f3, han convertit a Col\u00f2mbia en sin\u00f2nim de qualitat cafetera incomparable.   <a href=\"https:\/\/sensorial.coffee\/ca\/colombia-2\/\" target=\"_blank\" rel=\"noreferrer noopener nofollow\">Saber m\u00e9s.<\/a><\/p>\n","protected":false},"excerpt":{"rendered":"<p>Caf\u00e8 de Col\u00f2mbia directament des de la finca Campo Hermoso, on <strong>Edwin Nore\u00f1a<\/strong> conrea una veritable joia. Combina dolces notes de sucre de canya crua, avellana i cardamom, amb te negre i un toc de llimona. <\/p>\n","protected":false},"featured_media":0,"comment_status":"open","ping_status":"closed","template":"","meta":{"site-sidebar-layout":"no-sidebar","site-content-layout":"page-builder","ast-site-content-layout":"full-width-container","site-content-style":"default","site-sidebar-style":"default","ast-global-header-display":"","ast-banner-title-visibility":"","ast-main-header-display":"","ast-hfb-above-header-display":"","ast-hfb-below-header-display":"","ast-hfb-mobile-header-display":"","site-post-title":"disabled","ast-breadcrumbs-content":"","ast-featured-img":"disabled","footer-sml-layout":"","ast-disable-related-posts":"","theme-transparent-header-meta":"default","adv-header-id-meta":"","stick-header-meta":"","header-above-stick-meta":"","header-main-stick-meta":"","header-below-stick-meta":"","astra-migrate-meta-layouts":"set","ast-page-background-enabled":"default","ast-page-background-meta":{"desktop":{"background-color":"var(--ast-global-color-4)","background-image":"","background-repeat":"repeat","background-position":"center center","background-size":"auto","background-attachment":"scroll","background-type":"","background-media":"","overlay-type":"","overlay-color":"","overlay-opacity":"","overlay-gradient":""},"tablet":{"background-color":"","background-image":"","background-repeat":"repeat","background-position":"center center","background-size":"auto","background-attachment":"scroll","background-type":"","background-media":"","overlay-type":"","overlay-color":"","overlay-opacity":"","overlay-gradient":""},"mobile":{"background-color":"","background-image":"","background-repeat":"repeat","background-position":"center center","background-size":"auto","background-attachment":"scroll","background-type":"","background-media":"","overlay-type":"","overlay-color":"","overlay-opacity":"","overlay-gradient":""}},"ast-content-background-meta":{"desktop":{"background-color":"var(--ast-global-color-5)","background-image":"","background-repeat":"repeat","background-position":"center center","background-size":"auto","background-attachment":"scroll","background-type":"","background-media":"","overlay-type":"","overlay-color":"","overlay-opacity":"","overlay-gradient":""},"tablet":{"background-color":"var(--ast-global-color-5)","background-image":"","background-repeat":"repeat","background-position":"center center","background-size":"auto","background-attachment":"scroll","background-type":"","background-media":"","overlay-type":"","overlay-color":"","overlay-opacity":"","overlay-gradient":""},"mobile":{"background-color":"var(--ast-global-color-5)","background-image":"","background-repeat":"repeat","background-position":"center center","background-size":"auto","background-attachment":"scroll","background-type":"","background-media":"","overlay-type":"","overlay-color":"","overlay-opacity":"","overlay-gradient":""}}},"product_brand":[],"product_cat":[314,568],"product_tag":[383],"class_list":{"0":"post-24883","1":"product","2":"type-product","3":"status-publish","5":"product_cat-cafe-empreses","6":"product_cat-cafe-empreses-filtre","7":"product_tag-colombia-sidra-ca","8":"desktop-align-left","9":"tablet-align-left","10":"mobile-align-left","12":"first","13":"outofstock","14":"taxable","15":"shipping-taxable","16":"purchasable","17":"product-type-variable","18":"has-default-attributes"},"_links":{"self":[{"href":"https:\/\/sensorial.coffee\/ca\/wp-json\/wp\/v2\/product\/24883","targetHints":{"allow":["GET"]}}],"collection":[{"href":"https:\/\/sensorial.coffee\/ca\/wp-json\/wp\/v2\/product"}],"about":[{"href":"https:\/\/sensorial.coffee\/ca\/wp-json\/wp\/v2\/types\/product"}],"replies":[{"embeddable":true,"href":"https:\/\/sensorial.coffee\/ca\/wp-json\/wp\/v2\/comments?post=24883"}],"version-history":[{"count":2,"href":"https:\/\/sensorial.coffee\/ca\/wp-json\/wp\/v2\/product\/24883\/revisions"}],"predecessor-version":[{"id":24891,"href":"https:\/\/sensorial.coffee\/ca\/wp-json\/wp\/v2\/product\/24883\/revisions\/24891"}],"wp:attachment":[{"href":"https:\/\/sensorial.coffee\/ca\/wp-json\/wp\/v2\/media?parent=24883"}],"wp:term":[{"taxonomy":"product_brand","embeddable":true,"href":"https:\/\/sensorial.coffee\/ca\/wp-json\/wp\/v2\/product_brand?post=24883"},{"taxonomy":"product_cat","embeddable":true,"href":"https:\/\/sensorial.coffee\/ca\/wp-json\/wp\/v2\/product_cat?post=24883"},{"taxonomy":"product_tag","embeddable":true,"href":"https:\/\/sensorial.coffee\/ca\/wp-json\/wp\/v2\/product_tag?post=24883"}],"curies":[{"name":"wp","href":"https:\/\/api.w.org\/{rel}","templated":true}]}}