{"id":24968,"date":"2025-09-10T09:25:18","date_gmt":"2025-09-10T08:25:18","guid":{"rendered":"https:\/\/sensorial.coffee\/?post_type=product&#038;p=24968"},"modified":"2025-09-10T09:57:10","modified_gmt":"2025-09-10T08:57:10","slug":"cafe-de-mexic-f1-natural-copia-2","status":"publish","type":"product","link":"https:\/\/sensorial.coffee\/ca\/producte\/cafe-de-mexic-f1-natural-copia-2\/","title":{"rendered":"Caf\u00e8 de Ethiopia Kurume, Dega &amp; Wolisho \/ Honey"},"content":{"rendered":"<h2><b>M\u00e9s sobre aquest caf\u00e8 de Ethiopia<\/b><\/h2>\n<p><span style=\"font-weight: 400;\">Gedeb \u00e9s un dels districtes, tamb\u00e9 dits woredas, de la zona de Gedeo, amb la woreda de Kochere a l&#8217;oest, la woreda de Yirgacheffe al nord-oest, la woreda de Bule al nord i la regi\u00f3 de Oromia al sud i a l&#8217;est. La pr\u00f2xima woreda de Yirgacheffe dona nom a aquesta regi\u00f3 cafetera. <\/span><\/p>\n<p><span style=\"font-weight: 400;\">Tradu\u00eft literalment com a &#8220;Terra de moltes deus&#8221;, Yirgacheffe posseeix la topografia, l&#8217;altitud i les fonts d&#8217;aigua ideals per a produir i processar caf\u00e8s excepcionals. Aquesta regi\u00f3 es troba dins de la Regi\u00f3 de les Nacions, Nacionalitats i Pobles del Sud (SNNPR) d&#8217;Eti\u00f2pia, que alberga a 45 grups \u00e8tnics distints. Els caficultores de Yirgacheffe solen ser petits propietaris de diverses generacions, que a vegades nom\u00e9s conreen unes poques hect\u00e0rees. La majoria dels caf\u00e8s de Yirgacheffe es venen les cireres a estacions de rentada centralitzades que ajuden a separar millor els perfils de sabor.   <\/span><\/p>\n<p><span style=\"font-weight: 400;\">Molts consideren que Yirgacheffe \u00e9s el bressol del caf\u00e8, i els cafetos de la regi\u00f3 s\u00f3n una mescla natural de varietats aut\u00f2ctones conreades entre altres esp\u00e8cies, en cafetales i boscos.<\/span><\/p>\n<h2><b>Proc\u00e9s Honey del caf\u00e8 de Ethiopia<\/b><\/h2>\n<p><span style=\"font-weight: 400;\">En lloc de ser fermentat i rentada, els grans amb muc\u00edlag es traslladen directament a llits elevats d&#8217;assecat. Els grans s&#8217;estenen en capes primes i es remouen regularment per a evitar la fermentaci\u00f3 no desitjada i afavorir un assecat uniforme. Aquesta fase inicial permet que la humitat baixi de manera controlada, fixant els sucres del muc\u00edlag en l&#8217;estructura del gra. Entre 12 i 18 dies, les capes es van engrossint progressivament i el muc\u00edlag s&#8217;enfosqueix i caramel\u00b7litza lleugerament, intensificant la complexitat arom\u00e0tica.    <\/span><\/p>\n<h2><b>Varietat &#8211; Kurume, Dega &amp; Wolisho<\/b><\/h2>\n<p><span style=\"font-weight: 400;\">Els grans d&#8217;aquest caf\u00e8 de Ethiopia, se seleccionen acuradament per a garantir nom\u00e9s les cireres m\u00e9s madures. Una vegada recol\u00b7lectades, les cireres es despulpan mec\u00e0nicament per a separar el gra de la polpa, deixant adherit part del muc\u00edlag \u2014la capa enganxosa rica en sucres naturals\u2014 que ser\u00e0 fonamental per al desenvolupament del perfil sensorial del caf\u00e8. <\/span><\/p>\n<h2><b>Origen d&#8217;aquest caf\u00e8 de Ethiopia<\/b><\/h2>\n<p><span style=\"font-weight: 400;\">Yirgacheffe \u00e9s una regi\u00f3 situada en la zona sud d&#8217;Eti\u00f2pia, coneguda mundialment per la producci\u00f3 de caf\u00e8 d&#8217;alta qualitat. Es troba dins de la zona Kaffa, que \u00e9s considerada el bressol del caf\u00e8. El caf\u00e8 de Yirgacheffe \u00e9s fam\u00f3s pels seus perfils de sabor \u00fanics, que solen incloure notes florals, c\u00edtriques i de fruites. Les finques en Yirgacheffe s\u00f3n generalment petites i solen ser de propietat familiar. La majoria dels productors s\u00f3n agricultors petits que conreen caf\u00e8 juntament amb cultius de subsist\u00e8ncia. Aquestes finques sovint implementen pr\u00e0ctiques de cultiu sostenibles i m\u00e8todes de processament artesanal.     <\/span><\/p>\n<p>Descobreix altres caf\u00e8s d&#8217;especialitat de filtre <a href=\"https:\/\/sensorial.coffee\/ca\/cafe-filtre\/\">aqu\u00ed<\/a>.<\/p>\n","protected":false},"excerpt":{"rendered":"<p>Aquest caf\u00e8 de Ethiopia ens arriba des de Yirgacheffe, una regi\u00f3 situada en la zona sud del pa\u00eds, coneguda mundialment per la producci\u00f3 de caf\u00e8 d&#8217;alta qualitat, amb notes a flors blanques, nabius i te vermell.<\/p>\n","protected":false},"featured_media":26599,"comment_status":"open","ping_status":"closed","template":"","meta":{"site-sidebar-layout":"default","site-content-layout":"","ast-site-content-layout":"default","site-content-style":"default","site-sidebar-style":"default","ast-global-header-display":"","ast-banner-title-visibility":"","ast-main-header-display":"","ast-hfb-above-header-display":"","ast-hfb-below-header-display":"","ast-hfb-mobile-header-display":"","site-post-title":"","ast-breadcrumbs-content":"","ast-featured-img":"","footer-sml-layout":"","ast-disable-related-posts":"","theme-transparent-header-meta":"default","adv-header-id-meta":"","stick-header-meta":"","header-above-stick-meta":"","header-main-stick-meta":"","header-below-stick-meta":"","astra-migrate-meta-layouts":"set","ast-page-background-enabled":"default","ast-page-background-meta":{"desktop":{"background-color":"var(--ast-global-color-4)","background-image":"","background-repeat":"repeat","background-position":"center center","background-size":"auto","background-attachment":"scroll","background-type":"","background-media":"","overlay-type":"","overlay-color":"","overlay-opacity":"","overlay-gradient":""},"tablet":{"background-color":"","background-image":"","background-repeat":"repeat","background-position":"center center","background-size":"auto","background-attachment":"scroll","background-type":"","background-media":"","overlay-type":"","overlay-color":"","overlay-opacity":"","overlay-gradient":""},"mobile":{"background-color":"","background-image":"","background-repeat":"repeat","background-position":"center center","background-size":"auto","background-attachment":"scroll","background-type":"","background-media":"","overlay-type":"","overlay-color":"","overlay-opacity":"","overlay-gradient":""}},"ast-content-background-meta":{"desktop":{"background-color":"var(--ast-global-color-5)","background-image":"","background-repeat":"repeat","background-position":"center center","background-size":"auto","background-attachment":"scroll","background-type":"","background-media":"","overlay-type":"","overlay-color":"","overlay-opacity":"","overlay-gradient":""},"tablet":{"background-color":"var(--ast-global-color-5)","background-image":"","background-repeat":"repeat","background-position":"center center","background-size":"auto","background-attachment":"scroll","background-type":"","background-media":"","overlay-type":"","overlay-color":"","overlay-opacity":"","overlay-gradient":""},"mobile":{"background-color":"var(--ast-global-color-5)","background-image":"","background-repeat":"repeat","background-position":"center center","background-size":"auto","background-attachment":"scroll","background-type":"","background-media":"","overlay-type":"","overlay-color":"","overlay-opacity":"","overlay-gradient":""}}},"product_brand":[],"product_cat":[321],"product_tag":[339,572,340],"class_list":{"0":"post-24968","1":"product","2":"type-product","3":"status-publish","4":"has-post-thumbnail","6":"product_cat-nostres-cafes","7":"product_tag-ethiopia-filter-ca","8":"product_tag-etiopia-kurume-ca","9":"product_tag-filtre","10":"desktop-align-left","11":"tablet-align-left","12":"mobile-align-left","14":"first","15":"instock","16":"taxable","17":"shipping-taxable","18":"purchasable","19":"product-type-variable","20":"has-default-attributes"},"_links":{"self":[{"href":"https:\/\/sensorial.coffee\/ca\/wp-json\/wp\/v2\/product\/24968","targetHints":{"allow":["GET"]}}],"collection":[{"href":"https:\/\/sensorial.coffee\/ca\/wp-json\/wp\/v2\/product"}],"about":[{"href":"https:\/\/sensorial.coffee\/ca\/wp-json\/wp\/v2\/types\/product"}],"replies":[{"embeddable":true,"href":"https:\/\/sensorial.coffee\/ca\/wp-json\/wp\/v2\/comments?post=24968"}],"version-history":[{"count":2,"href":"https:\/\/sensorial.coffee\/ca\/wp-json\/wp\/v2\/product\/24968\/revisions"}],"predecessor-version":[{"id":24981,"href":"https:\/\/sensorial.coffee\/ca\/wp-json\/wp\/v2\/product\/24968\/revisions\/24981"}],"wp:featuredmedia":[{"embeddable":true,"href":"https:\/\/sensorial.coffee\/ca\/wp-json\/wp\/v2\/media\/26599"}],"wp:attachment":[{"href":"https:\/\/sensorial.coffee\/ca\/wp-json\/wp\/v2\/media?parent=24968"}],"wp:term":[{"taxonomy":"product_brand","embeddable":true,"href":"https:\/\/sensorial.coffee\/ca\/wp-json\/wp\/v2\/product_brand?post=24968"},{"taxonomy":"product_cat","embeddable":true,"href":"https:\/\/sensorial.coffee\/ca\/wp-json\/wp\/v2\/product_cat?post=24968"},{"taxonomy":"product_tag","embeddable":true,"href":"https:\/\/sensorial.coffee\/ca\/wp-json\/wp\/v2\/product_tag?post=24968"}],"curies":[{"name":"wp","href":"https:\/\/api.w.org\/{rel}","templated":true}]}}