{"id":25922,"date":"2026-01-20T12:39:42","date_gmt":"2026-01-20T11:39:42","guid":{"rendered":"https:\/\/sensorial.coffee\/?post_type=product&#038;p=25922"},"modified":"2026-01-20T15:06:49","modified_gmt":"2026-01-20T14:06:49","slug":"profitec-ride","status":"publish","type":"product","link":"https:\/\/sensorial.coffee\/ca\/producte\/profitec-ride\/","title":{"rendered":"Profitec Ride"},"content":{"rendered":"<p>La Profitec RIDE se caracteriza por el calentamiento simult\u00e1neo de las calderas de caf\u00e9 y vapor. Esto permite alcanzar la temperatura del vapor mucho m\u00e1s r\u00e1pido, garantizando un rendimiento de vapor m\u00e1s estable durante la extracci\u00f3n del espresso. Opcionalmente, la RIDE tambi\u00e9n puede utilizarse como m\u00e1quina de una sola caldera.<\/p>\n<p>Con el modo de calentamiento r\u00e1pido activado, la m\u00e1quina est\u00e1 lista para usar mucho m\u00e1s r\u00e1pido. En cualquier caso, las temperaturas de ambas calderas se pueden ajustar individualmente mediante el control PID. La RIDE tambi\u00e9n ofrece la opci\u00f3n de programar el encendido y apagado autom\u00e1tico, entre otras opciones. Estos ajustes se muestran en la discreta pantalla, junto con el temporizador de disparo.<\/p>\n<p>El portafiltros modular sin fondo se puede convertir r\u00e1pida y f\u00e1cilmente con accesorios de silicona (1 y 2 boquillas). Esto no solo ahorra espacio, sino que tambi\u00e9n permite una limpieza f\u00e1cil e higi\u00e9nica.<\/p>\n<p>Y tambi\u00e9n destaca su dise\u00f1o: los elegantes paneles laterales en negro mate contrastan con el frontal satinado, la bandeja para tazas y la bandeja de goteo plateada. Los man\u00f3metros armonizan con la pantalla y completan la est\u00e9tica.<\/p>\n","protected":false},"excerpt":{"rendered":"<p><strong>Datos t\u00e9cnicos<\/strong><\/p>\n<ul>\n<li>Caldera doble (opci\u00f3n de caldera simple)<\/li>\n<li>Grupo de caf\u00e9 Profitec con sistema de calentamiento tipo hongo de acero inoxidable<\/li>\n<li>Calentamiento simult\u00e1neo de ambas calderas<\/li>\n<li>Control PID para el ajuste individual de la temperatura de ambas calderas<\/li>\n<li>Modo de calentamiento r\u00e1pido programable<\/li>\n<li>Horas de encendido y apagado programables<\/li>\n<li>Modo ECO programable<\/li>\n<li>Modo de preinfusi\u00f3n activo y pasivo<\/li>\n<li>Recordatorio para la limpieza del grupo de caf\u00e9<\/li>\n<li>Recordatorio para el cambio de filtro<\/li>\n<li>Pantalla discreta<\/li>\n<li>Contador de dosis<\/li>\n<li>V\u00e1lvulas joystick<\/li>\n<li>Bomba vibratoria<\/li>\n<li>Dep\u00f3sito de agua de 2,8 l con adaptador integrado<\/li>\n<li>Apagado autom\u00e1tico cuando la m\u00e1quina alcanza un nivel bajo de agua<\/li>\n<li>Caldera de caf\u00e9 de acero inoxidable de 0,75 l<\/li>\n<li>Caldera de vapor y agua caliente de acero inoxidable de 1,0 l<\/li>\n<li>Aislamiento de la caldera<\/li>\n<li>Man\u00f3metros de la caldera y la bomba<\/li>\n<li>Calentadores de acero inoxidable<\/li>\n<li>Bandeja para tazas extra\u00edble<\/li>\n<li>V\u00e1lvula de expansi\u00f3n para el ajuste individual de la presi\u00f3n de infusi\u00f3n<\/li>\n<li>M\u00e1x. Consumo de energ\u00eda<\/li>\n<li>UE, RU, CH, AU: 230 V\/2100 W<\/li>\n<li>EE. UU.: 115 V\/1700 W<\/li>\n<li>Peso: 28 kg<\/li>\n<li>Dimensiones (An. x Pr. x Al.):<\/li>\n<li>300 x 450 x 370 mm sin portafiltro<\/li>\n<li>300 x 560 x 370 mm con portafiltro<\/li>\n<\/ul>\n<p><strong>Incluido en la entrega<\/strong><\/p>\n<ul>\n<li>1 portafiltro sin fondo<\/li>\n<li>1 accesorio de silicona con una boquilla<\/li>\n<li>1 accesorio de silicona con dos boquillas<\/li>\n<li>1 filtro de 1 taza (7 g)<\/li>\n<li>1 filtro de 2 tazas (14 g)<\/li>\n<li>1 filtro (21 g)<\/li>\n<li>1 filtro ciego<\/li>\n<li>1 prensador<\/li>\n<li>1 cepillo de limpieza<\/li>\n<li>1 manual de instrucciones+<\/li>\n<\/ul>\n<p>https:\/\/www.youtube.com\/watch?v=n5d6jFtKxAg<\/p>\n","protected":false},"featured_media":26042,"comment_status":"open","ping_status":"closed","template":"","meta":{"site-sidebar-layout":"default","site-content-layout":"","ast-site-content-layout":"default","site-content-style":"default","site-sidebar-style":"default","ast-global-header-display":"","ast-banner-title-visibility":"","ast-main-header-display":"","ast-hfb-above-header-display":"","ast-hfb-below-header-display":"","ast-hfb-mobile-header-display":"","site-post-title":"","ast-breadcrumbs-content":"","ast-featured-img":"","footer-sml-layout":"","ast-disable-related-posts":"","theme-transparent-header-meta":"default","adv-header-id-meta":"","stick-header-meta":"","header-above-stick-meta":"","header-main-stick-meta":"","header-below-stick-meta":"","astra-migrate-meta-layouts":"set","ast-page-background-enabled":"default","ast-page-background-meta":{"desktop":{"background-color":"var(--ast-global-color-4)","background-image":"","background-repeat":"repeat","background-position":"center center","background-size":"auto","background-attachment":"scroll","background-type":"","background-media":"","overlay-type":"","overlay-color":"","overlay-opacity":"","overlay-gradient":""},"tablet":{"background-color":"","background-image":"","background-repeat":"repeat","background-position":"center center","background-size":"auto","background-attachment":"scroll","background-type":"","background-media":"","overlay-type":"","overlay-color":"","overlay-opacity":"","overlay-gradient":""},"mobile":{"background-color":"","background-image":"","background-repeat":"repeat","background-position":"center center","background-size":"auto","background-attachment":"scroll","background-type":"","background-media":"","overlay-type":"","overlay-color":"","overlay-opacity":"","overlay-gradient":""}},"ast-content-background-meta":{"desktop":{"background-color":"var(--ast-global-color-5)","background-image":"","background-repeat":"repeat","background-position":"center center","background-size":"auto","background-attachment":"scroll","background-type":"","background-media":"","overlay-type":"","overlay-color":"","overlay-opacity":"","overlay-gradient":""},"tablet":{"background-color":"var(--ast-global-color-5)","background-image":"","background-repeat":"repeat","background-position":"center center","background-size":"auto","background-attachment":"scroll","background-type":"","background-media":"","overlay-type":"","overlay-color":"","overlay-opacity":"","overlay-gradient":""},"mobile":{"background-color":"var(--ast-global-color-5)","background-image":"","background-repeat":"repeat","background-position":"center center","background-size":"auto","background-attachment":"scroll","background-type":"","background-media":"","overlay-type":"","overlay-color":"","overlay-opacity":"","overlay-gradient":""}}},"product_brand":[],"product_cat":[101,100],"product_tag":[586,587,105],"class_list":{"0":"post-25922","1":"product","2":"type-product","3":"status-publish","4":"has-post-thumbnail","6":"product_cat-cafeteras","7":"product_cat-equipamiento","8":"product_tag-accesorios","9":"product_tag-cafeteras","10":"product_tag-equipamiento","11":"desktop-align-left","12":"tablet-align-left","13":"mobile-align-left","15":"first","16":"instock","17":"taxable","18":"shipping-taxable","19":"purchasable","20":"product-type-simple"},"_links":{"self":[{"href":"https:\/\/sensorial.coffee\/ca\/wp-json\/wp\/v2\/product\/25922","targetHints":{"allow":["GET"]}}],"collection":[{"href":"https:\/\/sensorial.coffee\/ca\/wp-json\/wp\/v2\/product"}],"about":[{"href":"https:\/\/sensorial.coffee\/ca\/wp-json\/wp\/v2\/types\/product"}],"replies":[{"embeddable":true,"href":"https:\/\/sensorial.coffee\/ca\/wp-json\/wp\/v2\/comments?post=25922"}],"version-history":[{"count":4,"href":"https:\/\/sensorial.coffee\/ca\/wp-json\/wp\/v2\/product\/25922\/revisions"}],"predecessor-version":[{"id":26134,"href":"https:\/\/sensorial.coffee\/ca\/wp-json\/wp\/v2\/product\/25922\/revisions\/26134"}],"wp:featuredmedia":[{"embeddable":true,"href":"https:\/\/sensorial.coffee\/ca\/wp-json\/wp\/v2\/media\/26042"}],"wp:attachment":[{"href":"https:\/\/sensorial.coffee\/ca\/wp-json\/wp\/v2\/media?parent=25922"}],"wp:term":[{"taxonomy":"product_brand","embeddable":true,"href":"https:\/\/sensorial.coffee\/ca\/wp-json\/wp\/v2\/product_brand?post=25922"},{"taxonomy":"product_cat","embeddable":true,"href":"https:\/\/sensorial.coffee\/ca\/wp-json\/wp\/v2\/product_cat?post=25922"},{"taxonomy":"product_tag","embeddable":true,"href":"https:\/\/sensorial.coffee\/ca\/wp-json\/wp\/v2\/product_tag?post=25922"}],"curies":[{"name":"wp","href":"https:\/\/api.w.org\/{rel}","templated":true}]}}