{"id":26135,"date":"2026-01-20T15:39:29","date_gmt":"2026-01-20T14:39:29","guid":{"rendered":"https:\/\/sensorial.coffee\/?post_type=product&#038;p=26135"},"modified":"2026-02-26T17:31:00","modified_gmt":"2026-02-26T16:31:00","slug":"rocket-r9-one-walnut-limited-edition","status":"publish","type":"product","link":"https:\/\/sensorial.coffee\/ca\/producte\/rocket-r9-one-walnut-limited-edition\/","title":{"rendered":"Rocket R9 One Walnut Limited Edition"},"content":{"rendered":"<p>Esta m\u00e1quina Rocket R9 One de edici\u00f3n especial incluye las siguientes caracter\u00edsticas: paneles laterales de nogal natural, mangos portafiltros de nogal, brazo de palanca de vapor y actuador perfilador de presi\u00f3n, todo acabado a juego con los paneles laterales de la m\u00e1quina.<\/p>\n","protected":false},"excerpt":{"rendered":"<div class=\"st_read_more_box\">\n<p>La Rocket <strong>R9 ONE<\/strong> fue desarrollada para incorporar lo mejor de nuestro programa de desarrollo de m\u00e1quinas comerciales en una m\u00e1quina capaz de lograr resultados sobresalientes. Dise\u00f1ado para su uso en una peque\u00f1a aplicaci\u00f3n comercial o en un entorno dom\u00e9stico.<\/p>\n<p>Estabilidad t\u00e9rmica a trav\u00e9s del sistema de grupo completamente saturado Rocket Espresso, junto con control de temperatura digital PID<\/p>\n<p>Pre y Post infusi\u00f3n controlada a trav\u00e9s de un sistema de perfilado de presi\u00f3n total, utilizando los 5 programas preestablecidos o mediante control manual a trav\u00e9s del sistema de paletas Rocket Espresso.<\/p>\n<p>Conexi\u00f3n directa de agua o dep\u00f3sito de agua incorporado, una m\u00e1quina de espresso dise\u00f1ada para ofrecer resultados espectaculares en la taza, tanto a trav\u00e9s de la estabilidad como de la flexibilidad de los par\u00e1metros de control.<\/p>\n<p><strong>CARACTER\u00cdSTICAS DE R NINE ONE <\/strong><\/p>\n<p>\u2022 5 perfiles de presi\u00f3n de bomba + 1 perfil semiautom\u00e1tico (a configurar operar el remo del grupo)<\/p>\n<p>\u2022 Pantalla t\u00e1ctil gr\u00e1fica a color \u2022 Imanes permanentes volum\u00e9tricos bomba para obtener resultados absolutamente precisos y funcionamiento silencioso<\/p>\n<p>\u2022 Carrocer\u00eda toda de acero inoxidable (pedido especial: acabado de caucho paneles laterales y traseros blancos o negros)<\/p>\n<p>\u2022 Calderas todas de acero inoxidable AISI 316L. hecho.<\/p>\n<p>\u2022 Caldera de preparaci\u00f3n + grupo saturado montaje: 1,9 litros \u2013 1200 W<\/p>\n<p>\u2022 Caldera de servicio: 3,6 litros \u2013 1400 W \u2022 M\u00e1x. consumo de energ\u00eda de m\u00e1quina: 1600W<\/p>\n<p><strong>DIMENSIONES<\/strong><\/p>\n<p>\u2022 410 x 505 x 430 mm (ancho x fondo x alto)<\/p>\n<p>\u2022 Peso: 47,4 kg<\/p>\n<p>\u2022 Alimentaci\u00f3n de agua: operaci\u00f3n con plomer\u00eda estricta o operaci\u00f3n de vertido<\/p>\n<\/div>\n<p>https:\/\/www.youtube.com\/watch?v=83ifjp-pgrI<\/p>\n","protected":false},"featured_media":26142,"comment_status":"open","ping_status":"closed","template":"","meta":{"site-sidebar-layout":"default","site-content-layout":"","ast-site-content-layout":"default","site-content-style":"default","site-sidebar-style":"default","ast-global-header-display":"","ast-banner-title-visibility":"","ast-main-header-display":"","ast-hfb-above-header-display":"","ast-hfb-below-header-display":"","ast-hfb-mobile-header-display":"","site-post-title":"","ast-breadcrumbs-content":"","ast-featured-img":"","footer-sml-layout":"","ast-disable-related-posts":"","theme-transparent-header-meta":"default","adv-header-id-meta":"","stick-header-meta":"","header-above-stick-meta":"","header-main-stick-meta":"","header-below-stick-meta":"","astra-migrate-meta-layouts":"set","ast-page-background-enabled":"default","ast-page-background-meta":{"desktop":{"background-color":"var(--ast-global-color-4)","background-image":"","background-repeat":"repeat","background-position":"center center","background-size":"auto","background-attachment":"scroll","background-type":"","background-media":"","overlay-type":"","overlay-color":"","overlay-opacity":"","overlay-gradient":""},"tablet":{"background-color":"","background-image":"","background-repeat":"repeat","background-position":"center center","background-size":"auto","background-attachment":"scroll","background-type":"","background-media":"","overlay-type":"","overlay-color":"","overlay-opacity":"","overlay-gradient":""},"mobile":{"background-color":"","background-image":"","background-repeat":"repeat","background-position":"center center","background-size":"auto","background-attachment":"scroll","background-type":"","background-media":"","overlay-type":"","overlay-color":"","overlay-opacity":"","overlay-gradient":""}},"ast-content-background-meta":{"desktop":{"background-color":"var(--ast-global-color-5)","background-image":"","background-repeat":"repeat","background-position":"center center","background-size":"auto","background-attachment":"scroll","background-type":"","background-media":"","overlay-type":"","overlay-color":"","overlay-opacity":"","overlay-gradient":""},"tablet":{"background-color":"var(--ast-global-color-5)","background-image":"","background-repeat":"repeat","background-position":"center center","background-size":"auto","background-attachment":"scroll","background-type":"","background-media":"","overlay-type":"","overlay-color":"","overlay-opacity":"","overlay-gradient":""},"mobile":{"background-color":"var(--ast-global-color-5)","background-image":"","background-repeat":"repeat","background-position":"center center","background-size":"auto","background-attachment":"scroll","background-type":"","background-media":"","overlay-type":"","overlay-color":"","overlay-opacity":"","overlay-gradient":""}}},"product_brand":[],"product_cat":[101,100],"product_tag":[586,587,105],"class_list":{"0":"post-26135","1":"product","2":"type-product","3":"status-publish","4":"has-post-thumbnail","6":"product_cat-cafeteras","7":"product_cat-equipamiento","8":"product_tag-accesorios","9":"product_tag-cafeteras","10":"product_tag-equipamiento","11":"desktop-align-left","12":"tablet-align-left","13":"mobile-align-left","15":"first","16":"instock","17":"taxable","18":"shipping-taxable","19":"purchasable","20":"product-type-simple"},"_links":{"self":[{"href":"https:\/\/sensorial.coffee\/ca\/wp-json\/wp\/v2\/product\/26135","targetHints":{"allow":["GET"]}}],"collection":[{"href":"https:\/\/sensorial.coffee\/ca\/wp-json\/wp\/v2\/product"}],"about":[{"href":"https:\/\/sensorial.coffee\/ca\/wp-json\/wp\/v2\/types\/product"}],"replies":[{"embeddable":true,"href":"https:\/\/sensorial.coffee\/ca\/wp-json\/wp\/v2\/comments?post=26135"}],"version-history":[{"count":3,"href":"https:\/\/sensorial.coffee\/ca\/wp-json\/wp\/v2\/product\/26135\/revisions"}],"predecessor-version":[{"id":26150,"href":"https:\/\/sensorial.coffee\/ca\/wp-json\/wp\/v2\/product\/26135\/revisions\/26150"}],"wp:featuredmedia":[{"embeddable":true,"href":"https:\/\/sensorial.coffee\/ca\/wp-json\/wp\/v2\/media\/26142"}],"wp:attachment":[{"href":"https:\/\/sensorial.coffee\/ca\/wp-json\/wp\/v2\/media?parent=26135"}],"wp:term":[{"taxonomy":"product_brand","embeddable":true,"href":"https:\/\/sensorial.coffee\/ca\/wp-json\/wp\/v2\/product_brand?post=26135"},{"taxonomy":"product_cat","embeddable":true,"href":"https:\/\/sensorial.coffee\/ca\/wp-json\/wp\/v2\/product_cat?post=26135"},{"taxonomy":"product_tag","embeddable":true,"href":"https:\/\/sensorial.coffee\/ca\/wp-json\/wp\/v2\/product_tag?post=26135"}],"curies":[{"name":"wp","href":"https:\/\/api.w.org\/{rel}","templated":true}]}}