{"id":26349,"date":"2026-01-21T10:45:37","date_gmt":"2026-01-21T09:45:37","guid":{"rendered":"https:\/\/sensorial.coffee\/?post_type=product&#038;p=26349"},"modified":"2026-02-26T17:37:47","modified_gmt":"2026-02-26T16:37:47","slug":"rocket-mozzafiato-fast-v-inox-2","status":"publish","type":"product","link":"https:\/\/sensorial.coffee\/ca\/producte\/rocket-mozzafiato-fast-v-inox-2\/","title":{"rendered":"Rocket Mozzafiato Fast V Inox"},"content":{"rendered":"<div class=\"st_read_more_box\">\n<p><strong>FILOSOF\u00cdA DE DISE\u00d1O<\/strong><\/p>\n<p>El Mozzafiato Fast se inspira en una fuente inesperada pero \u00fanica: los ic\u00f3nicos rieles de techo de veh\u00edculos del pasado. Sus laterales de fundici\u00f3n a presi\u00f3n resaltan la excepcional calidad de construcci\u00f3n, con formas inspiradas en veh\u00edculos legendarios como las camionetas Volvo de los a\u00f1os 80. Esta combinaci\u00f3n de est\u00e9tica robusta y aventurera refleja la dedicaci\u00f3n de Rocket Espresso a la artesan\u00eda de alta calidad y la funcionalidad.<\/p>\n<p><strong>CARACTER\u00cdSTICAS PRINCIPALES<\/strong><\/p>\n<p><strong>R\u00e1pido tiempo de calentamiento<\/strong>: dise\u00f1ada para calentarse r\u00e1pidamente, lo que garantiza que su m\u00e1quina est\u00e9 lista para preparar caf\u00e9 en un tiempo notablemente corto.<\/p>\n<p><strong>Acabados dobles<\/strong>: disponible en un cuerpo cromado con letras traseras negras brillantes o un cuerpo negro mate con letras traseras cromadas.<\/p>\n<p><strong>Funcionalidad avanzada<\/strong>: equipada con una pantalla OLED para ver los tiempos de dispensaci\u00f3n, administrar los ajustes de la m\u00e1quina y monitorear los errores.<\/p>\n<p><strong>Ajustes personalizables<\/strong>: el nuevo sistema electr\u00f3nico permite regular la presi\u00f3n de la caldera, la funci\u00f3n de espera y los niveles de luminosidad de los LED. Tecnolog\u00eda innovadora: cuenta con un sistema de intercambiador de calor, control PID, pantalla de contador de dosis, unidad de caf\u00e9 (cabezal de grupo) con elemento calefactor y man\u00f3metros dobles.<\/p>\n<\/div>\n","protected":false},"excerpt":{"rendered":"<p>Rocket Espresso presenta Mozzafiato Fast, una incorporaci\u00f3n sorprendente a nuestra gama dom\u00e9stica de m\u00e1quinas de caf\u00e9 expreso. Con la introducci\u00f3n de Mozzafiato V Fast y Mozzafiato R Fast, combinamos un dise\u00f1o sorprendente con nuevas tecnolog\u00edas para ofrecer excelentes resultados en la taza, de forma r\u00e1pida y sin esfuerzo. R\u00e1pido, pero sin concesiones.<\/p>\n","protected":false},"featured_media":26314,"comment_status":"open","ping_status":"closed","template":"","meta":{"site-sidebar-layout":"default","site-content-layout":"","ast-site-content-layout":"default","site-content-style":"default","site-sidebar-style":"default","ast-global-header-display":"","ast-banner-title-visibility":"","ast-main-header-display":"","ast-hfb-above-header-display":"","ast-hfb-below-header-display":"","ast-hfb-mobile-header-display":"","site-post-title":"","ast-breadcrumbs-content":"","ast-featured-img":"","footer-sml-layout":"","ast-disable-related-posts":"","theme-transparent-header-meta":"default","adv-header-id-meta":"","stick-header-meta":"","header-above-stick-meta":"","header-main-stick-meta":"","header-below-stick-meta":"","astra-migrate-meta-layouts":"set","ast-page-background-enabled":"default","ast-page-background-meta":{"desktop":{"background-color":"var(--ast-global-color-4)","background-image":"","background-repeat":"repeat","background-position":"center center","background-size":"auto","background-attachment":"scroll","background-type":"","background-media":"","overlay-type":"","overlay-color":"","overlay-opacity":"","overlay-gradient":""},"tablet":{"background-color":"","background-image":"","background-repeat":"repeat","background-position":"center center","background-size":"auto","background-attachment":"scroll","background-type":"","background-media":"","overlay-type":"","overlay-color":"","overlay-opacity":"","overlay-gradient":""},"mobile":{"background-color":"","background-image":"","background-repeat":"repeat","background-position":"center center","background-size":"auto","background-attachment":"scroll","background-type":"","background-media":"","overlay-type":"","overlay-color":"","overlay-opacity":"","overlay-gradient":""}},"ast-content-background-meta":{"desktop":{"background-color":"var(--ast-global-color-5)","background-image":"","background-repeat":"repeat","background-position":"center center","background-size":"auto","background-attachment":"scroll","background-type":"","background-media":"","overlay-type":"","overlay-color":"","overlay-opacity":"","overlay-gradient":""},"tablet":{"background-color":"var(--ast-global-color-5)","background-image":"","background-repeat":"repeat","background-position":"center center","background-size":"auto","background-attachment":"scroll","background-type":"","background-media":"","overlay-type":"","overlay-color":"","overlay-opacity":"","overlay-gradient":""},"mobile":{"background-color":"var(--ast-global-color-5)","background-image":"","background-repeat":"repeat","background-position":"center center","background-size":"auto","background-attachment":"scroll","background-type":"","background-media":"","overlay-type":"","overlay-color":"","overlay-opacity":"","overlay-gradient":""}}},"product_brand":[],"product_cat":[101,100],"product_tag":[586,587,105],"class_list":{"0":"post-26349","1":"product","2":"type-product","3":"status-publish","4":"has-post-thumbnail","6":"product_cat-cafeteras","7":"product_cat-equipamiento","8":"product_tag-accesorios","9":"product_tag-cafeteras","10":"product_tag-equipamiento","11":"desktop-align-left","12":"tablet-align-left","13":"mobile-align-left","15":"first","16":"instock","17":"taxable","18":"shipping-taxable","19":"purchasable","20":"product-type-simple"},"_links":{"self":[{"href":"https:\/\/sensorial.coffee\/ca\/wp-json\/wp\/v2\/product\/26349","targetHints":{"allow":["GET"]}}],"collection":[{"href":"https:\/\/sensorial.coffee\/ca\/wp-json\/wp\/v2\/product"}],"about":[{"href":"https:\/\/sensorial.coffee\/ca\/wp-json\/wp\/v2\/types\/product"}],"replies":[{"embeddable":true,"href":"https:\/\/sensorial.coffee\/ca\/wp-json\/wp\/v2\/comments?post=26349"}],"version-history":[{"count":2,"href":"https:\/\/sensorial.coffee\/ca\/wp-json\/wp\/v2\/product\/26349\/revisions"}],"predecessor-version":[{"id":26352,"href":"https:\/\/sensorial.coffee\/ca\/wp-json\/wp\/v2\/product\/26349\/revisions\/26352"}],"wp:featuredmedia":[{"embeddable":true,"href":"https:\/\/sensorial.coffee\/ca\/wp-json\/wp\/v2\/media\/26314"}],"wp:attachment":[{"href":"https:\/\/sensorial.coffee\/ca\/wp-json\/wp\/v2\/media?parent=26349"}],"wp:term":[{"taxonomy":"product_brand","embeddable":true,"href":"https:\/\/sensorial.coffee\/ca\/wp-json\/wp\/v2\/product_brand?post=26349"},{"taxonomy":"product_cat","embeddable":true,"href":"https:\/\/sensorial.coffee\/ca\/wp-json\/wp\/v2\/product_cat?post=26349"},{"taxonomy":"product_tag","embeddable":true,"href":"https:\/\/sensorial.coffee\/ca\/wp-json\/wp\/v2\/product_tag?post=26349"}],"curies":[{"name":"wp","href":"https:\/\/api.w.org\/{rel}","templated":true}]}}