{"id":26409,"date":"2026-01-27T19:21:14","date_gmt":"2026-01-27T18:21:14","guid":{"rendered":"https:\/\/sensorial.coffee\/?post_type=product&#038;p=26409"},"modified":"2026-02-26T17:04:04","modified_gmt":"2026-02-26T16:04:04","slug":"lelit-anna","status":"publish","type":"product","link":"https:\/\/sensorial.coffee\/ca\/producte\/lelit-anna\/","title":{"rendered":"Lelit Anna"},"content":{"rendered":"<p>Lelit Anna. La soluci\u00f3n perfecta para quienes se acercan al mundo de las cafeteras prosumer: f\u00e1cil de usar y lista de inmediato para preparar excelentes caf\u00e9s, capuchinos, t\u00e9s e infusiones. La pantalla PID mejora el nivel de precisi\u00f3n de la temperatura.<\/p>\n","protected":false},"excerpt":{"rendered":"<p><strong>PID<\/strong><\/p>\n<p>La pantalla PID gestiona la temperatura de la caldera y del vapor, permitiendo extraer lo mejor de cada mezcla.<\/p>\n<p><strong>Man\u00f3metro<\/strong><\/p>\n<p>El man\u00f3metro controla la presi\u00f3n de salida del caf\u00e9: la zona verde, entre 8 y 12 bares, indica el valor \u00f3ptimo y permite comprender si las fases previas a la preparaci\u00f3n se han ejecutado correctamente.<\/p>\n<p><strong>Varilla multidireccional<\/strong><\/p>\n<p>La varilla multidireccional con mango antiquemaduras proporciona agua caliente y vapor, para una espuma como la del bar. Tanto la funci\u00f3n de agua como la de vapor pueden activarse mediante los interruptores de palanca frontales y ajustarse mediante el mando lateral<\/p>\n<p><strong>Contenido de la caja<\/strong><\/p>\n<p>LELIT57 portafiltro de 2 v\u00edas con mango cl\u00e1sico \/ LELIT57 filtro 1 dosis (7-9 g) \/ LELIT57 filtro 2 dosis (14-18 g) \/ LELIT57 filtro ciego \/ LELIT57 filtro monodosis de papel \/ Tamper \/ Cuchara para caf\u00e9 en polvo<\/p>\n<p>&nbsp;<\/p>\n<ul>\n<li>Grupo LELIT57 compatible con las herramientas de barista LELIT57<\/li>\n<li>Electrov\u00e1lvula de 3 v\u00edas para secar el disco de caf\u00e9<\/li>\n<li>Caldera \u00fanica de caf\u00e9 de lat\u00f3n<\/li>\n<li>Pantalla PID<\/li>\n<li>Interruptores de palanca<\/li>\n<li>Espumado de la leche<\/li>\n<li>Varilla multidireccional de vapor\/agua caliente<\/li>\n<li>Temperatura de la caldera preajustada<\/li>\n<li>LED de m\u00e1quina lista y\/o calentamiento<\/li>\n<li>Man\u00f3metro para la presi\u00f3n del caf\u00e9<\/li>\n<li>Carrocer\u00eda de acero inoxidable pulido<\/li>\n<li>Bandeja recogegotas con tapa de acero inoxidable<\/li>\n<li>Ventana lateral para nivel de agua del tanque<\/li>\n<li>Caldera de caf\u00e9 0,25 l<\/li>\n<li>Tanque de agua 2,7 l<\/li>\n<li>Tiempo de calentamiento menos de 10 minutos<\/li>\n<li>230 V 50 Hz | Tipo de conector E+F<\/li>\n<li>Dimensions: 23 x 38 x 34 cm<\/li>\n<li>Weight: 7,856 kg<\/li>\n<\/ul>\n<p>https:\/\/www.youtube.com\/watch?v=da8fgG4IZCE<\/p>\n","protected":false},"featured_media":26476,"comment_status":"open","ping_status":"closed","template":"","meta":{"site-sidebar-layout":"default","site-content-layout":"","ast-site-content-layout":"default","site-content-style":"default","site-sidebar-style":"default","ast-global-header-display":"","ast-banner-title-visibility":"","ast-main-header-display":"","ast-hfb-above-header-display":"","ast-hfb-below-header-display":"","ast-hfb-mobile-header-display":"","site-post-title":"","ast-breadcrumbs-content":"","ast-featured-img":"","footer-sml-layout":"","ast-disable-related-posts":"","theme-transparent-header-meta":"default","adv-header-id-meta":"","stick-header-meta":"","header-above-stick-meta":"","header-main-stick-meta":"","header-below-stick-meta":"","astra-migrate-meta-layouts":"set","ast-page-background-enabled":"default","ast-page-background-meta":{"desktop":{"background-color":"var(--ast-global-color-4)","background-image":"","background-repeat":"repeat","background-position":"center center","background-size":"auto","background-attachment":"scroll","background-type":"","background-media":"","overlay-type":"","overlay-color":"","overlay-opacity":"","overlay-gradient":""},"tablet":{"background-color":"","background-image":"","background-repeat":"repeat","background-position":"center center","background-size":"auto","background-attachment":"scroll","background-type":"","background-media":"","overlay-type":"","overlay-color":"","overlay-opacity":"","overlay-gradient":""},"mobile":{"background-color":"","background-image":"","background-repeat":"repeat","background-position":"center center","background-size":"auto","background-attachment":"scroll","background-type":"","background-media":"","overlay-type":"","overlay-color":"","overlay-opacity":"","overlay-gradient":""}},"ast-content-background-meta":{"desktop":{"background-color":"var(--ast-global-color-5)","background-image":"","background-repeat":"repeat","background-position":"center center","background-size":"auto","background-attachment":"scroll","background-type":"","background-media":"","overlay-type":"","overlay-color":"","overlay-opacity":"","overlay-gradient":""},"tablet":{"background-color":"var(--ast-global-color-5)","background-image":"","background-repeat":"repeat","background-position":"center center","background-size":"auto","background-attachment":"scroll","background-type":"","background-media":"","overlay-type":"","overlay-color":"","overlay-opacity":"","overlay-gradient":""},"mobile":{"background-color":"var(--ast-global-color-5)","background-image":"","background-repeat":"repeat","background-position":"center center","background-size":"auto","background-attachment":"scroll","background-type":"","background-media":"","overlay-type":"","overlay-color":"","overlay-opacity":"","overlay-gradient":""}}},"product_brand":[],"product_cat":[101,100,24],"product_tag":[586,587,105],"class_list":{"0":"post-26409","1":"product","2":"type-product","3":"status-publish","4":"has-post-thumbnail","6":"product_cat-cafeteras","7":"product_cat-equipamiento","8":"product_cat-sin-categorizar","9":"product_tag-accesorios","10":"product_tag-cafeteras","11":"product_tag-equipamiento","12":"desktop-align-left","13":"tablet-align-left","14":"mobile-align-left","16":"first","17":"instock","18":"taxable","19":"shipping-taxable","20":"purchasable","21":"product-type-simple"},"_links":{"self":[{"href":"https:\/\/sensorial.coffee\/ca\/wp-json\/wp\/v2\/product\/26409","targetHints":{"allow":["GET"]}}],"collection":[{"href":"https:\/\/sensorial.coffee\/ca\/wp-json\/wp\/v2\/product"}],"about":[{"href":"https:\/\/sensorial.coffee\/ca\/wp-json\/wp\/v2\/types\/product"}],"replies":[{"embeddable":true,"href":"https:\/\/sensorial.coffee\/ca\/wp-json\/wp\/v2\/comments?post=26409"}],"version-history":[{"count":6,"href":"https:\/\/sensorial.coffee\/ca\/wp-json\/wp\/v2\/product\/26409\/revisions"}],"predecessor-version":[{"id":26495,"href":"https:\/\/sensorial.coffee\/ca\/wp-json\/wp\/v2\/product\/26409\/revisions\/26495"}],"wp:featuredmedia":[{"embeddable":true,"href":"https:\/\/sensorial.coffee\/ca\/wp-json\/wp\/v2\/media\/26476"}],"wp:attachment":[{"href":"https:\/\/sensorial.coffee\/ca\/wp-json\/wp\/v2\/media?parent=26409"}],"wp:term":[{"taxonomy":"product_brand","embeddable":true,"href":"https:\/\/sensorial.coffee\/ca\/wp-json\/wp\/v2\/product_brand?post=26409"},{"taxonomy":"product_cat","embeddable":true,"href":"https:\/\/sensorial.coffee\/ca\/wp-json\/wp\/v2\/product_cat?post=26409"},{"taxonomy":"product_tag","embeddable":true,"href":"https:\/\/sensorial.coffee\/ca\/wp-json\/wp\/v2\/product_tag?post=26409"}],"curies":[{"name":"wp","href":"https:\/\/api.w.org\/{rel}","templated":true}]}}