{"id":26512,"date":"2026-01-27T20:05:51","date_gmt":"2026-01-27T19:05:51","guid":{"rendered":"https:\/\/sensorial.coffee\/?post_type=product&#038;p=26512"},"modified":"2026-02-26T17:02:34","modified_gmt":"2026-02-26T16:02:34","slug":"lelit-elizabeth-dual-boiler","status":"publish","type":"product","link":"https:\/\/sensorial.coffee\/ca\/producte\/lelit-elizabeth-dual-boiler\/","title":{"rendered":"Lelit Elizabeth Dual Boiler"},"content":{"rendered":"<p>La caldera doble y el grupo comercial LELIT58 son caracter\u00edsticas especiales de Lelit Elizabeth y garantizan un suministro continuo de vapor y la extracci\u00f3n de una cantidad considerable de agua, sin afectar el rendimiento del caf\u00e9. La cuidada selecci\u00f3n de materiales y sus detalles la convierten en una magn\u00edfica pieza de dise\u00f1o incluso con la m\u00e1quina apagada.<\/p>\n","protected":false},"excerpt":{"rendered":"<div class=\"st_read_more_box\">\n<p>CALDERA DOBLE<\/p>\n<p>Dos calderas independientes: una para vapor y agua caliente, y otra para caf\u00e9. Un sistema dise\u00f1ado para una mayor estabilidad t\u00e9rmica y para preparar caf\u00e9 y vapor simult\u00e1neamente, con un tiempo de calentamiento reducido.<\/p>\n<p>PAR\u00c1METROS PROGRAMABLES<\/p>\n<p>El sistema de control electr\u00f3nico LELIT (LCC) con pantalla gr\u00e1fica OLED permite configurar el tiempo de preinfusi\u00f3n, el tiempo de preparaci\u00f3n, la purga autom\u00e1tica y seleccionar las unidades de temperatura. Es posible gestionar el ciclo de lavado autom\u00e1tico para la limpieza habitual del grupo, establecer el tiempo de espera seg\u00fan la norma CEI EN 50564 y desactivar la caldera de vapor. La pantalla tambi\u00e9n muestra el tiempo de extracci\u00f3n y la temperatura del caf\u00e9, el agua caliente y el vapor. Adem\u00e1s, indica la falta de agua en el dep\u00f3sito y activa autom\u00e1ticamente el modo de reserva.<\/p>\n<p>CARACTER\u00cdSTICAS T\u00c9CNICAS<\/p>\n<ul>\n<li>Grupo comercial LELIT58 compatible con las herramientas de barista LELIT58<\/li>\n<li>V\u00e1lvula solenoide de 3 v\u00edas para secar la c\u00e1psula de caf\u00e9<\/li>\n<li>LCC con pantalla gr\u00e1fica OLED de alta resoluci\u00f3n<\/li>\n<li>Indicador gr\u00e1fico de falta de agua en el dep\u00f3sito y &#8220;Modo de reserva&#8221;<\/li>\n<li>Posibilidad de activar la purga autom\u00e1tica, la preinfusi\u00f3n, el modo de espera y el ciclo de lavado<\/li>\n<li>Posibilidad de desactivar la caldera de vapor<\/li>\n<li>Tiempo de preparaci\u00f3n programable para las dosis de caf\u00e9<\/li>\n<li>Temperatura del caf\u00e9, el agua y el vapor indicada en grados Celsius o Fahrenheit<\/li>\n<li>Man\u00f3metro retroiluminado para la presi\u00f3n del caf\u00e9<\/li>\n<li>Cuerpo del aparato de acero inoxidable cepillado con bandeja de goteo y rejilla de alambre<\/li>\n<li>Amplio calientatazas<\/li>\n<li>Botones de acero inoxidable retroiluminados<\/li>\n<li>Varilla de vapor anti-quemaduras multidireccional y lanza de agua caliente fija<\/li>\n<li>Apto para tazas<\/li>\n<li>Caldera de caf\u00e9 de lat\u00f3n: 300 ml<\/li>\n<li>Caldera de vapor\/agua caliente de acero inoxidable AISI316L: 600 ml<\/li>\n<li>Dep\u00f3sito de agua: 2,5 l<\/li>\n<li>Dimensiones (largo x profundo x alto): 32 x 38 x 38 cm<\/li>\n<li>Peso: 15,3 kg<\/li>\n<\/ul>\n<p>https:\/\/www.youtube.com\/watch?v=3_7LoSQQPWw<\/p>\n<\/div>\n","protected":false},"featured_media":26527,"comment_status":"open","ping_status":"closed","template":"","meta":{"site-sidebar-layout":"default","site-content-layout":"","ast-site-content-layout":"default","site-content-style":"default","site-sidebar-style":"default","ast-global-header-display":"","ast-banner-title-visibility":"","ast-main-header-display":"","ast-hfb-above-header-display":"","ast-hfb-below-header-display":"","ast-hfb-mobile-header-display":"","site-post-title":"","ast-breadcrumbs-content":"","ast-featured-img":"","footer-sml-layout":"","ast-disable-related-posts":"","theme-transparent-header-meta":"default","adv-header-id-meta":"","stick-header-meta":"","header-above-stick-meta":"","header-main-stick-meta":"","header-below-stick-meta":"","astra-migrate-meta-layouts":"set","ast-page-background-enabled":"default","ast-page-background-meta":{"desktop":{"background-color":"var(--ast-global-color-4)","background-image":"","background-repeat":"repeat","background-position":"center center","background-size":"auto","background-attachment":"scroll","background-type":"","background-media":"","overlay-type":"","overlay-color":"","overlay-opacity":"","overlay-gradient":""},"tablet":{"background-color":"","background-image":"","background-repeat":"repeat","background-position":"center center","background-size":"auto","background-attachment":"scroll","background-type":"","background-media":"","overlay-type":"","overlay-color":"","overlay-opacity":"","overlay-gradient":""},"mobile":{"background-color":"","background-image":"","background-repeat":"repeat","background-position":"center center","background-size":"auto","background-attachment":"scroll","background-type":"","background-media":"","overlay-type":"","overlay-color":"","overlay-opacity":"","overlay-gradient":""}},"ast-content-background-meta":{"desktop":{"background-color":"var(--ast-global-color-5)","background-image":"","background-repeat":"repeat","background-position":"center center","background-size":"auto","background-attachment":"scroll","background-type":"","background-media":"","overlay-type":"","overlay-color":"","overlay-opacity":"","overlay-gradient":""},"tablet":{"background-color":"var(--ast-global-color-5)","background-image":"","background-repeat":"repeat","background-position":"center center","background-size":"auto","background-attachment":"scroll","background-type":"","background-media":"","overlay-type":"","overlay-color":"","overlay-opacity":"","overlay-gradient":""},"mobile":{"background-color":"var(--ast-global-color-5)","background-image":"","background-repeat":"repeat","background-position":"center center","background-size":"auto","background-attachment":"scroll","background-type":"","background-media":"","overlay-type":"","overlay-color":"","overlay-opacity":"","overlay-gradient":""}}},"product_brand":[],"product_cat":[101,100],"product_tag":[586,587,105],"class_list":{"0":"post-26512","1":"product","2":"type-product","3":"status-publish","4":"has-post-thumbnail","6":"product_cat-cafeteras","7":"product_cat-equipamiento","8":"product_tag-accesorios","9":"product_tag-cafeteras","10":"product_tag-equipamiento","11":"desktop-align-left","12":"tablet-align-left","13":"mobile-align-left","15":"first","16":"instock","17":"taxable","18":"shipping-taxable","19":"purchasable","20":"product-type-simple"},"_links":{"self":[{"href":"https:\/\/sensorial.coffee\/ca\/wp-json\/wp\/v2\/product\/26512","targetHints":{"allow":["GET"]}}],"collection":[{"href":"https:\/\/sensorial.coffee\/ca\/wp-json\/wp\/v2\/product"}],"about":[{"href":"https:\/\/sensorial.coffee\/ca\/wp-json\/wp\/v2\/types\/product"}],"replies":[{"embeddable":true,"href":"https:\/\/sensorial.coffee\/ca\/wp-json\/wp\/v2\/comments?post=26512"}],"version-history":[{"count":2,"href":"https:\/\/sensorial.coffee\/ca\/wp-json\/wp\/v2\/product\/26512\/revisions"}],"predecessor-version":[{"id":26526,"href":"https:\/\/sensorial.coffee\/ca\/wp-json\/wp\/v2\/product\/26512\/revisions\/26526"}],"wp:featuredmedia":[{"embeddable":true,"href":"https:\/\/sensorial.coffee\/ca\/wp-json\/wp\/v2\/media\/26527"}],"wp:attachment":[{"href":"https:\/\/sensorial.coffee\/ca\/wp-json\/wp\/v2\/media?parent=26512"}],"wp:term":[{"taxonomy":"product_brand","embeddable":true,"href":"https:\/\/sensorial.coffee\/ca\/wp-json\/wp\/v2\/product_brand?post=26512"},{"taxonomy":"product_cat","embeddable":true,"href":"https:\/\/sensorial.coffee\/ca\/wp-json\/wp\/v2\/product_cat?post=26512"},{"taxonomy":"product_tag","embeddable":true,"href":"https:\/\/sensorial.coffee\/ca\/wp-json\/wp\/v2\/product_tag?post=26512"}],"curies":[{"name":"wp","href":"https:\/\/api.w.org\/{rel}","templated":true}]}}