{"id":26907,"date":"2026-02-15T23:59:42","date_gmt":"2026-02-15T22:59:42","guid":{"rendered":"https:\/\/sensorial.coffee\/?post_type=product&#038;p=26907"},"modified":"2026-02-26T16:05:54","modified_gmt":"2026-02-26T15:05:54","slug":"outin-soporte-universal-cafe","status":"publish","type":"product","link":"https:\/\/sensorial.coffee\/ca\/producte\/outin-soporte-universal-cafe\/","title":{"rendered":"Outin Soporte Universal Caf\u00e9"},"content":{"rendered":"<ul>\n<li><span data-sheets-root=\"1\"><strong>Dise\u00f1o con Posavasos de Corcho: <\/strong>el nuevo posavasos de corcho amortigua eficazmente el contacto entre la base de la taza y la superficie met\u00e1lica, reduciendo ara\u00f1azos y desgaste.<\/span><\/li>\n<li><span data-sheets-root=\"1\"><strong>Ligero pero Duradero:<\/strong> Fabricado con aluminio y acero inoxidable de alta calidad, el Soporte Universal para Caf\u00e9 pesa solo 291\u202fg y est\u00e1 hecho para durar.<\/span><\/li>\n<\/ul>\n<ul class=\"e-list\">\n<li class=\"e-list-item\"><strong>Compatibilidad Universal:<\/strong> El Soporte Universal para Caf\u00e9 es compatible con diversos m\u00e9todos de preparaci\u00f3n \u2014desde pour-over hasta m\u00e1quinas de espresso port\u00e1tiles\u2014, garantizando una experiencia de preparaci\u00f3n estable y sin usar las manos.<\/li>\n<li class=\"e-list-item\"><strong>Dise\u00f1o Antideslizante:<\/strong> La estructura estable del Soporte Universal para Caf\u00e9 y las esterillas de silicona antideslizantes en la base y el soporte garantizan estabilidad y evitan deslizamientos durante su uso.<\/li>\n<li class=\"e-list-item\"><span data-sheets-root=\"1\"><strong>Altura Ajustable:<\/strong> Con un rango de 119.5 mm (4.7 pulgadas) a 178.5 mm (7.0 pulgadas), el soporte se adapta a tus necesidades de preparaci\u00f3n, ofreciendo comodidad y precisi\u00f3n para cualquier tama\u00f1o de taza.<\/span><\/li>\n<\/ul>\n<div class=\"e-div\"><span data-sheets-root=\"1\"><strong>*Nota: <\/strong>M\u00e1quina de caf\u00e9 no incluida<\/span><\/div>\n","protected":false},"excerpt":{"rendered":"<p>Dise\u00f1ado para adaptarse a una amplia variedad de equipos de caf\u00e9, desde pour-over hasta molinillos port\u00e1tiles, el Soporte Universal de Caf\u00e9 OutIn ofrece una experiencia de caf\u00e9 estable y sin usar las manos. Tambi\u00e9n es el complemento perfecto para el OutIn Nano.<\/p>\n","protected":false},"featured_media":26908,"comment_status":"open","ping_status":"closed","template":"","meta":{"site-sidebar-layout":"default","site-content-layout":"","ast-site-content-layout":"default","site-content-style":"default","site-sidebar-style":"default","ast-global-header-display":"","ast-banner-title-visibility":"","ast-main-header-display":"","ast-hfb-above-header-display":"","ast-hfb-below-header-display":"","ast-hfb-mobile-header-display":"","site-post-title":"","ast-breadcrumbs-content":"","ast-featured-img":"","footer-sml-layout":"","ast-disable-related-posts":"","theme-transparent-header-meta":"default","adv-header-id-meta":"","stick-header-meta":"","header-above-stick-meta":"","header-main-stick-meta":"","header-below-stick-meta":"","astra-migrate-meta-layouts":"set","ast-page-background-enabled":"default","ast-page-background-meta":{"desktop":{"background-color":"var(--ast-global-color-4)","background-image":"","background-repeat":"repeat","background-position":"center center","background-size":"auto","background-attachment":"scroll","background-type":"","background-media":"","overlay-type":"","overlay-color":"","overlay-opacity":"","overlay-gradient":""},"tablet":{"background-color":"","background-image":"","background-repeat":"repeat","background-position":"center center","background-size":"auto","background-attachment":"scroll","background-type":"","background-media":"","overlay-type":"","overlay-color":"","overlay-opacity":"","overlay-gradient":""},"mobile":{"background-color":"","background-image":"","background-repeat":"repeat","background-position":"center center","background-size":"auto","background-attachment":"scroll","background-type":"","background-media":"","overlay-type":"","overlay-color":"","overlay-opacity":"","overlay-gradient":""}},"ast-content-background-meta":{"desktop":{"background-color":"var(--ast-global-color-5)","background-image":"","background-repeat":"repeat","background-position":"center center","background-size":"auto","background-attachment":"scroll","background-type":"","background-media":"","overlay-type":"","overlay-color":"","overlay-opacity":"","overlay-gradient":""},"tablet":{"background-color":"var(--ast-global-color-5)","background-image":"","background-repeat":"repeat","background-position":"center center","background-size":"auto","background-attachment":"scroll","background-type":"","background-media":"","overlay-type":"","overlay-color":"","overlay-opacity":"","overlay-gradient":""},"mobile":{"background-color":"var(--ast-global-color-5)","background-image":"","background-repeat":"repeat","background-position":"center center","background-size":"auto","background-attachment":"scroll","background-type":"","background-media":"","overlay-type":"","overlay-color":"","overlay-opacity":"","overlay-gradient":""}}},"product_brand":[],"product_cat":[104,101,100],"product_tag":[586,587,105],"class_list":{"0":"post-26907","1":"product","2":"type-product","3":"status-publish","4":"has-post-thumbnail","6":"product_cat-accesorios","7":"product_cat-cafeteras","8":"product_cat-equipamiento","9":"product_tag-accesorios","10":"product_tag-cafeteras","11":"product_tag-equipamiento","12":"desktop-align-left","13":"tablet-align-left","14":"mobile-align-left","16":"first","17":"instock","18":"taxable","19":"shipping-taxable","20":"purchasable","21":"product-type-simple"},"_links":{"self":[{"href":"https:\/\/sensorial.coffee\/ca\/wp-json\/wp\/v2\/product\/26907","targetHints":{"allow":["GET"]}}],"collection":[{"href":"https:\/\/sensorial.coffee\/ca\/wp-json\/wp\/v2\/product"}],"about":[{"href":"https:\/\/sensorial.coffee\/ca\/wp-json\/wp\/v2\/types\/product"}],"replies":[{"embeddable":true,"href":"https:\/\/sensorial.coffee\/ca\/wp-json\/wp\/v2\/comments?post=26907"}],"version-history":[{"count":2,"href":"https:\/\/sensorial.coffee\/ca\/wp-json\/wp\/v2\/product\/26907\/revisions"}],"predecessor-version":[{"id":26936,"href":"https:\/\/sensorial.coffee\/ca\/wp-json\/wp\/v2\/product\/26907\/revisions\/26936"}],"wp:featuredmedia":[{"embeddable":true,"href":"https:\/\/sensorial.coffee\/ca\/wp-json\/wp\/v2\/media\/26908"}],"wp:attachment":[{"href":"https:\/\/sensorial.coffee\/ca\/wp-json\/wp\/v2\/media?parent=26907"}],"wp:term":[{"taxonomy":"product_brand","embeddable":true,"href":"https:\/\/sensorial.coffee\/ca\/wp-json\/wp\/v2\/product_brand?post=26907"},{"taxonomy":"product_cat","embeddable":true,"href":"https:\/\/sensorial.coffee\/ca\/wp-json\/wp\/v2\/product_cat?post=26907"},{"taxonomy":"product_tag","embeddable":true,"href":"https:\/\/sensorial.coffee\/ca\/wp-json\/wp\/v2\/product_tag?post=26907"}],"curies":[{"name":"wp","href":"https:\/\/api.w.org\/{rel}","templated":true}]}}