{"id":27120,"date":"2026-02-28T18:34:34","date_gmt":"2026-02-28T17:34:34","guid":{"rendered":"https:\/\/sensorial.coffee\/?post_type=product&#038;p=27120"},"modified":"2026-02-28T18:41:41","modified_gmt":"2026-02-28T17:41:41","slug":"eureka-mignon-libra-55-brew-matt-black","status":"publish","type":"product","link":"https:\/\/sensorial.coffee\/ca\/producte\/eureka-mignon-libra-55-brew-matt-black\/","title":{"rendered":"Eureka Mignon Libra 55 Brew Matt Black"},"content":{"rendered":"<div class=\"intesta\">\u00a1Moler por peso en pocos pasos, ahora tambi\u00e9n para caf\u00e9 de filtro obteniendo la m\u00e1xima precisi\u00f3n sin esfuerzo!<\/div>\n<p>La geometr\u00eda de las fresas (55 mm), combinada con su dise\u00f1o, lo convierten en el Mignon ideal para el caf\u00e9 de filtro.<\/p>\n<div>\n<div class=\"divPlus\">\n<p class=\"imgPlus\"><a href=\"https:\/\/www.eureka.co.it\/es\/plus\/id\/201.aspx\" target=\"_blank\" rel=\"noopener\"><img decoding=\"async\" title=\"Tecnolog\u00eda de Pesaje de Molienda Instant\u00e1nea (Grind-by-weight technology)\" src=\"https:\/\/www.eureka.co.it\/images\/icons\/40x40\/IGW-technology.png\" alt=\"Tecnolog\u00eda de Pesaje de Molienda Instant\u00e1nea (Grind-by-weight technology)\" \/> <\/a>Tecnolog\u00eda de Pesaje de Molienda Instant\u00e1nea (Grind-by-weight technology): Muele por peso, en pocos y simples pasos.<\/p>\n<\/div>\n<div class=\"divPlus\">\n<p class=\"imgPlus\"><a href=\"https:\/\/www.eureka.co.it\/es\/plus\/id\/93.aspx\" target=\"_blank\" rel=\"noopener\"><img decoding=\"async\" title=\"Tecnologia Silent\" src=\"https:\/\/www.eureka.co.it\/images\/icons\/40x40\/Silent-technology.png\" alt=\"Tecnologia Silent\" \/> <\/a>Tecnologia Silent: Molienda silenciosa en cualquier lugar, sea en una cafeter\u00eda o en casa<\/p>\n<\/div>\n<div class=\"divPlus\">\n<p class=\"imgPlus\"><a href=\"https:\/\/www.eureka.co.it\/es\/plus\/id\/96.aspx\" target=\"_blank\" rel=\"noopener\"><img decoding=\"async\" title=\"Regulaci\u00f3n microm\u00e9trica\" src=\"https:\/\/www.eureka.co.it\/images\/icons\/40x40\/Stepless-micrometric-regulation.png\" alt=\"Regulaci\u00f3n microm\u00e9trica\" \/><\/a>Regulaci\u00f3n microm\u00e9trica: Sistema patentado, garantiza una precisi\u00f3n absoluta ahorrando tiempo y caf\u00e9.<\/p>\n<\/div>\n<div class=\"divPlus\">\n<p class=\"imgPlus\"><a href=\"https:\/\/www.eureka.co.it\/es\/plus\/id\/97.aspx\" target=\"_blank\" rel=\"noopener\"><img decoding=\"async\" title=\"Sistema ACE\" src=\"https:\/\/www.eureka.co.it\/images\/icons\/40x40\/Ace-system.png\" alt=\"Sistema ACE\" \/> <\/a>Sistema ACE: Anti-grumos y carga electrost\u00e1tica.<\/p>\n<\/div>\n<\/div>\n<div class=\"divPlusMore\">\n<p class=\"textPlus\">\u2713 Nueva horquilla: ajuste de altura sin herramientas adicionales.<\/p>\n<div class=\"ast-oembed-container \" style=\"height: 100%;\"><iframe title=\"Mignon Libra - Instant Grind Weighing Technology\" width=\"500\" height=\"281\" src=\"https:\/\/www.youtube.com\/embed\/DHU9uH9mfxw?feature=oembed&#038;enablejsapi=1&#038;origin=https:\/\/sensorial.coffee\" frameborder=\"0\" allow=\"accelerometer; autoplay; clipboard-write; encrypted-media; gyroscope; picture-in-picture; web-share\" referrerpolicy=\"strict-origin-when-cross-origin\" allowfullscreen><\/iframe><\/div>\n<\/div>\n","protected":false},"excerpt":{"rendered":"<p>Moler Por Peso en unos sencillos pasos, ahora tambi\u00e9n para caf\u00e9 filtrado<\/p>\n<p>\u00a1Y consigue la m\u00e1xima precisi\u00f3n sin esfuerzo!<\/p>\n<p>\u00bfC\u00f3mo? Gracias a la revolucionaria tecnolog\u00eda nstant Grind Weighing (Patentada) que te permite moler por peso, en lugar de por tiempo, haciendo tu rutina de caf\u00e9 m\u00e1s f\u00e1cil, m\u00e1s r\u00e1pida y&#8230; \u00a1sin desperdicio de caf\u00e9!<\/p>\n<p>La geometr\u00eda de las fresas, combinada con su dise\u00f1o, lo convierte en el Mignon ideal para el pulido de filtros.<\/p>\n<p>Nuestro Plus<\/p>\n<ul>\n<li>Sistema de regulaci\u00f3n microm\u00e9trica continua (patentado por Eureka)<\/li>\n<li>Tecnolog\u00eda silenciosa<\/li>\n<li>Sistema ACE<\/li>\n<li>Sistema de configuraci\u00f3n f\u00e1cil<\/li>\n<li>Tecnolog\u00eda de pesaje instant\u00e1neo<\/li>\n<li>Muelas espec\u00edficas para filtro<\/li>\n<\/ul>\n","protected":false},"featured_media":27137,"comment_status":"open","ping_status":"closed","template":"","meta":{"site-sidebar-layout":"default","site-content-layout":"","ast-site-content-layout":"default","site-content-style":"default","site-sidebar-style":"default","ast-global-header-display":"","ast-banner-title-visibility":"","ast-main-header-display":"","ast-hfb-above-header-display":"","ast-hfb-below-header-display":"","ast-hfb-mobile-header-display":"","site-post-title":"","ast-breadcrumbs-content":"","ast-featured-img":"","footer-sml-layout":"","ast-disable-related-posts":"","theme-transparent-header-meta":"default","adv-header-id-meta":"","stick-header-meta":"","header-above-stick-meta":"","header-main-stick-meta":"","header-below-stick-meta":"","astra-migrate-meta-layouts":"set","ast-page-background-enabled":"default","ast-page-background-meta":{"desktop":{"background-color":"var(--ast-global-color-4)","background-image":"","background-repeat":"repeat","background-position":"center center","background-size":"auto","background-attachment":"scroll","background-type":"","background-media":"","overlay-type":"","overlay-color":"","overlay-opacity":"","overlay-gradient":""},"tablet":{"background-color":"","background-image":"","background-repeat":"repeat","background-position":"center center","background-size":"auto","background-attachment":"scroll","background-type":"","background-media":"","overlay-type":"","overlay-color":"","overlay-opacity":"","overlay-gradient":""},"mobile":{"background-color":"","background-image":"","background-repeat":"repeat","background-position":"center center","background-size":"auto","background-attachment":"scroll","background-type":"","background-media":"","overlay-type":"","overlay-color":"","overlay-opacity":"","overlay-gradient":""}},"ast-content-background-meta":{"desktop":{"background-color":"var(--ast-global-color-5)","background-image":"","background-repeat":"repeat","background-position":"center center","background-size":"auto","background-attachment":"scroll","background-type":"","background-media":"","overlay-type":"","overlay-color":"","overlay-opacity":"","overlay-gradient":""},"tablet":{"background-color":"var(--ast-global-color-5)","background-image":"","background-repeat":"repeat","background-position":"center center","background-size":"auto","background-attachment":"scroll","background-type":"","background-media":"","overlay-type":"","overlay-color":"","overlay-opacity":"","overlay-gradient":""},"mobile":{"background-color":"var(--ast-global-color-5)","background-image":"","background-repeat":"repeat","background-position":"center center","background-size":"auto","background-attachment":"scroll","background-type":"","background-media":"","overlay-type":"","overlay-color":"","overlay-opacity":"","overlay-gradient":""}}},"product_brand":[],"product_cat":[100,102],"product_tag":[586,105,48],"class_list":{"0":"post-27120","1":"product","2":"type-product","3":"status-publish","4":"has-post-thumbnail","6":"product_cat-equipamiento","7":"product_cat-molinillos-de-cafe","8":"product_tag-accesorios","9":"product_tag-equipamiento","10":"product_tag-molinillo","11":"desktop-align-left","12":"tablet-align-left","13":"mobile-align-left","15":"first","16":"instock","17":"taxable","18":"shipping-taxable","19":"purchasable","20":"product-type-simple"},"_links":{"self":[{"href":"https:\/\/sensorial.coffee\/ca\/wp-json\/wp\/v2\/product\/27120","targetHints":{"allow":["GET"]}}],"collection":[{"href":"https:\/\/sensorial.coffee\/ca\/wp-json\/wp\/v2\/product"}],"about":[{"href":"https:\/\/sensorial.coffee\/ca\/wp-json\/wp\/v2\/types\/product"}],"replies":[{"embeddable":true,"href":"https:\/\/sensorial.coffee\/ca\/wp-json\/wp\/v2\/comments?post=27120"}],"version-history":[{"count":1,"href":"https:\/\/sensorial.coffee\/ca\/wp-json\/wp\/v2\/product\/27120\/revisions"}],"predecessor-version":[{"id":27136,"href":"https:\/\/sensorial.coffee\/ca\/wp-json\/wp\/v2\/product\/27120\/revisions\/27136"}],"wp:featuredmedia":[{"embeddable":true,"href":"https:\/\/sensorial.coffee\/ca\/wp-json\/wp\/v2\/media\/27137"}],"wp:attachment":[{"href":"https:\/\/sensorial.coffee\/ca\/wp-json\/wp\/v2\/media?parent=27120"}],"wp:term":[{"taxonomy":"product_brand","embeddable":true,"href":"https:\/\/sensorial.coffee\/ca\/wp-json\/wp\/v2\/product_brand?post=27120"},{"taxonomy":"product_cat","embeddable":true,"href":"https:\/\/sensorial.coffee\/ca\/wp-json\/wp\/v2\/product_cat?post=27120"},{"taxonomy":"product_tag","embeddable":true,"href":"https:\/\/sensorial.coffee\/ca\/wp-json\/wp\/v2\/product_tag?post=27120"}],"curies":[{"name":"wp","href":"https:\/\/api.w.org\/{rel}","templated":true}]}}