{"id":27140,"date":"2026-02-28T18:43:47","date_gmt":"2026-02-28T17:43:47","guid":{"rendered":"https:\/\/sensorial.coffee\/?post_type=product&#038;p=27140"},"modified":"2026-02-28T18:50:15","modified_gmt":"2026-02-28T17:50:15","slug":"eureka-atom-65-home-black","status":"publish","type":"product","link":"https:\/\/sensorial.coffee\/ca\/producte\/eureka-atom-65-home-black\/","title":{"rendered":"Eureka Atom 65 Home Black"},"content":{"rendered":"<div class=\"intesta\">El poder de Atom&#8230; ahora en tu hogar.<\/div>\n<p>&nbsp;<\/p>\n<div>\n<div class=\"divPlus\">\n<p class=\"imgPlus\"><a href=\"https:\/\/www.eureka.co.it\/es\/plus\/id\/201.aspx\" target=\"_blank\" rel=\"noopener\"><img decoding=\"async\" title=\"Tecnolog\u00eda de Pesaje de Molienda Instant\u00e1nea (Grind-by-weight technology)\" src=\"https:\/\/www.eureka.co.it\/images\/icons\/40x40\/IGW-technology.png\" alt=\"Tecnolog\u00eda de Pesaje de Molienda Instant\u00e1nea (Grind-by-weight technology)\" \/> <\/a>Tecnolog\u00eda de Pesaje de Molienda Instant\u00e1nea (Grind-by-weight technology): Muele por peso, en pocos y simples pasos.<\/p>\n<\/div>\n<div class=\"divPlus\">\n<p class=\"imgPlus\"><a href=\"https:\/\/www.eureka.co.it\/es\/plus\/id\/93.aspx\" target=\"_blank\" rel=\"noopener\"><img decoding=\"async\" title=\"Tecnologia Silent\" src=\"https:\/\/www.eureka.co.it\/images\/icons\/40x40\/Silent-technology.png\" alt=\"Tecnologia Silent\" \/> <\/a>Tecnologia Silent:Molienda silenciosa en cualquier lugar, sea en una cafeter\u00eda o en casa<\/p>\n<\/div>\n<div class=\"divPlus\">\n<p class=\"imgPlus\"><a href=\"https:\/\/www.eureka.co.it\/es\/plus\/id\/96.aspx\" target=\"_blank\" rel=\"noopener\"><img decoding=\"async\" title=\"Regulaci\u00f3n microm\u00e9trica\" src=\"https:\/\/www.eureka.co.it\/images\/icons\/40x40\/Stepless-micrometric-regulation.png\" alt=\"Regulaci\u00f3n microm\u00e9trica\" \/> <\/a>Regulaci\u00f3n microm\u00e9trica: Sistema patentado, garantiza una precisi\u00f3n absoluta ahorrando tiempo y caf\u00e9.<\/p>\n<\/div>\n<div class=\"divPlus\">\n<p class=\"imgPlus\"><a href=\"https:\/\/www.eureka.co.it\/es\/plus\/id\/95.aspx\" target=\"_blank\" rel=\"noopener\"><img decoding=\"async\" title=\"Molienda &quot;High-Speed&quot;\" src=\"https:\/\/www.eureka.co.it\/images\/icons\/40x40\/High-speed.png\" alt=\"Molienda &quot;High-Speed&quot;\" \/> <\/a>Molienda &#8220;High-Speed&#8221;: El s\u00edmbolo &#8220;High Speed&#8221; indica que los molinos de caf\u00e9 pueden alcanzar una velocidad de molienda muy alta.<\/p>\n<\/div>\n<div class=\"divPlus\">\n<p class=\"imgPlus\"><a href=\"https:\/\/www.eureka.co.it\/es\/plus\/id\/101.aspx\" target=\"_blank\" rel=\"noopener\"><img decoding=\"async\" title=\"Horquilla ajustable &quot;manos libres&quot; regulable\" src=\"https:\/\/www.eureka.co.it\/images\/icons\/40x40\/Hands-free-system.png\" alt=\"Horquilla ajustable &quot;manos libres&quot; regulable\" \/> <\/a>Horquilla ajustable &#8220;manos libres&#8221; regulable: \u00datil, robusta y f\u00e1cil de regular.<\/p>\n<\/div>\n<div class=\"divPlus\">\n<p class=\"imgPlus\"><a href=\"https:\/\/www.eureka.co.it\/es\/plus\/id\/97.aspx\" target=\"_blank\" rel=\"noopener\"><img decoding=\"async\" title=\"Sistema ACE\" src=\"https:\/\/www.eureka.co.it\/images\/icons\/40x40\/Ace-system.png\" alt=\"Sistema ACE\" \/> <\/a>Sistema ACE: Anti-grumos y carga electrost\u00e1tica.<\/p>\n<\/div>\n<\/div>\n<div class=\"divPlusMore\">\n<p class=\"textPlus\">\u2713 Pantalla t\u00e1ctil (2 dosis + continua)<\/p>\n<\/div>\n<div class=\"divPlusMore\">\n<p class=\"textPlus\">\u2713 Fresas de 65 mm para una mayor productividad<\/p>\n<\/div>\n","protected":false},"excerpt":{"rendered":"<div class=\"st_read_more_box\">\n<h2>Caracteristicas<\/h2>\n<ul>\n<li>Tecnolog\u00eda de Pesaje de Molienda Instant\u00e1nea PATENTADA que garantiza una consistencia de dosis de 0,2 gramos, pesando el caf\u00e9 en tiempo real durante la molienda, para lograr siempre el resultado esperado en la taza y minimizar el desperdicio. \u00a1Tu Atom ser\u00e1 extremadamente precisa y s\u00faper r\u00e1pida!<\/li>\n<li>Lista para usar sin esfuerzo gracias a la calibraci\u00f3n del sistema de pesaje integrado, realizado en nuestra f\u00e1brica.<\/li>\n<li>Nueva pantalla t\u00e1ctil de alta capacidad de respuesta que permite:<\/li>\n<li>Ajustar f\u00e1cilmente la cantidad para 3 dosis programables.<\/li>\n<li>Muelas planas de 65 mm, dise\u00f1o Espresso de alta capacidad de molienda (2,5-3,0 g\/s), desarrolladas para lograr excelentes resultados de espresso.<\/li>\n<li>Horquilla met\u00e1lica resistente | para mayor estabilidad y manejo manos libres para cualquier portafiltro. Altura ajustable.<\/li>\n<li>Tolva de 300 g: Compacta y compacta, pero sorprendentemente espaciosa.<\/li>\n<li>Tecnolog\u00eda Silenciosa<\/li>\n<li>Un cuerpo s\u00f3lido con un dise\u00f1o elegante.<\/li>\n<\/ul>\n<h2>Especificaciones t\u00e9cnicas<\/h2>\n<p><strong>FRESAS<\/strong><\/p>\n<ul>\n<li>Tipo: Planas (dise\u00f1o Espresso)<\/li>\n<li>Di\u00e1metro: 65 mm<\/li>\n<li>Material: Acero endurecido<\/li>\n<\/ul>\n<p><strong>VARIOS<\/strong><\/p>\n<ul>\n<li>Versi\u00f3n disponible: 2 dosis + continuo<\/li>\n<li>Regulaci\u00f3n microm\u00e9trica continua: S\u00ed<\/li>\n<li>Capacidad de la tolva de granos: 300 g &#8211; 0,66 lb<\/li>\n<li>Capacidad de molienda: 2,5-3,0 g\/s (espresso)<\/li>\n<\/ul>\n<p><strong>DIMENSIONES<\/strong><\/p>\n<ul>\n<li>Altura: 436 mm<\/li>\n<li>Ancho: 180 mm<\/li>\n<li>Profundidad: 191 mm<\/li>\n<\/ul>\n<p><strong>PLUS<\/strong><\/p>\n<ul>\n<li>Tecnolog\u00eda Silent: S\u00ed<\/li>\n<li>Sistema ACE: S\u00ed<\/li>\n<li>Sistema de regulaci\u00f3n microm\u00e9trica continua, tecnolog\u00eda de pesaje instant\u00e1neo de la molienda (PATENTADO): S\u00ed<\/li>\n<li>Horquilla ajustable: S\u00ed<\/li>\n<li>Pantalla de alta sensibilidad: S\u00ed<\/li>\n<\/ul>\n<p><strong>COLORES EST\u00c1NDAR<\/strong><\/p>\n<ul>\n<li>Negro mate<\/li>\n<\/ul>\n<\/div>\n","protected":false},"featured_media":27144,"comment_status":"open","ping_status":"closed","template":"","meta":{"site-sidebar-layout":"default","site-content-layout":"","ast-site-content-layout":"default","site-content-style":"default","site-sidebar-style":"default","ast-global-header-display":"","ast-banner-title-visibility":"","ast-main-header-display":"","ast-hfb-above-header-display":"","ast-hfb-below-header-display":"","ast-hfb-mobile-header-display":"","site-post-title":"","ast-breadcrumbs-content":"","ast-featured-img":"","footer-sml-layout":"","ast-disable-related-posts":"","theme-transparent-header-meta":"default","adv-header-id-meta":"","stick-header-meta":"","header-above-stick-meta":"","header-main-stick-meta":"","header-below-stick-meta":"","astra-migrate-meta-layouts":"set","ast-page-background-enabled":"default","ast-page-background-meta":{"desktop":{"background-color":"var(--ast-global-color-4)","background-image":"","background-repeat":"repeat","background-position":"center center","background-size":"auto","background-attachment":"scroll","background-type":"","background-media":"","overlay-type":"","overlay-color":"","overlay-opacity":"","overlay-gradient":""},"tablet":{"background-color":"","background-image":"","background-repeat":"repeat","background-position":"center center","background-size":"auto","background-attachment":"scroll","background-type":"","background-media":"","overlay-type":"","overlay-color":"","overlay-opacity":"","overlay-gradient":""},"mobile":{"background-color":"","background-image":"","background-repeat":"repeat","background-position":"center center","background-size":"auto","background-attachment":"scroll","background-type":"","background-media":"","overlay-type":"","overlay-color":"","overlay-opacity":"","overlay-gradient":""}},"ast-content-background-meta":{"desktop":{"background-color":"var(--ast-global-color-5)","background-image":"","background-repeat":"repeat","background-position":"center center","background-size":"auto","background-attachment":"scroll","background-type":"","background-media":"","overlay-type":"","overlay-color":"","overlay-opacity":"","overlay-gradient":""},"tablet":{"background-color":"var(--ast-global-color-5)","background-image":"","background-repeat":"repeat","background-position":"center center","background-size":"auto","background-attachment":"scroll","background-type":"","background-media":"","overlay-type":"","overlay-color":"","overlay-opacity":"","overlay-gradient":""},"mobile":{"background-color":"var(--ast-global-color-5)","background-image":"","background-repeat":"repeat","background-position":"center center","background-size":"auto","background-attachment":"scroll","background-type":"","background-media":"","overlay-type":"","overlay-color":"","overlay-opacity":"","overlay-gradient":""}}},"product_brand":[],"product_cat":[102],"product_tag":[586,105,48],"class_list":{"0":"post-27140","1":"product","2":"type-product","3":"status-publish","4":"has-post-thumbnail","6":"product_cat-molinillos-de-cafe","7":"product_tag-accesorios","8":"product_tag-equipamiento","9":"product_tag-molinillo","10":"desktop-align-left","11":"tablet-align-left","12":"mobile-align-left","14":"first","15":"instock","16":"taxable","17":"shipping-taxable","18":"purchasable","19":"product-type-simple"},"_links":{"self":[{"href":"https:\/\/sensorial.coffee\/ca\/wp-json\/wp\/v2\/product\/27140","targetHints":{"allow":["GET"]}}],"collection":[{"href":"https:\/\/sensorial.coffee\/ca\/wp-json\/wp\/v2\/product"}],"about":[{"href":"https:\/\/sensorial.coffee\/ca\/wp-json\/wp\/v2\/types\/product"}],"replies":[{"embeddable":true,"href":"https:\/\/sensorial.coffee\/ca\/wp-json\/wp\/v2\/comments?post=27140"}],"version-history":[{"count":1,"href":"https:\/\/sensorial.coffee\/ca\/wp-json\/wp\/v2\/product\/27140\/revisions"}],"predecessor-version":[{"id":27147,"href":"https:\/\/sensorial.coffee\/ca\/wp-json\/wp\/v2\/product\/27140\/revisions\/27147"}],"wp:featuredmedia":[{"embeddable":true,"href":"https:\/\/sensorial.coffee\/ca\/wp-json\/wp\/v2\/media\/27144"}],"wp:attachment":[{"href":"https:\/\/sensorial.coffee\/ca\/wp-json\/wp\/v2\/media?parent=27140"}],"wp:term":[{"taxonomy":"product_brand","embeddable":true,"href":"https:\/\/sensorial.coffee\/ca\/wp-json\/wp\/v2\/product_brand?post=27140"},{"taxonomy":"product_cat","embeddable":true,"href":"https:\/\/sensorial.coffee\/ca\/wp-json\/wp\/v2\/product_cat?post=27140"},{"taxonomy":"product_tag","embeddable":true,"href":"https:\/\/sensorial.coffee\/ca\/wp-json\/wp\/v2\/product_tag?post=27140"}],"curies":[{"name":"wp","href":"https:\/\/api.w.org\/{rel}","templated":true}]}}