{"id":27347,"date":"2026-03-17T18:46:54","date_gmt":"2026-03-17T17:46:54","guid":{"rendered":"https:\/\/sensorial.coffee\/producto\/cafe-de-el-salvador-bourbon-rainbow-natural\/"},"modified":"2026-03-23T15:41:30","modified_gmt":"2026-03-23T14:41:30","slug":"cafe-de-el-salvador-bourbon-rainbow-natural","status":"publish","type":"product","link":"https:\/\/sensorial.coffee\/ca\/producte\/cafe-de-el-salvador-bourbon-rainbow-natural\/","title":{"rendered":"Caf\u00e8 de El Salvador Bourbon Rainbow \/ Natural"},"content":{"rendered":"<h2>M\u00e9s sobre aquest caf\u00e8 d&#8217;El Salvador<\/h2>\n<p>La finca Les Brises es troba en una zona cafetalera de gran tradici\u00f3, situada a gran altitud, on les condicions clim\u00e0tiques i la brisa constant afavoreixen una maduraci\u00f3 lenta de les cireres de caf\u00e8. El seu propietari, Hugo N\u00fa\u00f1ez, va adquirir la finca en 2012 i des de llavors ha apostat per una producci\u00f3 cuidada i sostenible, respectant els ecosistemes naturals i protegint les fonts d&#8217;aigua i la flora de l&#8217;entorn. <\/p>\n<p>En la finca, els cafetos creixen sota ombra natural proporcionada per esp\u00e8cies forestals aut\u00f2ctones, arbres fruiters i mus\u00e1ceas, la qual cosa contribueix a mantenir la biodiversitat i a millorar la qualitat del cultiu. La recol\u00b7lecci\u00f3 es realitza manualment, seleccionant \u00fanicament les cireres al punt \u00f2ptim de maduraci\u00f3 per a garantir una major qualitat en tassa. <\/p>\n<p>La regi\u00f3 on se situa la finca forma part d&#8217;una important zona productora de caf\u00e8 ar\u00e0biga, on milers de fam\u00edlies caficultoras conreen varietats tradicionals com Caturra o Catua\u00ed. En aquest context, productors compromesos amb la qualitat, com en Les Brises, treballen constantment a millorar els seus processos i experimentar amb noves t\u00e8cniques per a obtenir caf\u00e8s m\u00e9s complexos i expressius. <\/p>\n<p>El resultat \u00e9s un caf\u00e8 equilibrat i dol\u00e7, amb un perfil afruitat on destaquen notes de cacau, mel, fruits vermells i pruna, acompanyat d&#8217;una acidesa melosa i un cos crem\u00f3s que funciona molt b\u00e9 tant en espresso com en filtre.<\/p>\n<h2>Varietat<\/h2>\n<p>Bourbon Rainbow \u00e9s una selecci\u00f3 especial dins de la fam\u00edlia Bourbon que agrupa diferents expressions d&#8217;aquesta varietat, conegudes pels seus diferents colors de cirera, com Bourbon vermell, groc o rosat. Aquesta diversitat aporta perfils sensorials complexos i molt arom\u00e0tics en tassa. Els caf\u00e8s d&#8217;aquesta fam\u00edlia solen destacar per la seva dol\u00e7or natural, bona acidesa i textura equilibrada. Gr\u00e0cies a la seva riquesa gen\u00e8tica, el Bourbon Rainbow ofereix perfils vibrants i afruitats que ho converteixen en una varietat molt apreciada en el caf\u00e8 d&#8217;especialitat   <\/p>\n","protected":false},"excerpt":{"rendered":"<p>Aquest caf\u00e8 d&#8217;El Salvador prov\u00e9 de la regi\u00f3 de Apaneca-*Ilamatepec i ha estat produ\u00eft per Carlos Pola en la finca Les Brises. Un Bourbon Rainbow processament de manera natural que ofereix una tassa afruitada i envolupant, amb notes de cacau, mel, fruits vermells i pruna, una acidesa melosa i un cos crem\u00f3s. <\/p>\n","protected":false},"featured_media":27384,"comment_status":"open","ping_status":"closed","template":"","meta":{"site-sidebar-layout":"default","site-content-layout":"","ast-site-content-layout":"default","site-content-style":"default","site-sidebar-style":"default","ast-global-header-display":"","ast-banner-title-visibility":"","ast-main-header-display":"","ast-hfb-above-header-display":"","ast-hfb-below-header-display":"","ast-hfb-mobile-header-display":"","site-post-title":"","ast-breadcrumbs-content":"","ast-featured-img":"","footer-sml-layout":"","ast-disable-related-posts":"","theme-transparent-header-meta":"default","adv-header-id-meta":"","stick-header-meta":"","header-above-stick-meta":"","header-main-stick-meta":"","header-below-stick-meta":"","astra-migrate-meta-layouts":"default","ast-page-background-enabled":"default","ast-page-background-meta":{"desktop":{"background-color":"var(--ast-global-color-4)","background-image":"","background-repeat":"repeat","background-position":"center center","background-size":"auto","background-attachment":"scroll","background-type":"","background-media":"","overlay-type":"","overlay-color":"","overlay-opacity":"","overlay-gradient":""},"tablet":{"background-color":"","background-image":"","background-repeat":"repeat","background-position":"center center","background-size":"auto","background-attachment":"scroll","background-type":"","background-media":"","overlay-type":"","overlay-color":"","overlay-opacity":"","overlay-gradient":""},"mobile":{"background-color":"","background-image":"","background-repeat":"repeat","background-position":"center center","background-size":"auto","background-attachment":"scroll","background-type":"","background-media":"","overlay-type":"","overlay-color":"","overlay-opacity":"","overlay-gradient":""}},"ast-content-background-meta":{"desktop":{"background-color":"var(--ast-global-color-5)","background-image":"","background-repeat":"repeat","background-position":"center center","background-size":"auto","background-attachment":"scroll","background-type":"","background-media":"","overlay-type":"","overlay-color":"","overlay-opacity":"","overlay-gradient":""},"tablet":{"background-color":"var(--ast-global-color-5)","background-image":"","background-repeat":"repeat","background-position":"center center","background-size":"auto","background-attachment":"scroll","background-type":"","background-media":"","overlay-type":"","overlay-color":"","overlay-opacity":"","overlay-gradient":""},"mobile":{"background-color":"var(--ast-global-color-5)","background-image":"","background-repeat":"repeat","background-position":"center center","background-size":"auto","background-attachment":"scroll","background-type":"","background-media":"","overlay-type":"","overlay-color":"","overlay-opacity":"","overlay-gradient":""}}},"product_brand":[],"product_cat":[564,321],"product_tag":[600,338,340],"class_list":{"0":"post-27347","1":"product","2":"type-product","3":"status-publish","4":"has-post-thumbnail","6":"product_cat-cafe-de-especialidad-para-espresso-ca","7":"product_cat-nostres-cafes","8":"product_tag-elsalvador-rainbow","9":"product_tag-espresso-ca","10":"product_tag-filtre","11":"desktop-align-left","12":"tablet-align-left","13":"mobile-align-left","15":"first","16":"instock","17":"taxable","18":"shipping-taxable","19":"purchasable","20":"product-type-variable","21":"has-default-attributes"},"_links":{"self":[{"href":"https:\/\/sensorial.coffee\/ca\/wp-json\/wp\/v2\/product\/27347","targetHints":{"allow":["GET"]}}],"collection":[{"href":"https:\/\/sensorial.coffee\/ca\/wp-json\/wp\/v2\/product"}],"about":[{"href":"https:\/\/sensorial.coffee\/ca\/wp-json\/wp\/v2\/types\/product"}],"replies":[{"embeddable":true,"href":"https:\/\/sensorial.coffee\/ca\/wp-json\/wp\/v2\/comments?post=27347"}],"version-history":[{"count":1,"href":"https:\/\/sensorial.coffee\/ca\/wp-json\/wp\/v2\/product\/27347\/revisions"}],"predecessor-version":[{"id":27386,"href":"https:\/\/sensorial.coffee\/ca\/wp-json\/wp\/v2\/product\/27347\/revisions\/27386"}],"wp:featuredmedia":[{"embeddable":true,"href":"https:\/\/sensorial.coffee\/ca\/wp-json\/wp\/v2\/media\/27384"}],"wp:attachment":[{"href":"https:\/\/sensorial.coffee\/ca\/wp-json\/wp\/v2\/media?parent=27347"}],"wp:term":[{"taxonomy":"product_brand","embeddable":true,"href":"https:\/\/sensorial.coffee\/ca\/wp-json\/wp\/v2\/product_brand?post=27347"},{"taxonomy":"product_cat","embeddable":true,"href":"https:\/\/sensorial.coffee\/ca\/wp-json\/wp\/v2\/product_cat?post=27347"},{"taxonomy":"product_tag","embeddable":true,"href":"https:\/\/sensorial.coffee\/ca\/wp-json\/wp\/v2\/product_tag?post=27347"}],"curies":[{"name":"wp","href":"https:\/\/api.w.org\/{rel}","templated":true}]}}