{"id":27700,"date":"2026-03-23T16:06:49","date_gmt":"2026-03-23T15:06:49","guid":{"rendered":"https:\/\/sensorial.coffee\/producto\/the-ritual-mood\/"},"modified":"2026-03-23T16:06:49","modified_gmt":"2026-03-23T15:06:49","slug":"the-ritual-mood","status":"publish","type":"product","link":"https:\/\/sensorial.coffee\/ca\/producte\/the-ritual-mood\/","title":{"rendered":"The Ritual Mood"},"content":{"rendered":"<h2>El duo del pack The Ritual Mood<\/h2>\n<p data-path-to-node=\"6,0,0\"><b data-path-to-node=\"6,0,0\" data-index-in-node=\"0\">Colombia \u2013 Red Bourbon \/ 60h Fermentation Washed:<\/b> Un caf\u00e8 que desafia el convencional. Gr\u00e0cies a la seva fermentaci\u00f3 controlada de 60 hores abans de la rentada, aquest Xarxa Bourbon desenvolupa una complexitat fruitera extraordin\u00e0ria i una acidesa vibrant que recorda a les fruites tropicals, mantenint la neteja impecable caracter\u00edstica dels processos rentats. <\/p>\n<p data-path-to-node=\"6,1,0\"><b data-path-to-node=\"6,1,0\" data-index-in-node=\"0\">Etiop\u00eda \u2013 Kurume \/ Honey:<\/b> L&#8217;ess\u00e8ncia de la delicadesa. El proc\u00e9s honey d&#8217;aquest lot et\u00edop aporta una textura sedosa i una dol\u00e7or amielada que equilibra la pot\u00e8ncia del Col\u00f2mbia. Notes florals i c\u00edtriques que perfumen la teva cuina i ofereixen una tassa elegant i equilibrada.  <\/p>\n","protected":false},"excerpt":{"rendered":"<p>Eleva el teu caf\u00e8 del mat\u00ed a una experi\u00e8ncia de tast professional. El pack The Ritual Mood est\u00e0 dissenyat per als entusiastes dels m\u00e8todes de filtre (V60, Chemex, AeroPress) que busquen claredat, per\u00f2 tamb\u00e9 profunditat. Combinem la innovaci\u00f3 t\u00e8cnica d&#8217;un Col\u00f2mbia de fermentaci\u00f3 estesa amb l&#8217;eleg\u00e0ncia dol\u00e7a d&#8217;un Eti\u00f2pia Honey. Un duo de caf\u00e8s d&#8217;especialitat torrats per a ressaltar la lluentor, l&#8217;acidesa neta i les aromes complexes en cada ritual de filtrat.   <\/p>\n","protected":false},"featured_media":27683,"comment_status":"open","ping_status":"closed","template":"","meta":{"site-sidebar-layout":"default","site-content-layout":"","ast-site-content-layout":"default","site-content-style":"default","site-sidebar-style":"default","ast-global-header-display":"","ast-banner-title-visibility":"","ast-main-header-display":"","ast-hfb-above-header-display":"","ast-hfb-below-header-display":"","ast-hfb-mobile-header-display":"","site-post-title":"","ast-breadcrumbs-content":"","ast-featured-img":"","footer-sml-layout":"","ast-disable-related-posts":"","theme-transparent-header-meta":"default","adv-header-id-meta":"","stick-header-meta":"","header-above-stick-meta":"","header-main-stick-meta":"","header-below-stick-meta":"","astra-migrate-meta-layouts":"default","ast-page-background-enabled":"default","ast-page-background-meta":{"desktop":{"background-color":"var(--ast-global-color-4)","background-image":"","background-repeat":"repeat","background-position":"center center","background-size":"auto","background-attachment":"scroll","background-type":"","background-media":"","overlay-type":"","overlay-color":"","overlay-opacity":"","overlay-gradient":""},"tablet":{"background-color":"","background-image":"","background-repeat":"repeat","background-position":"center center","background-size":"auto","background-attachment":"scroll","background-type":"","background-media":"","overlay-type":"","overlay-color":"","overlay-opacity":"","overlay-gradient":""},"mobile":{"background-color":"","background-image":"","background-repeat":"repeat","background-position":"center center","background-size":"auto","background-attachment":"scroll","background-type":"","background-media":"","overlay-type":"","overlay-color":"","overlay-opacity":"","overlay-gradient":""}},"ast-content-background-meta":{"desktop":{"background-color":"var(--ast-global-color-5)","background-image":"","background-repeat":"repeat","background-position":"center center","background-size":"auto","background-attachment":"scroll","background-type":"","background-media":"","overlay-type":"","overlay-color":"","overlay-opacity":"","overlay-gradient":""},"tablet":{"background-color":"var(--ast-global-color-5)","background-image":"","background-repeat":"repeat","background-position":"center center","background-size":"auto","background-attachment":"scroll","background-type":"","background-media":"","overlay-type":"","overlay-color":"","overlay-opacity":"","overlay-gradient":""},"mobile":{"background-color":"var(--ast-global-color-5)","background-image":"","background-repeat":"repeat","background-position":"center center","background-size":"auto","background-attachment":"scroll","background-type":"","background-media":"","overlay-type":"","overlay-color":"","overlay-opacity":"","overlay-gradient":""}}},"product_brand":[],"product_cat":[321],"product_tag":[340,393],"class_list":{"0":"post-27700","1":"product","2":"type-product","3":"status-publish","4":"has-post-thumbnail","6":"product_cat-nostres-cafes","7":"product_tag-filtre","8":"product_tag-pack-filtre","9":"desktop-align-left","10":"tablet-align-left","11":"mobile-align-left","13":"first","14":"instock","15":"sale","16":"taxable","17":"shipping-taxable","18":"purchasable","19":"product-type-variable"},"_links":{"self":[{"href":"https:\/\/sensorial.coffee\/ca\/wp-json\/wp\/v2\/product\/27700","targetHints":{"allow":["GET"]}}],"collection":[{"href":"https:\/\/sensorial.coffee\/ca\/wp-json\/wp\/v2\/product"}],"about":[{"href":"https:\/\/sensorial.coffee\/ca\/wp-json\/wp\/v2\/types\/product"}],"replies":[{"embeddable":true,"href":"https:\/\/sensorial.coffee\/ca\/wp-json\/wp\/v2\/comments?post=27700"}],"version-history":[{"count":0,"href":"https:\/\/sensorial.coffee\/ca\/wp-json\/wp\/v2\/product\/27700\/revisions"}],"wp:featuredmedia":[{"embeddable":true,"href":"https:\/\/sensorial.coffee\/ca\/wp-json\/wp\/v2\/media\/27683"}],"wp:attachment":[{"href":"https:\/\/sensorial.coffee\/ca\/wp-json\/wp\/v2\/media?parent=27700"}],"wp:term":[{"taxonomy":"product_brand","embeddable":true,"href":"https:\/\/sensorial.coffee\/ca\/wp-json\/wp\/v2\/product_brand?post=27700"},{"taxonomy":"product_cat","embeddable":true,"href":"https:\/\/sensorial.coffee\/ca\/wp-json\/wp\/v2\/product_cat?post=27700"},{"taxonomy":"product_tag","embeddable":true,"href":"https:\/\/sensorial.coffee\/ca\/wp-json\/wp\/v2\/product_tag?post=27700"}],"curies":[{"name":"wp","href":"https:\/\/api.w.org\/{rel}","templated":true}]}}