{"id":27707,"date":"2026-03-24T19:56:41","date_gmt":"2026-03-24T18:56:41","guid":{"rendered":"https:\/\/sensorial.coffee\/?post_type=product&#038;p=27707"},"modified":"2026-03-24T19:56:41","modified_gmt":"2026-03-24T18:56:41","slug":"eureka-mignon-specialita-smart-blanco","status":"publish","type":"product","link":"https:\/\/sensorial.coffee\/ca\/producte\/eureka-mignon-specialita-smart-blanco\/","title":{"rendered":"Eureka Mignon Specialit\u00e0 Smart Blanco"},"content":{"rendered":"<p><strong>Tecnolog\u00eda SMART<\/strong><\/p>\n<p>Una tecnolog\u00eda de gu\u00eda avanzada dise\u00f1ada para ayudar a los usuarios a ajustar con precisi\u00f3n el tama\u00f1o de la molienda para que coincida con los par\u00e1metros \u00f3ptimos de cada receta de caf\u00e9, garantizando precisi\u00f3n, consistencia y una calidad superior en la taza.<\/p>\n","protected":false},"excerpt":{"rendered":"<p>\u00a1Muela de forma m\u00e1s inteligente con Mignon Specialit\u00e0 SMART!<\/p>\n<p>El Eureka Mignon est\u00e1 equipado con dos nuevas tecnolog\u00edas con patente en tr\u00e1mite:<\/p>\n<p>1. Tecnolog\u00eda SMART: una tecnolog\u00eda de gu\u00eda avanzada dise\u00f1ada para ayudar a los usuarios a ajustar con precisi\u00f3n el tama\u00f1o de la molienda seg\u00fan los par\u00e1metros \u00f3ptimos de cada receta, garantizando precisi\u00f3n, consistencia y una taza de calidad superior.<\/p>\n<p>2. Sistema de detecci\u00f3n de distancia entre las muelas: con pantalla digital en tiempo real, que permite visualizar con precisi\u00f3n la separaci\u00f3n entre las muelas. Esta funci\u00f3n permite a los usuarios identificar con precisi\u00f3n el punto cero real y ajustar con precisi\u00f3n la configuraci\u00f3n de molienda y la receta de preparaci\u00f3n \u00f3ptimas, garantizando una repetibilidad y un control inigualables.<\/p>\n<p>&nbsp;<\/p>\n<p>Los otros molinillos de caf\u00e9 te dejan adivinar&#8230; \u00a1pero ya no!<\/p>\n<p><strong>Sistema de Detecci\u00f3n de Distancia de Muelas<\/strong> con pantalla digital en tiempo real que permite una visualizaci\u00f3n precisa de la separaci\u00f3n entre las muelas. Esta funci\u00f3n permite a los usuarios identificar con precisi\u00f3n el punto cero real y ajustar la configuraci\u00f3n \u00f3ptima de molienda y la receta de caf\u00e9, garantizando una repetibilidad y un control inigualables.<\/p>\n<p><strong>Especificaciones t\u00e9cnicas<\/strong><\/p>\n<p><strong>FRESAS<\/strong><\/p>\n<ul>\n<li>Tipo plano<\/li>\n<li>Di\u00e1metro 55 mm<\/li>\n<li>Material: acero templado<\/li>\n<li>SISTEMA DE DISPENSACI\u00d3N<\/li>\n<li>Pantalla t\u00e1ctil: S\u00ed<\/li>\n<li>Contador de dosis: S\u00ed<\/li>\n<\/ul>\n<p><strong>MOTOR<\/strong><\/p>\n<ul>\n<li>Tracci\u00f3n: Directa<\/li>\n<li>Rpm: 1350<\/li>\n<li>Potencia absorbida: 310<\/li>\n<li>Alimentaci\u00f3n: Monof\u00e1sica<\/li>\n<\/ul>\n<p><strong>VARIOS<\/strong><\/p>\n<ul>\n<li>Tipolog\u00eda: 2 dosis + continua<\/li>\n<li>Ajuste microm\u00e9trico continuo: S\u00ed<\/li>\n<li>Capacidad del dep\u00f3sito de granos: 300 g<\/li>\n<li>Productividad (g\/s): 1,8 &#8211; 2,5 Espresso<\/li>\n<li>2,5 &#8211; 3,5 Infusi\u00f3n<\/li>\n<\/ul>\n<p><strong>DIMENSIONES<\/strong><\/p>\n<ul>\n<li>Altura: 348 mm<\/li>\n<li>Ancho: 120 mm<\/li>\n<li>Profundidad: 191 mm<\/li>\n<li>Peso: 6,5 kg<\/li>\n<\/ul>\n<p>https:\/\/youtu.be\/zJ9oEJ4LAoU<\/p>\n","protected":false},"featured_media":27708,"comment_status":"open","ping_status":"closed","template":"","meta":{"site-sidebar-layout":"default","site-content-layout":"","ast-site-content-layout":"default","site-content-style":"default","site-sidebar-style":"default","ast-global-header-display":"","ast-banner-title-visibility":"","ast-main-header-display":"","ast-hfb-above-header-display":"","ast-hfb-below-header-display":"","ast-hfb-mobile-header-display":"","site-post-title":"","ast-breadcrumbs-content":"","ast-featured-img":"","footer-sml-layout":"","ast-disable-related-posts":"","theme-transparent-header-meta":"default","adv-header-id-meta":"","stick-header-meta":"","header-above-stick-meta":"","header-main-stick-meta":"","header-below-stick-meta":"","astra-migrate-meta-layouts":"set","ast-page-background-enabled":"default","ast-page-background-meta":{"desktop":{"background-color":"var(--ast-global-color-4)","background-image":"","background-repeat":"repeat","background-position":"center center","background-size":"auto","background-attachment":"scroll","background-type":"","background-media":"","overlay-type":"","overlay-color":"","overlay-opacity":"","overlay-gradient":""},"tablet":{"background-color":"","background-image":"","background-repeat":"repeat","background-position":"center center","background-size":"auto","background-attachment":"scroll","background-type":"","background-media":"","overlay-type":"","overlay-color":"","overlay-opacity":"","overlay-gradient":""},"mobile":{"background-color":"","background-image":"","background-repeat":"repeat","background-position":"center center","background-size":"auto","background-attachment":"scroll","background-type":"","background-media":"","overlay-type":"","overlay-color":"","overlay-opacity":"","overlay-gradient":""}},"ast-content-background-meta":{"desktop":{"background-color":"var(--ast-global-color-5)","background-image":"","background-repeat":"repeat","background-position":"center center","background-size":"auto","background-attachment":"scroll","background-type":"","background-media":"","overlay-type":"","overlay-color":"","overlay-opacity":"","overlay-gradient":""},"tablet":{"background-color":"var(--ast-global-color-5)","background-image":"","background-repeat":"repeat","background-position":"center center","background-size":"auto","background-attachment":"scroll","background-type":"","background-media":"","overlay-type":"","overlay-color":"","overlay-opacity":"","overlay-gradient":""},"mobile":{"background-color":"var(--ast-global-color-5)","background-image":"","background-repeat":"repeat","background-position":"center center","background-size":"auto","background-attachment":"scroll","background-type":"","background-media":"","overlay-type":"","overlay-color":"","overlay-opacity":"","overlay-gradient":""}}},"product_brand":[],"product_cat":[100,102],"product_tag":[105],"class_list":{"0":"post-27707","1":"product","2":"type-product","3":"status-publish","4":"has-post-thumbnail","6":"product_cat-equipamiento","7":"product_cat-molinillos-de-cafe","8":"product_tag-equipamiento","9":"desktop-align-left","10":"tablet-align-left","11":"mobile-align-left","13":"first","14":"instock","15":"taxable","16":"shipping-taxable","17":"purchasable","18":"product-type-simple"},"_links":{"self":[{"href":"https:\/\/sensorial.coffee\/ca\/wp-json\/wp\/v2\/product\/27707","targetHints":{"allow":["GET"]}}],"collection":[{"href":"https:\/\/sensorial.coffee\/ca\/wp-json\/wp\/v2\/product"}],"about":[{"href":"https:\/\/sensorial.coffee\/ca\/wp-json\/wp\/v2\/types\/product"}],"replies":[{"embeddable":true,"href":"https:\/\/sensorial.coffee\/ca\/wp-json\/wp\/v2\/comments?post=27707"}],"version-history":[{"count":3,"href":"https:\/\/sensorial.coffee\/ca\/wp-json\/wp\/v2\/product\/27707\/revisions"}],"predecessor-version":[{"id":27864,"href":"https:\/\/sensorial.coffee\/ca\/wp-json\/wp\/v2\/product\/27707\/revisions\/27864"}],"wp:featuredmedia":[{"embeddable":true,"href":"https:\/\/sensorial.coffee\/ca\/wp-json\/wp\/v2\/media\/27708"}],"wp:attachment":[{"href":"https:\/\/sensorial.coffee\/ca\/wp-json\/wp\/v2\/media?parent=27707"}],"wp:term":[{"taxonomy":"product_brand","embeddable":true,"href":"https:\/\/sensorial.coffee\/ca\/wp-json\/wp\/v2\/product_brand?post=27707"},{"taxonomy":"product_cat","embeddable":true,"href":"https:\/\/sensorial.coffee\/ca\/wp-json\/wp\/v2\/product_cat?post=27707"},{"taxonomy":"product_tag","embeddable":true,"href":"https:\/\/sensorial.coffee\/ca\/wp-json\/wp\/v2\/product_tag?post=27707"}],"curies":[{"name":"wp","href":"https:\/\/api.w.org\/{rel}","templated":true}]}}