{"id":28339,"date":"2026-05-02T19:57:15","date_gmt":"2026-05-02T18:57:15","guid":{"rendered":"https:\/\/sensorial.coffee\/?post_type=product&#038;p=28339"},"modified":"2026-05-02T20:01:15","modified_gmt":"2026-05-02T19:01:15","slug":"profitec-twist-a54-matt-black","status":"publish","type":"product","link":"https:\/\/sensorial.coffee\/ca\/producte\/profitec-twist-a54-matt-black\/","title":{"rendered":"Profitec Twist A54 Matt Black"},"content":{"rendered":"<p>Este molinillo ofrece opciones de programaci\u00f3n vers\u00e1tiles, incluidas tres cantidades de porciones preestablecidas: dosis \u00fanica, dosis doble y dosis \u00fanica. Adem\u00e1s, el TWIST A54 tambi\u00e9n ofrece tres modos de funcionamiento diferentes: Modo Selecci\u00f3n, Modo Barista, Modo Monodosis. La personalizaci\u00f3n est\u00e1 a tu alcance. Con muelas de acero de 54 mm para obtener resultados consistentes, el grado de pulido del TWIST A54 se puede ajustar f\u00e1cilmente.<\/p>\n<p>Experimente el equilibrio perfecto entre rendimiento y est\u00e9tica con el panel frontal de la marca TWIST A54 que crea un contraste con la elegante carcasa negra mate.<\/p>\n","protected":false},"excerpt":{"rendered":"<p>DATOS T\u00c9CNICOS<\/p>\n<ul>\n<li>Tres porciones programables: Monodosis \/ Doble Shot \/ Monodosis<\/li>\n<li>Tres modos de funcionamiento: Modo Seleccionar \/ Modo Barista \/ Modo Dosis \u00fanica<\/li>\n<li>Soporte portafiltro regulable en altura<\/li>\n<li>Ajuste continuo de la rutina<\/li>\n<li>Fresas de acero, \u00f8 54 mm<\/li>\n<li>Mecanismo de molienda de aluminio.<\/li>\n<li>Tama\u00f1o compacto<\/li>\n<li>Carcasa negra mate<\/li>\n<li>Capacidad tolva de grano: 250 g<\/li>\n<li>Bandeja recogedora de posos<\/li>\n<li>T-Encendido: 10 seg. Apagado: 80 seg.<\/li>\n<li>Potencia del motor: 235W<\/li>\n<li>Medidas (ancho x fondo x alto): 130 x 170 x 357 mm<\/li>\n<li>Peso: 5,26 kilos<\/li>\n<\/ul>\n","protected":false},"featured_media":28340,"comment_status":"open","ping_status":"closed","template":"","meta":{"site-sidebar-layout":"default","site-content-layout":"","ast-site-content-layout":"default","site-content-style":"default","site-sidebar-style":"default","ast-global-header-display":"","ast-banner-title-visibility":"","ast-main-header-display":"","ast-hfb-above-header-display":"","ast-hfb-below-header-display":"","ast-hfb-mobile-header-display":"","site-post-title":"","ast-breadcrumbs-content":"","ast-featured-img":"","footer-sml-layout":"","ast-disable-related-posts":"","theme-transparent-header-meta":"default","adv-header-id-meta":"","stick-header-meta":"","header-above-stick-meta":"","header-main-stick-meta":"","header-below-stick-meta":"","astra-migrate-meta-layouts":"set","ast-page-background-enabled":"default","ast-page-background-meta":{"desktop":{"background-color":"var(--ast-global-color-4)","background-image":"","background-repeat":"repeat","background-position":"center center","background-size":"auto","background-attachment":"scroll","background-type":"","background-media":"","overlay-type":"","overlay-color":"","overlay-opacity":"","overlay-gradient":""},"tablet":{"background-color":"","background-image":"","background-repeat":"repeat","background-position":"center center","background-size":"auto","background-attachment":"scroll","background-type":"","background-media":"","overlay-type":"","overlay-color":"","overlay-opacity":"","overlay-gradient":""},"mobile":{"background-color":"","background-image":"","background-repeat":"repeat","background-position":"center center","background-size":"auto","background-attachment":"scroll","background-type":"","background-media":"","overlay-type":"","overlay-color":"","overlay-opacity":"","overlay-gradient":""}},"ast-content-background-meta":{"desktop":{"background-color":"var(--ast-global-color-5)","background-image":"","background-repeat":"repeat","background-position":"center center","background-size":"auto","background-attachment":"scroll","background-type":"","background-media":"","overlay-type":"","overlay-color":"","overlay-opacity":"","overlay-gradient":""},"tablet":{"background-color":"var(--ast-global-color-5)","background-image":"","background-repeat":"repeat","background-position":"center center","background-size":"auto","background-attachment":"scroll","background-type":"","background-media":"","overlay-type":"","overlay-color":"","overlay-opacity":"","overlay-gradient":""},"mobile":{"background-color":"var(--ast-global-color-5)","background-image":"","background-repeat":"repeat","background-position":"center center","background-size":"auto","background-attachment":"scroll","background-type":"","background-media":"","overlay-type":"","overlay-color":"","overlay-opacity":"","overlay-gradient":""}}},"product_brand":[],"product_cat":[100,102],"product_tag":[105,48],"class_list":{"0":"post-28339","1":"product","2":"type-product","3":"status-publish","4":"has-post-thumbnail","6":"product_cat-equipamiento","7":"product_cat-molinillos-de-cafe","8":"product_tag-equipamiento","9":"product_tag-molinillo","10":"desktop-align-left","11":"tablet-align-left","12":"mobile-align-left","14":"first","15":"instock","16":"taxable","17":"shipping-taxable","18":"purchasable","19":"product-type-simple"},"_links":{"self":[{"href":"https:\/\/sensorial.coffee\/ca\/wp-json\/wp\/v2\/product\/28339","targetHints":{"allow":["GET"]}}],"collection":[{"href":"https:\/\/sensorial.coffee\/ca\/wp-json\/wp\/v2\/product"}],"about":[{"href":"https:\/\/sensorial.coffee\/ca\/wp-json\/wp\/v2\/types\/product"}],"replies":[{"embeddable":true,"href":"https:\/\/sensorial.coffee\/ca\/wp-json\/wp\/v2\/comments?post=28339"}],"version-history":[{"count":1,"href":"https:\/\/sensorial.coffee\/ca\/wp-json\/wp\/v2\/product\/28339\/revisions"}],"predecessor-version":[{"id":28358,"href":"https:\/\/sensorial.coffee\/ca\/wp-json\/wp\/v2\/product\/28339\/revisions\/28358"}],"wp:featuredmedia":[{"embeddable":true,"href":"https:\/\/sensorial.coffee\/ca\/wp-json\/wp\/v2\/media\/28340"}],"wp:attachment":[{"href":"https:\/\/sensorial.coffee\/ca\/wp-json\/wp\/v2\/media?parent=28339"}],"wp:term":[{"taxonomy":"product_brand","embeddable":true,"href":"https:\/\/sensorial.coffee\/ca\/wp-json\/wp\/v2\/product_brand?post=28339"},{"taxonomy":"product_cat","embeddable":true,"href":"https:\/\/sensorial.coffee\/ca\/wp-json\/wp\/v2\/product_cat?post=28339"},{"taxonomy":"product_tag","embeddable":true,"href":"https:\/\/sensorial.coffee\/ca\/wp-json\/wp\/v2\/product_tag?post=28339"}],"curies":[{"name":"wp","href":"https:\/\/api.w.org\/{rel}","templated":true}]}}