{"id":28840,"date":"2026-05-09T19:29:59","date_gmt":"2026-05-09T18:29:59","guid":{"rendered":"https:\/\/sensorial.coffee\/?post_type=product&#038;p=28840"},"modified":"2026-05-09T19:36:43","modified_gmt":"2026-05-09T18:36:43","slug":"eureka-atom-w-65-matt-black-copia","status":"publish","type":"product","link":"https:\/\/sensorial.coffee\/ca\/producte\/eureka-atom-w-65-matt-black-copia\/","title":{"rendered":"Eureka Atom W 65 Matt Black"},"content":{"rendered":"<div class=\"descrizione\">\n<p>\u00a1Moler por peso en pocos pasos\u00a0<strong>obteniendo la m\u00e1xima precisi\u00f3n sin esfuerzo!<\/strong><\/p>\n<p>\u00bfC\u00f3mo? Gracias a la revolucionaria tecnolog\u00eda \u201cInstant grind weighing technology\u201d (patentada) que le permite moler por peso, en lugar de por tiempo, haciendo su rutina de caf\u00e9 m\u00e1s f\u00e1cil, r\u00e1pida y .. \u00a1Sin desperdiciar caf\u00e9!<\/p>\n<\/div>\n<div>\n<div class=\"divPlus\">\n<p class=\"imgPlus\"><a href=\"https:\/\/www.eureka.co.it\/es\/plus\/id\/93.aspx\" target=\"_blank\" rel=\"noopener\"><img decoding=\"async\" title=\"Tecnologia Silent\" src=\"https:\/\/www.eureka.co.it\/images\/icons\/40x40\/Silent-technology.png\" alt=\"Tecnologia Silent\" \/> <\/a><a href=\"https:\/\/www.eureka.co.it\/es\/plus\/id\/93.aspx\" target=\"_blank\" rel=\"noopener\">Tecnologia Silent<\/a> Molienda silenciosa en cualquier lugar, sea en una cafeter\u00eda o en casa<\/p>\n<\/div>\n<div class=\"divPlus\">\n<p class=\"imgPlus\"><a href=\"https:\/\/www.eureka.co.it\/es\/plus\/id\/95.aspx\" target=\"_blank\" rel=\"noopener\"><img decoding=\"async\" title=\"Molienda &quot;High-Speed&quot;\" src=\"https:\/\/www.eureka.co.it\/images\/icons\/40x40\/High-speed.png\" alt=\"Molienda &quot;High-Speed&quot;\" \/> <\/a><a href=\"https:\/\/www.eureka.co.it\/es\/plus\/id\/95.aspx\" target=\"_blank\" rel=\"noopener\">Molienda &#8220;High-Speed&#8221;<\/a> El s\u00edmbolo &#8220;High Speed&#8221; indica que los molinos de caf\u00e9 pueden alcanzar una velocidad de molienda muy alta.<\/p>\n<\/div>\n<div class=\"divPlus\">\n<p class=\"imgPlus\"><a href=\"https:\/\/www.eureka.co.it\/es\/plus\/id\/96.aspx\" target=\"_blank\" rel=\"noopener\"><img decoding=\"async\" title=\"Regulaci\u00f3n microm\u00e9trica\" src=\"https:\/\/www.eureka.co.it\/images\/icons\/40x40\/Stepless-micrometric-regulation.png\" alt=\"Regulaci\u00f3n microm\u00e9trica\" \/> <\/a><a href=\"https:\/\/www.eureka.co.it\/es\/plus\/id\/96.aspx\" target=\"_blank\" rel=\"noopener\">Regulaci\u00f3n microm\u00e9trica<\/a> Sistema patentado, garantiza una precisi\u00f3n absoluta ahorrando tiempo y caf\u00e9.<\/p>\n<\/div>\n<div class=\"divPlus\">\n<p class=\"imgPlus\"><a href=\"https:\/\/www.eureka.co.it\/es\/plus\/id\/100.aspx\" target=\"_blank\" rel=\"noopener\"><img decoding=\"async\" title=\"Mantenimiento &quot;High-Speed&quot;\" src=\"https:\/\/www.eureka.co.it\/images\/icons\/40x40\/High-speed-maintenance.png\" alt=\"Mantenimiento &quot;High-Speed&quot;\" \/> <\/a><a href=\"https:\/\/www.eureka.co.it\/es\/plus\/id\/100.aspx\" target=\"_blank\" rel=\"noopener\">Mantenimiento &#8220;High-Speed&#8221;<\/a> Mantenimiento r\u00e1pido y sencillo<\/p>\n<\/div>\n<div class=\"divPlus\">\n<p class=\"imgPlus\"><a href=\"https:\/\/www.eureka.co.it\/es\/plus\/id\/97.aspx\" target=\"_blank\" rel=\"noopener\"><img decoding=\"async\" title=\"Sistema ACE\" src=\"https:\/\/www.eureka.co.it\/images\/icons\/40x40\/Ace-system.png\" alt=\"Sistema ACE\" \/> <\/a><a href=\"https:\/\/www.eureka.co.it\/es\/plus\/id\/97.aspx\" target=\"_blank\" rel=\"noopener\">Sistema ACE<\/a> Anti-grumos y carga electrost\u00e1tica.<\/p>\n<\/div>\n<div class=\"divPlus\">\n<p class=\"imgPlus\"><a href=\"https:\/\/www.eureka.co.it\/es\/plus\/id\/101.aspx\" target=\"_blank\" rel=\"noopener\"><img decoding=\"async\" title=\"Horquilla ajustable &quot;manos libres&quot; regulable\" src=\"https:\/\/www.eureka.co.it\/images\/icons\/40x40\/Hands-free-system.png\" alt=\"Horquilla ajustable &quot;manos libres&quot; regulable\" \/> <\/a><a href=\"https:\/\/www.eureka.co.it\/es\/plus\/id\/101.aspx\" target=\"_blank\" rel=\"noopener\">Horquilla ajustable &#8220;manos libres&#8221; regulable<\/a> \u00datil, robusta y f\u00e1cil de regular.<\/p>\n<\/div>\n<div class=\"divPlus\">\n<p class=\"imgPlus\"><a href=\"https:\/\/www.eureka.co.it\/es\/plus\/id\/201.aspx\" target=\"_blank\" rel=\"noopener\"><img decoding=\"async\" title=\"Tecnolog\u00eda de Pesaje de Molienda Instant\u00e1nea (Grind-by-weight technology)\" src=\"https:\/\/www.eureka.co.it\/images\/icons\/40x40\/IGW-technology.png\" alt=\"Tecnolog\u00eda de Pesaje de Molienda Instant\u00e1nea (Grind-by-weight technology)\" \/> <\/a><a href=\"https:\/\/www.eureka.co.it\/es\/plus\/id\/201.aspx\" target=\"_blank\" rel=\"noopener\">Tecnolog\u00eda de Pesaje de Molienda Instant\u00e1nea (Grind-by-weight technology)<\/a> Muele por peso, en pocos y simples pasos.<\/p>\n<\/div>\n<\/div>\n","protected":false},"excerpt":{"rendered":"<div class=\"intesta\">Especificaciones T\u00e9cnicas<\/div>\n<div class=\"schedaTecnica\">\n<div class=\"column\">\n<div class=\"item\">\n<div class=\"head\">FRESAS<\/div>\n<div class=\"values\">Tipo Planas<\/div>\n<div class=\"values\">Di\u00e1metro 65 mm<\/div>\n<div class=\"values\">Material Acero templado<\/div>\n<\/div>\n<div class=\"item\">\n<div class=\"head\">SISTEMA DE MOLIENDA<\/div>\n<div class=\"values\">Display Si (T\u00e1ctil)<\/div>\n<div class=\"values\">Contadosis Si<\/div>\n<div class=\"values\">Iluminaci\u00f3n portafiltro Si<\/div>\n<\/div>\n<div class=\"item\">\n<div class=\"head\">MOTOR<\/div>\n<div class=\"values\">Tracci\u00f3n Directa<\/div>\n<div class=\"values\">RpM 1370<\/div>\n<div class=\"values\">Potencia 280 watt<\/div>\n<div class=\"values\">Alimentaci\u00f3n Monof\u00e1sico<\/div>\n<\/div>\n<\/div>\n<div class=\"column\">\n<div class=\"item\">\n<div class=\"head\">OTROS<\/div>\n<div class=\"values\">Tipolog\u00eda Electr\u00f3nico<\/div>\n<div class=\"values\">Regulaci\u00f3n microm\u00e9trica y sin etapas Si<\/div>\n<div class=\"values\">Capacidad tolva 1,2 kg<\/div>\n<div class=\"values\">Productividad (g\/s) 2.3 &#8211; 3,8<\/div>\n<\/div>\n<div class=\"item\">\n<div class=\"head\">DIMENSIONES<\/div>\n<div class=\"values\">Altura 544 mm<\/div>\n<div class=\"values\">Anchura 278 mm<\/div>\n<div class=\"values\">Profundidad 204 mm<\/div>\n<div class=\"values\">Peso 11,5 Kg<\/div>\n<\/div>\n<\/div>\n<\/div>\n","protected":false},"featured_media":28830,"comment_status":"open","ping_status":"closed","template":"","meta":{"site-sidebar-layout":"default","site-content-layout":"","ast-site-content-layout":"default","site-content-style":"default","site-sidebar-style":"default","ast-global-header-display":"","ast-banner-title-visibility":"","ast-main-header-display":"","ast-hfb-above-header-display":"","ast-hfb-below-header-display":"","ast-hfb-mobile-header-display":"","site-post-title":"","ast-breadcrumbs-content":"","ast-featured-img":"","footer-sml-layout":"","ast-disable-related-posts":"","theme-transparent-header-meta":"default","adv-header-id-meta":"","stick-header-meta":"","header-above-stick-meta":"","header-main-stick-meta":"","header-below-stick-meta":"","astra-migrate-meta-layouts":"set","ast-page-background-enabled":"default","ast-page-background-meta":{"desktop":{"background-color":"var(--ast-global-color-4)","background-image":"","background-repeat":"repeat","background-position":"center center","background-size":"auto","background-attachment":"scroll","background-type":"","background-media":"","overlay-type":"","overlay-color":"","overlay-opacity":"","overlay-gradient":""},"tablet":{"background-color":"","background-image":"","background-repeat":"repeat","background-position":"center center","background-size":"auto","background-attachment":"scroll","background-type":"","background-media":"","overlay-type":"","overlay-color":"","overlay-opacity":"","overlay-gradient":""},"mobile":{"background-color":"","background-image":"","background-repeat":"repeat","background-position":"center center","background-size":"auto","background-attachment":"scroll","background-type":"","background-media":"","overlay-type":"","overlay-color":"","overlay-opacity":"","overlay-gradient":""}},"ast-content-background-meta":{"desktop":{"background-color":"var(--ast-global-color-5)","background-image":"","background-repeat":"repeat","background-position":"center center","background-size":"auto","background-attachment":"scroll","background-type":"","background-media":"","overlay-type":"","overlay-color":"","overlay-opacity":"","overlay-gradient":""},"tablet":{"background-color":"var(--ast-global-color-5)","background-image":"","background-repeat":"repeat","background-position":"center center","background-size":"auto","background-attachment":"scroll","background-type":"","background-media":"","overlay-type":"","overlay-color":"","overlay-opacity":"","overlay-gradient":""},"mobile":{"background-color":"var(--ast-global-color-5)","background-image":"","background-repeat":"repeat","background-position":"center center","background-size":"auto","background-attachment":"scroll","background-type":"","background-media":"","overlay-type":"","overlay-color":"","overlay-opacity":"","overlay-gradient":""}}},"product_brand":[605],"product_cat":[102],"product_tag":[586,105,48],"class_list":{"0":"post-28840","1":"product","2":"type-product","3":"status-publish","4":"has-post-thumbnail","6":"product_brand-eureka","7":"product_cat-molinillos-de-cafe","8":"product_tag-accesorios","9":"product_tag-equipamiento","10":"product_tag-molinillo","11":"desktop-align-left","12":"tablet-align-left","13":"mobile-align-left","15":"first","16":"instock","17":"taxable","18":"shipping-taxable","19":"purchasable","20":"product-type-simple"},"_links":{"self":[{"href":"https:\/\/sensorial.coffee\/ca\/wp-json\/wp\/v2\/product\/28840","targetHints":{"allow":["GET"]}}],"collection":[{"href":"https:\/\/sensorial.coffee\/ca\/wp-json\/wp\/v2\/product"}],"about":[{"href":"https:\/\/sensorial.coffee\/ca\/wp-json\/wp\/v2\/types\/product"}],"replies":[{"embeddable":true,"href":"https:\/\/sensorial.coffee\/ca\/wp-json\/wp\/v2\/comments?post=28840"}],"version-history":[{"count":2,"href":"https:\/\/sensorial.coffee\/ca\/wp-json\/wp\/v2\/product\/28840\/revisions"}],"predecessor-version":[{"id":28844,"href":"https:\/\/sensorial.coffee\/ca\/wp-json\/wp\/v2\/product\/28840\/revisions\/28844"}],"wp:featuredmedia":[{"embeddable":true,"href":"https:\/\/sensorial.coffee\/ca\/wp-json\/wp\/v2\/media\/28830"}],"wp:attachment":[{"href":"https:\/\/sensorial.coffee\/ca\/wp-json\/wp\/v2\/media?parent=28840"}],"wp:term":[{"taxonomy":"product_brand","embeddable":true,"href":"https:\/\/sensorial.coffee\/ca\/wp-json\/wp\/v2\/product_brand?post=28840"},{"taxonomy":"product_cat","embeddable":true,"href":"https:\/\/sensorial.coffee\/ca\/wp-json\/wp\/v2\/product_cat?post=28840"},{"taxonomy":"product_tag","embeddable":true,"href":"https:\/\/sensorial.coffee\/ca\/wp-json\/wp\/v2\/product_tag?post=28840"}],"curies":[{"name":"wp","href":"https:\/\/api.w.org\/{rel}","templated":true}]}}