{"id":28849,"date":"2026-05-09T20:00:06","date_gmt":"2026-05-09T19:00:06","guid":{"rendered":"https:\/\/sensorial.coffee\/?post_type=product&#038;p=28849"},"modified":"2026-05-09T20:02:42","modified_gmt":"2026-05-09T19:02:42","slug":"eureka-mignon-specialita-smart-blanc-copia","status":"publish","type":"product","link":"https:\/\/sensorial.coffee\/ca\/producte\/eureka-mignon-specialita-smart-blanc-copia\/","title":{"rendered":"Eureka Mignon Specialit\u00e0 Smart Blanc (copia)"},"content":{"rendered":"<p><strong>Tecnologia SMART<\/strong><\/p>\n<p>Una tecnologia de guia avan\u00e7ada dissenyada per a ajudar els usuaris a ajustar amb precisi\u00f3 la grand\u00e0ria de la molta perqu\u00e8 coincideixi amb els par\u00e0metres \u00f2ptims de cada recepta de caf\u00e8, garantint precisi\u00f3, consist\u00e8ncia i una qualitat superior en la tassa.<\/p>\n","protected":false},"excerpt":{"rendered":"<p>Queixal de forma m\u00e9s intel\u00b7ligent amb Mignon Specialit\u00e0 SMART!<\/p>\n<p>El Eureka Mignon est\u00e0 equipat amb dues noves tecnologies amb patent en tr\u00e0mit:<\/p>\n<p>1. Tecnologia SMART: una tecnologia de guia avan\u00e7ada dissenyada per a ajudar els usuaris a ajustar amb precisi\u00f3 la grand\u00e0ria de la molta segons els par\u00e0metres \u00f2ptims de cada recepta, garantint precisi\u00f3, consist\u00e8ncia i una tassa de qualitat superior.<\/p>\n<p>2. Sistema de detecci\u00f3 de dist\u00e0ncia entre els queixals: amb pantalla digital en temps real, que permet visualitzar amb precisi\u00f3 la separaci\u00f3 entre els queixals. Aquesta funci\u00f3 permet als usuaris identificar amb precisi\u00f3 el punt zero real i ajustar amb precisi\u00f3 la configuraci\u00f3 de molta i la recepta de preparaci\u00f3 \u00f2ptimes, garantint una repetibilidad i un control inigualables. <\/p>\n<p>&nbsp;<\/p>\n<p>Els altres molinets de caf\u00e8 et deixen endevinar&#8230; per\u00f2 ja no!<\/p>\n<p><strong>Sistema de Detecci\u00f3 de Dist\u00e0ncia de Queixals<\/strong> amb pantalla digital en temps real que permet una visualitzaci\u00f3 precisa de la separaci\u00f3 entre els queixals. Aquesta funci\u00f3 permet als usuaris identificar amb precisi\u00f3 el punt zero real i ajustar la configuraci\u00f3 \u00f2ptima de molta i la recepta de caf\u00e8, garantint una repetitivitat i un control inigualables. <\/p>\n<p><strong>Especificacions t\u00e8cniques<\/strong><\/p>\n<p><strong>FRESAS<\/strong><\/p>\n<ul>\n<li>Tipus pla<\/li>\n<li>Di\u00e0metre 55 mm<\/li>\n<li>Material: acer temperat<\/li>\n<li>SISTEMA DE DISPENSACI\u00d3<\/li>\n<li>Pantalla t\u00e0ctil: S\u00ed<\/li>\n<li>Comptador de dosi: S\u00ed<\/li>\n<\/ul>\n<p><strong>MOTOR<\/strong><\/p>\n<ul>\n<li>Tracci\u00f3: Directa<\/li>\n<li>Rpm: 1350<\/li>\n<li>Pot\u00e8ncia absorvida: 310<\/li>\n<li>Alimentaci\u00f3: Monof\u00e0sica<\/li>\n<\/ul>\n<p><strong>VARIS<\/strong><\/p>\n<ul>\n<li>Tipologia: 2 dosis + continua<\/li>\n<li>Ajust microm\u00e8tric continu: S\u00ed<\/li>\n<li>Capacitat del dip\u00f2sit de grans: 300 g<\/li>\n<li>Productivitat (g\/s): 1,8 &#8211; 2,5 Espresso<\/li>\n<li>2,5 &#8211; 3,5 Infusi\u00f3<\/li>\n<\/ul>\n<p><strong>DIMENSIONS<\/strong><\/p>\n<ul>\n<li>Altura: 348 mm<\/li>\n<li>Ample: 120 mm<\/li>\n<li>Profunditat: 191 mm<\/li>\n<li>Pes: 6,5 kg<\/li>\n<\/ul>\n<p>https:\/\/youtu.be\/zJ9oEJ4LAoU<\/p>\n","protected":false},"featured_media":28855,"comment_status":"open","ping_status":"closed","template":"","meta":{"site-sidebar-layout":"default","site-content-layout":"","ast-site-content-layout":"default","site-content-style":"default","site-sidebar-style":"default","ast-global-header-display":"","ast-banner-title-visibility":"","ast-main-header-display":"","ast-hfb-above-header-display":"","ast-hfb-below-header-display":"","ast-hfb-mobile-header-display":"","site-post-title":"","ast-breadcrumbs-content":"","ast-featured-img":"","footer-sml-layout":"","ast-disable-related-posts":"","theme-transparent-header-meta":"default","adv-header-id-meta":"","stick-header-meta":"","header-above-stick-meta":"","header-main-stick-meta":"","header-below-stick-meta":"","astra-migrate-meta-layouts":"set","ast-page-background-enabled":"default","ast-page-background-meta":{"desktop":{"background-color":"var(--ast-global-color-4)","background-image":"","background-repeat":"repeat","background-position":"center center","background-size":"auto","background-attachment":"scroll","background-type":"","background-media":"","overlay-type":"","overlay-color":"","overlay-opacity":"","overlay-gradient":""},"tablet":{"background-color":"","background-image":"","background-repeat":"repeat","background-position":"center center","background-size":"auto","background-attachment":"scroll","background-type":"","background-media":"","overlay-type":"","overlay-color":"","overlay-opacity":"","overlay-gradient":""},"mobile":{"background-color":"","background-image":"","background-repeat":"repeat","background-position":"center center","background-size":"auto","background-attachment":"scroll","background-type":"","background-media":"","overlay-type":"","overlay-color":"","overlay-opacity":"","overlay-gradient":""}},"ast-content-background-meta":{"desktop":{"background-color":"var(--ast-global-color-5)","background-image":"","background-repeat":"repeat","background-position":"center center","background-size":"auto","background-attachment":"scroll","background-type":"","background-media":"","overlay-type":"","overlay-color":"","overlay-opacity":"","overlay-gradient":""},"tablet":{"background-color":"var(--ast-global-color-5)","background-image":"","background-repeat":"repeat","background-position":"center center","background-size":"auto","background-attachment":"scroll","background-type":"","background-media":"","overlay-type":"","overlay-color":"","overlay-opacity":"","overlay-gradient":""},"mobile":{"background-color":"var(--ast-global-color-5)","background-image":"","background-repeat":"repeat","background-position":"center center","background-size":"auto","background-attachment":"scroll","background-type":"","background-media":"","overlay-type":"","overlay-color":"","overlay-opacity":"","overlay-gradient":""}}},"product_brand":[],"product_cat":[316,320],"product_tag":[337],"class_list":{"0":"post-28849","1":"product","2":"type-product","3":"status-publish","4":"has-post-thumbnail","6":"product_cat-equipament","7":"product_cat-molinets","8":"product_tag-equipamiento-ca","9":"desktop-align-left","10":"tablet-align-left","11":"mobile-align-left","13":"first","14":"instock","15":"taxable","16":"shipping-taxable","17":"purchasable","18":"product-type-simple"},"_links":{"self":[{"href":"https:\/\/sensorial.coffee\/ca\/wp-json\/wp\/v2\/product\/28849","targetHints":{"allow":["GET"]}}],"collection":[{"href":"https:\/\/sensorial.coffee\/ca\/wp-json\/wp\/v2\/product"}],"about":[{"href":"https:\/\/sensorial.coffee\/ca\/wp-json\/wp\/v2\/types\/product"}],"replies":[{"embeddable":true,"href":"https:\/\/sensorial.coffee\/ca\/wp-json\/wp\/v2\/comments?post=28849"}],"version-history":[{"count":1,"href":"https:\/\/sensorial.coffee\/ca\/wp-json\/wp\/v2\/product\/28849\/revisions"}],"predecessor-version":[{"id":28857,"href":"https:\/\/sensorial.coffee\/ca\/wp-json\/wp\/v2\/product\/28849\/revisions\/28857"}],"wp:featuredmedia":[{"embeddable":true,"href":"https:\/\/sensorial.coffee\/ca\/wp-json\/wp\/v2\/media\/28855"}],"wp:attachment":[{"href":"https:\/\/sensorial.coffee\/ca\/wp-json\/wp\/v2\/media?parent=28849"}],"wp:term":[{"taxonomy":"product_brand","embeddable":true,"href":"https:\/\/sensorial.coffee\/ca\/wp-json\/wp\/v2\/product_brand?post=28849"},{"taxonomy":"product_cat","embeddable":true,"href":"https:\/\/sensorial.coffee\/ca\/wp-json\/wp\/v2\/product_cat?post=28849"},{"taxonomy":"product_tag","embeddable":true,"href":"https:\/\/sensorial.coffee\/ca\/wp-json\/wp\/v2\/product_tag?post=28849"}],"curies":[{"name":"wp","href":"https:\/\/api.w.org\/{rel}","templated":true}]}}