{"id":28911,"date":"2026-05-10T08:42:44","date_gmt":"2026-05-10T07:42:44","guid":{"rendered":"https:\/\/sensorial.coffee\/?post_type=product&#038;p=28911"},"modified":"2026-05-10T08:45:27","modified_gmt":"2026-05-10T07:45:27","slug":"eureka-mignon-zero-chrome","status":"publish","type":"product","link":"https:\/\/sensorial.coffee\/ca\/producte\/eureka-mignon-zero-chrome\/","title":{"rendered":"Eureka Mignon Zero Chrome"},"content":{"rendered":"<div class=\"descrizione\">\n<div class=\"intesta\">Para los amantes de la filosof\u00eda monodosis.<\/div>\n<p>Equipado con fresas de 55 mm y un Mignon Single Dose Kit (Mignon Single Dose Hopper, Mignon Single Dose Blow Up Cleaning y the Dosing Cup con the All-Purpose fork).<\/p>\n<\/div>\n<div>\n<div class=\"divPlus\">\n<p class=\"imgPlus\"><a href=\"https:\/\/www.eureka.co.it\/es\/plus\/id\/93.aspx\" target=\"_blank\" rel=\"noopener\"><img decoding=\"async\" title=\"Tecnologia Silent\" src=\"https:\/\/www.eureka.co.it\/images\/icons\/40x40\/Silent-technology.png\" alt=\"Tecnologia Silent\" \/> <\/a><a href=\"https:\/\/www.eureka.co.it\/es\/plus\/id\/93.aspx\" target=\"_blank\" rel=\"noopener\">Tecnologia Silent<\/a> Molienda silenciosa en cualquier lugar, sea en una cafeter\u00eda o en casa<\/p>\n<\/div>\n<div class=\"divPlus\">\n<p class=\"imgPlus\"><a href=\"https:\/\/www.eureka.co.it\/es\/plus\/id\/113.aspx\" target=\"_blank\" rel=\"noopener\"><img decoding=\"async\" title=\"Tolva Blow Up\" src=\"https:\/\/www.eureka.co.it\/images\/icons\/40x40\/Blow-up-system-new.png\" alt=\"Tolva Blow Up\" \/> <\/a><a href=\"https:\/\/www.eureka.co.it\/es\/plus\/id\/113.aspx\" target=\"_blank\" rel=\"noopener\">Tolva Blow Up<\/a> El mecanismo que quita la retenci\u00f3n con un &#8220;soplo&#8221;.<\/p>\n<\/div>\n<div class=\"divPlus\">\n<p class=\"imgPlus\"><a href=\"https:\/\/www.eureka.co.it\/es\/plus\/id\/229.aspx\" target=\"_blank\" rel=\"noopener\"><img decoding=\"async\" title=\"Sistema Antirretenci\u00f3n\" src=\"https:\/\/www.eureka.co.it\/images\/icons\/40x40\/Zero-retention-system.png\" alt=\"Sistema Antirretenci\u00f3n\" \/> <\/a><a href=\"https:\/\/www.eureka.co.it\/es\/plus\/id\/229.aspx\" target=\"_blank\" rel=\"noopener\">Sistema Antirretenci\u00f3n<\/a> Los molinillos Eureka se destacan por una retenci\u00f3n de caf\u00e9 muy baja, lo que permite al barista obtener siempre caf\u00e9 reci\u00e9n molido al 100 %.<\/p>\n<\/div>\n<div class=\"divPlus\">\n<p class=\"imgPlus\"><a href=\"https:\/\/www.eureka.co.it\/es\/plus\/id\/232.aspx\" target=\"_blank\" rel=\"noopener\"><img decoding=\"async\" title=\"Garant\u00eda de 10 a\u00f1os\" src=\"https:\/\/www.eureka.co.it\/images\/icons\/40x40\/10-anni-garanzia.png\" alt=\"Garant\u00eda de 10 a\u00f1os\" \/> <\/a><a href=\"https:\/\/www.eureka.co.it\/es\/plus\/id\/232.aspx\" target=\"_blank\" rel=\"noopener\">Garant\u00eda de 10 a\u00f1os<\/a> En Eureka, la calidad comienza desde el n\u00facleo: nuestros motores.<\/p>\n<\/div>\n<div class=\"divPlus\">\n<p class=\"imgPlus\"><a href=\"https:\/\/www.eureka.co.it\/es\/plus\/id\/96.aspx\" target=\"_blank\" rel=\"noopener\"><img decoding=\"async\" title=\"Regulaci\u00f3n microm\u00e9trica\" src=\"https:\/\/www.eureka.co.it\/images\/icons\/40x40\/Stepless-micrometric-regulation.png\" alt=\"Regulaci\u00f3n microm\u00e9trica\" \/> <\/a><a href=\"https:\/\/www.eureka.co.it\/es\/plus\/id\/96.aspx\" target=\"_blank\" rel=\"noopener\">Regulaci\u00f3n microm\u00e9trica<\/a> Sistema patentado, garantiza una precisi\u00f3n absoluta ahorrando tiempo y caf\u00e9.<\/p>\n<\/div>\n<div class=\"divPlus\">\n<p class=\"imgPlus\"><a href=\"https:\/\/www.eureka.co.it\/es\/plus\/id\/101.aspx\" target=\"_blank\" rel=\"noopener\"><img decoding=\"async\" title=\"Horquilla ajustable &quot;manos libres&quot; regulable\" src=\"https:\/\/www.eureka.co.it\/images\/icons\/40x40\/Hands-free-system.png\" alt=\"Horquilla ajustable &quot;manos libres&quot; regulable\" \/> <\/a><a href=\"https:\/\/www.eureka.co.it\/es\/plus\/id\/101.aspx\" target=\"_blank\" rel=\"noopener\">Horquilla ajustable &#8220;manos libres&#8221; regulable<\/a> \u00datil, robusta y f\u00e1cil de regular.<\/p>\n<\/div>\n<div class=\"divPlus\">\n<p class=\"imgPlus\"><a href=\"https:\/\/www.eureka.co.it\/es\/plus\/id\/97.aspx\" target=\"_blank\" rel=\"noopener\"><img decoding=\"async\" title=\"Sistema ACE\" src=\"https:\/\/www.eureka.co.it\/images\/icons\/40x40\/Ace-system.png\" alt=\"Sistema ACE\" \/> <\/a><a href=\"https:\/\/www.eureka.co.it\/es\/plus\/id\/97.aspx\" target=\"_blank\" rel=\"noopener\">Sistema ACE<\/a> Anti-grumos y carga electrost\u00e1tica.<\/p>\n<\/div>\n<\/div>\n<div class=\"divPlusMore\">\n<p class=\"textPlus\">\u2713 Pomo Extra-Comfort<\/p>\n<\/div>\n","protected":false},"excerpt":{"rendered":"<div class=\"intesta\">Especificaciones T\u00e9cnicas<\/div>\n<div class=\"schedaTecnica\">\n<div class=\"column\">\n<div class=\"item\">\n<div class=\"head\">FRESAS<\/div>\n<div class=\"values\">Tipo Llanas<\/div>\n<div class=\"values\">Di\u00e1metro 55 mm<\/div>\n<div class=\"values\">Material Acero templado<\/div>\n<\/div>\n<div class=\"item\">\n<div class=\"head\">SISTEMA DE MOLIENDA<\/div>\n<div class=\"values\">Display No<\/div>\n<div class=\"values\">Contadosis No<\/div>\n<\/div>\n<div class=\"item\">\n<div class=\"head\">MOTOR<\/div>\n<div class=\"values\">Tracci\u00f3n Directa<\/div>\n<div class=\"values\">RpM 1350<\/div>\n<div class=\"values\">Potencia 320 watt<\/div>\n<div class=\"values\">Alimentaci\u00f3n Monof\u00e1sico<\/div>\n<\/div>\n<\/div>\n<div class=\"column\">\n<div class=\"item\">\n<div class=\"head\">OTROS<\/div>\n<div class=\"values\">Tipolog\u00eda Manual<\/div>\n<div class=\"values\">Regulaci\u00f3n microm\u00e9trica y sin etapas Si<\/div>\n<div class=\"values\">Capacidad tolva 45 g<\/div>\n<div class=\"values\">Productividad (g\/s) 1,8 &#8211; 2,5 Espresso<br \/>\n2,5 &#8211; 3,5 Brew<\/div>\n<\/div>\n<div class=\"item\">\n<div class=\"head\">DIMENSIONES<\/div>\n<div class=\"values\">Altura 345 mm<\/div>\n<div class=\"values\">Anchura 120 mm<\/div>\n<div class=\"values\">Profundidad 140 mm<\/div>\n<div class=\"values\">Peso 5,6 kg<\/div>\n<\/div>\n<\/div>\n<\/div>\n","protected":false},"featured_media":28887,"comment_status":"open","ping_status":"closed","template":"","meta":{"site-sidebar-layout":"default","site-content-layout":"","ast-site-content-layout":"default","site-content-style":"default","site-sidebar-style":"default","ast-global-header-display":"","ast-banner-title-visibility":"","ast-main-header-display":"","ast-hfb-above-header-display":"","ast-hfb-below-header-display":"","ast-hfb-mobile-header-display":"","site-post-title":"","ast-breadcrumbs-content":"","ast-featured-img":"","footer-sml-layout":"","ast-disable-related-posts":"","theme-transparent-header-meta":"default","adv-header-id-meta":"","stick-header-meta":"","header-above-stick-meta":"","header-main-stick-meta":"","header-below-stick-meta":"","astra-migrate-meta-layouts":"set","ast-page-background-enabled":"default","ast-page-background-meta":{"desktop":{"background-color":"var(--ast-global-color-4)","background-image":"","background-repeat":"repeat","background-position":"center center","background-size":"auto","background-attachment":"scroll","background-type":"","background-media":"","overlay-type":"","overlay-color":"","overlay-opacity":"","overlay-gradient":""},"tablet":{"background-color":"","background-image":"","background-repeat":"repeat","background-position":"center center","background-size":"auto","background-attachment":"scroll","background-type":"","background-media":"","overlay-type":"","overlay-color":"","overlay-opacity":"","overlay-gradient":""},"mobile":{"background-color":"","background-image":"","background-repeat":"repeat","background-position":"center center","background-size":"auto","background-attachment":"scroll","background-type":"","background-media":"","overlay-type":"","overlay-color":"","overlay-opacity":"","overlay-gradient":""}},"ast-content-background-meta":{"desktop":{"background-color":"var(--ast-global-color-5)","background-image":"","background-repeat":"repeat","background-position":"center center","background-size":"auto","background-attachment":"scroll","background-type":"","background-media":"","overlay-type":"","overlay-color":"","overlay-opacity":"","overlay-gradient":""},"tablet":{"background-color":"var(--ast-global-color-5)","background-image":"","background-repeat":"repeat","background-position":"center center","background-size":"auto","background-attachment":"scroll","background-type":"","background-media":"","overlay-type":"","overlay-color":"","overlay-opacity":"","overlay-gradient":""},"mobile":{"background-color":"var(--ast-global-color-5)","background-image":"","background-repeat":"repeat","background-position":"center center","background-size":"auto","background-attachment":"scroll","background-type":"","background-media":"","overlay-type":"","overlay-color":"","overlay-opacity":"","overlay-gradient":""}}},"product_brand":[605],"product_cat":[100,102],"product_tag":[105],"class_list":{"0":"post-28911","1":"product","2":"type-product","3":"status-publish","4":"has-post-thumbnail","6":"product_brand-eureka","7":"product_cat-equipamiento","8":"product_cat-molinillos-de-cafe","9":"product_tag-equipamiento","10":"desktop-align-left","11":"tablet-align-left","12":"mobile-align-left","14":"first","15":"instock","16":"taxable","17":"shipping-taxable","18":"purchasable","19":"product-type-simple"},"_links":{"self":[{"href":"https:\/\/sensorial.coffee\/ca\/wp-json\/wp\/v2\/product\/28911","targetHints":{"allow":["GET"]}}],"collection":[{"href":"https:\/\/sensorial.coffee\/ca\/wp-json\/wp\/v2\/product"}],"about":[{"href":"https:\/\/sensorial.coffee\/ca\/wp-json\/wp\/v2\/types\/product"}],"replies":[{"embeddable":true,"href":"https:\/\/sensorial.coffee\/ca\/wp-json\/wp\/v2\/comments?post=28911"}],"version-history":[{"count":2,"href":"https:\/\/sensorial.coffee\/ca\/wp-json\/wp\/v2\/product\/28911\/revisions"}],"predecessor-version":[{"id":28914,"href":"https:\/\/sensorial.coffee\/ca\/wp-json\/wp\/v2\/product\/28911\/revisions\/28914"}],"wp:featuredmedia":[{"embeddable":true,"href":"https:\/\/sensorial.coffee\/ca\/wp-json\/wp\/v2\/media\/28887"}],"wp:attachment":[{"href":"https:\/\/sensorial.coffee\/ca\/wp-json\/wp\/v2\/media?parent=28911"}],"wp:term":[{"taxonomy":"product_brand","embeddable":true,"href":"https:\/\/sensorial.coffee\/ca\/wp-json\/wp\/v2\/product_brand?post=28911"},{"taxonomy":"product_cat","embeddable":true,"href":"https:\/\/sensorial.coffee\/ca\/wp-json\/wp\/v2\/product_cat?post=28911"},{"taxonomy":"product_tag","embeddable":true,"href":"https:\/\/sensorial.coffee\/ca\/wp-json\/wp\/v2\/product_tag?post=28911"}],"curies":[{"name":"wp","href":"https:\/\/api.w.org\/{rel}","templated":true}]}}