{"id":25887,"date":"2026-01-20T12:22:13","date_gmt":"2026-01-20T11:22:13","guid":{"rendered":"https:\/\/sensorial.coffee\/?post_type=product&#038;p=25887"},"modified":"2026-02-26T17:28:29","modified_gmt":"2026-02-26T16:28:29","slug":"profitec-drive","status":"publish","type":"product","link":"https:\/\/sensorial.coffee\/en\/product\/profitec-drive\/","title":{"rendered":"Profitec Drive Inox"},"content":{"rendered":"<p>PROFITEC DRIVE, DOBLE CALDERA CON V\u00c1LVULA DE PERFIL DE CAUDAL Y BOMBA ROTATIVA. La PRofitec DRIVE le ofrece el m\u00e1ximo rendimiento y comodidad. Para que su m\u00e1quina est\u00e9 en funcionamiento m\u00e1s r\u00e1pido, puede activar el modo de calentamiento r\u00e1pido. Independientemente de ello, tienes la opci\u00f3n de programar horarios de encendido y apagado autom\u00e1ticos.<\/p>\n<p>La v\u00e1lvula de control de flujo incorporada le permite regular el flujo de agua al grupo de preparaci\u00f3n y tambi\u00e9n cambiarlo durante la preparaci\u00f3n (control de flujo). Hay varias configuraciones disponibles en los modos de preinfusi\u00f3n activa y pasiva para lograr el mejor resultado de extracci\u00f3n posible.<\/p>\n<p>El control PID integrado permite ajustes de temperatura individuales para ambas calderas. La discreta pantalla OLED no s\u00f3lo le muestra el tiempo de flujo del espresso al segundo, sino que tambi\u00e9n le proporciona una gran cantidad de informaci\u00f3n. Adem\u00e1s, tiene la opci\u00f3n de realizar una variedad de configuraciones.<\/p>\n<p>Dependiendo de sus necesidades, puede elegir entre los modos de tanque de agua y conexi\u00f3n de agua fija y encender o apagar la caldera de vapor seg\u00fan sea necesario.<\/p>\n","protected":false},"excerpt":{"rendered":"<p><strong>DATOS T\u00c9CNICOS<\/strong><\/p>\n<ul>\n<li>Caldera doble (opci\u00f3n de caldera \u00fanica)<\/li>\n<li>Grupo cervecero Profitec con seta de acero inoxidable<\/li>\n<li>V\u00e1lvula de perfil de flujo incorporada con man\u00f3metro llamativo<\/li>\n<li>Modo de calentamiento r\u00e1pido programable<\/li>\n<li>Modo ECO programable<\/li>\n<li>Horarios de encendido y apagado programables<\/li>\n<li>Modo de preinfusi\u00f3n activo y pasivo<\/li>\n<li>Control PID para ajuste individual de temperatura de ambas calderas.<\/li>\n<li>Pantalla OLED<\/li>\n<li>La pantalla indica el tiempo de preparaci\u00f3n en segundos.<\/li>\n<li>Modo ECO programable<\/li>\n<li>Funci\u00f3n de recordatorio para la limpieza del grupo de preparaci\u00f3n.<\/li>\n<li>Funci\u00f3n de recordatorio para el cambio de filtro.<\/li>\n<li>bomba rotativa<\/li>\n<li>V\u00e1lvulas de palanca de mando<\/li>\n<li>Man\u00f3metros grandes para calderas y bombas en negro cl\u00e1sico.<\/li>\n<li>Hervidor de caf\u00e9 de acero inoxidable de 0,75 l.<\/li>\n<li>Aislamiento de calderas<\/li>\n<li>Caldera de vapor y agua caliente de acero inoxidable de 2,0 l.<\/li>\n<li>La caldera de vapor se puede encender o apagar individualmente.<\/li>\n<li>Conmutable de tanque de agua a conexi\u00f3n de agua fija<\/li>\n<li>Dep\u00f3sito de agua de 2,8 l con adaptador incorporado y conector de agua fijo<\/li>\n<li>Apagado autom\u00e1tico cuando la m\u00e1quina alcanza un volumen bajo de agua<\/li>\n<li>Bandeja de goteo grande con capacidad de 1,0 l<\/li>\n<li>Rejilla separada para elevar las tazas.<\/li>\n<li>Consumo de energ\u00eda<\/li>\n<li>UE, Reino Unido, Suiza, Australia: 230 V\/1600 W<\/li>\n<li>EE. UU.: 115 V\/1600 W<\/li>\n<li>Peso: 31 kilos<\/li>\n<li>Dimensiones (AnxPrxAl):<\/li>\n<li>340 x 590 x 420 mm sin portafiltro<\/li>\n<li>340 x 590 x 420 mm con portafiltro<\/li>\n<\/ul>\n<p><strong>INCLUIDO EN LA ENTREGA<\/strong><\/p>\n<ul>\n<li>1 portafiltro 1 pico<\/li>\n<li>1 portafiltro 2 ca\u00f1os<\/li>\n<li>1 filtro 1 taza<\/li>\n<li>1 filtro 2 tazas<\/li>\n<li>1 filtro ciego<\/li>\n<li>1 manguera met\u00e1lica 1\/8\u201d 3\/8\u201d<\/li>\n<li>1 cepillo de limpieza<\/li>\n<li>1 rejilla de goteo<\/li>\n<li>1 recipiente de drenaje<\/li>\n<li>1 manual de usuario<\/li>\n<\/ul>\n<p>https:\/\/www.youtube.com\/watch?v=ouG30LITDy4&amp;t=2s<\/p>\n<p>https:\/\/www.youtube.com\/watch?v=jBB55tCKVKI<\/p>\n","protected":false},"featured_media":26055,"comment_status":"open","ping_status":"closed","template":"","meta":{"site-sidebar-layout":"default","site-content-layout":"","ast-site-content-layout":"default","site-content-style":"default","site-sidebar-style":"default","ast-global-header-display":"","ast-banner-title-visibility":"","ast-main-header-display":"","ast-hfb-above-header-display":"","ast-hfb-below-header-display":"","ast-hfb-mobile-header-display":"","site-post-title":"","ast-breadcrumbs-content":"","ast-featured-img":"","footer-sml-layout":"","ast-disable-related-posts":"","theme-transparent-header-meta":"default","adv-header-id-meta":"","stick-header-meta":"","header-above-stick-meta":"","header-main-stick-meta":"","header-below-stick-meta":"","astra-migrate-meta-layouts":"set","ast-page-background-enabled":"default","ast-page-background-meta":{"desktop":{"background-color":"var(--ast-global-color-4)","background-image":"","background-repeat":"repeat","background-position":"center center","background-size":"auto","background-attachment":"scroll","background-type":"","background-media":"","overlay-type":"","overlay-color":"","overlay-opacity":"","overlay-gradient":""},"tablet":{"background-color":"","background-image":"","background-repeat":"repeat","background-position":"center center","background-size":"auto","background-attachment":"scroll","background-type":"","background-media":"","overlay-type":"","overlay-color":"","overlay-opacity":"","overlay-gradient":""},"mobile":{"background-color":"","background-image":"","background-repeat":"repeat","background-position":"center center","background-size":"auto","background-attachment":"scroll","background-type":"","background-media":"","overlay-type":"","overlay-color":"","overlay-opacity":"","overlay-gradient":""}},"ast-content-background-meta":{"desktop":{"background-color":"var(--ast-global-color-5)","background-image":"","background-repeat":"repeat","background-position":"center center","background-size":"auto","background-attachment":"scroll","background-type":"","background-media":"","overlay-type":"","overlay-color":"","overlay-opacity":"","overlay-gradient":""},"tablet":{"background-color":"var(--ast-global-color-5)","background-image":"","background-repeat":"repeat","background-position":"center center","background-size":"auto","background-attachment":"scroll","background-type":"","background-media":"","overlay-type":"","overlay-color":"","overlay-opacity":"","overlay-gradient":""},"mobile":{"background-color":"var(--ast-global-color-5)","background-image":"","background-repeat":"repeat","background-position":"center center","background-size":"auto","background-attachment":"scroll","background-type":"","background-media":"","overlay-type":"","overlay-color":"","overlay-opacity":"","overlay-gradient":""}}},"product_brand":[],"product_cat":[101,257],"product_tag":[586,587,105],"class_list":{"0":"post-25887","1":"product","2":"type-product","3":"status-publish","4":"has-post-thumbnail","6":"product_cat-cafeteras","7":"product_cat-cafeteras-accesorios","8":"product_tag-accesorios","9":"product_tag-cafeteras","10":"product_tag-equipamiento","11":"desktop-align-left","12":"tablet-align-left","13":"mobile-align-left","15":"first","16":"instock","17":"sale","18":"taxable","19":"shipping-taxable","20":"purchasable","21":"product-type-simple"},"_links":{"self":[{"href":"https:\/\/sensorial.coffee\/en\/wp-json\/wp\/v2\/product\/25887","targetHints":{"allow":["GET"]}}],"collection":[{"href":"https:\/\/sensorial.coffee\/en\/wp-json\/wp\/v2\/product"}],"about":[{"href":"https:\/\/sensorial.coffee\/en\/wp-json\/wp\/v2\/types\/product"}],"replies":[{"embeddable":true,"href":"https:\/\/sensorial.coffee\/en\/wp-json\/wp\/v2\/comments?post=25887"}],"version-history":[{"count":5,"href":"https:\/\/sensorial.coffee\/en\/wp-json\/wp\/v2\/product\/25887\/revisions"}],"predecessor-version":[{"id":26728,"href":"https:\/\/sensorial.coffee\/en\/wp-json\/wp\/v2\/product\/25887\/revisions\/26728"}],"wp:featuredmedia":[{"embeddable":true,"href":"https:\/\/sensorial.coffee\/en\/wp-json\/wp\/v2\/media\/26055"}],"wp:attachment":[{"href":"https:\/\/sensorial.coffee\/en\/wp-json\/wp\/v2\/media?parent=25887"}],"wp:term":[{"taxonomy":"product_brand","embeddable":true,"href":"https:\/\/sensorial.coffee\/en\/wp-json\/wp\/v2\/product_brand?post=25887"},{"taxonomy":"product_cat","embeddable":true,"href":"https:\/\/sensorial.coffee\/en\/wp-json\/wp\/v2\/product_cat?post=25887"},{"taxonomy":"product_tag","embeddable":true,"href":"https:\/\/sensorial.coffee\/en\/wp-json\/wp\/v2\/product_tag?post=25887"}],"curies":[{"name":"wp","href":"https:\/\/api.w.org\/{rel}","templated":true}]}}