{"id":25888,"date":"2026-01-20T12:54:42","date_gmt":"2026-01-20T11:54:42","guid":{"rendered":"https:\/\/sensorial.coffee\/?post_type=product&#038;p=25888"},"modified":"2026-02-26T17:28:07","modified_gmt":"2026-02-26T16:28:07","slug":"profitec-jump","status":"publish","type":"product","link":"https:\/\/sensorial.coffee\/en\/product\/profitec-jump\/","title":{"rendered":"Profitec Jump"},"content":{"rendered":"<p>La Profitec Jump es una cafetera con intercambiador de calor con interruptor multifunci\u00f3n y pantalla discreta.<\/p>\n<p>La JUMP es una cafetera compacta y potente con intercambiador de calor que ocupa poco espacio. Un pr\u00e1ctico interruptor ubicado en la parte inferior permite seleccionar f\u00e1cilmente tres temperaturas preestablecidas, as\u00ed como activar o desactivar la preinfusi\u00f3n y el modo ECO. La discreta pantalla no solo permite controlar los ajustes seleccionados, sino que tambi\u00e9n muestra la duraci\u00f3n de la extracci\u00f3n del espresso (contador de dosis) y avisa cuando el dep\u00f3sito de agua est\u00e1 vac\u00edo.<\/p>\n<p>Con su riel negro, frontal cepillado y tiradores artesanales de nogal americano, la JUMP luce una est\u00e9tica exclusiva.<\/p>\n","protected":false},"excerpt":{"rendered":"<table style=\"border: hidden;\">\n<tbody style=\"border: hidden;\">\n<tr style=\"border: hidden;\">\n<td style=\"border: hidden;\"><strong>Tipo de producto:<\/strong><\/td>\n<td style=\"border: hidden;\">Cafetera<\/td>\n<\/tr>\n<tr style=\"border: hidden;\">\n<td style=\"border: hidden;\"><strong>Dimensiones:<\/strong><\/td>\n<td style=\"border: hidden;\">210 x 362 x 381 mm sin portafiltro<\/td>\n<\/tr>\n<tr style=\"border: hidden;\">\n<td style=\"border: hidden;\"><strong>Peso:<\/strong><\/td>\n<td style=\"border: hidden;\">21,5 Kg<\/td>\n<\/tr>\n<tr style=\"border: hidden;\">\n<td style=\"border: hidden;\"><strong>Dep\u00f3sito de agua con volumen:<\/strong><\/td>\n<td style=\"border: hidden;\">2,8L<\/td>\n<\/tr>\n<tr style=\"border: hidden;\">\n<td style=\"border: hidden;\"><strong>Otras caracter\u00edsticas:<\/strong><\/td>\n<td style=\"border: hidden;\">Sistema profesional con intercambio de calor y control PID, que garantiza estabilidad t\u00e9rmica y una extracci\u00f3n precisa.<br \/>\nIncluye pantalla multifunci\u00f3n con contador de dosis, preinfusi\u00f3n y modo ECO, adem\u00e1s de doble man\u00f3metro y bomba silenciosa.<br \/>\nDise\u00f1o robusto y premium: caldera inox de 1,6 l, dep\u00f3sito de 2,8 l, v\u00e1lvulas de palanca y acabados en nogal americano.<\/td>\n<\/tr>\n<\/tbody>\n<\/table>\n","protected":false},"featured_media":25954,"comment_status":"open","ping_status":"closed","template":"","meta":{"site-sidebar-layout":"default","site-content-layout":"","ast-site-content-layout":"default","site-content-style":"default","site-sidebar-style":"default","ast-global-header-display":"","ast-banner-title-visibility":"","ast-main-header-display":"","ast-hfb-above-header-display":"","ast-hfb-below-header-display":"","ast-hfb-mobile-header-display":"","site-post-title":"","ast-breadcrumbs-content":"","ast-featured-img":"","footer-sml-layout":"","ast-disable-related-posts":"","theme-transparent-header-meta":"default","adv-header-id-meta":"","stick-header-meta":"","header-above-stick-meta":"","header-main-stick-meta":"","header-below-stick-meta":"","astra-migrate-meta-layouts":"set","ast-page-background-enabled":"default","ast-page-background-meta":{"desktop":{"background-color":"var(--ast-global-color-4)","background-image":"","background-repeat":"repeat","background-position":"center center","background-size":"auto","background-attachment":"scroll","background-type":"","background-media":"","overlay-type":"","overlay-color":"","overlay-opacity":"","overlay-gradient":""},"tablet":{"background-color":"","background-image":"","background-repeat":"repeat","background-position":"center center","background-size":"auto","background-attachment":"scroll","background-type":"","background-media":"","overlay-type":"","overlay-color":"","overlay-opacity":"","overlay-gradient":""},"mobile":{"background-color":"","background-image":"","background-repeat":"repeat","background-position":"center center","background-size":"auto","background-attachment":"scroll","background-type":"","background-media":"","overlay-type":"","overlay-color":"","overlay-opacity":"","overlay-gradient":""}},"ast-content-background-meta":{"desktop":{"background-color":"var(--ast-global-color-5)","background-image":"","background-repeat":"repeat","background-position":"center center","background-size":"auto","background-attachment":"scroll","background-type":"","background-media":"","overlay-type":"","overlay-color":"","overlay-opacity":"","overlay-gradient":""},"tablet":{"background-color":"var(--ast-global-color-5)","background-image":"","background-repeat":"repeat","background-position":"center center","background-size":"auto","background-attachment":"scroll","background-type":"","background-media":"","overlay-type":"","overlay-color":"","overlay-opacity":"","overlay-gradient":""},"mobile":{"background-color":"var(--ast-global-color-5)","background-image":"","background-repeat":"repeat","background-position":"center center","background-size":"auto","background-attachment":"scroll","background-type":"","background-media":"","overlay-type":"","overlay-color":"","overlay-opacity":"","overlay-gradient":""}}},"product_brand":[],"product_cat":[101],"product_tag":[586,587,105],"class_list":{"0":"post-25888","1":"product","2":"type-product","3":"status-publish","4":"has-post-thumbnail","6":"product_cat-cafeteras","7":"product_tag-accesorios","8":"product_tag-cafeteras","9":"product_tag-equipamiento","10":"desktop-align-left","11":"tablet-align-left","12":"mobile-align-left","14":"first","15":"instock","16":"taxable","17":"shipping-taxable","18":"purchasable","19":"product-type-simple"},"_links":{"self":[{"href":"https:\/\/sensorial.coffee\/en\/wp-json\/wp\/v2\/product\/25888","targetHints":{"allow":["GET"]}}],"collection":[{"href":"https:\/\/sensorial.coffee\/en\/wp-json\/wp\/v2\/product"}],"about":[{"href":"https:\/\/sensorial.coffee\/en\/wp-json\/wp\/v2\/types\/product"}],"replies":[{"embeddable":true,"href":"https:\/\/sensorial.coffee\/en\/wp-json\/wp\/v2\/comments?post=25888"}],"version-history":[{"count":1,"href":"https:\/\/sensorial.coffee\/en\/wp-json\/wp\/v2\/product\/25888\/revisions"}],"predecessor-version":[{"id":25971,"href":"https:\/\/sensorial.coffee\/en\/wp-json\/wp\/v2\/product\/25888\/revisions\/25971"}],"wp:featuredmedia":[{"embeddable":true,"href":"https:\/\/sensorial.coffee\/en\/wp-json\/wp\/v2\/media\/25954"}],"wp:attachment":[{"href":"https:\/\/sensorial.coffee\/en\/wp-json\/wp\/v2\/media?parent=25888"}],"wp:term":[{"taxonomy":"product_brand","embeddable":true,"href":"https:\/\/sensorial.coffee\/en\/wp-json\/wp\/v2\/product_brand?post=25888"},{"taxonomy":"product_cat","embeddable":true,"href":"https:\/\/sensorial.coffee\/en\/wp-json\/wp\/v2\/product_cat?post=25888"},{"taxonomy":"product_tag","embeddable":true,"href":"https:\/\/sensorial.coffee\/en\/wp-json\/wp\/v2\/product_tag?post=25888"}],"curies":[{"name":"wp","href":"https:\/\/api.w.org\/{rel}","templated":true}]}}