{"id":25974,"date":"2026-01-20T13:08:14","date_gmt":"2026-01-20T12:08:14","guid":{"rendered":"https:\/\/sensorial.coffee\/?post_type=product&#038;p=25974"},"modified":"2026-02-26T17:28:51","modified_gmt":"2026-02-26T16:28:51","slug":"profitec-move","status":"publish","type":"product","link":"https:\/\/sensorial.coffee\/en\/product\/profitec-move\/","title":{"rendered":"Profitec Move"},"content":{"rendered":"<p>La Profitec Move es una exclusiva m\u00e1quina de caf\u00e9 expreso de doble caldera equipada con un grupo de preparaci\u00f3n de caf\u00e9 anular optimizado. Gracias a su modo de calentamiento r\u00e1pido, est\u00e1 lista para usar en un abrir y cerrar de ojos. Tambi\u00e9n puedes programar los tiempos de encendido y apagado seg\u00fan tus preferencias.<\/p>\n","protected":false},"excerpt":{"rendered":"<table style=\"border: hidden;\">\n<tbody style=\"border: hidden;\">\n<tr style=\"border: hidden;\">\n<td style=\"border: hidden;\"><strong>Tipo de producto:<\/strong><\/td>\n<td style=\"border: hidden;\">Cafetera<\/td>\n<\/tr>\n<tr style=\"border: hidden;\">\n<td style=\"border: hidden;\"><strong>Dimensiones:<\/strong><\/td>\n<td style=\"border: hidden;\">270 x 445 x 375 mm sin portafiltro<\/p>\n<p>270 x 475 x 375 mm con portafiltro<\/td>\n<\/tr>\n<tr style=\"border: hidden;\">\n<td style=\"border: hidden;\"><strong>Peso:<\/strong><\/td>\n<td style=\"border: hidden;\">18,7 Kg<\/td>\n<\/tr>\n<tr style=\"border: hidden;\">\n<td style=\"border: hidden;\"><strong>Dep\u00f3sito de agua con volumen:<\/strong><\/td>\n<td style=\"border: hidden;\">2,8L<\/td>\n<\/tr>\n<tr style=\"border: hidden;\">\n<td style=\"border: hidden;\"><strong>Otras caracter\u00edsticas:<\/strong><\/td>\n<td style=\"border: hidden;\">MOVE es una m\u00e1quina de caf\u00e9 expreso de doble caldera, con calentamiento r\u00e1pido, programaci\u00f3n de encendido y pantalla OLED para un control total de la preparaci\u00f3n.<br \/>\nOfrece extracci\u00f3n personalizable, bomba silenciosa, luz Barista Light y mantenimiento sencillo con limpieza autom\u00e1tica.<br \/>\nDise\u00f1o compacto y premium, con portafiltros sin fondo, asas de nogal americano y nuevas opciones de color en 2025.<\/td>\n<\/tr>\n<\/tbody>\n<\/table>\n","protected":false},"featured_media":26024,"comment_status":"open","ping_status":"closed","template":"","meta":{"site-sidebar-layout":"default","site-content-layout":"","ast-site-content-layout":"default","site-content-style":"default","site-sidebar-style":"default","ast-global-header-display":"","ast-banner-title-visibility":"","ast-main-header-display":"","ast-hfb-above-header-display":"","ast-hfb-below-header-display":"","ast-hfb-mobile-header-display":"","site-post-title":"","ast-breadcrumbs-content":"","ast-featured-img":"","footer-sml-layout":"","ast-disable-related-posts":"","theme-transparent-header-meta":"default","adv-header-id-meta":"","stick-header-meta":"","header-above-stick-meta":"","header-main-stick-meta":"","header-below-stick-meta":"","astra-migrate-meta-layouts":"set","ast-page-background-enabled":"default","ast-page-background-meta":{"desktop":{"background-color":"var(--ast-global-color-4)","background-image":"","background-repeat":"repeat","background-position":"center center","background-size":"auto","background-attachment":"scroll","background-type":"","background-media":"","overlay-type":"","overlay-color":"","overlay-opacity":"","overlay-gradient":""},"tablet":{"background-color":"","background-image":"","background-repeat":"repeat","background-position":"center center","background-size":"auto","background-attachment":"scroll","background-type":"","background-media":"","overlay-type":"","overlay-color":"","overlay-opacity":"","overlay-gradient":""},"mobile":{"background-color":"","background-image":"","background-repeat":"repeat","background-position":"center center","background-size":"auto","background-attachment":"scroll","background-type":"","background-media":"","overlay-type":"","overlay-color":"","overlay-opacity":"","overlay-gradient":""}},"ast-content-background-meta":{"desktop":{"background-color":"var(--ast-global-color-5)","background-image":"","background-repeat":"repeat","background-position":"center center","background-size":"auto","background-attachment":"scroll","background-type":"","background-media":"","overlay-type":"","overlay-color":"","overlay-opacity":"","overlay-gradient":""},"tablet":{"background-color":"var(--ast-global-color-5)","background-image":"","background-repeat":"repeat","background-position":"center center","background-size":"auto","background-attachment":"scroll","background-type":"","background-media":"","overlay-type":"","overlay-color":"","overlay-opacity":"","overlay-gradient":""},"mobile":{"background-color":"var(--ast-global-color-5)","background-image":"","background-repeat":"repeat","background-position":"center center","background-size":"auto","background-attachment":"scroll","background-type":"","background-media":"","overlay-type":"","overlay-color":"","overlay-opacity":"","overlay-gradient":""}}},"product_brand":[],"product_cat":[101],"product_tag":[586,587,105],"class_list":{"0":"post-25974","1":"product","2":"type-product","3":"status-publish","4":"has-post-thumbnail","6":"product_cat-cafeteras","7":"product_tag-accesorios","8":"product_tag-cafeteras","9":"product_tag-equipamiento","10":"desktop-align-left","11":"tablet-align-left","12":"mobile-align-left","14":"first","15":"instock","16":"taxable","17":"shipping-taxable","18":"purchasable","19":"product-type-simple"},"_links":{"self":[{"href":"https:\/\/sensorial.coffee\/en\/wp-json\/wp\/v2\/product\/25974","targetHints":{"allow":["GET"]}}],"collection":[{"href":"https:\/\/sensorial.coffee\/en\/wp-json\/wp\/v2\/product"}],"about":[{"href":"https:\/\/sensorial.coffee\/en\/wp-json\/wp\/v2\/types\/product"}],"replies":[{"embeddable":true,"href":"https:\/\/sensorial.coffee\/en\/wp-json\/wp\/v2\/comments?post=25974"}],"version-history":[{"count":3,"href":"https:\/\/sensorial.coffee\/en\/wp-json\/wp\/v2\/product\/25974\/revisions"}],"predecessor-version":[{"id":26133,"href":"https:\/\/sensorial.coffee\/en\/wp-json\/wp\/v2\/product\/25974\/revisions\/26133"}],"wp:featuredmedia":[{"embeddable":true,"href":"https:\/\/sensorial.coffee\/en\/wp-json\/wp\/v2\/media\/26024"}],"wp:attachment":[{"href":"https:\/\/sensorial.coffee\/en\/wp-json\/wp\/v2\/media?parent=25974"}],"wp:term":[{"taxonomy":"product_brand","embeddable":true,"href":"https:\/\/sensorial.coffee\/en\/wp-json\/wp\/v2\/product_brand?post=25974"},{"taxonomy":"product_cat","embeddable":true,"href":"https:\/\/sensorial.coffee\/en\/wp-json\/wp\/v2\/product_cat?post=25974"},{"taxonomy":"product_tag","embeddable":true,"href":"https:\/\/sensorial.coffee\/en\/wp-json\/wp\/v2\/product_tag?post=25974"}],"curies":[{"name":"wp","href":"https:\/\/api.w.org\/{rel}","templated":true}]}}