{"id":26096,"date":"2026-01-20T14:42:56","date_gmt":"2026-01-20T13:42:56","guid":{"rendered":"https:\/\/sensorial.coffee\/?post_type=product&#038;p=26096"},"modified":"2026-04-15T14:24:24","modified_gmt":"2026-04-15T13:24:24","slug":"mahlkonig-xd64-single-dose-negro","status":"publish","type":"product","link":"https:\/\/sensorial.coffee\/en\/product\/mahlkonig-xd64-single-dose-negro\/","title":{"rendered":"MahlK\u00f6nig XD64 Single Dose Negro"},"content":{"rendered":"<p>Dise\u00f1ado pensando en el usuario dom\u00e9stico, el compacto molinillo dom\u00e9stico de dosis \u00fanica X64 SD se adapta a cocinas o cafeter\u00edas de cualquier tama\u00f1o y es tu opci\u00f3n ideal para las ma\u00f1anas gracias a su molienda silenciosa. Dise\u00f1ado con precisi\u00f3n para una repetibilidad y versatilidad, es la combinaci\u00f3n perfecta de comodidad y una calidad de caf\u00e9 excepcional.<\/p>\n","protected":false},"excerpt":{"rendered":"<p><strong>M\u00e1xima versatilidad en un solo molinillo<\/strong><\/p>\n<ul>\n<li>Escala de molienda vers\u00e1til que se adapta a diversos m\u00e9todos de preparaci\u00f3n, desde espresso fino hasta prensa francesa gruesa y cold brew.<\/li>\n<li>Resultados precisos con ajuste continuo del tama\u00f1o de molienda a nivel microm\u00e9trico.<\/li>\n<li>Muelas de acero especial de 64 mm, part\u00edculas uniformes para una experiencia de sabor incre\u00edble.<\/li>\n<li>Dosificaci\u00f3n \u00fanica para m\u00e1xima versatilidad.<\/li>\n<li>Cero retenci\u00f3n, sin posos, dosis fresca en cada uso.<\/li>\n<li>Molino silencioso y silencioso, perfecto para madrugadores.<\/li>\n<li>Molino m\u00e1s r\u00e1pido con una salida m\u00ednima de 3 g\/s para espresso.<\/li>\n<li>Tama\u00f1o compacto, ideal para llevarlo a cualquier parte.<\/li>\n<li>Gu\u00eda de molienda integrada en la tapa.<\/li>\n<li>Accesorios de tolva f\u00e1cilmente intercambiables para un funcionamiento suave.<\/li>\n<li>Fuel para quienes valoran la comodidad y la limpieza.<\/li>\n<\/ul>\n<p><strong>Accesorios (incluidos).<\/strong><\/p>\n<ul>\n<li>Vaso dosificador de portafiltro de acero inoxidable con embudo.<\/li>\n<li>Accesorios de tolva f\u00e1cilmente intercambiables:<\/li>\n<li>Extensi\u00f3n de tolva para mayor capacidad.<\/li>\n<li>Fuel para una mayor facilidad de uso. Purga<\/li>\n<li>Tapa anti-palomitas para un funcionamiento suave<\/li>\n<\/ul>\n<p><strong>Especificaciones t\u00e9cnicas:<\/strong><\/p>\n<ul>\n<li>Velocidad en vac\u00edo: 1950 rpm<\/li>\n<li>Di\u00e1metro de las muelas: 64 mm<\/li>\n<li>Material de las muelas: Acero especial<\/li>\n<li>Vida \u00fatil de las muelas (ajuste medio): aprox. 500 kg<\/li>\n<li>Capacidad media de molienda*: aprox. 2,5 &#8211; 6 g\/s (fino &#8211; grueso)<\/li>\n<li>Capacidad de la tolva de granos:<\/li>\n<li>Est\u00e1ndar\/Anti-palomitas: 30 g<\/li>\n<li>Extensi\u00f3n de la tolva: 100 g<\/li>\n<li>Fuelle: 80 g<\/li>\n<li>Dimensiones (ancho x alto x profundidad): 14,3 x 24,9 x 25,3 cm<\/li>\n<li>Dimensiones del embalaje (ancho x alto x profundidad): 41 x 31 x 18,5 cm<\/li>\n<li>Peso neto: 4,8 kg<\/li>\n<li>Peso bruto: 7 kg<\/li>\n<\/ul>\n","protected":false},"featured_media":26108,"comment_status":"open","ping_status":"closed","template":"","meta":{"site-sidebar-layout":"default","site-content-layout":"","ast-site-content-layout":"default","site-content-style":"default","site-sidebar-style":"default","ast-global-header-display":"","ast-banner-title-visibility":"","ast-main-header-display":"","ast-hfb-above-header-display":"","ast-hfb-below-header-display":"","ast-hfb-mobile-header-display":"","site-post-title":"","ast-breadcrumbs-content":"","ast-featured-img":"","footer-sml-layout":"","ast-disable-related-posts":"","theme-transparent-header-meta":"default","adv-header-id-meta":"","stick-header-meta":"","header-above-stick-meta":"","header-main-stick-meta":"","header-below-stick-meta":"","astra-migrate-meta-layouts":"set","ast-page-background-enabled":"default","ast-page-background-meta":{"desktop":{"background-color":"var(--ast-global-color-4)","background-image":"","background-repeat":"repeat","background-position":"center center","background-size":"auto","background-attachment":"scroll","background-type":"","background-media":"","overlay-type":"","overlay-color":"","overlay-opacity":"","overlay-gradient":""},"tablet":{"background-color":"","background-image":"","background-repeat":"repeat","background-position":"center center","background-size":"auto","background-attachment":"scroll","background-type":"","background-media":"","overlay-type":"","overlay-color":"","overlay-opacity":"","overlay-gradient":""},"mobile":{"background-color":"","background-image":"","background-repeat":"repeat","background-position":"center center","background-size":"auto","background-attachment":"scroll","background-type":"","background-media":"","overlay-type":"","overlay-color":"","overlay-opacity":"","overlay-gradient":""}},"ast-content-background-meta":{"desktop":{"background-color":"var(--ast-global-color-5)","background-image":"","background-repeat":"repeat","background-position":"center center","background-size":"auto","background-attachment":"scroll","background-type":"","background-media":"","overlay-type":"","overlay-color":"","overlay-opacity":"","overlay-gradient":""},"tablet":{"background-color":"var(--ast-global-color-5)","background-image":"","background-repeat":"repeat","background-position":"center center","background-size":"auto","background-attachment":"scroll","background-type":"","background-media":"","overlay-type":"","overlay-color":"","overlay-opacity":"","overlay-gradient":""},"mobile":{"background-color":"var(--ast-global-color-5)","background-image":"","background-repeat":"repeat","background-position":"center center","background-size":"auto","background-attachment":"scroll","background-type":"","background-media":"","overlay-type":"","overlay-color":"","overlay-opacity":"","overlay-gradient":""}}},"product_brand":[],"product_cat":[100,102],"product_tag":[586,105,48],"class_list":{"0":"post-26096","1":"product","2":"type-product","3":"status-publish","4":"has-post-thumbnail","6":"product_cat-equipamiento","7":"product_cat-molinillos-de-cafe","8":"product_tag-accesorios","9":"product_tag-equipamiento","10":"product_tag-molinillo","11":"desktop-align-left","12":"tablet-align-left","13":"mobile-align-left","15":"first","16":"outofstock","17":"taxable","18":"shipping-taxable","19":"purchasable","20":"product-type-simple"},"_links":{"self":[{"href":"https:\/\/sensorial.coffee\/en\/wp-json\/wp\/v2\/product\/26096","targetHints":{"allow":["GET"]}}],"collection":[{"href":"https:\/\/sensorial.coffee\/en\/wp-json\/wp\/v2\/product"}],"about":[{"href":"https:\/\/sensorial.coffee\/en\/wp-json\/wp\/v2\/types\/product"}],"replies":[{"embeddable":true,"href":"https:\/\/sensorial.coffee\/en\/wp-json\/wp\/v2\/comments?post=26096"}],"version-history":[{"count":1,"href":"https:\/\/sensorial.coffee\/en\/wp-json\/wp\/v2\/product\/26096\/revisions"}],"predecessor-version":[{"id":26128,"href":"https:\/\/sensorial.coffee\/en\/wp-json\/wp\/v2\/product\/26096\/revisions\/26128"}],"wp:featuredmedia":[{"embeddable":true,"href":"https:\/\/sensorial.coffee\/en\/wp-json\/wp\/v2\/media\/26108"}],"wp:attachment":[{"href":"https:\/\/sensorial.coffee\/en\/wp-json\/wp\/v2\/media?parent=26096"}],"wp:term":[{"taxonomy":"product_brand","embeddable":true,"href":"https:\/\/sensorial.coffee\/en\/wp-json\/wp\/v2\/product_brand?post=26096"},{"taxonomy":"product_cat","embeddable":true,"href":"https:\/\/sensorial.coffee\/en\/wp-json\/wp\/v2\/product_cat?post=26096"},{"taxonomy":"product_tag","embeddable":true,"href":"https:\/\/sensorial.coffee\/en\/wp-json\/wp\/v2\/product_tag?post=26096"}],"curies":[{"name":"wp","href":"https:\/\/api.w.org\/{rel}","templated":true}]}}